{"id":9297,"date":"2022-06-27T16:47:19","date_gmt":"2022-06-27T14:47:19","guid":{"rendered":"https:\/\/laveba-online.ch\/produkt\/loupe-30x-pour-telephone-mobile\/"},"modified":"2022-07-01T07:53:20","modified_gmt":"2022-07-01T05:53:20","slug":"loupe-30x-pour-telephone-mobile","status":"publish","type":"product","link":"https:\/\/laveba-online.ch\/fr\/produkt\/loupe-30x-pour-telephone-mobile\/","title":{"rendered":"Loupe 30x pour t\u00e9l\u00e9phone mobile"},"content":{"rendered":"","protected":false},"excerpt":{"rendered":"<p>Loupe universelle pour appareil photo de smartphone, grossissement 30 fois. Placer la lentille macro sur l&#8217;appareil photo du smartphone ou de la tablette, d\u00e9marrer la fonction appareil photo et zoomer \u00e0 volont\u00e9.<\/p>\n","protected":false},"featured_media":9212,"comment_status":"open","ping_status":"closed","template":"","meta":[],"product_cat":[188,209,166],"product_tag":[],"class_list":{"0":"post-9297","1":"product","2":"type-product","3":"status-publish","4":"has-post-thumbnail","6":"product_cat-arboriculture-recolte","7":"product_cat-nouveaux-hits","8":"product_cat-soins-et-recolte","10":"first","11":"instock","12":"taxable","13":"shipping-taxable","14":"purchasable","15":"product-type-simple"},"yoast_head":"<!-- This site is optimized with the Yoast SEO plugin v23.1 - https:\/\/yoast.com\/wordpress\/plugins\/seo\/ -->\n<title>Loupe 30x pour t\u00e9l\u00e9phone mobile &#8211; LAVEBA Online-Shop<\/title>\n<meta name=\"description\" content=\"Loupe 30x pour t\u00e9l\u00e9phone mobile - Loupe universelle pour appareil photo de smartphone, grossissement 30 fois. Placer la lentille macro sur l&#039;appareil photo du smartphone ou de la tablette, d\u00e9marrer la fonction appareil photo et zoomer \u00e0 volont\u00e9. von LAVEBA Online-Shop\" \/>\n<meta name=\"robots\" content=\"index, follow, max-snippet:-1, max-image-preview:large, max-video-preview:-1\" \/>\n<link rel=\"canonical\" href=\"https:\/\/laveba-online.ch\/fr\/produkt\/loupe-30x-pour-telephone-mobile\/\" \/>\n<meta property=\"og:locale\" content=\"fr_FR\" \/>\n<meta property=\"og:type\" content=\"article\" \/>\n<meta property=\"og:title\" content=\"Loupe 30x pour t\u00e9l\u00e9phone mobile &#8211; LAVEBA Online-Shop\" \/>\n<meta property=\"og:description\" content=\"Loupe 30x pour t\u00e9l\u00e9phone mobile - Loupe universelle pour appareil photo de smartphone, grossissement 30 fois. Placer la lentille macro sur l&#039;appareil photo du smartphone ou de la tablette, d\u00e9marrer la fonction appareil photo et zoomer \u00e0 volont\u00e9. von LAVEBA Online-Shop\" \/>\n<meta property=\"og:url\" content=\"https:\/\/laveba-online.ch\/fr\/produkt\/loupe-30x-pour-telephone-mobile\/\" \/>\n<meta property=\"og:site_name\" content=\"LAVEBA Online-Shop\" \/>\n<meta property=\"article:publisher\" content=\"https:\/\/www.facebook.com\/LAVEBA-Genossenschaft-352285445485254\" \/>\n<meta property=\"article:modified_time\" content=\"2022-07-01T05:53:20+00:00\" \/>\n<meta property=\"og:image\" content=\"https:\/\/laveba-online.ch\/wp-content\/uploads\/2022\/06\/Lupe-fuer-Smartphone_3617400_350x435.jpg\" \/>\n\t<meta property=\"og:image:width\" content=\"1000\" \/>\n\t<meta property=\"og:image:height\" content=\"1200\" \/>\n\t<meta property=\"og:image:type\" content=\"image\/jpeg\" \/>\n<meta name=\"twitter:card\" content=\"summary_large_image\" \/>\n<script type=\"application\/ld+json\" class=\"yoast-schema-graph\">{\"@context\":\"https:\/\/schema.org\",\"@graph\":[{\"@type\":[\"WebPage\",\"ItemPage\"],\"@id\":\"https:\/\/laveba-online.ch\/fr\/produkt\/loupe-30x-pour-telephone-mobile\/\",\"url\":\"https:\/\/laveba-online.ch\/fr\/produkt\/loupe-30x-pour-telephone-mobile\/\",\"name\":\"Loupe 30x pour t\u00e9l\u00e9phone mobile &#8211; LAVEBA Online-Shop\",\"isPartOf\":{\"@id\":\"https:\/\/laveba-online.ch\/fr\/#website\"},\"primaryImageOfPage\":{\"@id\":\"https:\/\/laveba-online.ch\/fr\/produkt\/loupe-30x-pour-telephone-mobile\/#primaryimage\"},\"image\":{\"@id\":\"https:\/\/laveba-online.ch\/fr\/produkt\/loupe-30x-pour-telephone-mobile\/#primaryimage\"},\"thumbnailUrl\":\"https:\/\/laveba-online.ch\/wp-content\/uploads\/2022\/06\/Lupe-fuer-Smartphone_3617400_350x435.jpg\",\"datePublished\":\"2022-06-27T14:47:19+00:00\",\"dateModified\":\"2022-07-01T05:53:20+00:00\",\"description\":\"Loupe 30x pour t\u00e9l\u00e9phone mobile - Loupe universelle pour appareil photo de smartphone, grossissement 30 fois. Placer la lentille macro sur l'appareil photo du smartphone ou de la tablette, d\u00e9marrer la fonction appareil photo et zoomer \u00e0 volont\u00e9. von LAVEBA Online-Shop\",\"breadcrumb\":{\"@id\":\"https:\/\/laveba-online.ch\/fr\/produkt\/loupe-30x-pour-telephone-mobile\/#breadcrumb\"},\"inLanguage\":\"fr-FR\",\"potentialAction\":[{\"@type\":\"ReadAction\",\"target\":[\"https:\/\/laveba-online.ch\/fr\/produkt\/loupe-30x-pour-telephone-mobile\/\"]}]},{\"@type\":\"ImageObject\",\"inLanguage\":\"fr-FR\",\"@id\":\"https:\/\/laveba-online.ch\/fr\/produkt\/loupe-30x-pour-telephone-mobile\/#primaryimage\",\"url\":\"https:\/\/laveba-online.ch\/wp-content\/uploads\/2022\/06\/Lupe-fuer-Smartphone_3617400_350x435.jpg\",\"contentUrl\":\"https:\/\/laveba-online.ch\/wp-content\/uploads\/2022\/06\/Lupe-fuer-Smartphone_3617400_350x435.jpg\",\"width\":1000,\"height\":1200},{\"@type\":\"BreadcrumbList\",\"@id\":\"https:\/\/laveba-online.ch\/fr\/produkt\/loupe-30x-pour-telephone-mobile\/#breadcrumb\",\"itemListElement\":[{\"@type\":\"ListItem\",\"position\":1,\"name\":\"Startseite\",\"item\":\"https:\/\/laveba-online.ch\/fr\/\"},{\"@type\":\"ListItem\",\"position\":2,\"name\":\"Boutique\",\"item\":\"https:\/\/laveba-online.ch\/fr\/boutique\/\"},{\"@type\":\"ListItem\",\"position\":3,\"name\":\"Loupe 30x pour t\u00e9l\u00e9phone mobile\"}]},{\"@type\":\"WebSite\",\"@id\":\"https:\/\/laveba-online.ch\/fr\/#website\",\"url\":\"https:\/\/laveba-online.ch\/fr\/\",\"name\":\"LAVEBA Online-Shop\",\"description\":\"LAVEBA ist in der Ostschweiz als Dienstleister, Berater und Partner aktiv. Wir bieten ein breites Spektrum an Angeboten, perfekt zugeschnitten auf die Bed\u00fcrfnisse von Landwirten, Unternehmen, Organisationen und Konsumenten.\",\"publisher\":{\"@id\":\"https:\/\/laveba-online.ch\/fr\/#organization\"},\"potentialAction\":[{\"@type\":\"SearchAction\",\"target\":{\"@type\":\"EntryPoint\",\"urlTemplate\":\"https:\/\/laveba-online.ch\/fr\/?s={search_term_string}\"},\"query-input\":\"required name=search_term_string\"}],\"inLanguage\":\"fr-FR\"},{\"@type\":\"Organization\",\"@id\":\"https:\/\/laveba-online.ch\/fr\/#organization\",\"name\":\"LAVEBA Genossenschaft\",\"url\":\"https:\/\/laveba-online.ch\/fr\/\",\"logo\":{\"@type\":\"ImageObject\",\"inLanguage\":\"fr-FR\",\"@id\":\"https:\/\/laveba-online.ch\/fr\/#\/schema\/logo\/image\/\",\"url\":\"https:\/\/laveba-online.ch\/wp-content\/uploads\/2020\/07\/lavebalogo2.png\",\"contentUrl\":\"https:\/\/laveba-online.ch\/wp-content\/uploads\/2020\/07\/lavebalogo2.png\",\"width\":250,\"height\":69,\"caption\":\"LAVEBA Genossenschaft\"},\"image\":{\"@id\":\"https:\/\/laveba-online.ch\/fr\/#\/schema\/logo\/image\/\"},\"sameAs\":[\"https:\/\/www.facebook.com\/LAVEBA-Genossenschaft-352285445485254\",\"https:\/\/www.instagram.com\/lavebagenossenschaft\/?hl=de\"]}]}<\/script>\n<!-- \/ Yoast SEO plugin. -->","yoast_head_json":{"title":"Loupe 30x pour t\u00e9l\u00e9phone mobile &#8211; LAVEBA Online-Shop","description":"Loupe 30x pour t\u00e9l\u00e9phone mobile - Loupe universelle pour appareil photo de smartphone, grossissement 30 fois. Placer la lentille macro sur l'appareil photo du smartphone ou de la tablette, d\u00e9marrer la fonction appareil photo et zoomer \u00e0 volont\u00e9. von LAVEBA Online-Shop","robots":{"index":"index","follow":"follow","max-snippet":"max-snippet:-1","max-image-preview":"max-image-preview:large","max-video-preview":"max-video-preview:-1"},"canonical":"https:\/\/laveba-online.ch\/fr\/produkt\/loupe-30x-pour-telephone-mobile\/","og_locale":"fr_FR","og_type":"article","og_title":"Loupe 30x pour t\u00e9l\u00e9phone mobile &#8211; LAVEBA Online-Shop","og_description":"Loupe 30x pour t\u00e9l\u00e9phone mobile - Loupe universelle pour appareil photo de smartphone, grossissement 30 fois. Placer la lentille macro sur l'appareil photo du smartphone ou de la tablette, d\u00e9marrer la fonction appareil photo et zoomer \u00e0 volont\u00e9. von LAVEBA Online-Shop","og_url":"https:\/\/laveba-online.ch\/fr\/produkt\/loupe-30x-pour-telephone-mobile\/","og_site_name":"LAVEBA Online-Shop","article_publisher":"https:\/\/www.facebook.com\/LAVEBA-Genossenschaft-352285445485254","article_modified_time":"2022-07-01T05:53:20+00:00","og_image":[{"width":1000,"height":1200,"url":"https:\/\/laveba-online.ch\/wp-content\/uploads\/2022\/06\/Lupe-fuer-Smartphone_3617400_350x435.jpg","type":"image\/jpeg"}],"twitter_card":"summary_large_image","schema":{"@context":"https:\/\/schema.org","@graph":[{"@type":["WebPage","ItemPage"],"@id":"https:\/\/laveba-online.ch\/fr\/produkt\/loupe-30x-pour-telephone-mobile\/","url":"https:\/\/laveba-online.ch\/fr\/produkt\/loupe-30x-pour-telephone-mobile\/","name":"Loupe 30x pour t\u00e9l\u00e9phone mobile &#8211; LAVEBA Online-Shop","isPartOf":{"@id":"https:\/\/laveba-online.ch\/fr\/#website"},"primaryImageOfPage":{"@id":"https:\/\/laveba-online.ch\/fr\/produkt\/loupe-30x-pour-telephone-mobile\/#primaryimage"},"image":{"@id":"https:\/\/laveba-online.ch\/fr\/produkt\/loupe-30x-pour-telephone-mobile\/#primaryimage"},"thumbnailUrl":"https:\/\/laveba-online.ch\/wp-content\/uploads\/2022\/06\/Lupe-fuer-Smartphone_3617400_350x435.jpg","datePublished":"2022-06-27T14:47:19+00:00","dateModified":"2022-07-01T05:53:20+00:00","description":"Loupe 30x pour t\u00e9l\u00e9phone mobile - Loupe universelle pour appareil photo de smartphone, grossissement 30 fois. Placer la lentille macro sur l'appareil photo du smartphone ou de la tablette, d\u00e9marrer la fonction appareil photo et zoomer \u00e0 volont\u00e9. von LAVEBA Online-Shop","breadcrumb":{"@id":"https:\/\/laveba-online.ch\/fr\/produkt\/loupe-30x-pour-telephone-mobile\/#breadcrumb"},"inLanguage":"fr-FR","potentialAction":[{"@type":"ReadAction","target":["https:\/\/laveba-online.ch\/fr\/produkt\/loupe-30x-pour-telephone-mobile\/"]}]},{"@type":"ImageObject","inLanguage":"fr-FR","@id":"https:\/\/laveba-online.ch\/fr\/produkt\/loupe-30x-pour-telephone-mobile\/#primaryimage","url":"https:\/\/laveba-online.ch\/wp-content\/uploads\/2022\/06\/Lupe-fuer-Smartphone_3617400_350x435.jpg","contentUrl":"https:\/\/laveba-online.ch\/wp-content\/uploads\/2022\/06\/Lupe-fuer-Smartphone_3617400_350x435.jpg","width":1000,"height":1200},{"@type":"BreadcrumbList","@id":"https:\/\/laveba-online.ch\/fr\/produkt\/loupe-30x-pour-telephone-mobile\/#breadcrumb","itemListElement":[{"@type":"ListItem","position":1,"name":"Startseite","item":"https:\/\/laveba-online.ch\/fr\/"},{"@type":"ListItem","position":2,"name":"Boutique","item":"https:\/\/laveba-online.ch\/fr\/boutique\/"},{"@type":"ListItem","position":3,"name":"Loupe 30x pour t\u00e9l\u00e9phone mobile"}]},{"@type":"WebSite","@id":"https:\/\/laveba-online.ch\/fr\/#website","url":"https:\/\/laveba-online.ch\/fr\/","name":"LAVEBA Online-Shop","description":"LAVEBA ist in der Ostschweiz als Dienstleister, Berater und Partner aktiv. Wir bieten ein breites Spektrum an Angeboten, perfekt zugeschnitten auf die Bed\u00fcrfnisse von Landwirten, Unternehmen, Organisationen und Konsumenten.","publisher":{"@id":"https:\/\/laveba-online.ch\/fr\/#organization"},"potentialAction":[{"@type":"SearchAction","target":{"@type":"EntryPoint","urlTemplate":"https:\/\/laveba-online.ch\/fr\/?s={search_term_string}"},"query-input":"required name=search_term_string"}],"inLanguage":"fr-FR"},{"@type":"Organization","@id":"https:\/\/laveba-online.ch\/fr\/#organization","name":"LAVEBA Genossenschaft","url":"https:\/\/laveba-online.ch\/fr\/","logo":{"@type":"ImageObject","inLanguage":"fr-FR","@id":"https:\/\/laveba-online.ch\/fr\/#\/schema\/logo\/image\/","url":"https:\/\/laveba-online.ch\/wp-content\/uploads\/2020\/07\/lavebalogo2.png","contentUrl":"https:\/\/laveba-online.ch\/wp-content\/uploads\/2020\/07\/lavebalogo2.png","width":250,"height":69,"caption":"LAVEBA Genossenschaft"},"image":{"@id":"https:\/\/laveba-online.ch\/fr\/#\/schema\/logo\/image\/"},"sameAs":["https:\/\/www.facebook.com\/LAVEBA-Genossenschaft-352285445485254","https:\/\/www.instagram.com\/lavebagenossenschaft\/?hl=de"]}]}},"_links":{"self":[{"href":"https:\/\/laveba-online.ch\/fr\/wp-json\/wp\/v2\/product\/9297"}],"collection":[{"href":"https:\/\/laveba-online.ch\/fr\/wp-json\/wp\/v2\/product"}],"about":[{"href":"https:\/\/laveba-online.ch\/fr\/wp-json\/wp\/v2\/types\/product"}],"replies":[{"embeddable":true,"href":"https:\/\/laveba-online.ch\/fr\/wp-json\/wp\/v2\/comments?post=9297"}],"wp:featuredmedia":[{"embeddable":true,"href":"https:\/\/laveba-online.ch\/fr\/wp-json\/wp\/v2\/media\/9212"}],"wp:attachment":[{"href":"https:\/\/laveba-online.ch\/fr\/wp-json\/wp\/v2\/media?parent=9297"}],"wp:term":[{"taxonomy":"product_cat","embeddable":true,"href":"https:\/\/laveba-online.ch\/fr\/wp-json\/wp\/v2\/product_cat?post=9297"},{"taxonomy":"product_tag","embeddable":true,"href":"https:\/\/laveba-online.ch\/fr\/wp-json\/wp\/v2\/product_tag?post=9297"}],"curies":[{"name":"wp","href":"https:\/\/api.w.org\/{rel}","templated":true}]}}