{"id":9285,"date":"2022-06-27T17:12:51","date_gmt":"2022-06-27T15:12:51","guid":{"rendered":"https:\/\/laveba-online.ch\/produkt\/vaselinoel-1-l\/"},"modified":"2022-07-01T07:12:33","modified_gmt":"2022-07-01T05:12:33","slug":"huile-de-vaseline-1l","status":"publish","type":"product","link":"https:\/\/laveba-online.ch\/fr\/produkt\/huile-de-vaseline-1l\/","title":{"rendered":"Huile de vaseline 1l"},"content":{"rendered":"","protected":false},"excerpt":{"rendered":"<p>Huile de vaseline\/huile \u0153nologique comme couverture \u00e9tanche pour les jus de fruits en f\u00fbt.<\/p>\n","protected":false},"featured_media":9228,"comment_status":"open","ping_status":"closed","template":"","meta":[],"product_cat":[168,175],"product_tag":[],"class_list":{"0":"post-9285","1":"product","2":"type-product","3":"status-publish","4":"has-post-thumbnail","6":"product_cat-conservation","7":"product_cat-fut-a-boissons","9":"first","10":"instock","11":"taxable","12":"shipping-taxable","13":"purchasable","14":"product-type-simple"},"yoast_head":"<!-- This site is optimized with the Yoast SEO plugin v23.1 - https:\/\/yoast.com\/wordpress\/plugins\/seo\/ -->\n<title>Huile de vaseline 1l &#8211; LAVEBA Online-Shop<\/title>\n<meta name=\"description\" content=\"Huile de vaseline 1l - Huile de vaseline\/huile \u0153nologique comme couverture \u00e9tanche pour les jus de fruits en f\u00fbt. von LAVEBA Online-Shop\" \/>\n<meta name=\"robots\" content=\"index, follow, max-snippet:-1, max-image-preview:large, max-video-preview:-1\" \/>\n<link rel=\"canonical\" href=\"https:\/\/laveba-online.ch\/fr\/produkt\/huile-de-vaseline-1l\/\" \/>\n<meta property=\"og:locale\" content=\"fr_FR\" \/>\n<meta property=\"og:type\" content=\"article\" \/>\n<meta property=\"og:title\" content=\"Huile de vaseline 1l &#8211; LAVEBA Online-Shop\" \/>\n<meta property=\"og:description\" content=\"Huile de vaseline 1l - Huile de vaseline\/huile \u0153nologique comme couverture \u00e9tanche pour les jus de fruits en f\u00fbt. von LAVEBA Online-Shop\" \/>\n<meta property=\"og:url\" content=\"https:\/\/laveba-online.ch\/fr\/produkt\/huile-de-vaseline-1l\/\" \/>\n<meta property=\"og:site_name\" content=\"LAVEBA Online-Shop\" \/>\n<meta property=\"article:publisher\" content=\"https:\/\/www.facebook.com\/LAVEBA-Genossenschaft-352285445485254\" \/>\n<meta property=\"article:modified_time\" content=\"2022-07-01T05:12:33+00:00\" \/>\n<meta property=\"og:image\" content=\"https:\/\/laveba-online.ch\/wp-content\/uploads\/2022\/06\/Vaselinoel-1L_3608999_350x435.jpg\" \/>\n\t<meta property=\"og:image:width\" content=\"1000\" \/>\n\t<meta property=\"og:image:height\" content=\"1200\" \/>\n\t<meta property=\"og:image:type\" content=\"image\/jpeg\" \/>\n<meta name=\"twitter:card\" content=\"summary_large_image\" \/>\n<script type=\"application\/ld+json\" class=\"yoast-schema-graph\">{\"@context\":\"https:\/\/schema.org\",\"@graph\":[{\"@type\":[\"WebPage\",\"ItemPage\"],\"@id\":\"https:\/\/laveba-online.ch\/fr\/produkt\/huile-de-vaseline-1l\/\",\"url\":\"https:\/\/laveba-online.ch\/fr\/produkt\/huile-de-vaseline-1l\/\",\"name\":\"Huile de vaseline 1l &#8211; LAVEBA Online-Shop\",\"isPartOf\":{\"@id\":\"https:\/\/laveba-online.ch\/fr\/#website\"},\"primaryImageOfPage\":{\"@id\":\"https:\/\/laveba-online.ch\/fr\/produkt\/huile-de-vaseline-1l\/#primaryimage\"},\"image\":{\"@id\":\"https:\/\/laveba-online.ch\/fr\/produkt\/huile-de-vaseline-1l\/#primaryimage\"},\"thumbnailUrl\":\"https:\/\/laveba-online.ch\/wp-content\/uploads\/2022\/06\/Vaselinoel-1L_3608999_350x435.jpg\",\"datePublished\":\"2022-06-27T15:12:51+00:00\",\"dateModified\":\"2022-07-01T05:12:33+00:00\",\"description\":\"Huile de vaseline 1l - Huile de vaseline\/huile \u0153nologique comme couverture \u00e9tanche pour les jus de fruits en f\u00fbt. von LAVEBA Online-Shop\",\"breadcrumb\":{\"@id\":\"https:\/\/laveba-online.ch\/fr\/produkt\/huile-de-vaseline-1l\/#breadcrumb\"},\"inLanguage\":\"fr-FR\",\"potentialAction\":[{\"@type\":\"ReadAction\",\"target\":[\"https:\/\/laveba-online.ch\/fr\/produkt\/huile-de-vaseline-1l\/\"]}]},{\"@type\":\"ImageObject\",\"inLanguage\":\"fr-FR\",\"@id\":\"https:\/\/laveba-online.ch\/fr\/produkt\/huile-de-vaseline-1l\/#primaryimage\",\"url\":\"https:\/\/laveba-online.ch\/wp-content\/uploads\/2022\/06\/Vaselinoel-1L_3608999_350x435.jpg\",\"contentUrl\":\"https:\/\/laveba-online.ch\/wp-content\/uploads\/2022\/06\/Vaselinoel-1L_3608999_350x435.jpg\",\"width\":1000,\"height\":1200},{\"@type\":\"BreadcrumbList\",\"@id\":\"https:\/\/laveba-online.ch\/fr\/produkt\/huile-de-vaseline-1l\/#breadcrumb\",\"itemListElement\":[{\"@type\":\"ListItem\",\"position\":1,\"name\":\"Startseite\",\"item\":\"https:\/\/laveba-online.ch\/fr\/\"},{\"@type\":\"ListItem\",\"position\":2,\"name\":\"Boutique\",\"item\":\"https:\/\/laveba-online.ch\/fr\/boutique\/\"},{\"@type\":\"ListItem\",\"position\":3,\"name\":\"Huile de vaseline 1l\"}]},{\"@type\":\"WebSite\",\"@id\":\"https:\/\/laveba-online.ch\/fr\/#website\",\"url\":\"https:\/\/laveba-online.ch\/fr\/\",\"name\":\"LAVEBA Online-Shop\",\"description\":\"LAVEBA ist in der Ostschweiz als Dienstleister, Berater und Partner aktiv. Wir bieten ein breites Spektrum an Angeboten, perfekt zugeschnitten auf die Bed\u00fcrfnisse von Landwirten, Unternehmen, Organisationen und Konsumenten.\",\"publisher\":{\"@id\":\"https:\/\/laveba-online.ch\/fr\/#organization\"},\"potentialAction\":[{\"@type\":\"SearchAction\",\"target\":{\"@type\":\"EntryPoint\",\"urlTemplate\":\"https:\/\/laveba-online.ch\/fr\/?s={search_term_string}\"},\"query-input\":\"required name=search_term_string\"}],\"inLanguage\":\"fr-FR\"},{\"@type\":\"Organization\",\"@id\":\"https:\/\/laveba-online.ch\/fr\/#organization\",\"name\":\"LAVEBA Genossenschaft\",\"url\":\"https:\/\/laveba-online.ch\/fr\/\",\"logo\":{\"@type\":\"ImageObject\",\"inLanguage\":\"fr-FR\",\"@id\":\"https:\/\/laveba-online.ch\/fr\/#\/schema\/logo\/image\/\",\"url\":\"https:\/\/laveba-online.ch\/wp-content\/uploads\/2020\/07\/lavebalogo2.png\",\"contentUrl\":\"https:\/\/laveba-online.ch\/wp-content\/uploads\/2020\/07\/lavebalogo2.png\",\"width\":250,\"height\":69,\"caption\":\"LAVEBA Genossenschaft\"},\"image\":{\"@id\":\"https:\/\/laveba-online.ch\/fr\/#\/schema\/logo\/image\/\"},\"sameAs\":[\"https:\/\/www.facebook.com\/LAVEBA-Genossenschaft-352285445485254\",\"https:\/\/www.instagram.com\/lavebagenossenschaft\/?hl=de\"]}]}<\/script>\n<!-- \/ Yoast SEO plugin. -->","yoast_head_json":{"title":"Huile de vaseline 1l &#8211; LAVEBA Online-Shop","description":"Huile de vaseline 1l - Huile de vaseline\/huile \u0153nologique comme couverture \u00e9tanche pour les jus de fruits en f\u00fbt. von LAVEBA Online-Shop","robots":{"index":"index","follow":"follow","max-snippet":"max-snippet:-1","max-image-preview":"max-image-preview:large","max-video-preview":"max-video-preview:-1"},"canonical":"https:\/\/laveba-online.ch\/fr\/produkt\/huile-de-vaseline-1l\/","og_locale":"fr_FR","og_type":"article","og_title":"Huile de vaseline 1l &#8211; LAVEBA Online-Shop","og_description":"Huile de vaseline 1l - Huile de vaseline\/huile \u0153nologique comme couverture \u00e9tanche pour les jus de fruits en f\u00fbt. von LAVEBA Online-Shop","og_url":"https:\/\/laveba-online.ch\/fr\/produkt\/huile-de-vaseline-1l\/","og_site_name":"LAVEBA Online-Shop","article_publisher":"https:\/\/www.facebook.com\/LAVEBA-Genossenschaft-352285445485254","article_modified_time":"2022-07-01T05:12:33+00:00","og_image":[{"width":1000,"height":1200,"url":"https:\/\/laveba-online.ch\/wp-content\/uploads\/2022\/06\/Vaselinoel-1L_3608999_350x435.jpg","type":"image\/jpeg"}],"twitter_card":"summary_large_image","schema":{"@context":"https:\/\/schema.org","@graph":[{"@type":["WebPage","ItemPage"],"@id":"https:\/\/laveba-online.ch\/fr\/produkt\/huile-de-vaseline-1l\/","url":"https:\/\/laveba-online.ch\/fr\/produkt\/huile-de-vaseline-1l\/","name":"Huile de vaseline 1l &#8211; LAVEBA Online-Shop","isPartOf":{"@id":"https:\/\/laveba-online.ch\/fr\/#website"},"primaryImageOfPage":{"@id":"https:\/\/laveba-online.ch\/fr\/produkt\/huile-de-vaseline-1l\/#primaryimage"},"image":{"@id":"https:\/\/laveba-online.ch\/fr\/produkt\/huile-de-vaseline-1l\/#primaryimage"},"thumbnailUrl":"https:\/\/laveba-online.ch\/wp-content\/uploads\/2022\/06\/Vaselinoel-1L_3608999_350x435.jpg","datePublished":"2022-06-27T15:12:51+00:00","dateModified":"2022-07-01T05:12:33+00:00","description":"Huile de vaseline 1l - Huile de vaseline\/huile \u0153nologique comme couverture \u00e9tanche pour les jus de fruits en f\u00fbt. von LAVEBA Online-Shop","breadcrumb":{"@id":"https:\/\/laveba-online.ch\/fr\/produkt\/huile-de-vaseline-1l\/#breadcrumb"},"inLanguage":"fr-FR","potentialAction":[{"@type":"ReadAction","target":["https:\/\/laveba-online.ch\/fr\/produkt\/huile-de-vaseline-1l\/"]}]},{"@type":"ImageObject","inLanguage":"fr-FR","@id":"https:\/\/laveba-online.ch\/fr\/produkt\/huile-de-vaseline-1l\/#primaryimage","url":"https:\/\/laveba-online.ch\/wp-content\/uploads\/2022\/06\/Vaselinoel-1L_3608999_350x435.jpg","contentUrl":"https:\/\/laveba-online.ch\/wp-content\/uploads\/2022\/06\/Vaselinoel-1L_3608999_350x435.jpg","width":1000,"height":1200},{"@type":"BreadcrumbList","@id":"https:\/\/laveba-online.ch\/fr\/produkt\/huile-de-vaseline-1l\/#breadcrumb","itemListElement":[{"@type":"ListItem","position":1,"name":"Startseite","item":"https:\/\/laveba-online.ch\/fr\/"},{"@type":"ListItem","position":2,"name":"Boutique","item":"https:\/\/laveba-online.ch\/fr\/boutique\/"},{"@type":"ListItem","position":3,"name":"Huile de vaseline 1l"}]},{"@type":"WebSite","@id":"https:\/\/laveba-online.ch\/fr\/#website","url":"https:\/\/laveba-online.ch\/fr\/","name":"LAVEBA Online-Shop","description":"LAVEBA ist in der Ostschweiz als Dienstleister, Berater und Partner aktiv. Wir bieten ein breites Spektrum an Angeboten, perfekt zugeschnitten auf die Bed\u00fcrfnisse von Landwirten, Unternehmen, Organisationen und Konsumenten.","publisher":{"@id":"https:\/\/laveba-online.ch\/fr\/#organization"},"potentialAction":[{"@type":"SearchAction","target":{"@type":"EntryPoint","urlTemplate":"https:\/\/laveba-online.ch\/fr\/?s={search_term_string}"},"query-input":"required name=search_term_string"}],"inLanguage":"fr-FR"},{"@type":"Organization","@id":"https:\/\/laveba-online.ch\/fr\/#organization","name":"LAVEBA Genossenschaft","url":"https:\/\/laveba-online.ch\/fr\/","logo":{"@type":"ImageObject","inLanguage":"fr-FR","@id":"https:\/\/laveba-online.ch\/fr\/#\/schema\/logo\/image\/","url":"https:\/\/laveba-online.ch\/wp-content\/uploads\/2020\/07\/lavebalogo2.png","contentUrl":"https:\/\/laveba-online.ch\/wp-content\/uploads\/2020\/07\/lavebalogo2.png","width":250,"height":69,"caption":"LAVEBA Genossenschaft"},"image":{"@id":"https:\/\/laveba-online.ch\/fr\/#\/schema\/logo\/image\/"},"sameAs":["https:\/\/www.facebook.com\/LAVEBA-Genossenschaft-352285445485254","https:\/\/www.instagram.com\/lavebagenossenschaft\/?hl=de"]}]}},"_links":{"self":[{"href":"https:\/\/laveba-online.ch\/fr\/wp-json\/wp\/v2\/product\/9285"}],"collection":[{"href":"https:\/\/laveba-online.ch\/fr\/wp-json\/wp\/v2\/product"}],"about":[{"href":"https:\/\/laveba-online.ch\/fr\/wp-json\/wp\/v2\/types\/product"}],"replies":[{"embeddable":true,"href":"https:\/\/laveba-online.ch\/fr\/wp-json\/wp\/v2\/comments?post=9285"}],"wp:featuredmedia":[{"embeddable":true,"href":"https:\/\/laveba-online.ch\/fr\/wp-json\/wp\/v2\/media\/9228"}],"wp:attachment":[{"href":"https:\/\/laveba-online.ch\/fr\/wp-json\/wp\/v2\/media?parent=9285"}],"wp:term":[{"taxonomy":"product_cat","embeddable":true,"href":"https:\/\/laveba-online.ch\/fr\/wp-json\/wp\/v2\/product_cat?post=9285"},{"taxonomy":"product_tag","embeddable":true,"href":"https:\/\/laveba-online.ch\/fr\/wp-json\/wp\/v2\/product_tag?post=9285"}],"curies":[{"name":"wp","href":"https:\/\/api.w.org\/{rel}","templated":true}]}}