{"id":8102,"date":"2021-06-08T10:55:13","date_gmt":"2021-06-08T08:55:13","guid":{"rendered":"https:\/\/laveba-online.ch\/produkt\/mini-jardin-a-led\/"},"modified":"2021-06-08T10:55:13","modified_gmt":"2021-06-08T08:55:13","slug":"mini-jardin-a-led","status":"publish","type":"product","link":"https:\/\/laveba-online.ch\/fr\/produkt\/mini-jardin-a-led\/","title":{"rendered":"Mini jardin \u00e0 LED"},"content":{"rendered":"","protected":false},"excerpt":{"rendered":"<p>Une aide \u00e0 la croissance pour vos plantes d&#8217;int\u00e9rieur qui fait \u00e9galement une bonne impression visuelle ? Notre mini-jardin LED dispose d&#8217;une LED sp\u00e9ciale avec un spectre lumineux favorisant la croissance. C&#8217;est ainsi que vous pouvez aider vos favoris verts \u00e0 \u00eatre en pleine splendeur en peu de temps. Une minuterie int\u00e9gr\u00e9e permet de l&#8217;\u00e9teindre la nuit.<\/p>\n","protected":false},"featured_media":7932,"comment_status":"open","ping_status":"closed","template":"","meta":[],"product_cat":[209],"product_tag":[],"class_list":{"0":"post-8102","1":"product","2":"type-product","3":"status-publish","4":"has-post-thumbnail","6":"product_cat-nouveaux-hits","8":"first","9":"instock","10":"taxable","11":"shipping-taxable","12":"purchasable","13":"product-type-simple"},"yoast_head":"<!-- This site is optimized with the Yoast SEO plugin v23.1 - https:\/\/yoast.com\/wordpress\/plugins\/seo\/ -->\n<title>Mini jardin \u00e0 LED &#8211; LAVEBA Online-Shop<\/title>\n<meta name=\"description\" content=\"Mini jardin \u00e0 LED - Une aide \u00e0 la croissance pour vos plantes d&#039;int\u00e9rieur qui fait \u00e9galement une bonne impression visuelle ? Notre mini-jardin LED dispose d&#039;une LED sp\u00e9ciale avec un spectre lumineux favorisant la croissance. C&#039;est ainsi que vous pouvez aider vos favoris verts \u00e0 \u00eatre en pleine splendeur en peu de temps. Une minuterie int\u00e9gr\u00e9e permet de l&#039;\u00e9teindre la nuit. von LAVEBA Online-Shop\" \/>\n<meta name=\"robots\" content=\"index, follow, max-snippet:-1, max-image-preview:large, max-video-preview:-1\" \/>\n<link rel=\"canonical\" href=\"https:\/\/laveba-online.ch\/fr\/produkt\/mini-jardin-a-led\/\" \/>\n<meta property=\"og:locale\" content=\"fr_FR\" \/>\n<meta property=\"og:type\" content=\"article\" \/>\n<meta property=\"og:title\" content=\"Mini jardin \u00e0 LED &#8211; LAVEBA Online-Shop\" \/>\n<meta property=\"og:description\" content=\"Mini jardin \u00e0 LED - Une aide \u00e0 la croissance pour vos plantes d&#039;int\u00e9rieur qui fait \u00e9galement une bonne impression visuelle ? Notre mini-jardin LED dispose d&#039;une LED sp\u00e9ciale avec un spectre lumineux favorisant la croissance. C&#039;est ainsi que vous pouvez aider vos favoris verts \u00e0 \u00eatre en pleine splendeur en peu de temps. Une minuterie int\u00e9gr\u00e9e permet de l&#039;\u00e9teindre la nuit. von LAVEBA Online-Shop\" \/>\n<meta property=\"og:url\" content=\"https:\/\/laveba-online.ch\/fr\/produkt\/mini-jardin-a-led\/\" \/>\n<meta property=\"og:site_name\" content=\"LAVEBA Online-Shop\" \/>\n<meta property=\"article:publisher\" content=\"https:\/\/www.facebook.com\/LAVEBA-Genossenschaft-352285445485254\" \/>\n<meta property=\"og:image\" content=\"https:\/\/laveba-online.ch\/wp-content\/uploads\/2021\/06\/LED-Minigarten_3617373.jpg\" \/>\n\t<meta property=\"og:image:width\" content=\"1000\" \/>\n\t<meta property=\"og:image:height\" content=\"1200\" \/>\n\t<meta property=\"og:image:type\" content=\"image\/jpeg\" \/>\n<meta name=\"twitter:card\" content=\"summary_large_image\" \/>\n<script type=\"application\/ld+json\" class=\"yoast-schema-graph\">{\"@context\":\"https:\/\/schema.org\",\"@graph\":[{\"@type\":[\"WebPage\",\"ItemPage\"],\"@id\":\"https:\/\/laveba-online.ch\/fr\/produkt\/mini-jardin-a-led\/\",\"url\":\"https:\/\/laveba-online.ch\/fr\/produkt\/mini-jardin-a-led\/\",\"name\":\"Mini jardin \u00e0 LED &#8211; LAVEBA Online-Shop\",\"isPartOf\":{\"@id\":\"https:\/\/laveba-online.ch\/fr\/#website\"},\"primaryImageOfPage\":{\"@id\":\"https:\/\/laveba-online.ch\/fr\/produkt\/mini-jardin-a-led\/#primaryimage\"},\"image\":{\"@id\":\"https:\/\/laveba-online.ch\/fr\/produkt\/mini-jardin-a-led\/#primaryimage\"},\"thumbnailUrl\":\"https:\/\/laveba-online.ch\/wp-content\/uploads\/2021\/06\/LED-Minigarten_3617373.jpg\",\"datePublished\":\"2021-06-08T08:55:13+00:00\",\"dateModified\":\"2021-06-08T08:55:13+00:00\",\"description\":\"Mini jardin \u00e0 LED - Une aide \u00e0 la croissance pour vos plantes d'int\u00e9rieur qui fait \u00e9galement une bonne impression visuelle ? Notre mini-jardin LED dispose d'une LED sp\u00e9ciale avec un spectre lumineux favorisant la croissance. C'est ainsi que vous pouvez aider vos favoris verts \u00e0 \u00eatre en pleine splendeur en peu de temps. Une minuterie int\u00e9gr\u00e9e permet de l'\u00e9teindre la nuit. von LAVEBA Online-Shop\",\"breadcrumb\":{\"@id\":\"https:\/\/laveba-online.ch\/fr\/produkt\/mini-jardin-a-led\/#breadcrumb\"},\"inLanguage\":\"fr-FR\",\"potentialAction\":[{\"@type\":\"ReadAction\",\"target\":[\"https:\/\/laveba-online.ch\/fr\/produkt\/mini-jardin-a-led\/\"]}]},{\"@type\":\"ImageObject\",\"inLanguage\":\"fr-FR\",\"@id\":\"https:\/\/laveba-online.ch\/fr\/produkt\/mini-jardin-a-led\/#primaryimage\",\"url\":\"https:\/\/laveba-online.ch\/wp-content\/uploads\/2021\/06\/LED-Minigarten_3617373.jpg\",\"contentUrl\":\"https:\/\/laveba-online.ch\/wp-content\/uploads\/2021\/06\/LED-Minigarten_3617373.jpg\",\"width\":1000,\"height\":1200},{\"@type\":\"BreadcrumbList\",\"@id\":\"https:\/\/laveba-online.ch\/fr\/produkt\/mini-jardin-a-led\/#breadcrumb\",\"itemListElement\":[{\"@type\":\"ListItem\",\"position\":1,\"name\":\"Startseite\",\"item\":\"https:\/\/laveba-online.ch\/fr\/\"},{\"@type\":\"ListItem\",\"position\":2,\"name\":\"Boutique\",\"item\":\"https:\/\/laveba-online.ch\/fr\/boutique\/\"},{\"@type\":\"ListItem\",\"position\":3,\"name\":\"Mini jardin \u00e0 LED\"}]},{\"@type\":\"WebSite\",\"@id\":\"https:\/\/laveba-online.ch\/fr\/#website\",\"url\":\"https:\/\/laveba-online.ch\/fr\/\",\"name\":\"LAVEBA Online-Shop\",\"description\":\"LAVEBA ist in der Ostschweiz als Dienstleister, Berater und Partner aktiv. Wir bieten ein breites Spektrum an Angeboten, perfekt zugeschnitten auf die Bed\u00fcrfnisse von Landwirten, Unternehmen, Organisationen und Konsumenten.\",\"publisher\":{\"@id\":\"https:\/\/laveba-online.ch\/fr\/#organization\"},\"potentialAction\":[{\"@type\":\"SearchAction\",\"target\":{\"@type\":\"EntryPoint\",\"urlTemplate\":\"https:\/\/laveba-online.ch\/fr\/?s={search_term_string}\"},\"query-input\":\"required name=search_term_string\"}],\"inLanguage\":\"fr-FR\"},{\"@type\":\"Organization\",\"@id\":\"https:\/\/laveba-online.ch\/fr\/#organization\",\"name\":\"LAVEBA Genossenschaft\",\"url\":\"https:\/\/laveba-online.ch\/fr\/\",\"logo\":{\"@type\":\"ImageObject\",\"inLanguage\":\"fr-FR\",\"@id\":\"https:\/\/laveba-online.ch\/fr\/#\/schema\/logo\/image\/\",\"url\":\"https:\/\/laveba-online.ch\/wp-content\/uploads\/2020\/07\/lavebalogo2.png\",\"contentUrl\":\"https:\/\/laveba-online.ch\/wp-content\/uploads\/2020\/07\/lavebalogo2.png\",\"width\":250,\"height\":69,\"caption\":\"LAVEBA Genossenschaft\"},\"image\":{\"@id\":\"https:\/\/laveba-online.ch\/fr\/#\/schema\/logo\/image\/\"},\"sameAs\":[\"https:\/\/www.facebook.com\/LAVEBA-Genossenschaft-352285445485254\",\"https:\/\/www.instagram.com\/lavebagenossenschaft\/?hl=de\"]}]}<\/script>\n<!-- \/ Yoast SEO plugin. -->","yoast_head_json":{"title":"Mini jardin \u00e0 LED &#8211; LAVEBA Online-Shop","description":"Mini jardin \u00e0 LED - Une aide \u00e0 la croissance pour vos plantes d'int\u00e9rieur qui fait \u00e9galement une bonne impression visuelle ? Notre mini-jardin LED dispose d'une LED sp\u00e9ciale avec un spectre lumineux favorisant la croissance. C'est ainsi que vous pouvez aider vos favoris verts \u00e0 \u00eatre en pleine splendeur en peu de temps. Une minuterie int\u00e9gr\u00e9e permet de l'\u00e9teindre la nuit. von LAVEBA Online-Shop","robots":{"index":"index","follow":"follow","max-snippet":"max-snippet:-1","max-image-preview":"max-image-preview:large","max-video-preview":"max-video-preview:-1"},"canonical":"https:\/\/laveba-online.ch\/fr\/produkt\/mini-jardin-a-led\/","og_locale":"fr_FR","og_type":"article","og_title":"Mini jardin \u00e0 LED &#8211; LAVEBA Online-Shop","og_description":"Mini jardin \u00e0 LED - Une aide \u00e0 la croissance pour vos plantes d'int\u00e9rieur qui fait \u00e9galement une bonne impression visuelle ? Notre mini-jardin LED dispose d'une LED sp\u00e9ciale avec un spectre lumineux favorisant la croissance. C'est ainsi que vous pouvez aider vos favoris verts \u00e0 \u00eatre en pleine splendeur en peu de temps. Une minuterie int\u00e9gr\u00e9e permet de l'\u00e9teindre la nuit. von LAVEBA Online-Shop","og_url":"https:\/\/laveba-online.ch\/fr\/produkt\/mini-jardin-a-led\/","og_site_name":"LAVEBA Online-Shop","article_publisher":"https:\/\/www.facebook.com\/LAVEBA-Genossenschaft-352285445485254","og_image":[{"width":1000,"height":1200,"url":"https:\/\/laveba-online.ch\/wp-content\/uploads\/2021\/06\/LED-Minigarten_3617373.jpg","type":"image\/jpeg"}],"twitter_card":"summary_large_image","schema":{"@context":"https:\/\/schema.org","@graph":[{"@type":["WebPage","ItemPage"],"@id":"https:\/\/laveba-online.ch\/fr\/produkt\/mini-jardin-a-led\/","url":"https:\/\/laveba-online.ch\/fr\/produkt\/mini-jardin-a-led\/","name":"Mini jardin \u00e0 LED &#8211; LAVEBA Online-Shop","isPartOf":{"@id":"https:\/\/laveba-online.ch\/fr\/#website"},"primaryImageOfPage":{"@id":"https:\/\/laveba-online.ch\/fr\/produkt\/mini-jardin-a-led\/#primaryimage"},"image":{"@id":"https:\/\/laveba-online.ch\/fr\/produkt\/mini-jardin-a-led\/#primaryimage"},"thumbnailUrl":"https:\/\/laveba-online.ch\/wp-content\/uploads\/2021\/06\/LED-Minigarten_3617373.jpg","datePublished":"2021-06-08T08:55:13+00:00","dateModified":"2021-06-08T08:55:13+00:00","description":"Mini jardin \u00e0 LED - Une aide \u00e0 la croissance pour vos plantes d'int\u00e9rieur qui fait \u00e9galement une bonne impression visuelle ? Notre mini-jardin LED dispose d'une LED sp\u00e9ciale avec un spectre lumineux favorisant la croissance. C'est ainsi que vous pouvez aider vos favoris verts \u00e0 \u00eatre en pleine splendeur en peu de temps. Une minuterie int\u00e9gr\u00e9e permet de l'\u00e9teindre la nuit. von LAVEBA Online-Shop","breadcrumb":{"@id":"https:\/\/laveba-online.ch\/fr\/produkt\/mini-jardin-a-led\/#breadcrumb"},"inLanguage":"fr-FR","potentialAction":[{"@type":"ReadAction","target":["https:\/\/laveba-online.ch\/fr\/produkt\/mini-jardin-a-led\/"]}]},{"@type":"ImageObject","inLanguage":"fr-FR","@id":"https:\/\/laveba-online.ch\/fr\/produkt\/mini-jardin-a-led\/#primaryimage","url":"https:\/\/laveba-online.ch\/wp-content\/uploads\/2021\/06\/LED-Minigarten_3617373.jpg","contentUrl":"https:\/\/laveba-online.ch\/wp-content\/uploads\/2021\/06\/LED-Minigarten_3617373.jpg","width":1000,"height":1200},{"@type":"BreadcrumbList","@id":"https:\/\/laveba-online.ch\/fr\/produkt\/mini-jardin-a-led\/#breadcrumb","itemListElement":[{"@type":"ListItem","position":1,"name":"Startseite","item":"https:\/\/laveba-online.ch\/fr\/"},{"@type":"ListItem","position":2,"name":"Boutique","item":"https:\/\/laveba-online.ch\/fr\/boutique\/"},{"@type":"ListItem","position":3,"name":"Mini jardin \u00e0 LED"}]},{"@type":"WebSite","@id":"https:\/\/laveba-online.ch\/fr\/#website","url":"https:\/\/laveba-online.ch\/fr\/","name":"LAVEBA Online-Shop","description":"LAVEBA ist in der Ostschweiz als Dienstleister, Berater und Partner aktiv. Wir bieten ein breites Spektrum an Angeboten, perfekt zugeschnitten auf die Bed\u00fcrfnisse von Landwirten, Unternehmen, Organisationen und Konsumenten.","publisher":{"@id":"https:\/\/laveba-online.ch\/fr\/#organization"},"potentialAction":[{"@type":"SearchAction","target":{"@type":"EntryPoint","urlTemplate":"https:\/\/laveba-online.ch\/fr\/?s={search_term_string}"},"query-input":"required name=search_term_string"}],"inLanguage":"fr-FR"},{"@type":"Organization","@id":"https:\/\/laveba-online.ch\/fr\/#organization","name":"LAVEBA Genossenschaft","url":"https:\/\/laveba-online.ch\/fr\/","logo":{"@type":"ImageObject","inLanguage":"fr-FR","@id":"https:\/\/laveba-online.ch\/fr\/#\/schema\/logo\/image\/","url":"https:\/\/laveba-online.ch\/wp-content\/uploads\/2020\/07\/lavebalogo2.png","contentUrl":"https:\/\/laveba-online.ch\/wp-content\/uploads\/2020\/07\/lavebalogo2.png","width":250,"height":69,"caption":"LAVEBA Genossenschaft"},"image":{"@id":"https:\/\/laveba-online.ch\/fr\/#\/schema\/logo\/image\/"},"sameAs":["https:\/\/www.facebook.com\/LAVEBA-Genossenschaft-352285445485254","https:\/\/www.instagram.com\/lavebagenossenschaft\/?hl=de"]}]}},"_links":{"self":[{"href":"https:\/\/laveba-online.ch\/fr\/wp-json\/wp\/v2\/product\/8102"}],"collection":[{"href":"https:\/\/laveba-online.ch\/fr\/wp-json\/wp\/v2\/product"}],"about":[{"href":"https:\/\/laveba-online.ch\/fr\/wp-json\/wp\/v2\/types\/product"}],"replies":[{"embeddable":true,"href":"https:\/\/laveba-online.ch\/fr\/wp-json\/wp\/v2\/comments?post=8102"}],"wp:featuredmedia":[{"embeddable":true,"href":"https:\/\/laveba-online.ch\/fr\/wp-json\/wp\/v2\/media\/7932"}],"wp:attachment":[{"href":"https:\/\/laveba-online.ch\/fr\/wp-json\/wp\/v2\/media?parent=8102"}],"wp:term":[{"taxonomy":"product_cat","embeddable":true,"href":"https:\/\/laveba-online.ch\/fr\/wp-json\/wp\/v2\/product_cat?post=8102"},{"taxonomy":"product_tag","embeddable":true,"href":"https:\/\/laveba-online.ch\/fr\/wp-json\/wp\/v2\/product_tag?post=8102"}],"curies":[{"name":"wp","href":"https:\/\/api.w.org\/{rel}","templated":true}]}}