{"id":8088,"date":"2021-06-08T11:11:34","date_gmt":"2021-06-08T09:11:34","guid":{"rendered":"https:\/\/laveba-online.ch\/produkt\/protection-darbre-anti-knabb-120cm\/"},"modified":"2021-06-08T11:11:34","modified_gmt":"2021-06-08T09:11:34","slug":"protection-darbre-anti-knabb-120cm","status":"publish","type":"product","link":"https:\/\/laveba-online.ch\/fr\/produkt\/protection-darbre-anti-knabb-120cm\/","title":{"rendered":"Protection d\u2019arbre Anti-Knabb 120cm"},"content":{"rendered":"","protected":false},"excerpt":{"rendered":"<p>Fournit une protection efficace contre le broutage, le balayage et le rongement. L\u00e9ger et perm\u00e9able \u00e0 l&#8217;air gr\u00e2ce \u00e0 de multiples perforations. Assemblage rapide et simple. Fabriqu\u00e9 en PVC dur.<\/p>\n","protected":false},"featured_media":7872,"comment_status":"open","ping_status":"closed","template":"","meta":[],"product_cat":[189,166],"product_tag":[],"class_list":{"0":"post-8088","1":"product","2":"type-product","3":"status-publish","4":"has-post-thumbnail","6":"product_cat-arboriculture-soins","7":"product_cat-soins-et-recolte","9":"first","10":"instock","11":"taxable","12":"shipping-taxable","13":"purchasable","14":"product-type-variable"},"yoast_head":"<!-- This site is optimized with the Yoast SEO plugin v23.1 - https:\/\/yoast.com\/wordpress\/plugins\/seo\/ -->\n<title>Protection d\u2019arbre Anti-Knabb 120cm &#8211; LAVEBA Online-Shop<\/title>\n<meta name=\"description\" content=\"Protection d\u2019arbre Anti-Knabb 120cm - Fournit une protection efficace contre le broutage, le balayage et le rongement. L\u00e9ger et perm\u00e9able \u00e0 l&#039;air gr\u00e2ce \u00e0 de multiples perforations. Assemblage rapide et simple. Fabriqu\u00e9 en PVC dur. von LAVEBA Online-Shop\" \/>\n<meta name=\"robots\" content=\"index, follow, max-snippet:-1, max-image-preview:large, max-video-preview:-1\" \/>\n<link rel=\"canonical\" href=\"https:\/\/laveba-online.ch\/fr\/produkt\/protection-darbre-anti-knabb-120cm\/\" \/>\n<meta property=\"og:locale\" content=\"fr_FR\" \/>\n<meta property=\"og:type\" content=\"article\" \/>\n<meta property=\"og:title\" content=\"Protection d\u2019arbre Anti-Knabb 120cm &#8211; LAVEBA Online-Shop\" \/>\n<meta property=\"og:description\" content=\"Protection d\u2019arbre Anti-Knabb 120cm - Fournit une protection efficace contre le broutage, le balayage et le rongement. L\u00e9ger et perm\u00e9able \u00e0 l&#039;air gr\u00e2ce \u00e0 de multiples perforations. Assemblage rapide et simple. Fabriqu\u00e9 en PVC dur. von LAVEBA Online-Shop\" \/>\n<meta property=\"og:url\" content=\"https:\/\/laveba-online.ch\/fr\/produkt\/protection-darbre-anti-knabb-120cm\/\" \/>\n<meta property=\"og:site_name\" content=\"LAVEBA Online-Shop\" \/>\n<meta property=\"article:publisher\" content=\"https:\/\/www.facebook.com\/LAVEBA-Genossenschaft-352285445485254\" \/>\n<meta property=\"og:image\" content=\"https:\/\/laveba-online.ch\/wp-content\/uploads\/2021\/06\/Baumschutz_3617382-84.jpg\" \/>\n\t<meta property=\"og:image:width\" content=\"1000\" \/>\n\t<meta property=\"og:image:height\" content=\"1200\" \/>\n\t<meta property=\"og:image:type\" content=\"image\/jpeg\" \/>\n<meta name=\"twitter:card\" content=\"summary_large_image\" \/>\n<script type=\"application\/ld+json\" class=\"yoast-schema-graph\">{\"@context\":\"https:\/\/schema.org\",\"@graph\":[{\"@type\":[\"WebPage\",\"ItemPage\"],\"@id\":\"https:\/\/laveba-online.ch\/fr\/produkt\/protection-darbre-anti-knabb-120cm\/\",\"url\":\"https:\/\/laveba-online.ch\/fr\/produkt\/protection-darbre-anti-knabb-120cm\/\",\"name\":\"Protection d\u2019arbre Anti-Knabb 120cm &#8211; LAVEBA Online-Shop\",\"isPartOf\":{\"@id\":\"https:\/\/laveba-online.ch\/fr\/#website\"},\"primaryImageOfPage\":{\"@id\":\"https:\/\/laveba-online.ch\/fr\/produkt\/protection-darbre-anti-knabb-120cm\/#primaryimage\"},\"image\":{\"@id\":\"https:\/\/laveba-online.ch\/fr\/produkt\/protection-darbre-anti-knabb-120cm\/#primaryimage\"},\"thumbnailUrl\":\"https:\/\/laveba-online.ch\/wp-content\/uploads\/2021\/06\/Baumschutz_3617382-84.jpg\",\"datePublished\":\"2021-06-08T09:11:34+00:00\",\"dateModified\":\"2021-06-08T09:11:34+00:00\",\"description\":\"Protection d\u2019arbre Anti-Knabb 120cm - Fournit une protection efficace contre le broutage, le balayage et le rongement. L\u00e9ger et perm\u00e9able \u00e0 l'air gr\u00e2ce \u00e0 de multiples perforations. Assemblage rapide et simple. Fabriqu\u00e9 en PVC dur. von LAVEBA Online-Shop\",\"breadcrumb\":{\"@id\":\"https:\/\/laveba-online.ch\/fr\/produkt\/protection-darbre-anti-knabb-120cm\/#breadcrumb\"},\"inLanguage\":\"fr-FR\",\"potentialAction\":[{\"@type\":\"ReadAction\",\"target\":[\"https:\/\/laveba-online.ch\/fr\/produkt\/protection-darbre-anti-knabb-120cm\/\"]}]},{\"@type\":\"ImageObject\",\"inLanguage\":\"fr-FR\",\"@id\":\"https:\/\/laveba-online.ch\/fr\/produkt\/protection-darbre-anti-knabb-120cm\/#primaryimage\",\"url\":\"https:\/\/laveba-online.ch\/wp-content\/uploads\/2021\/06\/Baumschutz_3617382-84.jpg\",\"contentUrl\":\"https:\/\/laveba-online.ch\/wp-content\/uploads\/2021\/06\/Baumschutz_3617382-84.jpg\",\"width\":1000,\"height\":1200},{\"@type\":\"BreadcrumbList\",\"@id\":\"https:\/\/laveba-online.ch\/fr\/produkt\/protection-darbre-anti-knabb-120cm\/#breadcrumb\",\"itemListElement\":[{\"@type\":\"ListItem\",\"position\":1,\"name\":\"Startseite\",\"item\":\"https:\/\/laveba-online.ch\/fr\/\"},{\"@type\":\"ListItem\",\"position\":2,\"name\":\"Boutique\",\"item\":\"https:\/\/laveba-online.ch\/fr\/boutique\/\"},{\"@type\":\"ListItem\",\"position\":3,\"name\":\"Protection d\u2019arbre Anti-Knabb 120cm\"}]},{\"@type\":\"WebSite\",\"@id\":\"https:\/\/laveba-online.ch\/fr\/#website\",\"url\":\"https:\/\/laveba-online.ch\/fr\/\",\"name\":\"LAVEBA Online-Shop\",\"description\":\"LAVEBA ist in der Ostschweiz als Dienstleister, Berater und Partner aktiv. Wir bieten ein breites Spektrum an Angeboten, perfekt zugeschnitten auf die Bed\u00fcrfnisse von Landwirten, Unternehmen, Organisationen und Konsumenten.\",\"publisher\":{\"@id\":\"https:\/\/laveba-online.ch\/fr\/#organization\"},\"potentialAction\":[{\"@type\":\"SearchAction\",\"target\":{\"@type\":\"EntryPoint\",\"urlTemplate\":\"https:\/\/laveba-online.ch\/fr\/?s={search_term_string}\"},\"query-input\":\"required name=search_term_string\"}],\"inLanguage\":\"fr-FR\"},{\"@type\":\"Organization\",\"@id\":\"https:\/\/laveba-online.ch\/fr\/#organization\",\"name\":\"LAVEBA Genossenschaft\",\"url\":\"https:\/\/laveba-online.ch\/fr\/\",\"logo\":{\"@type\":\"ImageObject\",\"inLanguage\":\"fr-FR\",\"@id\":\"https:\/\/laveba-online.ch\/fr\/#\/schema\/logo\/image\/\",\"url\":\"https:\/\/laveba-online.ch\/wp-content\/uploads\/2020\/07\/lavebalogo2.png\",\"contentUrl\":\"https:\/\/laveba-online.ch\/wp-content\/uploads\/2020\/07\/lavebalogo2.png\",\"width\":250,\"height\":69,\"caption\":\"LAVEBA Genossenschaft\"},\"image\":{\"@id\":\"https:\/\/laveba-online.ch\/fr\/#\/schema\/logo\/image\/\"},\"sameAs\":[\"https:\/\/www.facebook.com\/LAVEBA-Genossenschaft-352285445485254\",\"https:\/\/www.instagram.com\/lavebagenossenschaft\/?hl=de\"]}]}<\/script>\n<!-- \/ Yoast SEO plugin. -->","yoast_head_json":{"title":"Protection d\u2019arbre Anti-Knabb 120cm &#8211; LAVEBA Online-Shop","description":"Protection d\u2019arbre Anti-Knabb 120cm - Fournit une protection efficace contre le broutage, le balayage et le rongement. L\u00e9ger et perm\u00e9able \u00e0 l'air gr\u00e2ce \u00e0 de multiples perforations. Assemblage rapide et simple. Fabriqu\u00e9 en PVC dur. von LAVEBA Online-Shop","robots":{"index":"index","follow":"follow","max-snippet":"max-snippet:-1","max-image-preview":"max-image-preview:large","max-video-preview":"max-video-preview:-1"},"canonical":"https:\/\/laveba-online.ch\/fr\/produkt\/protection-darbre-anti-knabb-120cm\/","og_locale":"fr_FR","og_type":"article","og_title":"Protection d\u2019arbre Anti-Knabb 120cm &#8211; LAVEBA Online-Shop","og_description":"Protection d\u2019arbre Anti-Knabb 120cm - Fournit une protection efficace contre le broutage, le balayage et le rongement. L\u00e9ger et perm\u00e9able \u00e0 l'air gr\u00e2ce \u00e0 de multiples perforations. Assemblage rapide et simple. Fabriqu\u00e9 en PVC dur. von LAVEBA Online-Shop","og_url":"https:\/\/laveba-online.ch\/fr\/produkt\/protection-darbre-anti-knabb-120cm\/","og_site_name":"LAVEBA Online-Shop","article_publisher":"https:\/\/www.facebook.com\/LAVEBA-Genossenschaft-352285445485254","og_image":[{"width":1000,"height":1200,"url":"https:\/\/laveba-online.ch\/wp-content\/uploads\/2021\/06\/Baumschutz_3617382-84.jpg","type":"image\/jpeg"}],"twitter_card":"summary_large_image","schema":{"@context":"https:\/\/schema.org","@graph":[{"@type":["WebPage","ItemPage"],"@id":"https:\/\/laveba-online.ch\/fr\/produkt\/protection-darbre-anti-knabb-120cm\/","url":"https:\/\/laveba-online.ch\/fr\/produkt\/protection-darbre-anti-knabb-120cm\/","name":"Protection d\u2019arbre Anti-Knabb 120cm &#8211; LAVEBA Online-Shop","isPartOf":{"@id":"https:\/\/laveba-online.ch\/fr\/#website"},"primaryImageOfPage":{"@id":"https:\/\/laveba-online.ch\/fr\/produkt\/protection-darbre-anti-knabb-120cm\/#primaryimage"},"image":{"@id":"https:\/\/laveba-online.ch\/fr\/produkt\/protection-darbre-anti-knabb-120cm\/#primaryimage"},"thumbnailUrl":"https:\/\/laveba-online.ch\/wp-content\/uploads\/2021\/06\/Baumschutz_3617382-84.jpg","datePublished":"2021-06-08T09:11:34+00:00","dateModified":"2021-06-08T09:11:34+00:00","description":"Protection d\u2019arbre Anti-Knabb 120cm - Fournit une protection efficace contre le broutage, le balayage et le rongement. L\u00e9ger et perm\u00e9able \u00e0 l'air gr\u00e2ce \u00e0 de multiples perforations. Assemblage rapide et simple. Fabriqu\u00e9 en PVC dur. von LAVEBA Online-Shop","breadcrumb":{"@id":"https:\/\/laveba-online.ch\/fr\/produkt\/protection-darbre-anti-knabb-120cm\/#breadcrumb"},"inLanguage":"fr-FR","potentialAction":[{"@type":"ReadAction","target":["https:\/\/laveba-online.ch\/fr\/produkt\/protection-darbre-anti-knabb-120cm\/"]}]},{"@type":"ImageObject","inLanguage":"fr-FR","@id":"https:\/\/laveba-online.ch\/fr\/produkt\/protection-darbre-anti-knabb-120cm\/#primaryimage","url":"https:\/\/laveba-online.ch\/wp-content\/uploads\/2021\/06\/Baumschutz_3617382-84.jpg","contentUrl":"https:\/\/laveba-online.ch\/wp-content\/uploads\/2021\/06\/Baumschutz_3617382-84.jpg","width":1000,"height":1200},{"@type":"BreadcrumbList","@id":"https:\/\/laveba-online.ch\/fr\/produkt\/protection-darbre-anti-knabb-120cm\/#breadcrumb","itemListElement":[{"@type":"ListItem","position":1,"name":"Startseite","item":"https:\/\/laveba-online.ch\/fr\/"},{"@type":"ListItem","position":2,"name":"Boutique","item":"https:\/\/laveba-online.ch\/fr\/boutique\/"},{"@type":"ListItem","position":3,"name":"Protection d\u2019arbre Anti-Knabb 120cm"}]},{"@type":"WebSite","@id":"https:\/\/laveba-online.ch\/fr\/#website","url":"https:\/\/laveba-online.ch\/fr\/","name":"LAVEBA Online-Shop","description":"LAVEBA ist in der Ostschweiz als Dienstleister, Berater und Partner aktiv. Wir bieten ein breites Spektrum an Angeboten, perfekt zugeschnitten auf die Bed\u00fcrfnisse von Landwirten, Unternehmen, Organisationen und Konsumenten.","publisher":{"@id":"https:\/\/laveba-online.ch\/fr\/#organization"},"potentialAction":[{"@type":"SearchAction","target":{"@type":"EntryPoint","urlTemplate":"https:\/\/laveba-online.ch\/fr\/?s={search_term_string}"},"query-input":"required name=search_term_string"}],"inLanguage":"fr-FR"},{"@type":"Organization","@id":"https:\/\/laveba-online.ch\/fr\/#organization","name":"LAVEBA Genossenschaft","url":"https:\/\/laveba-online.ch\/fr\/","logo":{"@type":"ImageObject","inLanguage":"fr-FR","@id":"https:\/\/laveba-online.ch\/fr\/#\/schema\/logo\/image\/","url":"https:\/\/laveba-online.ch\/wp-content\/uploads\/2020\/07\/lavebalogo2.png","contentUrl":"https:\/\/laveba-online.ch\/wp-content\/uploads\/2020\/07\/lavebalogo2.png","width":250,"height":69,"caption":"LAVEBA Genossenschaft"},"image":{"@id":"https:\/\/laveba-online.ch\/fr\/#\/schema\/logo\/image\/"},"sameAs":["https:\/\/www.facebook.com\/LAVEBA-Genossenschaft-352285445485254","https:\/\/www.instagram.com\/lavebagenossenschaft\/?hl=de"]}]}},"_links":{"self":[{"href":"https:\/\/laveba-online.ch\/fr\/wp-json\/wp\/v2\/product\/8088"}],"collection":[{"href":"https:\/\/laveba-online.ch\/fr\/wp-json\/wp\/v2\/product"}],"about":[{"href":"https:\/\/laveba-online.ch\/fr\/wp-json\/wp\/v2\/types\/product"}],"replies":[{"embeddable":true,"href":"https:\/\/laveba-online.ch\/fr\/wp-json\/wp\/v2\/comments?post=8088"}],"wp:featuredmedia":[{"embeddable":true,"href":"https:\/\/laveba-online.ch\/fr\/wp-json\/wp\/v2\/media\/7872"}],"wp:attachment":[{"href":"https:\/\/laveba-online.ch\/fr\/wp-json\/wp\/v2\/media?parent=8088"}],"wp:term":[{"taxonomy":"product_cat","embeddable":true,"href":"https:\/\/laveba-online.ch\/fr\/wp-json\/wp\/v2\/product_cat?post=8088"},{"taxonomy":"product_tag","embeddable":true,"href":"https:\/\/laveba-online.ch\/fr\/wp-json\/wp\/v2\/product_tag?post=8088"}],"curies":[{"name":"wp","href":"https:\/\/api.w.org\/{rel}","templated":true}]}}