{"id":7663,"date":"2020-07-13T11:17:51","date_gmt":"2020-07-13T09:17:51","guid":{"rendered":"https:\/\/laveba-online.ch\/produkt\/tuyau-pvc\/"},"modified":"2020-07-13T11:17:51","modified_gmt":"2020-07-13T09:17:51","slug":"tuyau-pvc","status":"publish","type":"product","link":"https:\/\/laveba-online.ch\/fr\/produkt\/tuyau-pvc\/","title":{"rendered":"Tuyau PVC"},"content":{"rendered":"","protected":false},"excerpt":{"rendered":"<p>Tube de liaison r\u00e9sistant aux UV, extr\u00eamement durable et polyvalent, sp\u00e9cialement d\u00e9velopp\u00e9 pour une utilisation dans les fruits, l&#8217;horticulture et la viticulture. Le mat\u00e9riau tr\u00e8s \u00e9lastique ne coupe pas vos plantes, il &#8220;grandit&#8221; avec elles et cr\u00e9e toujours une connexion stable avec la plante. La bobine dans le filet offre une manipulation soign\u00e9e et facile, les mains restent libres pour couper et nouer. Avec cette conception, il n&#8217;y a aucun d\u00e9sordre ou nouage du tube de liaison.<\/p>\n","protected":false},"featured_media":6143,"comment_status":"open","ping_status":"closed","template":"","meta":[],"product_cat":[189,166],"product_tag":[],"class_list":{"0":"post-7663","1":"product","2":"type-product","3":"status-publish","4":"has-post-thumbnail","6":"product_cat-arboriculture-soins","7":"product_cat-soins-et-recolte","9":"first","10":"instock","11":"taxable","12":"shipping-taxable","13":"purchasable","14":"product-type-variable"},"yoast_head":"<!-- This site is optimized with the Yoast SEO plugin v23.1 - https:\/\/yoast.com\/wordpress\/plugins\/seo\/ -->\n<title>Tuyau PVC &#8211; LAVEBA Online-Shop<\/title>\n<meta name=\"description\" content=\"Tuyau PVC - Tube de liaison r\u00e9sistant aux UV, extr\u00eamement durable et polyvalent, sp\u00e9cialement d\u00e9velopp\u00e9 pour une utilisation dans les fruits, l&#039;horticulture et la viticulture. Le mat\u00e9riau tr\u00e8s \u00e9lastique ne coupe pas vos plantes, il &quot;grandit&quot; avec elles et cr\u00e9e toujours une connexion stable avec la plante. La bobine dans le filet offre une manipulation soign\u00e9e et facile, les mains restent libres pour couper et nouer. Avec cette conception, il n&#039;y a aucun d\u00e9sordre ou nouage du tube de liaison. von LAVEBA Online-Shop\" \/>\n<meta name=\"robots\" content=\"index, follow, max-snippet:-1, max-image-preview:large, max-video-preview:-1\" \/>\n<link rel=\"canonical\" href=\"https:\/\/laveba-online.ch\/fr\/produkt\/tuyau-pvc\/\" \/>\n<meta property=\"og:locale\" content=\"fr_FR\" \/>\n<meta property=\"og:type\" content=\"article\" \/>\n<meta property=\"og:title\" content=\"Tuyau PVC &#8211; LAVEBA Online-Shop\" \/>\n<meta property=\"og:description\" content=\"Tuyau PVC - Tube de liaison r\u00e9sistant aux UV, extr\u00eamement durable et polyvalent, sp\u00e9cialement d\u00e9velopp\u00e9 pour une utilisation dans les fruits, l&#039;horticulture et la viticulture. Le mat\u00e9riau tr\u00e8s \u00e9lastique ne coupe pas vos plantes, il &quot;grandit&quot; avec elles et cr\u00e9e toujours une connexion stable avec la plante. La bobine dans le filet offre une manipulation soign\u00e9e et facile, les mains restent libres pour couper et nouer. Avec cette conception, il n&#039;y a aucun d\u00e9sordre ou nouage du tube de liaison. von LAVEBA Online-Shop\" \/>\n<meta property=\"og:url\" content=\"https:\/\/laveba-online.ch\/fr\/produkt\/tuyau-pvc\/\" \/>\n<meta property=\"og:site_name\" content=\"LAVEBA Online-Shop\" \/>\n<meta property=\"article:publisher\" content=\"https:\/\/www.facebook.com\/LAVEBA-Genossenschaft-352285445485254\" \/>\n<meta property=\"og:image\" content=\"https:\/\/laveba-online.ch\/wp-content\/uploads\/2020\/07\/PVC-Schlauch-Netz_3600945.jpg\" \/>\n\t<meta property=\"og:image:width\" content=\"1000\" \/>\n\t<meta property=\"og:image:height\" content=\"1200\" \/>\n\t<meta property=\"og:image:type\" content=\"image\/jpeg\" \/>\n<meta name=\"twitter:card\" content=\"summary_large_image\" \/>\n<script type=\"application\/ld+json\" class=\"yoast-schema-graph\">{\"@context\":\"https:\/\/schema.org\",\"@graph\":[{\"@type\":[\"WebPage\",\"ItemPage\"],\"@id\":\"https:\/\/laveba-online.ch\/fr\/produkt\/tuyau-pvc\/\",\"url\":\"https:\/\/laveba-online.ch\/fr\/produkt\/tuyau-pvc\/\",\"name\":\"Tuyau PVC &#8211; LAVEBA Online-Shop\",\"isPartOf\":{\"@id\":\"https:\/\/laveba-online.ch\/fr\/#website\"},\"primaryImageOfPage\":{\"@id\":\"https:\/\/laveba-online.ch\/fr\/produkt\/tuyau-pvc\/#primaryimage\"},\"image\":{\"@id\":\"https:\/\/laveba-online.ch\/fr\/produkt\/tuyau-pvc\/#primaryimage\"},\"thumbnailUrl\":\"https:\/\/laveba-online.ch\/wp-content\/uploads\/2020\/07\/PVC-Schlauch-Netz_3600945.jpg\",\"datePublished\":\"2020-07-13T09:17:51+00:00\",\"dateModified\":\"2020-07-13T09:17:51+00:00\",\"description\":\"Tuyau PVC - Tube de liaison r\u00e9sistant aux UV, extr\u00eamement durable et polyvalent, sp\u00e9cialement d\u00e9velopp\u00e9 pour une utilisation dans les fruits, l'horticulture et la viticulture. Le mat\u00e9riau tr\u00e8s \u00e9lastique ne coupe pas vos plantes, il \\\"grandit\\\" avec elles et cr\u00e9e toujours une connexion stable avec la plante. La bobine dans le filet offre une manipulation soign\u00e9e et facile, les mains restent libres pour couper et nouer. Avec cette conception, il n'y a aucun d\u00e9sordre ou nouage du tube de liaison. von LAVEBA Online-Shop\",\"breadcrumb\":{\"@id\":\"https:\/\/laveba-online.ch\/fr\/produkt\/tuyau-pvc\/#breadcrumb\"},\"inLanguage\":\"fr-FR\",\"potentialAction\":[{\"@type\":\"ReadAction\",\"target\":[\"https:\/\/laveba-online.ch\/fr\/produkt\/tuyau-pvc\/\"]}]},{\"@type\":\"ImageObject\",\"inLanguage\":\"fr-FR\",\"@id\":\"https:\/\/laveba-online.ch\/fr\/produkt\/tuyau-pvc\/#primaryimage\",\"url\":\"https:\/\/laveba-online.ch\/wp-content\/uploads\/2020\/07\/PVC-Schlauch-Netz_3600945.jpg\",\"contentUrl\":\"https:\/\/laveba-online.ch\/wp-content\/uploads\/2020\/07\/PVC-Schlauch-Netz_3600945.jpg\",\"width\":1000,\"height\":1200},{\"@type\":\"BreadcrumbList\",\"@id\":\"https:\/\/laveba-online.ch\/fr\/produkt\/tuyau-pvc\/#breadcrumb\",\"itemListElement\":[{\"@type\":\"ListItem\",\"position\":1,\"name\":\"Startseite\",\"item\":\"https:\/\/laveba-online.ch\/fr\/\"},{\"@type\":\"ListItem\",\"position\":2,\"name\":\"Boutique\",\"item\":\"https:\/\/laveba-online.ch\/fr\/boutique\/\"},{\"@type\":\"ListItem\",\"position\":3,\"name\":\"Tuyau PVC\"}]},{\"@type\":\"WebSite\",\"@id\":\"https:\/\/laveba-online.ch\/fr\/#website\",\"url\":\"https:\/\/laveba-online.ch\/fr\/\",\"name\":\"LAVEBA Online-Shop\",\"description\":\"LAVEBA ist in der Ostschweiz als Dienstleister, Berater und Partner aktiv. Wir bieten ein breites Spektrum an Angeboten, perfekt zugeschnitten auf die Bed\u00fcrfnisse von Landwirten, Unternehmen, Organisationen und Konsumenten.\",\"publisher\":{\"@id\":\"https:\/\/laveba-online.ch\/fr\/#organization\"},\"potentialAction\":[{\"@type\":\"SearchAction\",\"target\":{\"@type\":\"EntryPoint\",\"urlTemplate\":\"https:\/\/laveba-online.ch\/fr\/?s={search_term_string}\"},\"query-input\":\"required name=search_term_string\"}],\"inLanguage\":\"fr-FR\"},{\"@type\":\"Organization\",\"@id\":\"https:\/\/laveba-online.ch\/fr\/#organization\",\"name\":\"LAVEBA Genossenschaft\",\"url\":\"https:\/\/laveba-online.ch\/fr\/\",\"logo\":{\"@type\":\"ImageObject\",\"inLanguage\":\"fr-FR\",\"@id\":\"https:\/\/laveba-online.ch\/fr\/#\/schema\/logo\/image\/\",\"url\":\"https:\/\/laveba-online.ch\/wp-content\/uploads\/2020\/07\/lavebalogo2.png\",\"contentUrl\":\"https:\/\/laveba-online.ch\/wp-content\/uploads\/2020\/07\/lavebalogo2.png\",\"width\":250,\"height\":69,\"caption\":\"LAVEBA Genossenschaft\"},\"image\":{\"@id\":\"https:\/\/laveba-online.ch\/fr\/#\/schema\/logo\/image\/\"},\"sameAs\":[\"https:\/\/www.facebook.com\/LAVEBA-Genossenschaft-352285445485254\",\"https:\/\/www.instagram.com\/lavebagenossenschaft\/?hl=de\"]}]}<\/script>\n<!-- \/ Yoast SEO plugin. -->","yoast_head_json":{"title":"Tuyau PVC &#8211; LAVEBA Online-Shop","description":"Tuyau PVC - Tube de liaison r\u00e9sistant aux UV, extr\u00eamement durable et polyvalent, sp\u00e9cialement d\u00e9velopp\u00e9 pour une utilisation dans les fruits, l'horticulture et la viticulture. Le mat\u00e9riau tr\u00e8s \u00e9lastique ne coupe pas vos plantes, il \"grandit\" avec elles et cr\u00e9e toujours une connexion stable avec la plante. La bobine dans le filet offre une manipulation soign\u00e9e et facile, les mains restent libres pour couper et nouer. Avec cette conception, il n'y a aucun d\u00e9sordre ou nouage du tube de liaison. von LAVEBA Online-Shop","robots":{"index":"index","follow":"follow","max-snippet":"max-snippet:-1","max-image-preview":"max-image-preview:large","max-video-preview":"max-video-preview:-1"},"canonical":"https:\/\/laveba-online.ch\/fr\/produkt\/tuyau-pvc\/","og_locale":"fr_FR","og_type":"article","og_title":"Tuyau PVC &#8211; LAVEBA Online-Shop","og_description":"Tuyau PVC - Tube de liaison r\u00e9sistant aux UV, extr\u00eamement durable et polyvalent, sp\u00e9cialement d\u00e9velopp\u00e9 pour une utilisation dans les fruits, l'horticulture et la viticulture. Le mat\u00e9riau tr\u00e8s \u00e9lastique ne coupe pas vos plantes, il \"grandit\" avec elles et cr\u00e9e toujours une connexion stable avec la plante. La bobine dans le filet offre une manipulation soign\u00e9e et facile, les mains restent libres pour couper et nouer. Avec cette conception, il n'y a aucun d\u00e9sordre ou nouage du tube de liaison. von LAVEBA Online-Shop","og_url":"https:\/\/laveba-online.ch\/fr\/produkt\/tuyau-pvc\/","og_site_name":"LAVEBA Online-Shop","article_publisher":"https:\/\/www.facebook.com\/LAVEBA-Genossenschaft-352285445485254","og_image":[{"width":1000,"height":1200,"url":"https:\/\/laveba-online.ch\/wp-content\/uploads\/2020\/07\/PVC-Schlauch-Netz_3600945.jpg","type":"image\/jpeg"}],"twitter_card":"summary_large_image","schema":{"@context":"https:\/\/schema.org","@graph":[{"@type":["WebPage","ItemPage"],"@id":"https:\/\/laveba-online.ch\/fr\/produkt\/tuyau-pvc\/","url":"https:\/\/laveba-online.ch\/fr\/produkt\/tuyau-pvc\/","name":"Tuyau PVC &#8211; LAVEBA Online-Shop","isPartOf":{"@id":"https:\/\/laveba-online.ch\/fr\/#website"},"primaryImageOfPage":{"@id":"https:\/\/laveba-online.ch\/fr\/produkt\/tuyau-pvc\/#primaryimage"},"image":{"@id":"https:\/\/laveba-online.ch\/fr\/produkt\/tuyau-pvc\/#primaryimage"},"thumbnailUrl":"https:\/\/laveba-online.ch\/wp-content\/uploads\/2020\/07\/PVC-Schlauch-Netz_3600945.jpg","datePublished":"2020-07-13T09:17:51+00:00","dateModified":"2020-07-13T09:17:51+00:00","description":"Tuyau PVC - Tube de liaison r\u00e9sistant aux UV, extr\u00eamement durable et polyvalent, sp\u00e9cialement d\u00e9velopp\u00e9 pour une utilisation dans les fruits, l'horticulture et la viticulture. Le mat\u00e9riau tr\u00e8s \u00e9lastique ne coupe pas vos plantes, il \"grandit\" avec elles et cr\u00e9e toujours une connexion stable avec la plante. La bobine dans le filet offre une manipulation soign\u00e9e et facile, les mains restent libres pour couper et nouer. Avec cette conception, il n'y a aucun d\u00e9sordre ou nouage du tube de liaison. von LAVEBA Online-Shop","breadcrumb":{"@id":"https:\/\/laveba-online.ch\/fr\/produkt\/tuyau-pvc\/#breadcrumb"},"inLanguage":"fr-FR","potentialAction":[{"@type":"ReadAction","target":["https:\/\/laveba-online.ch\/fr\/produkt\/tuyau-pvc\/"]}]},{"@type":"ImageObject","inLanguage":"fr-FR","@id":"https:\/\/laveba-online.ch\/fr\/produkt\/tuyau-pvc\/#primaryimage","url":"https:\/\/laveba-online.ch\/wp-content\/uploads\/2020\/07\/PVC-Schlauch-Netz_3600945.jpg","contentUrl":"https:\/\/laveba-online.ch\/wp-content\/uploads\/2020\/07\/PVC-Schlauch-Netz_3600945.jpg","width":1000,"height":1200},{"@type":"BreadcrumbList","@id":"https:\/\/laveba-online.ch\/fr\/produkt\/tuyau-pvc\/#breadcrumb","itemListElement":[{"@type":"ListItem","position":1,"name":"Startseite","item":"https:\/\/laveba-online.ch\/fr\/"},{"@type":"ListItem","position":2,"name":"Boutique","item":"https:\/\/laveba-online.ch\/fr\/boutique\/"},{"@type":"ListItem","position":3,"name":"Tuyau PVC"}]},{"@type":"WebSite","@id":"https:\/\/laveba-online.ch\/fr\/#website","url":"https:\/\/laveba-online.ch\/fr\/","name":"LAVEBA Online-Shop","description":"LAVEBA ist in der Ostschweiz als Dienstleister, Berater und Partner aktiv. Wir bieten ein breites Spektrum an Angeboten, perfekt zugeschnitten auf die Bed\u00fcrfnisse von Landwirten, Unternehmen, Organisationen und Konsumenten.","publisher":{"@id":"https:\/\/laveba-online.ch\/fr\/#organization"},"potentialAction":[{"@type":"SearchAction","target":{"@type":"EntryPoint","urlTemplate":"https:\/\/laveba-online.ch\/fr\/?s={search_term_string}"},"query-input":"required name=search_term_string"}],"inLanguage":"fr-FR"},{"@type":"Organization","@id":"https:\/\/laveba-online.ch\/fr\/#organization","name":"LAVEBA Genossenschaft","url":"https:\/\/laveba-online.ch\/fr\/","logo":{"@type":"ImageObject","inLanguage":"fr-FR","@id":"https:\/\/laveba-online.ch\/fr\/#\/schema\/logo\/image\/","url":"https:\/\/laveba-online.ch\/wp-content\/uploads\/2020\/07\/lavebalogo2.png","contentUrl":"https:\/\/laveba-online.ch\/wp-content\/uploads\/2020\/07\/lavebalogo2.png","width":250,"height":69,"caption":"LAVEBA Genossenschaft"},"image":{"@id":"https:\/\/laveba-online.ch\/fr\/#\/schema\/logo\/image\/"},"sameAs":["https:\/\/www.facebook.com\/LAVEBA-Genossenschaft-352285445485254","https:\/\/www.instagram.com\/lavebagenossenschaft\/?hl=de"]}]}},"_links":{"self":[{"href":"https:\/\/laveba-online.ch\/fr\/wp-json\/wp\/v2\/product\/7663"}],"collection":[{"href":"https:\/\/laveba-online.ch\/fr\/wp-json\/wp\/v2\/product"}],"about":[{"href":"https:\/\/laveba-online.ch\/fr\/wp-json\/wp\/v2\/types\/product"}],"replies":[{"embeddable":true,"href":"https:\/\/laveba-online.ch\/fr\/wp-json\/wp\/v2\/comments?post=7663"}],"wp:featuredmedia":[{"embeddable":true,"href":"https:\/\/laveba-online.ch\/fr\/wp-json\/wp\/v2\/media\/6143"}],"wp:attachment":[{"href":"https:\/\/laveba-online.ch\/fr\/wp-json\/wp\/v2\/media?parent=7663"}],"wp:term":[{"taxonomy":"product_cat","embeddable":true,"href":"https:\/\/laveba-online.ch\/fr\/wp-json\/wp\/v2\/product_cat?post=7663"},{"taxonomy":"product_tag","embeddable":true,"href":"https:\/\/laveba-online.ch\/fr\/wp-json\/wp\/v2\/product_tag?post=7663"}],"curies":[{"name":"wp","href":"https:\/\/api.w.org\/{rel}","templated":true}]}}