{"id":7654,"date":"2020-07-13T11:44:52","date_gmt":"2020-07-13T09:44:52","guid":{"rendered":"https:\/\/laveba-online.ch\/produkt\/sac-de-rechange-pour-frubox\/"},"modified":"2020-07-13T11:44:52","modified_gmt":"2020-07-13T09:44:52","slug":"sac-de-rechange-pour-frubox","status":"publish","type":"product","link":"https:\/\/laveba-online.ch\/fr\/produkt\/sac-de-rechange-pour-frubox\/","title":{"rendered":"Sac de rechange pour Frubox"},"content":{"rendered":"","protected":false},"excerpt":{"rendered":"<p>Chiffon de remplacement assorti pour la bo\u00eete de pr\u00e9l\u00e8vement Frubox. L&#8217;ancien tissu, qui est fix\u00e9 en usine avec des pinces, est enlev\u00e9, puis les trous existants de la fixation sont perc\u00e9s un peu plus grand, le nouveau tissu ins\u00e9r\u00e9 et fix\u00e9 \u00e0 l&#8217;aide des rivets. Les rivets sont enfonc\u00e9s avec un marteau. Contenu de la livraison: tissu avec rivets pour la fixation.<\/p>\n","protected":false},"featured_media":6121,"comment_status":"open","ping_status":"closed","template":"","meta":[],"product_cat":[188,166],"product_tag":[],"class_list":{"0":"post-7654","1":"product","2":"type-product","3":"status-publish","4":"has-post-thumbnail","6":"product_cat-arboriculture-recolte","7":"product_cat-soins-et-recolte","9":"first","10":"instock","11":"taxable","12":"shipping-taxable","13":"purchasable","14":"product-type-simple"},"yoast_head":"<!-- This site is optimized with the Yoast SEO plugin v23.1 - https:\/\/yoast.com\/wordpress\/plugins\/seo\/ -->\n<title>Sac de rechange pour Frubox &#8211; LAVEBA Online-Shop<\/title>\n<meta name=\"description\" content=\"Sac de rechange pour Frubox - Chiffon de remplacement assorti pour la bo\u00eete de pr\u00e9l\u00e8vement Frubox. L&#039;ancien tissu, qui est fix\u00e9 en usine avec des pinces, est enlev\u00e9, puis les trous existants de la fixation sont perc\u00e9s un peu plus grand, le nouveau tissu ins\u00e9r\u00e9 et fix\u00e9 \u00e0 l&#039;aide des rivets. Les rivets sont enfonc\u00e9s avec un marteau. Contenu de la livraison: tissu avec rivets pour la fixation. von LAVEBA Online-Shop\" \/>\n<meta name=\"robots\" content=\"index, follow, max-snippet:-1, max-image-preview:large, max-video-preview:-1\" \/>\n<link rel=\"canonical\" href=\"https:\/\/laveba-online.ch\/fr\/produkt\/sac-de-rechange-pour-frubox\/\" \/>\n<meta property=\"og:locale\" content=\"fr_FR\" \/>\n<meta property=\"og:type\" content=\"article\" \/>\n<meta property=\"og:title\" content=\"Sac de rechange pour Frubox &#8211; LAVEBA Online-Shop\" \/>\n<meta property=\"og:description\" content=\"Sac de rechange pour Frubox - Chiffon de remplacement assorti pour la bo\u00eete de pr\u00e9l\u00e8vement Frubox. L&#039;ancien tissu, qui est fix\u00e9 en usine avec des pinces, est enlev\u00e9, puis les trous existants de la fixation sont perc\u00e9s un peu plus grand, le nouveau tissu ins\u00e9r\u00e9 et fix\u00e9 \u00e0 l&#039;aide des rivets. Les rivets sont enfonc\u00e9s avec un marteau. Contenu de la livraison: tissu avec rivets pour la fixation. von LAVEBA Online-Shop\" \/>\n<meta property=\"og:url\" content=\"https:\/\/laveba-online.ch\/fr\/produkt\/sac-de-rechange-pour-frubox\/\" \/>\n<meta property=\"og:site_name\" content=\"LAVEBA Online-Shop\" \/>\n<meta property=\"article:publisher\" content=\"https:\/\/www.facebook.com\/LAVEBA-Genossenschaft-352285445485254\" \/>\n<meta property=\"og:image\" content=\"https:\/\/laveba-online.ch\/wp-content\/uploads\/2020\/07\/Ersatzsack-Frubox_3601023.jpg\" \/>\n\t<meta property=\"og:image:width\" content=\"1000\" \/>\n\t<meta property=\"og:image:height\" content=\"1200\" \/>\n\t<meta property=\"og:image:type\" content=\"image\/jpeg\" \/>\n<meta name=\"twitter:card\" content=\"summary_large_image\" \/>\n<script type=\"application\/ld+json\" class=\"yoast-schema-graph\">{\"@context\":\"https:\/\/schema.org\",\"@graph\":[{\"@type\":[\"WebPage\",\"ItemPage\"],\"@id\":\"https:\/\/laveba-online.ch\/fr\/produkt\/sac-de-rechange-pour-frubox\/\",\"url\":\"https:\/\/laveba-online.ch\/fr\/produkt\/sac-de-rechange-pour-frubox\/\",\"name\":\"Sac de rechange pour Frubox &#8211; LAVEBA Online-Shop\",\"isPartOf\":{\"@id\":\"https:\/\/laveba-online.ch\/fr\/#website\"},\"primaryImageOfPage\":{\"@id\":\"https:\/\/laveba-online.ch\/fr\/produkt\/sac-de-rechange-pour-frubox\/#primaryimage\"},\"image\":{\"@id\":\"https:\/\/laveba-online.ch\/fr\/produkt\/sac-de-rechange-pour-frubox\/#primaryimage\"},\"thumbnailUrl\":\"https:\/\/laveba-online.ch\/wp-content\/uploads\/2020\/07\/Ersatzsack-Frubox_3601023.jpg\",\"datePublished\":\"2020-07-13T09:44:52+00:00\",\"dateModified\":\"2020-07-13T09:44:52+00:00\",\"description\":\"Sac de rechange pour Frubox - Chiffon de remplacement assorti pour la bo\u00eete de pr\u00e9l\u00e8vement Frubox. L'ancien tissu, qui est fix\u00e9 en usine avec des pinces, est enlev\u00e9, puis les trous existants de la fixation sont perc\u00e9s un peu plus grand, le nouveau tissu ins\u00e9r\u00e9 et fix\u00e9 \u00e0 l'aide des rivets. Les rivets sont enfonc\u00e9s avec un marteau. Contenu de la livraison: tissu avec rivets pour la fixation. von LAVEBA Online-Shop\",\"breadcrumb\":{\"@id\":\"https:\/\/laveba-online.ch\/fr\/produkt\/sac-de-rechange-pour-frubox\/#breadcrumb\"},\"inLanguage\":\"fr-FR\",\"potentialAction\":[{\"@type\":\"ReadAction\",\"target\":[\"https:\/\/laveba-online.ch\/fr\/produkt\/sac-de-rechange-pour-frubox\/\"]}]},{\"@type\":\"ImageObject\",\"inLanguage\":\"fr-FR\",\"@id\":\"https:\/\/laveba-online.ch\/fr\/produkt\/sac-de-rechange-pour-frubox\/#primaryimage\",\"url\":\"https:\/\/laveba-online.ch\/wp-content\/uploads\/2020\/07\/Ersatzsack-Frubox_3601023.jpg\",\"contentUrl\":\"https:\/\/laveba-online.ch\/wp-content\/uploads\/2020\/07\/Ersatzsack-Frubox_3601023.jpg\",\"width\":1000,\"height\":1200},{\"@type\":\"BreadcrumbList\",\"@id\":\"https:\/\/laveba-online.ch\/fr\/produkt\/sac-de-rechange-pour-frubox\/#breadcrumb\",\"itemListElement\":[{\"@type\":\"ListItem\",\"position\":1,\"name\":\"Startseite\",\"item\":\"https:\/\/laveba-online.ch\/fr\/\"},{\"@type\":\"ListItem\",\"position\":2,\"name\":\"Boutique\",\"item\":\"https:\/\/laveba-online.ch\/fr\/boutique\/\"},{\"@type\":\"ListItem\",\"position\":3,\"name\":\"Sac de rechange pour Frubox\"}]},{\"@type\":\"WebSite\",\"@id\":\"https:\/\/laveba-online.ch\/fr\/#website\",\"url\":\"https:\/\/laveba-online.ch\/fr\/\",\"name\":\"LAVEBA Online-Shop\",\"description\":\"LAVEBA ist in der Ostschweiz als Dienstleister, Berater und Partner aktiv. Wir bieten ein breites Spektrum an Angeboten, perfekt zugeschnitten auf die Bed\u00fcrfnisse von Landwirten, Unternehmen, Organisationen und Konsumenten.\",\"publisher\":{\"@id\":\"https:\/\/laveba-online.ch\/fr\/#organization\"},\"potentialAction\":[{\"@type\":\"SearchAction\",\"target\":{\"@type\":\"EntryPoint\",\"urlTemplate\":\"https:\/\/laveba-online.ch\/fr\/?s={search_term_string}\"},\"query-input\":\"required name=search_term_string\"}],\"inLanguage\":\"fr-FR\"},{\"@type\":\"Organization\",\"@id\":\"https:\/\/laveba-online.ch\/fr\/#organization\",\"name\":\"LAVEBA Genossenschaft\",\"url\":\"https:\/\/laveba-online.ch\/fr\/\",\"logo\":{\"@type\":\"ImageObject\",\"inLanguage\":\"fr-FR\",\"@id\":\"https:\/\/laveba-online.ch\/fr\/#\/schema\/logo\/image\/\",\"url\":\"https:\/\/laveba-online.ch\/wp-content\/uploads\/2020\/07\/lavebalogo2.png\",\"contentUrl\":\"https:\/\/laveba-online.ch\/wp-content\/uploads\/2020\/07\/lavebalogo2.png\",\"width\":250,\"height\":69,\"caption\":\"LAVEBA Genossenschaft\"},\"image\":{\"@id\":\"https:\/\/laveba-online.ch\/fr\/#\/schema\/logo\/image\/\"},\"sameAs\":[\"https:\/\/www.facebook.com\/LAVEBA-Genossenschaft-352285445485254\",\"https:\/\/www.instagram.com\/lavebagenossenschaft\/?hl=de\"]}]}<\/script>\n<!-- \/ Yoast SEO plugin. -->","yoast_head_json":{"title":"Sac de rechange pour Frubox &#8211; LAVEBA Online-Shop","description":"Sac de rechange pour Frubox - Chiffon de remplacement assorti pour la bo\u00eete de pr\u00e9l\u00e8vement Frubox. L'ancien tissu, qui est fix\u00e9 en usine avec des pinces, est enlev\u00e9, puis les trous existants de la fixation sont perc\u00e9s un peu plus grand, le nouveau tissu ins\u00e9r\u00e9 et fix\u00e9 \u00e0 l'aide des rivets. Les rivets sont enfonc\u00e9s avec un marteau. Contenu de la livraison: tissu avec rivets pour la fixation. von LAVEBA Online-Shop","robots":{"index":"index","follow":"follow","max-snippet":"max-snippet:-1","max-image-preview":"max-image-preview:large","max-video-preview":"max-video-preview:-1"},"canonical":"https:\/\/laveba-online.ch\/fr\/produkt\/sac-de-rechange-pour-frubox\/","og_locale":"fr_FR","og_type":"article","og_title":"Sac de rechange pour Frubox &#8211; LAVEBA Online-Shop","og_description":"Sac de rechange pour Frubox - Chiffon de remplacement assorti pour la bo\u00eete de pr\u00e9l\u00e8vement Frubox. L'ancien tissu, qui est fix\u00e9 en usine avec des pinces, est enlev\u00e9, puis les trous existants de la fixation sont perc\u00e9s un peu plus grand, le nouveau tissu ins\u00e9r\u00e9 et fix\u00e9 \u00e0 l'aide des rivets. Les rivets sont enfonc\u00e9s avec un marteau. Contenu de la livraison: tissu avec rivets pour la fixation. von LAVEBA Online-Shop","og_url":"https:\/\/laveba-online.ch\/fr\/produkt\/sac-de-rechange-pour-frubox\/","og_site_name":"LAVEBA Online-Shop","article_publisher":"https:\/\/www.facebook.com\/LAVEBA-Genossenschaft-352285445485254","og_image":[{"width":1000,"height":1200,"url":"https:\/\/laveba-online.ch\/wp-content\/uploads\/2020\/07\/Ersatzsack-Frubox_3601023.jpg","type":"image\/jpeg"}],"twitter_card":"summary_large_image","schema":{"@context":"https:\/\/schema.org","@graph":[{"@type":["WebPage","ItemPage"],"@id":"https:\/\/laveba-online.ch\/fr\/produkt\/sac-de-rechange-pour-frubox\/","url":"https:\/\/laveba-online.ch\/fr\/produkt\/sac-de-rechange-pour-frubox\/","name":"Sac de rechange pour Frubox &#8211; LAVEBA Online-Shop","isPartOf":{"@id":"https:\/\/laveba-online.ch\/fr\/#website"},"primaryImageOfPage":{"@id":"https:\/\/laveba-online.ch\/fr\/produkt\/sac-de-rechange-pour-frubox\/#primaryimage"},"image":{"@id":"https:\/\/laveba-online.ch\/fr\/produkt\/sac-de-rechange-pour-frubox\/#primaryimage"},"thumbnailUrl":"https:\/\/laveba-online.ch\/wp-content\/uploads\/2020\/07\/Ersatzsack-Frubox_3601023.jpg","datePublished":"2020-07-13T09:44:52+00:00","dateModified":"2020-07-13T09:44:52+00:00","description":"Sac de rechange pour Frubox - Chiffon de remplacement assorti pour la bo\u00eete de pr\u00e9l\u00e8vement Frubox. L'ancien tissu, qui est fix\u00e9 en usine avec des pinces, est enlev\u00e9, puis les trous existants de la fixation sont perc\u00e9s un peu plus grand, le nouveau tissu ins\u00e9r\u00e9 et fix\u00e9 \u00e0 l'aide des rivets. Les rivets sont enfonc\u00e9s avec un marteau. Contenu de la livraison: tissu avec rivets pour la fixation. von LAVEBA Online-Shop","breadcrumb":{"@id":"https:\/\/laveba-online.ch\/fr\/produkt\/sac-de-rechange-pour-frubox\/#breadcrumb"},"inLanguage":"fr-FR","potentialAction":[{"@type":"ReadAction","target":["https:\/\/laveba-online.ch\/fr\/produkt\/sac-de-rechange-pour-frubox\/"]}]},{"@type":"ImageObject","inLanguage":"fr-FR","@id":"https:\/\/laveba-online.ch\/fr\/produkt\/sac-de-rechange-pour-frubox\/#primaryimage","url":"https:\/\/laveba-online.ch\/wp-content\/uploads\/2020\/07\/Ersatzsack-Frubox_3601023.jpg","contentUrl":"https:\/\/laveba-online.ch\/wp-content\/uploads\/2020\/07\/Ersatzsack-Frubox_3601023.jpg","width":1000,"height":1200},{"@type":"BreadcrumbList","@id":"https:\/\/laveba-online.ch\/fr\/produkt\/sac-de-rechange-pour-frubox\/#breadcrumb","itemListElement":[{"@type":"ListItem","position":1,"name":"Startseite","item":"https:\/\/laveba-online.ch\/fr\/"},{"@type":"ListItem","position":2,"name":"Boutique","item":"https:\/\/laveba-online.ch\/fr\/boutique\/"},{"@type":"ListItem","position":3,"name":"Sac de rechange pour Frubox"}]},{"@type":"WebSite","@id":"https:\/\/laveba-online.ch\/fr\/#website","url":"https:\/\/laveba-online.ch\/fr\/","name":"LAVEBA Online-Shop","description":"LAVEBA ist in der Ostschweiz als Dienstleister, Berater und Partner aktiv. Wir bieten ein breites Spektrum an Angeboten, perfekt zugeschnitten auf die Bed\u00fcrfnisse von Landwirten, Unternehmen, Organisationen und Konsumenten.","publisher":{"@id":"https:\/\/laveba-online.ch\/fr\/#organization"},"potentialAction":[{"@type":"SearchAction","target":{"@type":"EntryPoint","urlTemplate":"https:\/\/laveba-online.ch\/fr\/?s={search_term_string}"},"query-input":"required name=search_term_string"}],"inLanguage":"fr-FR"},{"@type":"Organization","@id":"https:\/\/laveba-online.ch\/fr\/#organization","name":"LAVEBA Genossenschaft","url":"https:\/\/laveba-online.ch\/fr\/","logo":{"@type":"ImageObject","inLanguage":"fr-FR","@id":"https:\/\/laveba-online.ch\/fr\/#\/schema\/logo\/image\/","url":"https:\/\/laveba-online.ch\/wp-content\/uploads\/2020\/07\/lavebalogo2.png","contentUrl":"https:\/\/laveba-online.ch\/wp-content\/uploads\/2020\/07\/lavebalogo2.png","width":250,"height":69,"caption":"LAVEBA Genossenschaft"},"image":{"@id":"https:\/\/laveba-online.ch\/fr\/#\/schema\/logo\/image\/"},"sameAs":["https:\/\/www.facebook.com\/LAVEBA-Genossenschaft-352285445485254","https:\/\/www.instagram.com\/lavebagenossenschaft\/?hl=de"]}]}},"_links":{"self":[{"href":"https:\/\/laveba-online.ch\/fr\/wp-json\/wp\/v2\/product\/7654"}],"collection":[{"href":"https:\/\/laveba-online.ch\/fr\/wp-json\/wp\/v2\/product"}],"about":[{"href":"https:\/\/laveba-online.ch\/fr\/wp-json\/wp\/v2\/types\/product"}],"replies":[{"embeddable":true,"href":"https:\/\/laveba-online.ch\/fr\/wp-json\/wp\/v2\/comments?post=7654"}],"wp:featuredmedia":[{"embeddable":true,"href":"https:\/\/laveba-online.ch\/fr\/wp-json\/wp\/v2\/media\/6121"}],"wp:attachment":[{"href":"https:\/\/laveba-online.ch\/fr\/wp-json\/wp\/v2\/media?parent=7654"}],"wp:term":[{"taxonomy":"product_cat","embeddable":true,"href":"https:\/\/laveba-online.ch\/fr\/wp-json\/wp\/v2\/product_cat?post=7654"},{"taxonomy":"product_tag","embeddable":true,"href":"https:\/\/laveba-online.ch\/fr\/wp-json\/wp\/v2\/product_tag?post=7654"}],"curies":[{"name":"wp","href":"https:\/\/api.w.org\/{rel}","templated":true}]}}