{"id":7589,"date":"2020-07-13T13:22:00","date_gmt":"2020-07-13T11:22:00","guid":{"rendered":"https:\/\/laveba-online.ch\/produkt\/melange-de-glycerine-la-dose-pour-1-filtre\/"},"modified":"2020-07-13T13:22:00","modified_gmt":"2020-07-13T11:22:00","slug":"melange-de-glycerine-la-dose-pour-1-filtre","status":"publish","type":"product","link":"https:\/\/laveba-online.ch\/fr\/produkt\/melange-de-glycerine-la-dose-pour-1-filtre\/","title":{"rendered":"M\u00e9lange de glyc\u00e9rine la dose pour 1 filtre"},"content":{"rendered":"","protected":false},"excerpt":{"rendered":"<p>La glyc\u00e9rine liquide d&#8217;\u00e9tanch\u00e9it\u00e9 (E 422) peut \u00eatre utilis\u00e9e comme humectant. Il emp\u00eache les aliments de se dess\u00e9cher. La glyc\u00e9rine est utilis\u00e9e dans le secteur alimentaire, par exemple dans la production de glaces, de pralines, de gla\u00e7ages au sucre, etc.<\/p>\n","protected":false},"featured_media":6515,"comment_status":"open","ping_status":"closed","template":"","meta":[],"product_cat":[192,190],"product_tag":[],"class_list":{"0":"post-7589","1":"product","2":"type-product","3":"status-publish","4":"has-post-thumbnail","6":"product_cat-desinfection","7":"product_cat-nettoyage","9":"first","10":"instock","11":"taxable","12":"shipping-taxable","13":"purchasable","14":"product-type-simple"},"yoast_head":"<!-- This site is optimized with the Yoast SEO plugin v23.1 - https:\/\/yoast.com\/wordpress\/plugins\/seo\/ -->\n<title>M\u00e9lange de glyc\u00e9rine la dose pour 1 filtre &#8211; LAVEBA Online-Shop<\/title>\n<meta name=\"description\" content=\"M\u00e9lange de glyc\u00e9rine la dose pour 1 filtre - La glyc\u00e9rine liquide d&#039;\u00e9tanch\u00e9it\u00e9 (E 422) peut \u00eatre utilis\u00e9e comme humectant. Il emp\u00eache les aliments de se dess\u00e9cher. La glyc\u00e9rine est utilis\u00e9e dans le secteur alimentaire, par exemple dans la production de glaces, de pralines, de gla\u00e7ages au sucre, etc. von LAVEBA Online-Shop\" \/>\n<meta name=\"robots\" content=\"index, follow, max-snippet:-1, max-image-preview:large, max-video-preview:-1\" \/>\n<link rel=\"canonical\" href=\"https:\/\/laveba-online.ch\/fr\/produkt\/melange-de-glycerine-la-dose-pour-1-filtre\/\" \/>\n<meta property=\"og:locale\" content=\"fr_FR\" \/>\n<meta property=\"og:type\" content=\"article\" \/>\n<meta property=\"og:title\" content=\"M\u00e9lange de glyc\u00e9rine la dose pour 1 filtre &#8211; LAVEBA Online-Shop\" \/>\n<meta property=\"og:description\" content=\"M\u00e9lange de glyc\u00e9rine la dose pour 1 filtre - La glyc\u00e9rine liquide d&#039;\u00e9tanch\u00e9it\u00e9 (E 422) peut \u00eatre utilis\u00e9e comme humectant. Il emp\u00eache les aliments de se dess\u00e9cher. La glyc\u00e9rine est utilis\u00e9e dans le secteur alimentaire, par exemple dans la production de glaces, de pralines, de gla\u00e7ages au sucre, etc. von LAVEBA Online-Shop\" \/>\n<meta property=\"og:url\" content=\"https:\/\/laveba-online.ch\/fr\/produkt\/melange-de-glycerine-la-dose-pour-1-filtre\/\" \/>\n<meta property=\"og:site_name\" content=\"LAVEBA Online-Shop\" \/>\n<meta property=\"article:publisher\" content=\"https:\/\/www.facebook.com\/LAVEBA-Genossenschaft-352285445485254\" \/>\n<meta property=\"og:image\" content=\"https:\/\/laveba-online.ch\/wp-content\/uploads\/2020\/07\/Glycerin_3600081.jpg\" \/>\n\t<meta property=\"og:image:width\" content=\"1000\" \/>\n\t<meta property=\"og:image:height\" content=\"1200\" \/>\n\t<meta property=\"og:image:type\" content=\"image\/jpeg\" \/>\n<meta name=\"twitter:card\" content=\"summary_large_image\" \/>\n<script type=\"application\/ld+json\" class=\"yoast-schema-graph\">{\"@context\":\"https:\/\/schema.org\",\"@graph\":[{\"@type\":[\"WebPage\",\"ItemPage\"],\"@id\":\"https:\/\/laveba-online.ch\/fr\/produkt\/melange-de-glycerine-la-dose-pour-1-filtre\/\",\"url\":\"https:\/\/laveba-online.ch\/fr\/produkt\/melange-de-glycerine-la-dose-pour-1-filtre\/\",\"name\":\"M\u00e9lange de glyc\u00e9rine la dose pour 1 filtre &#8211; LAVEBA Online-Shop\",\"isPartOf\":{\"@id\":\"https:\/\/laveba-online.ch\/fr\/#website\"},\"primaryImageOfPage\":{\"@id\":\"https:\/\/laveba-online.ch\/fr\/produkt\/melange-de-glycerine-la-dose-pour-1-filtre\/#primaryimage\"},\"image\":{\"@id\":\"https:\/\/laveba-online.ch\/fr\/produkt\/melange-de-glycerine-la-dose-pour-1-filtre\/#primaryimage\"},\"thumbnailUrl\":\"https:\/\/laveba-online.ch\/wp-content\/uploads\/2020\/07\/Glycerin_3600081.jpg\",\"datePublished\":\"2020-07-13T11:22:00+00:00\",\"dateModified\":\"2020-07-13T11:22:00+00:00\",\"description\":\"M\u00e9lange de glyc\u00e9rine la dose pour 1 filtre - La glyc\u00e9rine liquide d'\u00e9tanch\u00e9it\u00e9 (E 422) peut \u00eatre utilis\u00e9e comme humectant. Il emp\u00eache les aliments de se dess\u00e9cher. La glyc\u00e9rine est utilis\u00e9e dans le secteur alimentaire, par exemple dans la production de glaces, de pralines, de gla\u00e7ages au sucre, etc. von LAVEBA Online-Shop\",\"breadcrumb\":{\"@id\":\"https:\/\/laveba-online.ch\/fr\/produkt\/melange-de-glycerine-la-dose-pour-1-filtre\/#breadcrumb\"},\"inLanguage\":\"fr-FR\",\"potentialAction\":[{\"@type\":\"ReadAction\",\"target\":[\"https:\/\/laveba-online.ch\/fr\/produkt\/melange-de-glycerine-la-dose-pour-1-filtre\/\"]}]},{\"@type\":\"ImageObject\",\"inLanguage\":\"fr-FR\",\"@id\":\"https:\/\/laveba-online.ch\/fr\/produkt\/melange-de-glycerine-la-dose-pour-1-filtre\/#primaryimage\",\"url\":\"https:\/\/laveba-online.ch\/wp-content\/uploads\/2020\/07\/Glycerin_3600081.jpg\",\"contentUrl\":\"https:\/\/laveba-online.ch\/wp-content\/uploads\/2020\/07\/Glycerin_3600081.jpg\",\"width\":1000,\"height\":1200},{\"@type\":\"BreadcrumbList\",\"@id\":\"https:\/\/laveba-online.ch\/fr\/produkt\/melange-de-glycerine-la-dose-pour-1-filtre\/#breadcrumb\",\"itemListElement\":[{\"@type\":\"ListItem\",\"position\":1,\"name\":\"Startseite\",\"item\":\"https:\/\/laveba-online.ch\/fr\/\"},{\"@type\":\"ListItem\",\"position\":2,\"name\":\"Boutique\",\"item\":\"https:\/\/laveba-online.ch\/fr\/boutique\/\"},{\"@type\":\"ListItem\",\"position\":3,\"name\":\"M\u00e9lange de glyc\u00e9rine la dose pour 1 filtre\"}]},{\"@type\":\"WebSite\",\"@id\":\"https:\/\/laveba-online.ch\/fr\/#website\",\"url\":\"https:\/\/laveba-online.ch\/fr\/\",\"name\":\"LAVEBA Online-Shop\",\"description\":\"LAVEBA ist in der Ostschweiz als Dienstleister, Berater und Partner aktiv. Wir bieten ein breites Spektrum an Angeboten, perfekt zugeschnitten auf die Bed\u00fcrfnisse von Landwirten, Unternehmen, Organisationen und Konsumenten.\",\"publisher\":{\"@id\":\"https:\/\/laveba-online.ch\/fr\/#organization\"},\"potentialAction\":[{\"@type\":\"SearchAction\",\"target\":{\"@type\":\"EntryPoint\",\"urlTemplate\":\"https:\/\/laveba-online.ch\/fr\/?s={search_term_string}\"},\"query-input\":\"required name=search_term_string\"}],\"inLanguage\":\"fr-FR\"},{\"@type\":\"Organization\",\"@id\":\"https:\/\/laveba-online.ch\/fr\/#organization\",\"name\":\"LAVEBA Genossenschaft\",\"url\":\"https:\/\/laveba-online.ch\/fr\/\",\"logo\":{\"@type\":\"ImageObject\",\"inLanguage\":\"fr-FR\",\"@id\":\"https:\/\/laveba-online.ch\/fr\/#\/schema\/logo\/image\/\",\"url\":\"https:\/\/laveba-online.ch\/wp-content\/uploads\/2020\/07\/lavebalogo2.png\",\"contentUrl\":\"https:\/\/laveba-online.ch\/wp-content\/uploads\/2020\/07\/lavebalogo2.png\",\"width\":250,\"height\":69,\"caption\":\"LAVEBA Genossenschaft\"},\"image\":{\"@id\":\"https:\/\/laveba-online.ch\/fr\/#\/schema\/logo\/image\/\"},\"sameAs\":[\"https:\/\/www.facebook.com\/LAVEBA-Genossenschaft-352285445485254\",\"https:\/\/www.instagram.com\/lavebagenossenschaft\/?hl=de\"]}]}<\/script>\n<!-- \/ Yoast SEO plugin. -->","yoast_head_json":{"title":"M\u00e9lange de glyc\u00e9rine la dose pour 1 filtre &#8211; LAVEBA Online-Shop","description":"M\u00e9lange de glyc\u00e9rine la dose pour 1 filtre - La glyc\u00e9rine liquide d'\u00e9tanch\u00e9it\u00e9 (E 422) peut \u00eatre utilis\u00e9e comme humectant. Il emp\u00eache les aliments de se dess\u00e9cher. La glyc\u00e9rine est utilis\u00e9e dans le secteur alimentaire, par exemple dans la production de glaces, de pralines, de gla\u00e7ages au sucre, etc. von LAVEBA Online-Shop","robots":{"index":"index","follow":"follow","max-snippet":"max-snippet:-1","max-image-preview":"max-image-preview:large","max-video-preview":"max-video-preview:-1"},"canonical":"https:\/\/laveba-online.ch\/fr\/produkt\/melange-de-glycerine-la-dose-pour-1-filtre\/","og_locale":"fr_FR","og_type":"article","og_title":"M\u00e9lange de glyc\u00e9rine la dose pour 1 filtre &#8211; LAVEBA Online-Shop","og_description":"M\u00e9lange de glyc\u00e9rine la dose pour 1 filtre - La glyc\u00e9rine liquide d'\u00e9tanch\u00e9it\u00e9 (E 422) peut \u00eatre utilis\u00e9e comme humectant. Il emp\u00eache les aliments de se dess\u00e9cher. La glyc\u00e9rine est utilis\u00e9e dans le secteur alimentaire, par exemple dans la production de glaces, de pralines, de gla\u00e7ages au sucre, etc. von LAVEBA Online-Shop","og_url":"https:\/\/laveba-online.ch\/fr\/produkt\/melange-de-glycerine-la-dose-pour-1-filtre\/","og_site_name":"LAVEBA Online-Shop","article_publisher":"https:\/\/www.facebook.com\/LAVEBA-Genossenschaft-352285445485254","og_image":[{"width":1000,"height":1200,"url":"https:\/\/laveba-online.ch\/wp-content\/uploads\/2020\/07\/Glycerin_3600081.jpg","type":"image\/jpeg"}],"twitter_card":"summary_large_image","schema":{"@context":"https:\/\/schema.org","@graph":[{"@type":["WebPage","ItemPage"],"@id":"https:\/\/laveba-online.ch\/fr\/produkt\/melange-de-glycerine-la-dose-pour-1-filtre\/","url":"https:\/\/laveba-online.ch\/fr\/produkt\/melange-de-glycerine-la-dose-pour-1-filtre\/","name":"M\u00e9lange de glyc\u00e9rine la dose pour 1 filtre &#8211; LAVEBA Online-Shop","isPartOf":{"@id":"https:\/\/laveba-online.ch\/fr\/#website"},"primaryImageOfPage":{"@id":"https:\/\/laveba-online.ch\/fr\/produkt\/melange-de-glycerine-la-dose-pour-1-filtre\/#primaryimage"},"image":{"@id":"https:\/\/laveba-online.ch\/fr\/produkt\/melange-de-glycerine-la-dose-pour-1-filtre\/#primaryimage"},"thumbnailUrl":"https:\/\/laveba-online.ch\/wp-content\/uploads\/2020\/07\/Glycerin_3600081.jpg","datePublished":"2020-07-13T11:22:00+00:00","dateModified":"2020-07-13T11:22:00+00:00","description":"M\u00e9lange de glyc\u00e9rine la dose pour 1 filtre - La glyc\u00e9rine liquide d'\u00e9tanch\u00e9it\u00e9 (E 422) peut \u00eatre utilis\u00e9e comme humectant. Il emp\u00eache les aliments de se dess\u00e9cher. La glyc\u00e9rine est utilis\u00e9e dans le secteur alimentaire, par exemple dans la production de glaces, de pralines, de gla\u00e7ages au sucre, etc. von LAVEBA Online-Shop","breadcrumb":{"@id":"https:\/\/laveba-online.ch\/fr\/produkt\/melange-de-glycerine-la-dose-pour-1-filtre\/#breadcrumb"},"inLanguage":"fr-FR","potentialAction":[{"@type":"ReadAction","target":["https:\/\/laveba-online.ch\/fr\/produkt\/melange-de-glycerine-la-dose-pour-1-filtre\/"]}]},{"@type":"ImageObject","inLanguage":"fr-FR","@id":"https:\/\/laveba-online.ch\/fr\/produkt\/melange-de-glycerine-la-dose-pour-1-filtre\/#primaryimage","url":"https:\/\/laveba-online.ch\/wp-content\/uploads\/2020\/07\/Glycerin_3600081.jpg","contentUrl":"https:\/\/laveba-online.ch\/wp-content\/uploads\/2020\/07\/Glycerin_3600081.jpg","width":1000,"height":1200},{"@type":"BreadcrumbList","@id":"https:\/\/laveba-online.ch\/fr\/produkt\/melange-de-glycerine-la-dose-pour-1-filtre\/#breadcrumb","itemListElement":[{"@type":"ListItem","position":1,"name":"Startseite","item":"https:\/\/laveba-online.ch\/fr\/"},{"@type":"ListItem","position":2,"name":"Boutique","item":"https:\/\/laveba-online.ch\/fr\/boutique\/"},{"@type":"ListItem","position":3,"name":"M\u00e9lange de glyc\u00e9rine la dose pour 1 filtre"}]},{"@type":"WebSite","@id":"https:\/\/laveba-online.ch\/fr\/#website","url":"https:\/\/laveba-online.ch\/fr\/","name":"LAVEBA Online-Shop","description":"LAVEBA ist in der Ostschweiz als Dienstleister, Berater und Partner aktiv. Wir bieten ein breites Spektrum an Angeboten, perfekt zugeschnitten auf die Bed\u00fcrfnisse von Landwirten, Unternehmen, Organisationen und Konsumenten.","publisher":{"@id":"https:\/\/laveba-online.ch\/fr\/#organization"},"potentialAction":[{"@type":"SearchAction","target":{"@type":"EntryPoint","urlTemplate":"https:\/\/laveba-online.ch\/fr\/?s={search_term_string}"},"query-input":"required name=search_term_string"}],"inLanguage":"fr-FR"},{"@type":"Organization","@id":"https:\/\/laveba-online.ch\/fr\/#organization","name":"LAVEBA Genossenschaft","url":"https:\/\/laveba-online.ch\/fr\/","logo":{"@type":"ImageObject","inLanguage":"fr-FR","@id":"https:\/\/laveba-online.ch\/fr\/#\/schema\/logo\/image\/","url":"https:\/\/laveba-online.ch\/wp-content\/uploads\/2020\/07\/lavebalogo2.png","contentUrl":"https:\/\/laveba-online.ch\/wp-content\/uploads\/2020\/07\/lavebalogo2.png","width":250,"height":69,"caption":"LAVEBA Genossenschaft"},"image":{"@id":"https:\/\/laveba-online.ch\/fr\/#\/schema\/logo\/image\/"},"sameAs":["https:\/\/www.facebook.com\/LAVEBA-Genossenschaft-352285445485254","https:\/\/www.instagram.com\/lavebagenossenschaft\/?hl=de"]}]}},"_links":{"self":[{"href":"https:\/\/laveba-online.ch\/fr\/wp-json\/wp\/v2\/product\/7589"}],"collection":[{"href":"https:\/\/laveba-online.ch\/fr\/wp-json\/wp\/v2\/product"}],"about":[{"href":"https:\/\/laveba-online.ch\/fr\/wp-json\/wp\/v2\/types\/product"}],"replies":[{"embeddable":true,"href":"https:\/\/laveba-online.ch\/fr\/wp-json\/wp\/v2\/comments?post=7589"}],"wp:featuredmedia":[{"embeddable":true,"href":"https:\/\/laveba-online.ch\/fr\/wp-json\/wp\/v2\/media\/6515"}],"wp:attachment":[{"href":"https:\/\/laveba-online.ch\/fr\/wp-json\/wp\/v2\/media?parent=7589"}],"wp:term":[{"taxonomy":"product_cat","embeddable":true,"href":"https:\/\/laveba-online.ch\/fr\/wp-json\/wp\/v2\/product_cat?post=7589"},{"taxonomy":"product_tag","embeddable":true,"href":"https:\/\/laveba-online.ch\/fr\/wp-json\/wp\/v2\/product_tag?post=7589"}],"curies":[{"name":"wp","href":"https:\/\/api.w.org\/{rel}","templated":true}]}}