{"id":7584,"date":"2020-07-13T13:23:50","date_gmt":"2020-07-13T11:23:50","guid":{"rendered":"https:\/\/laveba-online.ch\/produkt\/crochet-secoueur\/"},"modified":"2020-07-13T13:23:50","modified_gmt":"2020-07-13T11:23:50","slug":"crochet-secoueur","status":"publish","type":"product","link":"https:\/\/laveba-online.ch\/fr\/produkt\/crochet-secoueur\/","title":{"rendered":"Crochet secoueur"},"content":{"rendered":"","protected":false},"excerpt":{"rendered":"<p>La crochet secoueur peut \u00eatre s\u00e9lectionn\u00e9e en diff\u00e9rentes longueurs (en plusieurs parties). En fonction du nombre de pi\u00e8ces que comprend la barre d&#8217;agitation, elle peut \u00eatre con\u00e7ue pour une hauteur de travail appropri\u00e9e (voir option: choisir la longueur). La barre d&#8217;agitation est id\u00e9ale pour secouer les fruits des arbres. Il est utilis\u00e9 avec succ\u00e8s depuis des d\u00e9cennies. La barre d&#8217;agitation se compose de plusieurs parties, dont deux barres d&#8217;aluminium isol\u00e9es. Les tiges en aluminium sont constitu\u00e9es d&#8217;alliages d&#8217;aluminium \u00e9prouv\u00e9s, tremp\u00e9s et anodis\u00e9s incolores. Les tiges n \u00b0 2 et n \u00b0 3 ont un isolateur int\u00e9gr\u00e9 au milieu, qui prot\u00e8ge contre les tensions \u00e9lectriques. Chaque canne peut \u00e9galement \u00eatre achet\u00e9e individuellement. Lors de la commande, la tige no. ou le diam\u00e8tre du tuyau peut \u00eatre sp\u00e9cifi\u00e9.<\/p>\n","protected":false},"featured_media":6101,"comment_status":"open","ping_status":"closed","template":"","meta":[],"product_cat":[188,166],"product_tag":[],"class_list":{"0":"post-7584","1":"product","2":"type-product","3":"status-publish","4":"has-post-thumbnail","6":"product_cat-arboriculture-recolte","7":"product_cat-soins-et-recolte","9":"first","10":"instock","11":"taxable","12":"shipping-taxable","13":"purchasable","14":"product-type-variable"},"yoast_head":"<!-- This site is optimized with the Yoast SEO plugin v23.1 - https:\/\/yoast.com\/wordpress\/plugins\/seo\/ -->\n<title>Crochet secoueur &#8211; LAVEBA Online-Shop<\/title>\n<meta name=\"description\" content=\"Crochet secoueur - La crochet secoueur peut \u00eatre s\u00e9lectionn\u00e9e en diff\u00e9rentes longueurs (en plusieurs parties). En fonction du nombre de pi\u00e8ces que comprend la barre d&#039;agitation, elle peut \u00eatre con\u00e7ue pour une hauteur de travail appropri\u00e9e (voir option: choisir la longueur). La barre d&#039;agitation est id\u00e9ale pour secouer les fruits des arbres. Il est utilis\u00e9 avec succ\u00e8s depuis des d\u00e9cennies. La barre d&#039;agitation se compose de plusieurs parties, dont deux barres d&#039;aluminium isol\u00e9es. Les tiges en aluminium sont constitu\u00e9es d&#039;alliages d&#039;aluminium \u00e9prouv\u00e9s, tremp\u00e9s et anodis\u00e9s incolores. Les tiges n \u00b0 2 et n \u00b0 3 ont un isolateur int\u00e9gr\u00e9 au milieu, qui prot\u00e8ge contre les tensions \u00e9lectriques. Chaque canne peut \u00e9galement \u00eatre achet\u00e9e individuellement. Lors de la commande, la tige no. ou le diam\u00e8tre du tuyau peut \u00eatre sp\u00e9cifi\u00e9. von LAVEBA Online-Shop\" \/>\n<meta name=\"robots\" content=\"index, follow, max-snippet:-1, max-image-preview:large, max-video-preview:-1\" \/>\n<link rel=\"canonical\" href=\"https:\/\/laveba-online.ch\/fr\/produkt\/crochet-secoueur\/\" \/>\n<meta property=\"og:locale\" content=\"fr_FR\" \/>\n<meta property=\"og:type\" content=\"article\" \/>\n<meta property=\"og:title\" content=\"Crochet secoueur &#8211; LAVEBA Online-Shop\" \/>\n<meta property=\"og:description\" content=\"Crochet secoueur - La crochet secoueur peut \u00eatre s\u00e9lectionn\u00e9e en diff\u00e9rentes longueurs (en plusieurs parties). En fonction du nombre de pi\u00e8ces que comprend la barre d&#039;agitation, elle peut \u00eatre con\u00e7ue pour une hauteur de travail appropri\u00e9e (voir option: choisir la longueur). La barre d&#039;agitation est id\u00e9ale pour secouer les fruits des arbres. Il est utilis\u00e9 avec succ\u00e8s depuis des d\u00e9cennies. La barre d&#039;agitation se compose de plusieurs parties, dont deux barres d&#039;aluminium isol\u00e9es. Les tiges en aluminium sont constitu\u00e9es d&#039;alliages d&#039;aluminium \u00e9prouv\u00e9s, tremp\u00e9s et anodis\u00e9s incolores. Les tiges n \u00b0 2 et n \u00b0 3 ont un isolateur int\u00e9gr\u00e9 au milieu, qui prot\u00e8ge contre les tensions \u00e9lectriques. Chaque canne peut \u00e9galement \u00eatre achet\u00e9e individuellement. Lors de la commande, la tige no. ou le diam\u00e8tre du tuyau peut \u00eatre sp\u00e9cifi\u00e9. von LAVEBA Online-Shop\" \/>\n<meta property=\"og:url\" content=\"https:\/\/laveba-online.ch\/fr\/produkt\/crochet-secoueur\/\" \/>\n<meta property=\"og:site_name\" content=\"LAVEBA Online-Shop\" \/>\n<meta property=\"article:publisher\" content=\"https:\/\/www.facebook.com\/LAVEBA-Genossenschaft-352285445485254\" \/>\n<meta property=\"og:image\" content=\"https:\/\/laveba-online.ch\/wp-content\/uploads\/2020\/07\/Schuettelhaken-5teilig_3615112.jpg\" \/>\n\t<meta property=\"og:image:width\" content=\"1000\" \/>\n\t<meta property=\"og:image:height\" content=\"1200\" \/>\n\t<meta property=\"og:image:type\" content=\"image\/jpeg\" \/>\n<meta name=\"twitter:card\" content=\"summary_large_image\" \/>\n<script type=\"application\/ld+json\" class=\"yoast-schema-graph\">{\"@context\":\"https:\/\/schema.org\",\"@graph\":[{\"@type\":[\"WebPage\",\"ItemPage\"],\"@id\":\"https:\/\/laveba-online.ch\/fr\/produkt\/crochet-secoueur\/\",\"url\":\"https:\/\/laveba-online.ch\/fr\/produkt\/crochet-secoueur\/\",\"name\":\"Crochet secoueur &#8211; LAVEBA Online-Shop\",\"isPartOf\":{\"@id\":\"https:\/\/laveba-online.ch\/fr\/#website\"},\"primaryImageOfPage\":{\"@id\":\"https:\/\/laveba-online.ch\/fr\/produkt\/crochet-secoueur\/#primaryimage\"},\"image\":{\"@id\":\"https:\/\/laveba-online.ch\/fr\/produkt\/crochet-secoueur\/#primaryimage\"},\"thumbnailUrl\":\"https:\/\/laveba-online.ch\/wp-content\/uploads\/2020\/07\/Schuettelhaken-5teilig_3615112.jpg\",\"datePublished\":\"2020-07-13T11:23:50+00:00\",\"dateModified\":\"2020-07-13T11:23:50+00:00\",\"description\":\"Crochet secoueur - La crochet secoueur peut \u00eatre s\u00e9lectionn\u00e9e en diff\u00e9rentes longueurs (en plusieurs parties). En fonction du nombre de pi\u00e8ces que comprend la barre d'agitation, elle peut \u00eatre con\u00e7ue pour une hauteur de travail appropri\u00e9e (voir option: choisir la longueur). La barre d'agitation est id\u00e9ale pour secouer les fruits des arbres. Il est utilis\u00e9 avec succ\u00e8s depuis des d\u00e9cennies. La barre d'agitation se compose de plusieurs parties, dont deux barres d'aluminium isol\u00e9es. Les tiges en aluminium sont constitu\u00e9es d'alliages d'aluminium \u00e9prouv\u00e9s, tremp\u00e9s et anodis\u00e9s incolores. Les tiges n \u00b0 2 et n \u00b0 3 ont un isolateur int\u00e9gr\u00e9 au milieu, qui prot\u00e8ge contre les tensions \u00e9lectriques. Chaque canne peut \u00e9galement \u00eatre achet\u00e9e individuellement. Lors de la commande, la tige no. ou le diam\u00e8tre du tuyau peut \u00eatre sp\u00e9cifi\u00e9. von LAVEBA Online-Shop\",\"breadcrumb\":{\"@id\":\"https:\/\/laveba-online.ch\/fr\/produkt\/crochet-secoueur\/#breadcrumb\"},\"inLanguage\":\"fr-FR\",\"potentialAction\":[{\"@type\":\"ReadAction\",\"target\":[\"https:\/\/laveba-online.ch\/fr\/produkt\/crochet-secoueur\/\"]}]},{\"@type\":\"ImageObject\",\"inLanguage\":\"fr-FR\",\"@id\":\"https:\/\/laveba-online.ch\/fr\/produkt\/crochet-secoueur\/#primaryimage\",\"url\":\"https:\/\/laveba-online.ch\/wp-content\/uploads\/2020\/07\/Schuettelhaken-5teilig_3615112.jpg\",\"contentUrl\":\"https:\/\/laveba-online.ch\/wp-content\/uploads\/2020\/07\/Schuettelhaken-5teilig_3615112.jpg\",\"width\":1000,\"height\":1200},{\"@type\":\"BreadcrumbList\",\"@id\":\"https:\/\/laveba-online.ch\/fr\/produkt\/crochet-secoueur\/#breadcrumb\",\"itemListElement\":[{\"@type\":\"ListItem\",\"position\":1,\"name\":\"Startseite\",\"item\":\"https:\/\/laveba-online.ch\/fr\/\"},{\"@type\":\"ListItem\",\"position\":2,\"name\":\"Boutique\",\"item\":\"https:\/\/laveba-online.ch\/fr\/boutique\/\"},{\"@type\":\"ListItem\",\"position\":3,\"name\":\"Crochet secoueur\"}]},{\"@type\":\"WebSite\",\"@id\":\"https:\/\/laveba-online.ch\/fr\/#website\",\"url\":\"https:\/\/laveba-online.ch\/fr\/\",\"name\":\"LAVEBA Online-Shop\",\"description\":\"LAVEBA ist in der Ostschweiz als Dienstleister, Berater und Partner aktiv. Wir bieten ein breites Spektrum an Angeboten, perfekt zugeschnitten auf die Bed\u00fcrfnisse von Landwirten, Unternehmen, Organisationen und Konsumenten.\",\"publisher\":{\"@id\":\"https:\/\/laveba-online.ch\/fr\/#organization\"},\"potentialAction\":[{\"@type\":\"SearchAction\",\"target\":{\"@type\":\"EntryPoint\",\"urlTemplate\":\"https:\/\/laveba-online.ch\/fr\/?s={search_term_string}\"},\"query-input\":\"required name=search_term_string\"}],\"inLanguage\":\"fr-FR\"},{\"@type\":\"Organization\",\"@id\":\"https:\/\/laveba-online.ch\/fr\/#organization\",\"name\":\"LAVEBA Genossenschaft\",\"url\":\"https:\/\/laveba-online.ch\/fr\/\",\"logo\":{\"@type\":\"ImageObject\",\"inLanguage\":\"fr-FR\",\"@id\":\"https:\/\/laveba-online.ch\/fr\/#\/schema\/logo\/image\/\",\"url\":\"https:\/\/laveba-online.ch\/wp-content\/uploads\/2020\/07\/lavebalogo2.png\",\"contentUrl\":\"https:\/\/laveba-online.ch\/wp-content\/uploads\/2020\/07\/lavebalogo2.png\",\"width\":250,\"height\":69,\"caption\":\"LAVEBA Genossenschaft\"},\"image\":{\"@id\":\"https:\/\/laveba-online.ch\/fr\/#\/schema\/logo\/image\/\"},\"sameAs\":[\"https:\/\/www.facebook.com\/LAVEBA-Genossenschaft-352285445485254\",\"https:\/\/www.instagram.com\/lavebagenossenschaft\/?hl=de\"]}]}<\/script>\n<!-- \/ Yoast SEO plugin. -->","yoast_head_json":{"title":"Crochet secoueur &#8211; LAVEBA Online-Shop","description":"Crochet secoueur - La crochet secoueur peut \u00eatre s\u00e9lectionn\u00e9e en diff\u00e9rentes longueurs (en plusieurs parties). En fonction du nombre de pi\u00e8ces que comprend la barre d'agitation, elle peut \u00eatre con\u00e7ue pour une hauteur de travail appropri\u00e9e (voir option: choisir la longueur). La barre d'agitation est id\u00e9ale pour secouer les fruits des arbres. Il est utilis\u00e9 avec succ\u00e8s depuis des d\u00e9cennies. La barre d'agitation se compose de plusieurs parties, dont deux barres d'aluminium isol\u00e9es. Les tiges en aluminium sont constitu\u00e9es d'alliages d'aluminium \u00e9prouv\u00e9s, tremp\u00e9s et anodis\u00e9s incolores. Les tiges n \u00b0 2 et n \u00b0 3 ont un isolateur int\u00e9gr\u00e9 au milieu, qui prot\u00e8ge contre les tensions \u00e9lectriques. Chaque canne peut \u00e9galement \u00eatre achet\u00e9e individuellement. Lors de la commande, la tige no. ou le diam\u00e8tre du tuyau peut \u00eatre sp\u00e9cifi\u00e9. von LAVEBA Online-Shop","robots":{"index":"index","follow":"follow","max-snippet":"max-snippet:-1","max-image-preview":"max-image-preview:large","max-video-preview":"max-video-preview:-1"},"canonical":"https:\/\/laveba-online.ch\/fr\/produkt\/crochet-secoueur\/","og_locale":"fr_FR","og_type":"article","og_title":"Crochet secoueur &#8211; LAVEBA Online-Shop","og_description":"Crochet secoueur - La crochet secoueur peut \u00eatre s\u00e9lectionn\u00e9e en diff\u00e9rentes longueurs (en plusieurs parties). En fonction du nombre de pi\u00e8ces que comprend la barre d'agitation, elle peut \u00eatre con\u00e7ue pour une hauteur de travail appropri\u00e9e (voir option: choisir la longueur). La barre d'agitation est id\u00e9ale pour secouer les fruits des arbres. Il est utilis\u00e9 avec succ\u00e8s depuis des d\u00e9cennies. La barre d'agitation se compose de plusieurs parties, dont deux barres d'aluminium isol\u00e9es. Les tiges en aluminium sont constitu\u00e9es d'alliages d'aluminium \u00e9prouv\u00e9s, tremp\u00e9s et anodis\u00e9s incolores. Les tiges n \u00b0 2 et n \u00b0 3 ont un isolateur int\u00e9gr\u00e9 au milieu, qui prot\u00e8ge contre les tensions \u00e9lectriques. Chaque canne peut \u00e9galement \u00eatre achet\u00e9e individuellement. Lors de la commande, la tige no. ou le diam\u00e8tre du tuyau peut \u00eatre sp\u00e9cifi\u00e9. von LAVEBA Online-Shop","og_url":"https:\/\/laveba-online.ch\/fr\/produkt\/crochet-secoueur\/","og_site_name":"LAVEBA Online-Shop","article_publisher":"https:\/\/www.facebook.com\/LAVEBA-Genossenschaft-352285445485254","og_image":[{"width":1000,"height":1200,"url":"https:\/\/laveba-online.ch\/wp-content\/uploads\/2020\/07\/Schuettelhaken-5teilig_3615112.jpg","type":"image\/jpeg"}],"twitter_card":"summary_large_image","schema":{"@context":"https:\/\/schema.org","@graph":[{"@type":["WebPage","ItemPage"],"@id":"https:\/\/laveba-online.ch\/fr\/produkt\/crochet-secoueur\/","url":"https:\/\/laveba-online.ch\/fr\/produkt\/crochet-secoueur\/","name":"Crochet secoueur &#8211; LAVEBA Online-Shop","isPartOf":{"@id":"https:\/\/laveba-online.ch\/fr\/#website"},"primaryImageOfPage":{"@id":"https:\/\/laveba-online.ch\/fr\/produkt\/crochet-secoueur\/#primaryimage"},"image":{"@id":"https:\/\/laveba-online.ch\/fr\/produkt\/crochet-secoueur\/#primaryimage"},"thumbnailUrl":"https:\/\/laveba-online.ch\/wp-content\/uploads\/2020\/07\/Schuettelhaken-5teilig_3615112.jpg","datePublished":"2020-07-13T11:23:50+00:00","dateModified":"2020-07-13T11:23:50+00:00","description":"Crochet secoueur - La crochet secoueur peut \u00eatre s\u00e9lectionn\u00e9e en diff\u00e9rentes longueurs (en plusieurs parties). En fonction du nombre de pi\u00e8ces que comprend la barre d'agitation, elle peut \u00eatre con\u00e7ue pour une hauteur de travail appropri\u00e9e (voir option: choisir la longueur). La barre d'agitation est id\u00e9ale pour secouer les fruits des arbres. Il est utilis\u00e9 avec succ\u00e8s depuis des d\u00e9cennies. La barre d'agitation se compose de plusieurs parties, dont deux barres d'aluminium isol\u00e9es. Les tiges en aluminium sont constitu\u00e9es d'alliages d'aluminium \u00e9prouv\u00e9s, tremp\u00e9s et anodis\u00e9s incolores. Les tiges n \u00b0 2 et n \u00b0 3 ont un isolateur int\u00e9gr\u00e9 au milieu, qui prot\u00e8ge contre les tensions \u00e9lectriques. Chaque canne peut \u00e9galement \u00eatre achet\u00e9e individuellement. Lors de la commande, la tige no. ou le diam\u00e8tre du tuyau peut \u00eatre sp\u00e9cifi\u00e9. von LAVEBA Online-Shop","breadcrumb":{"@id":"https:\/\/laveba-online.ch\/fr\/produkt\/crochet-secoueur\/#breadcrumb"},"inLanguage":"fr-FR","potentialAction":[{"@type":"ReadAction","target":["https:\/\/laveba-online.ch\/fr\/produkt\/crochet-secoueur\/"]}]},{"@type":"ImageObject","inLanguage":"fr-FR","@id":"https:\/\/laveba-online.ch\/fr\/produkt\/crochet-secoueur\/#primaryimage","url":"https:\/\/laveba-online.ch\/wp-content\/uploads\/2020\/07\/Schuettelhaken-5teilig_3615112.jpg","contentUrl":"https:\/\/laveba-online.ch\/wp-content\/uploads\/2020\/07\/Schuettelhaken-5teilig_3615112.jpg","width":1000,"height":1200},{"@type":"BreadcrumbList","@id":"https:\/\/laveba-online.ch\/fr\/produkt\/crochet-secoueur\/#breadcrumb","itemListElement":[{"@type":"ListItem","position":1,"name":"Startseite","item":"https:\/\/laveba-online.ch\/fr\/"},{"@type":"ListItem","position":2,"name":"Boutique","item":"https:\/\/laveba-online.ch\/fr\/boutique\/"},{"@type":"ListItem","position":3,"name":"Crochet secoueur"}]},{"@type":"WebSite","@id":"https:\/\/laveba-online.ch\/fr\/#website","url":"https:\/\/laveba-online.ch\/fr\/","name":"LAVEBA Online-Shop","description":"LAVEBA ist in der Ostschweiz als Dienstleister, Berater und Partner aktiv. Wir bieten ein breites Spektrum an Angeboten, perfekt zugeschnitten auf die Bed\u00fcrfnisse von Landwirten, Unternehmen, Organisationen und Konsumenten.","publisher":{"@id":"https:\/\/laveba-online.ch\/fr\/#organization"},"potentialAction":[{"@type":"SearchAction","target":{"@type":"EntryPoint","urlTemplate":"https:\/\/laveba-online.ch\/fr\/?s={search_term_string}"},"query-input":"required name=search_term_string"}],"inLanguage":"fr-FR"},{"@type":"Organization","@id":"https:\/\/laveba-online.ch\/fr\/#organization","name":"LAVEBA Genossenschaft","url":"https:\/\/laveba-online.ch\/fr\/","logo":{"@type":"ImageObject","inLanguage":"fr-FR","@id":"https:\/\/laveba-online.ch\/fr\/#\/schema\/logo\/image\/","url":"https:\/\/laveba-online.ch\/wp-content\/uploads\/2020\/07\/lavebalogo2.png","contentUrl":"https:\/\/laveba-online.ch\/wp-content\/uploads\/2020\/07\/lavebalogo2.png","width":250,"height":69,"caption":"LAVEBA Genossenschaft"},"image":{"@id":"https:\/\/laveba-online.ch\/fr\/#\/schema\/logo\/image\/"},"sameAs":["https:\/\/www.facebook.com\/LAVEBA-Genossenschaft-352285445485254","https:\/\/www.instagram.com\/lavebagenossenschaft\/?hl=de"]}]}},"_links":{"self":[{"href":"https:\/\/laveba-online.ch\/fr\/wp-json\/wp\/v2\/product\/7584"}],"collection":[{"href":"https:\/\/laveba-online.ch\/fr\/wp-json\/wp\/v2\/product"}],"about":[{"href":"https:\/\/laveba-online.ch\/fr\/wp-json\/wp\/v2\/types\/product"}],"replies":[{"embeddable":true,"href":"https:\/\/laveba-online.ch\/fr\/wp-json\/wp\/v2\/comments?post=7584"}],"wp:featuredmedia":[{"embeddable":true,"href":"https:\/\/laveba-online.ch\/fr\/wp-json\/wp\/v2\/media\/6101"}],"wp:attachment":[{"href":"https:\/\/laveba-online.ch\/fr\/wp-json\/wp\/v2\/media?parent=7584"}],"wp:term":[{"taxonomy":"product_cat","embeddable":true,"href":"https:\/\/laveba-online.ch\/fr\/wp-json\/wp\/v2\/product_cat?post=7584"},{"taxonomy":"product_tag","embeddable":true,"href":"https:\/\/laveba-online.ch\/fr\/wp-json\/wp\/v2\/product_tag?post=7584"}],"curies":[{"name":"wp","href":"https:\/\/api.w.org\/{rel}","templated":true}]}}