{"id":7580,"date":"2020-07-13T13:30:31","date_gmt":"2020-07-13T11:30:31","guid":{"rendered":"https:\/\/laveba-online.ch\/produkt\/rollblitzramasseur-de-fruits-telescopique-petit-pour-noisettes-cerises\/"},"modified":"2023-09-10T21:31:08","modified_gmt":"2023-09-10T19:31:08","slug":"rollblitzramasseur-de-fruits-telescopique-petit-pour-noisettes-cerises","status":"publish","type":"product","link":"https:\/\/laveba-online.ch\/fr\/produkt\/rollblitzramasseur-de-fruits-telescopique-petit-pour-noisettes-cerises\/","title":{"rendered":"Rollblitz (ramasseur de fruits) t\u00e9lescopique &#8220;petit&#8221; pour noisettes-cerises"},"content":{"rendered":"","protected":false},"excerpt":{"rendered":"<p>Le Roll-Blitz petit convient \u00e0 la r\u00e9colte de noisettes, glands, amandes, graines diverses, pistaches, olives et bien plus encore. La hauteur de travail peut \u00eatre r\u00e9gl\u00e9e \u00e0 l&#8217;aide de la poign\u00e9e t\u00e9lescopique. Inclu avec chaque Rollblitz un support pour le vider.<\/p>\n","protected":false},"featured_media":6095,"comment_status":"open","ping_status":"closed","template":"","meta":[],"product_cat":[188,166],"product_tag":[],"class_list":{"0":"post-7580","1":"product","2":"type-product","3":"status-publish","4":"has-post-thumbnail","6":"product_cat-arboriculture-recolte","7":"product_cat-soins-et-recolte","9":"first","10":"instock","11":"taxable","12":"shipping-taxable","13":"purchasable","14":"product-type-simple"},"yoast_head":"<!-- This site is optimized with the Yoast SEO plugin v23.1 - https:\/\/yoast.com\/wordpress\/plugins\/seo\/ -->\n<title>Rollblitz (ramasseur de fruits) t\u00e9lescopique &quot;petit&quot; pour noisettes-cerises &#8211; LAVEBA Online-Shop<\/title>\n<meta name=\"description\" content=\"Rollblitz (ramasseur de fruits) t\u00e9lescopique &quot;petit&quot; pour noisettes-cerises - Le Roll-Blitz petit convient \u00e0 la r\u00e9colte de noisettes, glands, amandes, graines diverses, pistaches, olives et bien plus encore. La hauteur de travail peut \u00eatre r\u00e9gl\u00e9e \u00e0 l&#039;aide de la poign\u00e9e t\u00e9lescopique. Inclu avec chaque Rollblitz un support pour le vider. von LAVEBA Online-Shop\" \/>\n<meta name=\"robots\" content=\"index, follow, max-snippet:-1, max-image-preview:large, max-video-preview:-1\" \/>\n<link rel=\"canonical\" href=\"https:\/\/laveba-online.ch\/fr\/produkt\/rollblitzramasseur-de-fruits-telescopique-petit-pour-noisettes-cerises\/\" \/>\n<meta property=\"og:locale\" content=\"fr_FR\" \/>\n<meta property=\"og:type\" content=\"article\" \/>\n<meta property=\"og:title\" content=\"Rollblitz (ramasseur de fruits) t\u00e9lescopique &quot;petit&quot; pour noisettes-cerises &#8211; LAVEBA Online-Shop\" \/>\n<meta property=\"og:description\" content=\"Rollblitz (ramasseur de fruits) t\u00e9lescopique &quot;petit&quot; pour noisettes-cerises - Le Roll-Blitz petit convient \u00e0 la r\u00e9colte de noisettes, glands, amandes, graines diverses, pistaches, olives et bien plus encore. La hauteur de travail peut \u00eatre r\u00e9gl\u00e9e \u00e0 l&#039;aide de la poign\u00e9e t\u00e9lescopique. Inclu avec chaque Rollblitz un support pour le vider. von LAVEBA Online-Shop\" \/>\n<meta property=\"og:url\" content=\"https:\/\/laveba-online.ch\/fr\/produkt\/rollblitzramasseur-de-fruits-telescopique-petit-pour-noisettes-cerises\/\" \/>\n<meta property=\"og:site_name\" content=\"LAVEBA Online-Shop\" \/>\n<meta property=\"article:publisher\" content=\"https:\/\/www.facebook.com\/LAVEBA-Genossenschaft-352285445485254\" \/>\n<meta property=\"article:modified_time\" content=\"2023-09-10T19:31:08+00:00\" \/>\n<meta property=\"og:image\" content=\"https:\/\/laveba-online.ch\/wp-content\/uploads\/2020\/07\/Rollblitz_klein_3615904.jpg\" \/>\n\t<meta property=\"og:image:width\" content=\"1000\" \/>\n\t<meta property=\"og:image:height\" content=\"1200\" \/>\n\t<meta property=\"og:image:type\" content=\"image\/jpeg\" \/>\n<meta name=\"twitter:card\" content=\"summary_large_image\" \/>\n<script type=\"application\/ld+json\" class=\"yoast-schema-graph\">{\"@context\":\"https:\/\/schema.org\",\"@graph\":[{\"@type\":[\"WebPage\",\"ItemPage\"],\"@id\":\"https:\/\/laveba-online.ch\/fr\/produkt\/rollblitzramasseur-de-fruits-telescopique-petit-pour-noisettes-cerises\/\",\"url\":\"https:\/\/laveba-online.ch\/fr\/produkt\/rollblitzramasseur-de-fruits-telescopique-petit-pour-noisettes-cerises\/\",\"name\":\"Rollblitz (ramasseur de fruits) t\u00e9lescopique \\\"petit\\\" pour noisettes-cerises &#8211; LAVEBA Online-Shop\",\"isPartOf\":{\"@id\":\"https:\/\/laveba-online.ch\/fr\/#website\"},\"primaryImageOfPage\":{\"@id\":\"https:\/\/laveba-online.ch\/fr\/produkt\/rollblitzramasseur-de-fruits-telescopique-petit-pour-noisettes-cerises\/#primaryimage\"},\"image\":{\"@id\":\"https:\/\/laveba-online.ch\/fr\/produkt\/rollblitzramasseur-de-fruits-telescopique-petit-pour-noisettes-cerises\/#primaryimage\"},\"thumbnailUrl\":\"https:\/\/laveba-online.ch\/wp-content\/uploads\/2020\/07\/Rollblitz_klein_3615904.jpg\",\"datePublished\":\"2020-07-13T11:30:31+00:00\",\"dateModified\":\"2023-09-10T19:31:08+00:00\",\"description\":\"Rollblitz (ramasseur de fruits) t\u00e9lescopique \\\"petit\\\" pour noisettes-cerises - Le Roll-Blitz petit convient \u00e0 la r\u00e9colte de noisettes, glands, amandes, graines diverses, pistaches, olives et bien plus encore. La hauteur de travail peut \u00eatre r\u00e9gl\u00e9e \u00e0 l'aide de la poign\u00e9e t\u00e9lescopique. Inclu avec chaque Rollblitz un support pour le vider. von LAVEBA Online-Shop\",\"breadcrumb\":{\"@id\":\"https:\/\/laveba-online.ch\/fr\/produkt\/rollblitzramasseur-de-fruits-telescopique-petit-pour-noisettes-cerises\/#breadcrumb\"},\"inLanguage\":\"fr-FR\",\"potentialAction\":[{\"@type\":\"ReadAction\",\"target\":[\"https:\/\/laveba-online.ch\/fr\/produkt\/rollblitzramasseur-de-fruits-telescopique-petit-pour-noisettes-cerises\/\"]}]},{\"@type\":\"ImageObject\",\"inLanguage\":\"fr-FR\",\"@id\":\"https:\/\/laveba-online.ch\/fr\/produkt\/rollblitzramasseur-de-fruits-telescopique-petit-pour-noisettes-cerises\/#primaryimage\",\"url\":\"https:\/\/laveba-online.ch\/wp-content\/uploads\/2020\/07\/Rollblitz_klein_3615904.jpg\",\"contentUrl\":\"https:\/\/laveba-online.ch\/wp-content\/uploads\/2020\/07\/Rollblitz_klein_3615904.jpg\",\"width\":1000,\"height\":1200},{\"@type\":\"BreadcrumbList\",\"@id\":\"https:\/\/laveba-online.ch\/fr\/produkt\/rollblitzramasseur-de-fruits-telescopique-petit-pour-noisettes-cerises\/#breadcrumb\",\"itemListElement\":[{\"@type\":\"ListItem\",\"position\":1,\"name\":\"Startseite\",\"item\":\"https:\/\/laveba-online.ch\/fr\/\"},{\"@type\":\"ListItem\",\"position\":2,\"name\":\"Boutique\",\"item\":\"https:\/\/laveba-online.ch\/fr\/boutique\/\"},{\"@type\":\"ListItem\",\"position\":3,\"name\":\"Rollblitz (ramasseur de fruits) t\u00e9lescopique &#8220;petit&#8221; pour noisettes-cerises\"}]},{\"@type\":\"WebSite\",\"@id\":\"https:\/\/laveba-online.ch\/fr\/#website\",\"url\":\"https:\/\/laveba-online.ch\/fr\/\",\"name\":\"LAVEBA Online-Shop\",\"description\":\"LAVEBA ist in der Ostschweiz als Dienstleister, Berater und Partner aktiv. Wir bieten ein breites Spektrum an Angeboten, perfekt zugeschnitten auf die Bed\u00fcrfnisse von Landwirten, Unternehmen, Organisationen und Konsumenten.\",\"publisher\":{\"@id\":\"https:\/\/laveba-online.ch\/fr\/#organization\"},\"potentialAction\":[{\"@type\":\"SearchAction\",\"target\":{\"@type\":\"EntryPoint\",\"urlTemplate\":\"https:\/\/laveba-online.ch\/fr\/?s={search_term_string}\"},\"query-input\":\"required name=search_term_string\"}],\"inLanguage\":\"fr-FR\"},{\"@type\":\"Organization\",\"@id\":\"https:\/\/laveba-online.ch\/fr\/#organization\",\"name\":\"LAVEBA Genossenschaft\",\"url\":\"https:\/\/laveba-online.ch\/fr\/\",\"logo\":{\"@type\":\"ImageObject\",\"inLanguage\":\"fr-FR\",\"@id\":\"https:\/\/laveba-online.ch\/fr\/#\/schema\/logo\/image\/\",\"url\":\"https:\/\/laveba-online.ch\/wp-content\/uploads\/2020\/07\/lavebalogo2.png\",\"contentUrl\":\"https:\/\/laveba-online.ch\/wp-content\/uploads\/2020\/07\/lavebalogo2.png\",\"width\":250,\"height\":69,\"caption\":\"LAVEBA Genossenschaft\"},\"image\":{\"@id\":\"https:\/\/laveba-online.ch\/fr\/#\/schema\/logo\/image\/\"},\"sameAs\":[\"https:\/\/www.facebook.com\/LAVEBA-Genossenschaft-352285445485254\",\"https:\/\/www.instagram.com\/lavebagenossenschaft\/?hl=de\"]}]}<\/script>\n<!-- \/ Yoast SEO plugin. -->","yoast_head_json":{"title":"Rollblitz (ramasseur de fruits) t\u00e9lescopique \"petit\" pour noisettes-cerises &#8211; LAVEBA Online-Shop","description":"Rollblitz (ramasseur de fruits) t\u00e9lescopique \"petit\" pour noisettes-cerises - Le Roll-Blitz petit convient \u00e0 la r\u00e9colte de noisettes, glands, amandes, graines diverses, pistaches, olives et bien plus encore. La hauteur de travail peut \u00eatre r\u00e9gl\u00e9e \u00e0 l'aide de la poign\u00e9e t\u00e9lescopique. Inclu avec chaque Rollblitz un support pour le vider. von LAVEBA Online-Shop","robots":{"index":"index","follow":"follow","max-snippet":"max-snippet:-1","max-image-preview":"max-image-preview:large","max-video-preview":"max-video-preview:-1"},"canonical":"https:\/\/laveba-online.ch\/fr\/produkt\/rollblitzramasseur-de-fruits-telescopique-petit-pour-noisettes-cerises\/","og_locale":"fr_FR","og_type":"article","og_title":"Rollblitz (ramasseur de fruits) t\u00e9lescopique \"petit\" pour noisettes-cerises &#8211; LAVEBA Online-Shop","og_description":"Rollblitz (ramasseur de fruits) t\u00e9lescopique \"petit\" pour noisettes-cerises - Le Roll-Blitz petit convient \u00e0 la r\u00e9colte de noisettes, glands, amandes, graines diverses, pistaches, olives et bien plus encore. La hauteur de travail peut \u00eatre r\u00e9gl\u00e9e \u00e0 l'aide de la poign\u00e9e t\u00e9lescopique. Inclu avec chaque Rollblitz un support pour le vider. von LAVEBA Online-Shop","og_url":"https:\/\/laveba-online.ch\/fr\/produkt\/rollblitzramasseur-de-fruits-telescopique-petit-pour-noisettes-cerises\/","og_site_name":"LAVEBA Online-Shop","article_publisher":"https:\/\/www.facebook.com\/LAVEBA-Genossenschaft-352285445485254","article_modified_time":"2023-09-10T19:31:08+00:00","og_image":[{"width":1000,"height":1200,"url":"https:\/\/laveba-online.ch\/wp-content\/uploads\/2020\/07\/Rollblitz_klein_3615904.jpg","type":"image\/jpeg"}],"twitter_card":"summary_large_image","schema":{"@context":"https:\/\/schema.org","@graph":[{"@type":["WebPage","ItemPage"],"@id":"https:\/\/laveba-online.ch\/fr\/produkt\/rollblitzramasseur-de-fruits-telescopique-petit-pour-noisettes-cerises\/","url":"https:\/\/laveba-online.ch\/fr\/produkt\/rollblitzramasseur-de-fruits-telescopique-petit-pour-noisettes-cerises\/","name":"Rollblitz (ramasseur de fruits) t\u00e9lescopique \"petit\" pour noisettes-cerises &#8211; LAVEBA Online-Shop","isPartOf":{"@id":"https:\/\/laveba-online.ch\/fr\/#website"},"primaryImageOfPage":{"@id":"https:\/\/laveba-online.ch\/fr\/produkt\/rollblitzramasseur-de-fruits-telescopique-petit-pour-noisettes-cerises\/#primaryimage"},"image":{"@id":"https:\/\/laveba-online.ch\/fr\/produkt\/rollblitzramasseur-de-fruits-telescopique-petit-pour-noisettes-cerises\/#primaryimage"},"thumbnailUrl":"https:\/\/laveba-online.ch\/wp-content\/uploads\/2020\/07\/Rollblitz_klein_3615904.jpg","datePublished":"2020-07-13T11:30:31+00:00","dateModified":"2023-09-10T19:31:08+00:00","description":"Rollblitz (ramasseur de fruits) t\u00e9lescopique \"petit\" pour noisettes-cerises - Le Roll-Blitz petit convient \u00e0 la r\u00e9colte de noisettes, glands, amandes, graines diverses, pistaches, olives et bien plus encore. La hauteur de travail peut \u00eatre r\u00e9gl\u00e9e \u00e0 l'aide de la poign\u00e9e t\u00e9lescopique. Inclu avec chaque Rollblitz un support pour le vider. von LAVEBA Online-Shop","breadcrumb":{"@id":"https:\/\/laveba-online.ch\/fr\/produkt\/rollblitzramasseur-de-fruits-telescopique-petit-pour-noisettes-cerises\/#breadcrumb"},"inLanguage":"fr-FR","potentialAction":[{"@type":"ReadAction","target":["https:\/\/laveba-online.ch\/fr\/produkt\/rollblitzramasseur-de-fruits-telescopique-petit-pour-noisettes-cerises\/"]}]},{"@type":"ImageObject","inLanguage":"fr-FR","@id":"https:\/\/laveba-online.ch\/fr\/produkt\/rollblitzramasseur-de-fruits-telescopique-petit-pour-noisettes-cerises\/#primaryimage","url":"https:\/\/laveba-online.ch\/wp-content\/uploads\/2020\/07\/Rollblitz_klein_3615904.jpg","contentUrl":"https:\/\/laveba-online.ch\/wp-content\/uploads\/2020\/07\/Rollblitz_klein_3615904.jpg","width":1000,"height":1200},{"@type":"BreadcrumbList","@id":"https:\/\/laveba-online.ch\/fr\/produkt\/rollblitzramasseur-de-fruits-telescopique-petit-pour-noisettes-cerises\/#breadcrumb","itemListElement":[{"@type":"ListItem","position":1,"name":"Startseite","item":"https:\/\/laveba-online.ch\/fr\/"},{"@type":"ListItem","position":2,"name":"Boutique","item":"https:\/\/laveba-online.ch\/fr\/boutique\/"},{"@type":"ListItem","position":3,"name":"Rollblitz (ramasseur de fruits) t\u00e9lescopique &#8220;petit&#8221; pour noisettes-cerises"}]},{"@type":"WebSite","@id":"https:\/\/laveba-online.ch\/fr\/#website","url":"https:\/\/laveba-online.ch\/fr\/","name":"LAVEBA Online-Shop","description":"LAVEBA ist in der Ostschweiz als Dienstleister, Berater und Partner aktiv. Wir bieten ein breites Spektrum an Angeboten, perfekt zugeschnitten auf die Bed\u00fcrfnisse von Landwirten, Unternehmen, Organisationen und Konsumenten.","publisher":{"@id":"https:\/\/laveba-online.ch\/fr\/#organization"},"potentialAction":[{"@type":"SearchAction","target":{"@type":"EntryPoint","urlTemplate":"https:\/\/laveba-online.ch\/fr\/?s={search_term_string}"},"query-input":"required name=search_term_string"}],"inLanguage":"fr-FR"},{"@type":"Organization","@id":"https:\/\/laveba-online.ch\/fr\/#organization","name":"LAVEBA Genossenschaft","url":"https:\/\/laveba-online.ch\/fr\/","logo":{"@type":"ImageObject","inLanguage":"fr-FR","@id":"https:\/\/laveba-online.ch\/fr\/#\/schema\/logo\/image\/","url":"https:\/\/laveba-online.ch\/wp-content\/uploads\/2020\/07\/lavebalogo2.png","contentUrl":"https:\/\/laveba-online.ch\/wp-content\/uploads\/2020\/07\/lavebalogo2.png","width":250,"height":69,"caption":"LAVEBA Genossenschaft"},"image":{"@id":"https:\/\/laveba-online.ch\/fr\/#\/schema\/logo\/image\/"},"sameAs":["https:\/\/www.facebook.com\/LAVEBA-Genossenschaft-352285445485254","https:\/\/www.instagram.com\/lavebagenossenschaft\/?hl=de"]}]}},"_links":{"self":[{"href":"https:\/\/laveba-online.ch\/fr\/wp-json\/wp\/v2\/product\/7580"}],"collection":[{"href":"https:\/\/laveba-online.ch\/fr\/wp-json\/wp\/v2\/product"}],"about":[{"href":"https:\/\/laveba-online.ch\/fr\/wp-json\/wp\/v2\/types\/product"}],"replies":[{"embeddable":true,"href":"https:\/\/laveba-online.ch\/fr\/wp-json\/wp\/v2\/comments?post=7580"}],"wp:featuredmedia":[{"embeddable":true,"href":"https:\/\/laveba-online.ch\/fr\/wp-json\/wp\/v2\/media\/6095"}],"wp:attachment":[{"href":"https:\/\/laveba-online.ch\/fr\/wp-json\/wp\/v2\/media?parent=7580"}],"wp:term":[{"taxonomy":"product_cat","embeddable":true,"href":"https:\/\/laveba-online.ch\/fr\/wp-json\/wp\/v2\/product_cat?post=7580"},{"taxonomy":"product_tag","embeddable":true,"href":"https:\/\/laveba-online.ch\/fr\/wp-json\/wp\/v2\/product_tag?post=7580"}],"curies":[{"name":"wp","href":"https:\/\/api.w.org\/{rel}","templated":true}]}}