{"id":7533,"date":"2020-07-13T14:00:58","date_gmt":"2020-07-13T12:00:58","guid":{"rendered":"https:\/\/laveba-online.ch\/produkt\/pasteurisateur-en-spirale-1500-w\/"},"modified":"2022-05-12T09:05:31","modified_gmt":"2022-05-12T07:05:31","slug":"pasteurisateur-en-spirale-1500-w","status":"publish","type":"product","link":"https:\/\/laveba-online.ch\/fr\/produkt\/pasteurisateur-en-spirale-1500-w\/","title":{"rendered":"Pasteurisateur en spirale 1500 W"},"content":{"rendered":"","protected":false},"excerpt":{"rendered":"<p>Le pasteurisateur de jus est utilis\u00e9 pour conserver les jus de fruits fra\u00eechement press\u00e9s. Le jus de fruit est vers\u00e9 dans le f\u00fbt \u00e0 l&#8217;emplacement final imm\u00e9diatement apr\u00e8s le pressage ou apr\u00e8s le processus de clarification. Ensuite, le pasteurisateur de jus est immerg\u00e9 dans le liquide. Ensuite, le pasteurisateur de jus est connect\u00e9 \u00e0 l&#8217;\u00e9lectricit\u00e9. Une fois que le liquide a atteint la temp\u00e9rature souhait\u00e9e, l&#8217;appareil peut \u00eatre retir\u00e9 de la source d&#8217;alimentation. Le thermostat doit \u00eatre s\u00e9lectionn\u00e9 s\u00e9par\u00e9ment.<\/p>\n","protected":false},"featured_media":6170,"comment_status":"open","ping_status":"closed","template":"","meta":[],"product_cat":[197,195],"product_tag":[],"class_list":{"0":"post-7533","1":"product","2":"type-product","3":"status-publish","4":"has-post-thumbnail","6":"product_cat-pasteur-et-accessoires","7":"product_cat-transformation","9":"first","10":"instock","11":"taxable","12":"shipping-taxable","13":"purchasable","14":"product-type-simple"},"yoast_head":"<!-- This site is optimized with the Yoast SEO plugin v23.1 - https:\/\/yoast.com\/wordpress\/plugins\/seo\/ -->\n<title>Pasteurisateur en spirale 1500 W &#8211; LAVEBA Online-Shop<\/title>\n<meta name=\"description\" content=\"Pasteurisateur en spirale 1500 W - Le pasteurisateur de jus est utilis\u00e9 pour conserver les jus de fruits fra\u00eechement press\u00e9s. Le jus de fruit est vers\u00e9 dans le f\u00fbt \u00e0 l&#039;emplacement final imm\u00e9diatement apr\u00e8s le pressage ou apr\u00e8s le processus de clarification. Ensuite, le pasteurisateur de jus est immerg\u00e9 dans le liquide. Ensuite, le pasteurisateur de jus est connect\u00e9 \u00e0 l&#039;\u00e9lectricit\u00e9. Une fois que le liquide a atteint la temp\u00e9rature souhait\u00e9e, l&#039;appareil peut \u00eatre retir\u00e9 de la source d&#039;alimentation. Le thermostat doit \u00eatre s\u00e9lectionn\u00e9 s\u00e9par\u00e9ment. von LAVEBA Online-Shop\" \/>\n<meta name=\"robots\" content=\"index, follow, max-snippet:-1, max-image-preview:large, max-video-preview:-1\" \/>\n<link rel=\"canonical\" href=\"https:\/\/laveba-online.ch\/fr\/produkt\/pasteurisateur-en-spirale-1500-w\/\" \/>\n<meta property=\"og:locale\" content=\"fr_FR\" \/>\n<meta property=\"og:type\" content=\"article\" \/>\n<meta property=\"og:title\" content=\"Pasteurisateur en spirale 1500 W &#8211; LAVEBA Online-Shop\" \/>\n<meta property=\"og:description\" content=\"Pasteurisateur en spirale 1500 W - Le pasteurisateur de jus est utilis\u00e9 pour conserver les jus de fruits fra\u00eechement press\u00e9s. Le jus de fruit est vers\u00e9 dans le f\u00fbt \u00e0 l&#039;emplacement final imm\u00e9diatement apr\u00e8s le pressage ou apr\u00e8s le processus de clarification. Ensuite, le pasteurisateur de jus est immerg\u00e9 dans le liquide. Ensuite, le pasteurisateur de jus est connect\u00e9 \u00e0 l&#039;\u00e9lectricit\u00e9. Une fois que le liquide a atteint la temp\u00e9rature souhait\u00e9e, l&#039;appareil peut \u00eatre retir\u00e9 de la source d&#039;alimentation. Le thermostat doit \u00eatre s\u00e9lectionn\u00e9 s\u00e9par\u00e9ment. von LAVEBA Online-Shop\" \/>\n<meta property=\"og:url\" content=\"https:\/\/laveba-online.ch\/fr\/produkt\/pasteurisateur-en-spirale-1500-w\/\" \/>\n<meta property=\"og:site_name\" content=\"LAVEBA Online-Shop\" \/>\n<meta property=\"article:publisher\" content=\"https:\/\/www.facebook.com\/LAVEBA-Genossenschaft-352285445485254\" \/>\n<meta property=\"article:modified_time\" content=\"2022-05-12T07:05:31+00:00\" \/>\n<meta property=\"og:image\" content=\"https:\/\/laveba-online.ch\/wp-content\/uploads\/2020\/07\/Saftpasteur_3610767.jpg\" \/>\n\t<meta property=\"og:image:width\" content=\"1000\" \/>\n\t<meta property=\"og:image:height\" content=\"1200\" \/>\n\t<meta property=\"og:image:type\" content=\"image\/jpeg\" \/>\n<meta name=\"twitter:card\" content=\"summary_large_image\" \/>\n<script type=\"application\/ld+json\" class=\"yoast-schema-graph\">{\"@context\":\"https:\/\/schema.org\",\"@graph\":[{\"@type\":[\"WebPage\",\"ItemPage\"],\"@id\":\"https:\/\/laveba-online.ch\/fr\/produkt\/pasteurisateur-en-spirale-1500-w\/\",\"url\":\"https:\/\/laveba-online.ch\/fr\/produkt\/pasteurisateur-en-spirale-1500-w\/\",\"name\":\"Pasteurisateur en spirale 1500 W &#8211; LAVEBA Online-Shop\",\"isPartOf\":{\"@id\":\"https:\/\/laveba-online.ch\/fr\/#website\"},\"primaryImageOfPage\":{\"@id\":\"https:\/\/laveba-online.ch\/fr\/produkt\/pasteurisateur-en-spirale-1500-w\/#primaryimage\"},\"image\":{\"@id\":\"https:\/\/laveba-online.ch\/fr\/produkt\/pasteurisateur-en-spirale-1500-w\/#primaryimage\"},\"thumbnailUrl\":\"https:\/\/laveba-online.ch\/wp-content\/uploads\/2020\/07\/Saftpasteur_3610767.jpg\",\"datePublished\":\"2020-07-13T12:00:58+00:00\",\"dateModified\":\"2022-05-12T07:05:31+00:00\",\"description\":\"Pasteurisateur en spirale 1500 W - Le pasteurisateur de jus est utilis\u00e9 pour conserver les jus de fruits fra\u00eechement press\u00e9s. Le jus de fruit est vers\u00e9 dans le f\u00fbt \u00e0 l'emplacement final imm\u00e9diatement apr\u00e8s le pressage ou apr\u00e8s le processus de clarification. Ensuite, le pasteurisateur de jus est immerg\u00e9 dans le liquide. Ensuite, le pasteurisateur de jus est connect\u00e9 \u00e0 l'\u00e9lectricit\u00e9. Une fois que le liquide a atteint la temp\u00e9rature souhait\u00e9e, l'appareil peut \u00eatre retir\u00e9 de la source d'alimentation. Le thermostat doit \u00eatre s\u00e9lectionn\u00e9 s\u00e9par\u00e9ment. von LAVEBA Online-Shop\",\"breadcrumb\":{\"@id\":\"https:\/\/laveba-online.ch\/fr\/produkt\/pasteurisateur-en-spirale-1500-w\/#breadcrumb\"},\"inLanguage\":\"fr-FR\",\"potentialAction\":[{\"@type\":\"ReadAction\",\"target\":[\"https:\/\/laveba-online.ch\/fr\/produkt\/pasteurisateur-en-spirale-1500-w\/\"]}]},{\"@type\":\"ImageObject\",\"inLanguage\":\"fr-FR\",\"@id\":\"https:\/\/laveba-online.ch\/fr\/produkt\/pasteurisateur-en-spirale-1500-w\/#primaryimage\",\"url\":\"https:\/\/laveba-online.ch\/wp-content\/uploads\/2020\/07\/Saftpasteur_3610767.jpg\",\"contentUrl\":\"https:\/\/laveba-online.ch\/wp-content\/uploads\/2020\/07\/Saftpasteur_3610767.jpg\",\"width\":1000,\"height\":1200},{\"@type\":\"BreadcrumbList\",\"@id\":\"https:\/\/laveba-online.ch\/fr\/produkt\/pasteurisateur-en-spirale-1500-w\/#breadcrumb\",\"itemListElement\":[{\"@type\":\"ListItem\",\"position\":1,\"name\":\"Startseite\",\"item\":\"https:\/\/laveba-online.ch\/fr\/\"},{\"@type\":\"ListItem\",\"position\":2,\"name\":\"Boutique\",\"item\":\"https:\/\/laveba-online.ch\/fr\/boutique\/\"},{\"@type\":\"ListItem\",\"position\":3,\"name\":\"Pasteurisateur en spirale 1500 W\"}]},{\"@type\":\"WebSite\",\"@id\":\"https:\/\/laveba-online.ch\/fr\/#website\",\"url\":\"https:\/\/laveba-online.ch\/fr\/\",\"name\":\"LAVEBA Online-Shop\",\"description\":\"LAVEBA ist in der Ostschweiz als Dienstleister, Berater und Partner aktiv. Wir bieten ein breites Spektrum an Angeboten, perfekt zugeschnitten auf die Bed\u00fcrfnisse von Landwirten, Unternehmen, Organisationen und Konsumenten.\",\"publisher\":{\"@id\":\"https:\/\/laveba-online.ch\/fr\/#organization\"},\"potentialAction\":[{\"@type\":\"SearchAction\",\"target\":{\"@type\":\"EntryPoint\",\"urlTemplate\":\"https:\/\/laveba-online.ch\/fr\/?s={search_term_string}\"},\"query-input\":\"required name=search_term_string\"}],\"inLanguage\":\"fr-FR\"},{\"@type\":\"Organization\",\"@id\":\"https:\/\/laveba-online.ch\/fr\/#organization\",\"name\":\"LAVEBA Genossenschaft\",\"url\":\"https:\/\/laveba-online.ch\/fr\/\",\"logo\":{\"@type\":\"ImageObject\",\"inLanguage\":\"fr-FR\",\"@id\":\"https:\/\/laveba-online.ch\/fr\/#\/schema\/logo\/image\/\",\"url\":\"https:\/\/laveba-online.ch\/wp-content\/uploads\/2020\/07\/lavebalogo2.png\",\"contentUrl\":\"https:\/\/laveba-online.ch\/wp-content\/uploads\/2020\/07\/lavebalogo2.png\",\"width\":250,\"height\":69,\"caption\":\"LAVEBA Genossenschaft\"},\"image\":{\"@id\":\"https:\/\/laveba-online.ch\/fr\/#\/schema\/logo\/image\/\"},\"sameAs\":[\"https:\/\/www.facebook.com\/LAVEBA-Genossenschaft-352285445485254\",\"https:\/\/www.instagram.com\/lavebagenossenschaft\/?hl=de\"]}]}<\/script>\n<!-- \/ Yoast SEO plugin. -->","yoast_head_json":{"title":"Pasteurisateur en spirale 1500 W &#8211; LAVEBA Online-Shop","description":"Pasteurisateur en spirale 1500 W - Le pasteurisateur de jus est utilis\u00e9 pour conserver les jus de fruits fra\u00eechement press\u00e9s. Le jus de fruit est vers\u00e9 dans le f\u00fbt \u00e0 l'emplacement final imm\u00e9diatement apr\u00e8s le pressage ou apr\u00e8s le processus de clarification. Ensuite, le pasteurisateur de jus est immerg\u00e9 dans le liquide. Ensuite, le pasteurisateur de jus est connect\u00e9 \u00e0 l'\u00e9lectricit\u00e9. Une fois que le liquide a atteint la temp\u00e9rature souhait\u00e9e, l'appareil peut \u00eatre retir\u00e9 de la source d'alimentation. Le thermostat doit \u00eatre s\u00e9lectionn\u00e9 s\u00e9par\u00e9ment. von LAVEBA Online-Shop","robots":{"index":"index","follow":"follow","max-snippet":"max-snippet:-1","max-image-preview":"max-image-preview:large","max-video-preview":"max-video-preview:-1"},"canonical":"https:\/\/laveba-online.ch\/fr\/produkt\/pasteurisateur-en-spirale-1500-w\/","og_locale":"fr_FR","og_type":"article","og_title":"Pasteurisateur en spirale 1500 W &#8211; LAVEBA Online-Shop","og_description":"Pasteurisateur en spirale 1500 W - Le pasteurisateur de jus est utilis\u00e9 pour conserver les jus de fruits fra\u00eechement press\u00e9s. Le jus de fruit est vers\u00e9 dans le f\u00fbt \u00e0 l'emplacement final imm\u00e9diatement apr\u00e8s le pressage ou apr\u00e8s le processus de clarification. Ensuite, le pasteurisateur de jus est immerg\u00e9 dans le liquide. Ensuite, le pasteurisateur de jus est connect\u00e9 \u00e0 l'\u00e9lectricit\u00e9. Une fois que le liquide a atteint la temp\u00e9rature souhait\u00e9e, l'appareil peut \u00eatre retir\u00e9 de la source d'alimentation. Le thermostat doit \u00eatre s\u00e9lectionn\u00e9 s\u00e9par\u00e9ment. von LAVEBA Online-Shop","og_url":"https:\/\/laveba-online.ch\/fr\/produkt\/pasteurisateur-en-spirale-1500-w\/","og_site_name":"LAVEBA Online-Shop","article_publisher":"https:\/\/www.facebook.com\/LAVEBA-Genossenschaft-352285445485254","article_modified_time":"2022-05-12T07:05:31+00:00","og_image":[{"width":1000,"height":1200,"url":"https:\/\/laveba-online.ch\/wp-content\/uploads\/2020\/07\/Saftpasteur_3610767.jpg","type":"image\/jpeg"}],"twitter_card":"summary_large_image","schema":{"@context":"https:\/\/schema.org","@graph":[{"@type":["WebPage","ItemPage"],"@id":"https:\/\/laveba-online.ch\/fr\/produkt\/pasteurisateur-en-spirale-1500-w\/","url":"https:\/\/laveba-online.ch\/fr\/produkt\/pasteurisateur-en-spirale-1500-w\/","name":"Pasteurisateur en spirale 1500 W &#8211; LAVEBA Online-Shop","isPartOf":{"@id":"https:\/\/laveba-online.ch\/fr\/#website"},"primaryImageOfPage":{"@id":"https:\/\/laveba-online.ch\/fr\/produkt\/pasteurisateur-en-spirale-1500-w\/#primaryimage"},"image":{"@id":"https:\/\/laveba-online.ch\/fr\/produkt\/pasteurisateur-en-spirale-1500-w\/#primaryimage"},"thumbnailUrl":"https:\/\/laveba-online.ch\/wp-content\/uploads\/2020\/07\/Saftpasteur_3610767.jpg","datePublished":"2020-07-13T12:00:58+00:00","dateModified":"2022-05-12T07:05:31+00:00","description":"Pasteurisateur en spirale 1500 W - Le pasteurisateur de jus est utilis\u00e9 pour conserver les jus de fruits fra\u00eechement press\u00e9s. Le jus de fruit est vers\u00e9 dans le f\u00fbt \u00e0 l'emplacement final imm\u00e9diatement apr\u00e8s le pressage ou apr\u00e8s le processus de clarification. Ensuite, le pasteurisateur de jus est immerg\u00e9 dans le liquide. Ensuite, le pasteurisateur de jus est connect\u00e9 \u00e0 l'\u00e9lectricit\u00e9. Une fois que le liquide a atteint la temp\u00e9rature souhait\u00e9e, l'appareil peut \u00eatre retir\u00e9 de la source d'alimentation. Le thermostat doit \u00eatre s\u00e9lectionn\u00e9 s\u00e9par\u00e9ment. von LAVEBA Online-Shop","breadcrumb":{"@id":"https:\/\/laveba-online.ch\/fr\/produkt\/pasteurisateur-en-spirale-1500-w\/#breadcrumb"},"inLanguage":"fr-FR","potentialAction":[{"@type":"ReadAction","target":["https:\/\/laveba-online.ch\/fr\/produkt\/pasteurisateur-en-spirale-1500-w\/"]}]},{"@type":"ImageObject","inLanguage":"fr-FR","@id":"https:\/\/laveba-online.ch\/fr\/produkt\/pasteurisateur-en-spirale-1500-w\/#primaryimage","url":"https:\/\/laveba-online.ch\/wp-content\/uploads\/2020\/07\/Saftpasteur_3610767.jpg","contentUrl":"https:\/\/laveba-online.ch\/wp-content\/uploads\/2020\/07\/Saftpasteur_3610767.jpg","width":1000,"height":1200},{"@type":"BreadcrumbList","@id":"https:\/\/laveba-online.ch\/fr\/produkt\/pasteurisateur-en-spirale-1500-w\/#breadcrumb","itemListElement":[{"@type":"ListItem","position":1,"name":"Startseite","item":"https:\/\/laveba-online.ch\/fr\/"},{"@type":"ListItem","position":2,"name":"Boutique","item":"https:\/\/laveba-online.ch\/fr\/boutique\/"},{"@type":"ListItem","position":3,"name":"Pasteurisateur en spirale 1500 W"}]},{"@type":"WebSite","@id":"https:\/\/laveba-online.ch\/fr\/#website","url":"https:\/\/laveba-online.ch\/fr\/","name":"LAVEBA Online-Shop","description":"LAVEBA ist in der Ostschweiz als Dienstleister, Berater und Partner aktiv. Wir bieten ein breites Spektrum an Angeboten, perfekt zugeschnitten auf die Bed\u00fcrfnisse von Landwirten, Unternehmen, Organisationen und Konsumenten.","publisher":{"@id":"https:\/\/laveba-online.ch\/fr\/#organization"},"potentialAction":[{"@type":"SearchAction","target":{"@type":"EntryPoint","urlTemplate":"https:\/\/laveba-online.ch\/fr\/?s={search_term_string}"},"query-input":"required name=search_term_string"}],"inLanguage":"fr-FR"},{"@type":"Organization","@id":"https:\/\/laveba-online.ch\/fr\/#organization","name":"LAVEBA Genossenschaft","url":"https:\/\/laveba-online.ch\/fr\/","logo":{"@type":"ImageObject","inLanguage":"fr-FR","@id":"https:\/\/laveba-online.ch\/fr\/#\/schema\/logo\/image\/","url":"https:\/\/laveba-online.ch\/wp-content\/uploads\/2020\/07\/lavebalogo2.png","contentUrl":"https:\/\/laveba-online.ch\/wp-content\/uploads\/2020\/07\/lavebalogo2.png","width":250,"height":69,"caption":"LAVEBA Genossenschaft"},"image":{"@id":"https:\/\/laveba-online.ch\/fr\/#\/schema\/logo\/image\/"},"sameAs":["https:\/\/www.facebook.com\/LAVEBA-Genossenschaft-352285445485254","https:\/\/www.instagram.com\/lavebagenossenschaft\/?hl=de"]}]}},"_links":{"self":[{"href":"https:\/\/laveba-online.ch\/fr\/wp-json\/wp\/v2\/product\/7533"}],"collection":[{"href":"https:\/\/laveba-online.ch\/fr\/wp-json\/wp\/v2\/product"}],"about":[{"href":"https:\/\/laveba-online.ch\/fr\/wp-json\/wp\/v2\/types\/product"}],"replies":[{"embeddable":true,"href":"https:\/\/laveba-online.ch\/fr\/wp-json\/wp\/v2\/comments?post=7533"}],"wp:featuredmedia":[{"embeddable":true,"href":"https:\/\/laveba-online.ch\/fr\/wp-json\/wp\/v2\/media\/6170"}],"wp:attachment":[{"href":"https:\/\/laveba-online.ch\/fr\/wp-json\/wp\/v2\/media?parent=7533"}],"wp:term":[{"taxonomy":"product_cat","embeddable":true,"href":"https:\/\/laveba-online.ch\/fr\/wp-json\/wp\/v2\/product_cat?post=7533"},{"taxonomy":"product_tag","embeddable":true,"href":"https:\/\/laveba-online.ch\/fr\/wp-json\/wp\/v2\/product_tag?post=7533"}],"curies":[{"name":"wp","href":"https:\/\/api.w.org\/{rel}","templated":true}]}}