{"id":7528,"date":"2020-07-13T14:03:55","date_gmt":"2020-07-13T12:03:55","guid":{"rendered":"https:\/\/laveba-online.ch\/produkt\/tuyau-de-rechange-pour-trop-plein\/"},"modified":"2020-07-13T14:03:55","modified_gmt":"2020-07-13T12:03:55","slug":"tuyau-de-rechange-pour-trop-plein","status":"publish","type":"product","link":"https:\/\/laveba-online.ch\/fr\/produkt\/tuyau-de-rechange-pour-trop-plein\/","title":{"rendered":"Tuyau de rechange pour trop-plein"},"content":{"rendered":"","protected":false},"excerpt":{"rendered":"<p>Le tuyau de remplacement pour le r\u00e9cup\u00e9rateur de jus est id\u00e9al comme pi\u00e8ce de rechange pour le r\u00e9cup\u00e9rateur de jus propos\u00e9. Le collecteur de jus doit \u00eatre s\u00e9lectionn\u00e9 s\u00e9par\u00e9ment.<\/p>\n","protected":false},"featured_media":14249,"comment_status":"open","ping_status":"closed","template":"","meta":[],"product_cat":[197,195],"product_tag":[],"class_list":{"0":"post-7528","1":"product","2":"type-product","3":"status-publish","4":"has-post-thumbnail","6":"product_cat-pasteur-et-accessoires","7":"product_cat-transformation","9":"first","10":"instock","11":"taxable","12":"shipping-taxable","13":"purchasable","14":"product-type-simple"},"yoast_head":"<!-- This site is optimized with the Yoast SEO plugin v23.1 - https:\/\/yoast.com\/wordpress\/plugins\/seo\/ -->\n<title>Tuyau de rechange pour trop-plein &#8211; LAVEBA Online-Shop<\/title>\n<meta name=\"description\" content=\"Tuyau de rechange pour trop-plein - Le tuyau de remplacement pour le r\u00e9cup\u00e9rateur de jus est id\u00e9al comme pi\u00e8ce de rechange pour le r\u00e9cup\u00e9rateur de jus propos\u00e9. Le collecteur de jus doit \u00eatre s\u00e9lectionn\u00e9 s\u00e9par\u00e9ment. von LAVEBA Online-Shop\" \/>\n<meta name=\"robots\" content=\"index, follow, max-snippet:-1, max-image-preview:large, max-video-preview:-1\" \/>\n<link rel=\"canonical\" href=\"https:\/\/laveba-online.ch\/fr\/produkt\/tuyau-de-rechange-pour-trop-plein\/\" \/>\n<meta property=\"og:locale\" content=\"fr_FR\" \/>\n<meta property=\"og:type\" content=\"article\" \/>\n<meta property=\"og:title\" content=\"Tuyau de rechange pour trop-plein &#8211; LAVEBA Online-Shop\" \/>\n<meta property=\"og:description\" content=\"Tuyau de rechange pour trop-plein - Le tuyau de remplacement pour le r\u00e9cup\u00e9rateur de jus est id\u00e9al comme pi\u00e8ce de rechange pour le r\u00e9cup\u00e9rateur de jus propos\u00e9. Le collecteur de jus doit \u00eatre s\u00e9lectionn\u00e9 s\u00e9par\u00e9ment. von LAVEBA Online-Shop\" \/>\n<meta property=\"og:url\" content=\"https:\/\/laveba-online.ch\/fr\/produkt\/tuyau-de-rechange-pour-trop-plein\/\" \/>\n<meta property=\"og:site_name\" content=\"LAVEBA Online-Shop\" \/>\n<meta property=\"article:publisher\" content=\"https:\/\/www.facebook.com\/LAVEBA-Genossenschaft-352285445485254\" \/>\n<meta property=\"og:image\" content=\"https:\/\/laveba-online.ch\/wp-content\/uploads\/2020\/07\/Ersatz-Schlauch-fuer-Saftauffaenger-3600064-scaled.jpg\" \/>\n\t<meta property=\"og:image:width\" content=\"2134\" \/>\n\t<meta property=\"og:image:height\" content=\"2560\" \/>\n\t<meta property=\"og:image:type\" content=\"image\/jpeg\" \/>\n<meta name=\"twitter:card\" content=\"summary_large_image\" \/>\n<script type=\"application\/ld+json\" class=\"yoast-schema-graph\">{\"@context\":\"https:\/\/schema.org\",\"@graph\":[{\"@type\":[\"WebPage\",\"ItemPage\"],\"@id\":\"https:\/\/laveba-online.ch\/fr\/produkt\/tuyau-de-rechange-pour-trop-plein\/\",\"url\":\"https:\/\/laveba-online.ch\/fr\/produkt\/tuyau-de-rechange-pour-trop-plein\/\",\"name\":\"Tuyau de rechange pour trop-plein &#8211; LAVEBA Online-Shop\",\"isPartOf\":{\"@id\":\"https:\/\/laveba-online.ch\/fr\/#website\"},\"primaryImageOfPage\":{\"@id\":\"https:\/\/laveba-online.ch\/fr\/produkt\/tuyau-de-rechange-pour-trop-plein\/#primaryimage\"},\"image\":{\"@id\":\"https:\/\/laveba-online.ch\/fr\/produkt\/tuyau-de-rechange-pour-trop-plein\/#primaryimage\"},\"thumbnailUrl\":\"https:\/\/laveba-online.ch\/wp-content\/uploads\/2020\/07\/Ersatz-Schlauch-fuer-Saftauffaenger-3600064-scaled.jpg\",\"datePublished\":\"2020-07-13T12:03:55+00:00\",\"dateModified\":\"2020-07-13T12:03:55+00:00\",\"description\":\"Tuyau de rechange pour trop-plein - Le tuyau de remplacement pour le r\u00e9cup\u00e9rateur de jus est id\u00e9al comme pi\u00e8ce de rechange pour le r\u00e9cup\u00e9rateur de jus propos\u00e9. Le collecteur de jus doit \u00eatre s\u00e9lectionn\u00e9 s\u00e9par\u00e9ment. von LAVEBA Online-Shop\",\"breadcrumb\":{\"@id\":\"https:\/\/laveba-online.ch\/fr\/produkt\/tuyau-de-rechange-pour-trop-plein\/#breadcrumb\"},\"inLanguage\":\"fr-FR\",\"potentialAction\":[{\"@type\":\"ReadAction\",\"target\":[\"https:\/\/laveba-online.ch\/fr\/produkt\/tuyau-de-rechange-pour-trop-plein\/\"]}]},{\"@type\":\"ImageObject\",\"inLanguage\":\"fr-FR\",\"@id\":\"https:\/\/laveba-online.ch\/fr\/produkt\/tuyau-de-rechange-pour-trop-plein\/#primaryimage\",\"url\":\"https:\/\/laveba-online.ch\/wp-content\/uploads\/2020\/07\/Ersatz-Schlauch-fuer-Saftauffaenger-3600064-scaled.jpg\",\"contentUrl\":\"https:\/\/laveba-online.ch\/wp-content\/uploads\/2020\/07\/Ersatz-Schlauch-fuer-Saftauffaenger-3600064-scaled.jpg\",\"width\":2134,\"height\":2560},{\"@type\":\"BreadcrumbList\",\"@id\":\"https:\/\/laveba-online.ch\/fr\/produkt\/tuyau-de-rechange-pour-trop-plein\/#breadcrumb\",\"itemListElement\":[{\"@type\":\"ListItem\",\"position\":1,\"name\":\"Startseite\",\"item\":\"https:\/\/laveba-online.ch\/fr\/\"},{\"@type\":\"ListItem\",\"position\":2,\"name\":\"Boutique\",\"item\":\"https:\/\/laveba-online.ch\/fr\/boutique\/\"},{\"@type\":\"ListItem\",\"position\":3,\"name\":\"Tuyau de rechange pour trop-plein\"}]},{\"@type\":\"WebSite\",\"@id\":\"https:\/\/laveba-online.ch\/fr\/#website\",\"url\":\"https:\/\/laveba-online.ch\/fr\/\",\"name\":\"LAVEBA Online-Shop\",\"description\":\"LAVEBA ist in der Ostschweiz als Dienstleister, Berater und Partner aktiv. Wir bieten ein breites Spektrum an Angeboten, perfekt zugeschnitten auf die Bed\u00fcrfnisse von Landwirten, Unternehmen, Organisationen und Konsumenten.\",\"publisher\":{\"@id\":\"https:\/\/laveba-online.ch\/fr\/#organization\"},\"potentialAction\":[{\"@type\":\"SearchAction\",\"target\":{\"@type\":\"EntryPoint\",\"urlTemplate\":\"https:\/\/laveba-online.ch\/fr\/?s={search_term_string}\"},\"query-input\":\"required name=search_term_string\"}],\"inLanguage\":\"fr-FR\"},{\"@type\":\"Organization\",\"@id\":\"https:\/\/laveba-online.ch\/fr\/#organization\",\"name\":\"LAVEBA Genossenschaft\",\"url\":\"https:\/\/laveba-online.ch\/fr\/\",\"logo\":{\"@type\":\"ImageObject\",\"inLanguage\":\"fr-FR\",\"@id\":\"https:\/\/laveba-online.ch\/fr\/#\/schema\/logo\/image\/\",\"url\":\"https:\/\/laveba-online.ch\/wp-content\/uploads\/2020\/07\/lavebalogo2.png\",\"contentUrl\":\"https:\/\/laveba-online.ch\/wp-content\/uploads\/2020\/07\/lavebalogo2.png\",\"width\":250,\"height\":69,\"caption\":\"LAVEBA Genossenschaft\"},\"image\":{\"@id\":\"https:\/\/laveba-online.ch\/fr\/#\/schema\/logo\/image\/\"},\"sameAs\":[\"https:\/\/www.facebook.com\/LAVEBA-Genossenschaft-352285445485254\",\"https:\/\/www.instagram.com\/lavebagenossenschaft\/?hl=de\"]}]}<\/script>\n<!-- \/ Yoast SEO plugin. -->","yoast_head_json":{"title":"Tuyau de rechange pour trop-plein &#8211; LAVEBA Online-Shop","description":"Tuyau de rechange pour trop-plein - Le tuyau de remplacement pour le r\u00e9cup\u00e9rateur de jus est id\u00e9al comme pi\u00e8ce de rechange pour le r\u00e9cup\u00e9rateur de jus propos\u00e9. Le collecteur de jus doit \u00eatre s\u00e9lectionn\u00e9 s\u00e9par\u00e9ment. von LAVEBA Online-Shop","robots":{"index":"index","follow":"follow","max-snippet":"max-snippet:-1","max-image-preview":"max-image-preview:large","max-video-preview":"max-video-preview:-1"},"canonical":"https:\/\/laveba-online.ch\/fr\/produkt\/tuyau-de-rechange-pour-trop-plein\/","og_locale":"fr_FR","og_type":"article","og_title":"Tuyau de rechange pour trop-plein &#8211; LAVEBA Online-Shop","og_description":"Tuyau de rechange pour trop-plein - Le tuyau de remplacement pour le r\u00e9cup\u00e9rateur de jus est id\u00e9al comme pi\u00e8ce de rechange pour le r\u00e9cup\u00e9rateur de jus propos\u00e9. Le collecteur de jus doit \u00eatre s\u00e9lectionn\u00e9 s\u00e9par\u00e9ment. von LAVEBA Online-Shop","og_url":"https:\/\/laveba-online.ch\/fr\/produkt\/tuyau-de-rechange-pour-trop-plein\/","og_site_name":"LAVEBA Online-Shop","article_publisher":"https:\/\/www.facebook.com\/LAVEBA-Genossenschaft-352285445485254","og_image":[{"width":2134,"height":2560,"url":"https:\/\/laveba-online.ch\/wp-content\/uploads\/2020\/07\/Ersatz-Schlauch-fuer-Saftauffaenger-3600064-scaled.jpg","type":"image\/jpeg"}],"twitter_card":"summary_large_image","schema":{"@context":"https:\/\/schema.org","@graph":[{"@type":["WebPage","ItemPage"],"@id":"https:\/\/laveba-online.ch\/fr\/produkt\/tuyau-de-rechange-pour-trop-plein\/","url":"https:\/\/laveba-online.ch\/fr\/produkt\/tuyau-de-rechange-pour-trop-plein\/","name":"Tuyau de rechange pour trop-plein &#8211; LAVEBA Online-Shop","isPartOf":{"@id":"https:\/\/laveba-online.ch\/fr\/#website"},"primaryImageOfPage":{"@id":"https:\/\/laveba-online.ch\/fr\/produkt\/tuyau-de-rechange-pour-trop-plein\/#primaryimage"},"image":{"@id":"https:\/\/laveba-online.ch\/fr\/produkt\/tuyau-de-rechange-pour-trop-plein\/#primaryimage"},"thumbnailUrl":"https:\/\/laveba-online.ch\/wp-content\/uploads\/2020\/07\/Ersatz-Schlauch-fuer-Saftauffaenger-3600064-scaled.jpg","datePublished":"2020-07-13T12:03:55+00:00","dateModified":"2020-07-13T12:03:55+00:00","description":"Tuyau de rechange pour trop-plein - Le tuyau de remplacement pour le r\u00e9cup\u00e9rateur de jus est id\u00e9al comme pi\u00e8ce de rechange pour le r\u00e9cup\u00e9rateur de jus propos\u00e9. Le collecteur de jus doit \u00eatre s\u00e9lectionn\u00e9 s\u00e9par\u00e9ment. von LAVEBA Online-Shop","breadcrumb":{"@id":"https:\/\/laveba-online.ch\/fr\/produkt\/tuyau-de-rechange-pour-trop-plein\/#breadcrumb"},"inLanguage":"fr-FR","potentialAction":[{"@type":"ReadAction","target":["https:\/\/laveba-online.ch\/fr\/produkt\/tuyau-de-rechange-pour-trop-plein\/"]}]},{"@type":"ImageObject","inLanguage":"fr-FR","@id":"https:\/\/laveba-online.ch\/fr\/produkt\/tuyau-de-rechange-pour-trop-plein\/#primaryimage","url":"https:\/\/laveba-online.ch\/wp-content\/uploads\/2020\/07\/Ersatz-Schlauch-fuer-Saftauffaenger-3600064-scaled.jpg","contentUrl":"https:\/\/laveba-online.ch\/wp-content\/uploads\/2020\/07\/Ersatz-Schlauch-fuer-Saftauffaenger-3600064-scaled.jpg","width":2134,"height":2560},{"@type":"BreadcrumbList","@id":"https:\/\/laveba-online.ch\/fr\/produkt\/tuyau-de-rechange-pour-trop-plein\/#breadcrumb","itemListElement":[{"@type":"ListItem","position":1,"name":"Startseite","item":"https:\/\/laveba-online.ch\/fr\/"},{"@type":"ListItem","position":2,"name":"Boutique","item":"https:\/\/laveba-online.ch\/fr\/boutique\/"},{"@type":"ListItem","position":3,"name":"Tuyau de rechange pour trop-plein"}]},{"@type":"WebSite","@id":"https:\/\/laveba-online.ch\/fr\/#website","url":"https:\/\/laveba-online.ch\/fr\/","name":"LAVEBA Online-Shop","description":"LAVEBA ist in der Ostschweiz als Dienstleister, Berater und Partner aktiv. Wir bieten ein breites Spektrum an Angeboten, perfekt zugeschnitten auf die Bed\u00fcrfnisse von Landwirten, Unternehmen, Organisationen und Konsumenten.","publisher":{"@id":"https:\/\/laveba-online.ch\/fr\/#organization"},"potentialAction":[{"@type":"SearchAction","target":{"@type":"EntryPoint","urlTemplate":"https:\/\/laveba-online.ch\/fr\/?s={search_term_string}"},"query-input":"required name=search_term_string"}],"inLanguage":"fr-FR"},{"@type":"Organization","@id":"https:\/\/laveba-online.ch\/fr\/#organization","name":"LAVEBA Genossenschaft","url":"https:\/\/laveba-online.ch\/fr\/","logo":{"@type":"ImageObject","inLanguage":"fr-FR","@id":"https:\/\/laveba-online.ch\/fr\/#\/schema\/logo\/image\/","url":"https:\/\/laveba-online.ch\/wp-content\/uploads\/2020\/07\/lavebalogo2.png","contentUrl":"https:\/\/laveba-online.ch\/wp-content\/uploads\/2020\/07\/lavebalogo2.png","width":250,"height":69,"caption":"LAVEBA Genossenschaft"},"image":{"@id":"https:\/\/laveba-online.ch\/fr\/#\/schema\/logo\/image\/"},"sameAs":["https:\/\/www.facebook.com\/LAVEBA-Genossenschaft-352285445485254","https:\/\/www.instagram.com\/lavebagenossenschaft\/?hl=de"]}]}},"_links":{"self":[{"href":"https:\/\/laveba-online.ch\/fr\/wp-json\/wp\/v2\/product\/7528"}],"collection":[{"href":"https:\/\/laveba-online.ch\/fr\/wp-json\/wp\/v2\/product"}],"about":[{"href":"https:\/\/laveba-online.ch\/fr\/wp-json\/wp\/v2\/types\/product"}],"replies":[{"embeddable":true,"href":"https:\/\/laveba-online.ch\/fr\/wp-json\/wp\/v2\/comments?post=7528"}],"wp:featuredmedia":[{"embeddable":true,"href":"https:\/\/laveba-online.ch\/fr\/wp-json\/wp\/v2\/media\/14249"}],"wp:attachment":[{"href":"https:\/\/laveba-online.ch\/fr\/wp-json\/wp\/v2\/media?parent=7528"}],"wp:term":[{"taxonomy":"product_cat","embeddable":true,"href":"https:\/\/laveba-online.ch\/fr\/wp-json\/wp\/v2\/product_cat?post=7528"},{"taxonomy":"product_tag","embeddable":true,"href":"https:\/\/laveba-online.ch\/fr\/wp-json\/wp\/v2\/product_tag?post=7528"}],"curies":[{"name":"wp","href":"https:\/\/api.w.org\/{rel}","templated":true}]}}