{"id":7527,"date":"2020-07-13T14:04:22","date_gmt":"2020-07-13T12:04:22","guid":{"rendered":"https:\/\/laveba-online.ch\/produkt\/rouleau-de-sacs-a-bretelles-220-x-110-x-450-mm\/"},"modified":"2020-07-13T14:04:22","modified_gmt":"2020-07-13T12:04:22","slug":"rouleau-de-sacs-a-bretelles-220-x-110-x-450-mm","status":"publish","type":"product","link":"https:\/\/laveba-online.ch\/fr\/produkt\/rouleau-de-sacs-a-bretelles-220-x-110-x-450-mm\/","title":{"rendered":"Rouleau de sacs \u00e0 bretelles 220 x 110 x 450 mm"},"content":{"rendered":"","protected":false},"excerpt":{"rendered":"<p>Les sacs \u00e0 craquelins transparents et non imprim\u00e9s sont id\u00e9aux pour remplir de petites quantit\u00e9s de fruits et l\u00e9gumes \u00e0 vendre sur place dans le magasin de la ferme.<\/p>\n","protected":false},"featured_media":6487,"comment_status":"open","ping_status":"closed","template":"","meta":[],"product_cat":[200,201],"product_tag":[],"class_list":{"0":"post-7527","1":"product","2":"type-product","3":"status-publish","4":"has-post-thumbnail","6":"product_cat-emballage","7":"product_cat-sacs-et-sachets","9":"first","10":"instock","11":"taxable","12":"shipping-taxable","13":"purchasable","14":"product-type-simple"},"yoast_head":"<!-- This site is optimized with the Yoast SEO plugin v23.1 - https:\/\/yoast.com\/wordpress\/plugins\/seo\/ -->\n<title>Rouleau de sacs \u00e0 bretelles 220 x 110 x 450 mm &#8211; LAVEBA Online-Shop<\/title>\n<meta name=\"description\" content=\"Rouleau de sacs \u00e0 bretelles 220 x 110 x 450 mm - Les sacs \u00e0 craquelins transparents et non imprim\u00e9s sont id\u00e9aux pour remplir de petites quantit\u00e9s de fruits et l\u00e9gumes \u00e0 vendre sur place dans le magasin de la ferme. von LAVEBA Online-Shop\" \/>\n<meta name=\"robots\" content=\"index, follow, max-snippet:-1, max-image-preview:large, max-video-preview:-1\" \/>\n<link rel=\"canonical\" href=\"https:\/\/laveba-online.ch\/fr\/produkt\/rouleau-de-sacs-a-bretelles-220-x-110-x-450-mm\/\" \/>\n<meta property=\"og:locale\" content=\"fr_FR\" \/>\n<meta property=\"og:type\" content=\"article\" \/>\n<meta property=\"og:title\" content=\"Rouleau de sacs \u00e0 bretelles 220 x 110 x 450 mm &#8211; LAVEBA Online-Shop\" \/>\n<meta property=\"og:description\" content=\"Rouleau de sacs \u00e0 bretelles 220 x 110 x 450 mm - Les sacs \u00e0 craquelins transparents et non imprim\u00e9s sont id\u00e9aux pour remplir de petites quantit\u00e9s de fruits et l\u00e9gumes \u00e0 vendre sur place dans le magasin de la ferme. von LAVEBA Online-Shop\" \/>\n<meta property=\"og:url\" content=\"https:\/\/laveba-online.ch\/fr\/produkt\/rouleau-de-sacs-a-bretelles-220-x-110-x-450-mm\/\" \/>\n<meta property=\"og:site_name\" content=\"LAVEBA Online-Shop\" \/>\n<meta property=\"article:publisher\" content=\"https:\/\/www.facebook.com\/LAVEBA-Genossenschaft-352285445485254\" \/>\n<meta property=\"og:image\" content=\"https:\/\/laveba-online.ch\/wp-content\/uploads\/2020\/07\/Knotenbeutel_3617278.jpg\" \/>\n\t<meta property=\"og:image:width\" content=\"1000\" \/>\n\t<meta property=\"og:image:height\" content=\"1200\" \/>\n\t<meta property=\"og:image:type\" content=\"image\/jpeg\" \/>\n<meta name=\"twitter:card\" content=\"summary_large_image\" \/>\n<script type=\"application\/ld+json\" class=\"yoast-schema-graph\">{\"@context\":\"https:\/\/schema.org\",\"@graph\":[{\"@type\":[\"WebPage\",\"ItemPage\"],\"@id\":\"https:\/\/laveba-online.ch\/fr\/produkt\/rouleau-de-sacs-a-bretelles-220-x-110-x-450-mm\/\",\"url\":\"https:\/\/laveba-online.ch\/fr\/produkt\/rouleau-de-sacs-a-bretelles-220-x-110-x-450-mm\/\",\"name\":\"Rouleau de sacs \u00e0 bretelles 220 x 110 x 450 mm &#8211; LAVEBA Online-Shop\",\"isPartOf\":{\"@id\":\"https:\/\/laveba-online.ch\/fr\/#website\"},\"primaryImageOfPage\":{\"@id\":\"https:\/\/laveba-online.ch\/fr\/produkt\/rouleau-de-sacs-a-bretelles-220-x-110-x-450-mm\/#primaryimage\"},\"image\":{\"@id\":\"https:\/\/laveba-online.ch\/fr\/produkt\/rouleau-de-sacs-a-bretelles-220-x-110-x-450-mm\/#primaryimage\"},\"thumbnailUrl\":\"https:\/\/laveba-online.ch\/wp-content\/uploads\/2020\/07\/Knotenbeutel_3617278.jpg\",\"datePublished\":\"2020-07-13T12:04:22+00:00\",\"dateModified\":\"2020-07-13T12:04:22+00:00\",\"description\":\"Rouleau de sacs \u00e0 bretelles 220 x 110 x 450 mm - Les sacs \u00e0 craquelins transparents et non imprim\u00e9s sont id\u00e9aux pour remplir de petites quantit\u00e9s de fruits et l\u00e9gumes \u00e0 vendre sur place dans le magasin de la ferme. von LAVEBA Online-Shop\",\"breadcrumb\":{\"@id\":\"https:\/\/laveba-online.ch\/fr\/produkt\/rouleau-de-sacs-a-bretelles-220-x-110-x-450-mm\/#breadcrumb\"},\"inLanguage\":\"fr-FR\",\"potentialAction\":[{\"@type\":\"ReadAction\",\"target\":[\"https:\/\/laveba-online.ch\/fr\/produkt\/rouleau-de-sacs-a-bretelles-220-x-110-x-450-mm\/\"]}]},{\"@type\":\"ImageObject\",\"inLanguage\":\"fr-FR\",\"@id\":\"https:\/\/laveba-online.ch\/fr\/produkt\/rouleau-de-sacs-a-bretelles-220-x-110-x-450-mm\/#primaryimage\",\"url\":\"https:\/\/laveba-online.ch\/wp-content\/uploads\/2020\/07\/Knotenbeutel_3617278.jpg\",\"contentUrl\":\"https:\/\/laveba-online.ch\/wp-content\/uploads\/2020\/07\/Knotenbeutel_3617278.jpg\",\"width\":1000,\"height\":1200},{\"@type\":\"BreadcrumbList\",\"@id\":\"https:\/\/laveba-online.ch\/fr\/produkt\/rouleau-de-sacs-a-bretelles-220-x-110-x-450-mm\/#breadcrumb\",\"itemListElement\":[{\"@type\":\"ListItem\",\"position\":1,\"name\":\"Startseite\",\"item\":\"https:\/\/laveba-online.ch\/fr\/\"},{\"@type\":\"ListItem\",\"position\":2,\"name\":\"Boutique\",\"item\":\"https:\/\/laveba-online.ch\/fr\/boutique\/\"},{\"@type\":\"ListItem\",\"position\":3,\"name\":\"Rouleau de sacs \u00e0 bretelles 220 x 110 x 450 mm\"}]},{\"@type\":\"WebSite\",\"@id\":\"https:\/\/laveba-online.ch\/fr\/#website\",\"url\":\"https:\/\/laveba-online.ch\/fr\/\",\"name\":\"LAVEBA Online-Shop\",\"description\":\"LAVEBA ist in der Ostschweiz als Dienstleister, Berater und Partner aktiv. Wir bieten ein breites Spektrum an Angeboten, perfekt zugeschnitten auf die Bed\u00fcrfnisse von Landwirten, Unternehmen, Organisationen und Konsumenten.\",\"publisher\":{\"@id\":\"https:\/\/laveba-online.ch\/fr\/#organization\"},\"potentialAction\":[{\"@type\":\"SearchAction\",\"target\":{\"@type\":\"EntryPoint\",\"urlTemplate\":\"https:\/\/laveba-online.ch\/fr\/?s={search_term_string}\"},\"query-input\":\"required name=search_term_string\"}],\"inLanguage\":\"fr-FR\"},{\"@type\":\"Organization\",\"@id\":\"https:\/\/laveba-online.ch\/fr\/#organization\",\"name\":\"LAVEBA Genossenschaft\",\"url\":\"https:\/\/laveba-online.ch\/fr\/\",\"logo\":{\"@type\":\"ImageObject\",\"inLanguage\":\"fr-FR\",\"@id\":\"https:\/\/laveba-online.ch\/fr\/#\/schema\/logo\/image\/\",\"url\":\"https:\/\/laveba-online.ch\/wp-content\/uploads\/2020\/07\/lavebalogo2.png\",\"contentUrl\":\"https:\/\/laveba-online.ch\/wp-content\/uploads\/2020\/07\/lavebalogo2.png\",\"width\":250,\"height\":69,\"caption\":\"LAVEBA Genossenschaft\"},\"image\":{\"@id\":\"https:\/\/laveba-online.ch\/fr\/#\/schema\/logo\/image\/\"},\"sameAs\":[\"https:\/\/www.facebook.com\/LAVEBA-Genossenschaft-352285445485254\",\"https:\/\/www.instagram.com\/lavebagenossenschaft\/?hl=de\"]}]}<\/script>\n<!-- \/ Yoast SEO plugin. -->","yoast_head_json":{"title":"Rouleau de sacs \u00e0 bretelles 220 x 110 x 450 mm &#8211; LAVEBA Online-Shop","description":"Rouleau de sacs \u00e0 bretelles 220 x 110 x 450 mm - Les sacs \u00e0 craquelins transparents et non imprim\u00e9s sont id\u00e9aux pour remplir de petites quantit\u00e9s de fruits et l\u00e9gumes \u00e0 vendre sur place dans le magasin de la ferme. von LAVEBA Online-Shop","robots":{"index":"index","follow":"follow","max-snippet":"max-snippet:-1","max-image-preview":"max-image-preview:large","max-video-preview":"max-video-preview:-1"},"canonical":"https:\/\/laveba-online.ch\/fr\/produkt\/rouleau-de-sacs-a-bretelles-220-x-110-x-450-mm\/","og_locale":"fr_FR","og_type":"article","og_title":"Rouleau de sacs \u00e0 bretelles 220 x 110 x 450 mm &#8211; LAVEBA Online-Shop","og_description":"Rouleau de sacs \u00e0 bretelles 220 x 110 x 450 mm - Les sacs \u00e0 craquelins transparents et non imprim\u00e9s sont id\u00e9aux pour remplir de petites quantit\u00e9s de fruits et l\u00e9gumes \u00e0 vendre sur place dans le magasin de la ferme. von LAVEBA Online-Shop","og_url":"https:\/\/laveba-online.ch\/fr\/produkt\/rouleau-de-sacs-a-bretelles-220-x-110-x-450-mm\/","og_site_name":"LAVEBA Online-Shop","article_publisher":"https:\/\/www.facebook.com\/LAVEBA-Genossenschaft-352285445485254","og_image":[{"width":1000,"height":1200,"url":"https:\/\/laveba-online.ch\/wp-content\/uploads\/2020\/07\/Knotenbeutel_3617278.jpg","type":"image\/jpeg"}],"twitter_card":"summary_large_image","schema":{"@context":"https:\/\/schema.org","@graph":[{"@type":["WebPage","ItemPage"],"@id":"https:\/\/laveba-online.ch\/fr\/produkt\/rouleau-de-sacs-a-bretelles-220-x-110-x-450-mm\/","url":"https:\/\/laveba-online.ch\/fr\/produkt\/rouleau-de-sacs-a-bretelles-220-x-110-x-450-mm\/","name":"Rouleau de sacs \u00e0 bretelles 220 x 110 x 450 mm &#8211; LAVEBA Online-Shop","isPartOf":{"@id":"https:\/\/laveba-online.ch\/fr\/#website"},"primaryImageOfPage":{"@id":"https:\/\/laveba-online.ch\/fr\/produkt\/rouleau-de-sacs-a-bretelles-220-x-110-x-450-mm\/#primaryimage"},"image":{"@id":"https:\/\/laveba-online.ch\/fr\/produkt\/rouleau-de-sacs-a-bretelles-220-x-110-x-450-mm\/#primaryimage"},"thumbnailUrl":"https:\/\/laveba-online.ch\/wp-content\/uploads\/2020\/07\/Knotenbeutel_3617278.jpg","datePublished":"2020-07-13T12:04:22+00:00","dateModified":"2020-07-13T12:04:22+00:00","description":"Rouleau de sacs \u00e0 bretelles 220 x 110 x 450 mm - Les sacs \u00e0 craquelins transparents et non imprim\u00e9s sont id\u00e9aux pour remplir de petites quantit\u00e9s de fruits et l\u00e9gumes \u00e0 vendre sur place dans le magasin de la ferme. von LAVEBA Online-Shop","breadcrumb":{"@id":"https:\/\/laveba-online.ch\/fr\/produkt\/rouleau-de-sacs-a-bretelles-220-x-110-x-450-mm\/#breadcrumb"},"inLanguage":"fr-FR","potentialAction":[{"@type":"ReadAction","target":["https:\/\/laveba-online.ch\/fr\/produkt\/rouleau-de-sacs-a-bretelles-220-x-110-x-450-mm\/"]}]},{"@type":"ImageObject","inLanguage":"fr-FR","@id":"https:\/\/laveba-online.ch\/fr\/produkt\/rouleau-de-sacs-a-bretelles-220-x-110-x-450-mm\/#primaryimage","url":"https:\/\/laveba-online.ch\/wp-content\/uploads\/2020\/07\/Knotenbeutel_3617278.jpg","contentUrl":"https:\/\/laveba-online.ch\/wp-content\/uploads\/2020\/07\/Knotenbeutel_3617278.jpg","width":1000,"height":1200},{"@type":"BreadcrumbList","@id":"https:\/\/laveba-online.ch\/fr\/produkt\/rouleau-de-sacs-a-bretelles-220-x-110-x-450-mm\/#breadcrumb","itemListElement":[{"@type":"ListItem","position":1,"name":"Startseite","item":"https:\/\/laveba-online.ch\/fr\/"},{"@type":"ListItem","position":2,"name":"Boutique","item":"https:\/\/laveba-online.ch\/fr\/boutique\/"},{"@type":"ListItem","position":3,"name":"Rouleau de sacs \u00e0 bretelles 220 x 110 x 450 mm"}]},{"@type":"WebSite","@id":"https:\/\/laveba-online.ch\/fr\/#website","url":"https:\/\/laveba-online.ch\/fr\/","name":"LAVEBA Online-Shop","description":"LAVEBA ist in der Ostschweiz als Dienstleister, Berater und Partner aktiv. Wir bieten ein breites Spektrum an Angeboten, perfekt zugeschnitten auf die Bed\u00fcrfnisse von Landwirten, Unternehmen, Organisationen und Konsumenten.","publisher":{"@id":"https:\/\/laveba-online.ch\/fr\/#organization"},"potentialAction":[{"@type":"SearchAction","target":{"@type":"EntryPoint","urlTemplate":"https:\/\/laveba-online.ch\/fr\/?s={search_term_string}"},"query-input":"required name=search_term_string"}],"inLanguage":"fr-FR"},{"@type":"Organization","@id":"https:\/\/laveba-online.ch\/fr\/#organization","name":"LAVEBA Genossenschaft","url":"https:\/\/laveba-online.ch\/fr\/","logo":{"@type":"ImageObject","inLanguage":"fr-FR","@id":"https:\/\/laveba-online.ch\/fr\/#\/schema\/logo\/image\/","url":"https:\/\/laveba-online.ch\/wp-content\/uploads\/2020\/07\/lavebalogo2.png","contentUrl":"https:\/\/laveba-online.ch\/wp-content\/uploads\/2020\/07\/lavebalogo2.png","width":250,"height":69,"caption":"LAVEBA Genossenschaft"},"image":{"@id":"https:\/\/laveba-online.ch\/fr\/#\/schema\/logo\/image\/"},"sameAs":["https:\/\/www.facebook.com\/LAVEBA-Genossenschaft-352285445485254","https:\/\/www.instagram.com\/lavebagenossenschaft\/?hl=de"]}]}},"_links":{"self":[{"href":"https:\/\/laveba-online.ch\/fr\/wp-json\/wp\/v2\/product\/7527"}],"collection":[{"href":"https:\/\/laveba-online.ch\/fr\/wp-json\/wp\/v2\/product"}],"about":[{"href":"https:\/\/laveba-online.ch\/fr\/wp-json\/wp\/v2\/types\/product"}],"replies":[{"embeddable":true,"href":"https:\/\/laveba-online.ch\/fr\/wp-json\/wp\/v2\/comments?post=7527"}],"wp:featuredmedia":[{"embeddable":true,"href":"https:\/\/laveba-online.ch\/fr\/wp-json\/wp\/v2\/media\/6487"}],"wp:attachment":[{"href":"https:\/\/laveba-online.ch\/fr\/wp-json\/wp\/v2\/media?parent=7527"}],"wp:term":[{"taxonomy":"product_cat","embeddable":true,"href":"https:\/\/laveba-online.ch\/fr\/wp-json\/wp\/v2\/product_cat?post=7527"},{"taxonomy":"product_tag","embeddable":true,"href":"https:\/\/laveba-online.ch\/fr\/wp-json\/wp\/v2\/product_tag?post=7527"}],"curies":[{"name":"wp","href":"https:\/\/api.w.org\/{rel}","templated":true}]}}