{"id":7511,"date":"2020-07-13T14:11:37","date_gmt":"2020-07-13T12:11:37","guid":{"rendered":"https:\/\/laveba-online.ch\/produkt\/novoclair-speed-g\/"},"modified":"2020-07-13T14:11:37","modified_gmt":"2020-07-13T12:11:37","slug":"novoclair-speed-g","status":"publish","type":"product","link":"https:\/\/laveba-online.ch\/fr\/produkt\/novoclair-speed-g\/","title":{"rendered":"Novoclair speed (G)"},"content":{"rendered":"","protected":false},"excerpt":{"rendered":"<p>Produit enzymatique tr\u00e8s efficace qui acc\u00e9l\u00e8re la clarification des mo\u00fbts difficiles \u00e0 pH bas et \u00e0 forte teneur en pectine. De plus, Novoclair Speed \u200b\u200br\u00e9duit les co\u00fbts d&#8217;\u00e9nergie et de processus et r\u00e9duit le volume de s\u00e9diments. De cette mani\u00e8re, le produit assure un profil d&#8217;ar\u00f4me plus frais et fruit\u00e9.<\/p>\n","protected":false},"featured_media":6174,"comment_status":"open","ping_status":"closed","template":"","meta":[],"product_cat":[198,195],"product_tag":[],"class_list":{"0":"post-7511","1":"product","2":"type-product","3":"status-publish","4":"has-post-thumbnail","6":"product_cat-traitement-de-jus","7":"product_cat-transformation","9":"first","10":"instock","11":"taxable","12":"shipping-taxable","13":"purchasable","14":"product-type-variable"},"yoast_head":"<!-- This site is optimized with the Yoast SEO plugin v23.1 - https:\/\/yoast.com\/wordpress\/plugins\/seo\/ -->\n<title>Novoclair speed (G) &#8211; LAVEBA Online-Shop<\/title>\n<meta name=\"description\" content=\"Novoclair speed (G) - Produit enzymatique tr\u00e8s efficace qui acc\u00e9l\u00e8re la clarification des mo\u00fbts difficiles \u00e0 pH bas et \u00e0 forte teneur en pectine. De plus, Novoclair Speed \u200b\u200br\u00e9duit les co\u00fbts d&#039;\u00e9nergie et de processus et r\u00e9duit le volume de s\u00e9diments. De cette mani\u00e8re, le produit assure un profil d&#039;ar\u00f4me plus frais et fruit\u00e9. von LAVEBA Online-Shop\" \/>\n<meta name=\"robots\" content=\"index, follow, max-snippet:-1, max-image-preview:large, max-video-preview:-1\" \/>\n<link rel=\"canonical\" href=\"https:\/\/laveba-online.ch\/fr\/produkt\/novoclair-speed-g\/\" \/>\n<meta property=\"og:locale\" content=\"fr_FR\" \/>\n<meta property=\"og:type\" content=\"article\" \/>\n<meta property=\"og:title\" content=\"Novoclair speed (G) &#8211; LAVEBA Online-Shop\" \/>\n<meta property=\"og:description\" content=\"Novoclair speed (G) - Produit enzymatique tr\u00e8s efficace qui acc\u00e9l\u00e8re la clarification des mo\u00fbts difficiles \u00e0 pH bas et \u00e0 forte teneur en pectine. De plus, Novoclair Speed \u200b\u200br\u00e9duit les co\u00fbts d&#039;\u00e9nergie et de processus et r\u00e9duit le volume de s\u00e9diments. De cette mani\u00e8re, le produit assure un profil d&#039;ar\u00f4me plus frais et fruit\u00e9. von LAVEBA Online-Shop\" \/>\n<meta property=\"og:url\" content=\"https:\/\/laveba-online.ch\/fr\/produkt\/novoclair-speed-g\/\" \/>\n<meta property=\"og:site_name\" content=\"LAVEBA Online-Shop\" \/>\n<meta property=\"article:publisher\" content=\"https:\/\/www.facebook.com\/LAVEBA-Genossenschaft-352285445485254\" \/>\n<meta property=\"og:image\" content=\"https:\/\/laveba-online.ch\/wp-content\/uploads\/2020\/07\/Novoclair_3617308.jpg\" \/>\n\t<meta property=\"og:image:width\" content=\"1000\" \/>\n\t<meta property=\"og:image:height\" content=\"1200\" \/>\n\t<meta property=\"og:image:type\" content=\"image\/jpeg\" \/>\n<meta name=\"twitter:card\" content=\"summary_large_image\" \/>\n<script type=\"application\/ld+json\" class=\"yoast-schema-graph\">{\"@context\":\"https:\/\/schema.org\",\"@graph\":[{\"@type\":[\"WebPage\",\"ItemPage\"],\"@id\":\"https:\/\/laveba-online.ch\/fr\/produkt\/novoclair-speed-g\/\",\"url\":\"https:\/\/laveba-online.ch\/fr\/produkt\/novoclair-speed-g\/\",\"name\":\"Novoclair speed (G) &#8211; LAVEBA Online-Shop\",\"isPartOf\":{\"@id\":\"https:\/\/laveba-online.ch\/fr\/#website\"},\"primaryImageOfPage\":{\"@id\":\"https:\/\/laveba-online.ch\/fr\/produkt\/novoclair-speed-g\/#primaryimage\"},\"image\":{\"@id\":\"https:\/\/laveba-online.ch\/fr\/produkt\/novoclair-speed-g\/#primaryimage\"},\"thumbnailUrl\":\"https:\/\/laveba-online.ch\/wp-content\/uploads\/2020\/07\/Novoclair_3617308.jpg\",\"datePublished\":\"2020-07-13T12:11:37+00:00\",\"dateModified\":\"2020-07-13T12:11:37+00:00\",\"description\":\"Novoclair speed (G) - Produit enzymatique tr\u00e8s efficace qui acc\u00e9l\u00e8re la clarification des mo\u00fbts difficiles \u00e0 pH bas et \u00e0 forte teneur en pectine. De plus, Novoclair Speed \u200b\u200br\u00e9duit les co\u00fbts d'\u00e9nergie et de processus et r\u00e9duit le volume de s\u00e9diments. De cette mani\u00e8re, le produit assure un profil d'ar\u00f4me plus frais et fruit\u00e9. von LAVEBA Online-Shop\",\"breadcrumb\":{\"@id\":\"https:\/\/laveba-online.ch\/fr\/produkt\/novoclair-speed-g\/#breadcrumb\"},\"inLanguage\":\"fr-FR\",\"potentialAction\":[{\"@type\":\"ReadAction\",\"target\":[\"https:\/\/laveba-online.ch\/fr\/produkt\/novoclair-speed-g\/\"]}]},{\"@type\":\"ImageObject\",\"inLanguage\":\"fr-FR\",\"@id\":\"https:\/\/laveba-online.ch\/fr\/produkt\/novoclair-speed-g\/#primaryimage\",\"url\":\"https:\/\/laveba-online.ch\/wp-content\/uploads\/2020\/07\/Novoclair_3617308.jpg\",\"contentUrl\":\"https:\/\/laveba-online.ch\/wp-content\/uploads\/2020\/07\/Novoclair_3617308.jpg\",\"width\":1000,\"height\":1200},{\"@type\":\"BreadcrumbList\",\"@id\":\"https:\/\/laveba-online.ch\/fr\/produkt\/novoclair-speed-g\/#breadcrumb\",\"itemListElement\":[{\"@type\":\"ListItem\",\"position\":1,\"name\":\"Startseite\",\"item\":\"https:\/\/laveba-online.ch\/fr\/\"},{\"@type\":\"ListItem\",\"position\":2,\"name\":\"Boutique\",\"item\":\"https:\/\/laveba-online.ch\/fr\/boutique\/\"},{\"@type\":\"ListItem\",\"position\":3,\"name\":\"Novoclair speed (G)\"}]},{\"@type\":\"WebSite\",\"@id\":\"https:\/\/laveba-online.ch\/fr\/#website\",\"url\":\"https:\/\/laveba-online.ch\/fr\/\",\"name\":\"LAVEBA Online-Shop\",\"description\":\"LAVEBA ist in der Ostschweiz als Dienstleister, Berater und Partner aktiv. Wir bieten ein breites Spektrum an Angeboten, perfekt zugeschnitten auf die Bed\u00fcrfnisse von Landwirten, Unternehmen, Organisationen und Konsumenten.\",\"publisher\":{\"@id\":\"https:\/\/laveba-online.ch\/fr\/#organization\"},\"potentialAction\":[{\"@type\":\"SearchAction\",\"target\":{\"@type\":\"EntryPoint\",\"urlTemplate\":\"https:\/\/laveba-online.ch\/fr\/?s={search_term_string}\"},\"query-input\":\"required name=search_term_string\"}],\"inLanguage\":\"fr-FR\"},{\"@type\":\"Organization\",\"@id\":\"https:\/\/laveba-online.ch\/fr\/#organization\",\"name\":\"LAVEBA Genossenschaft\",\"url\":\"https:\/\/laveba-online.ch\/fr\/\",\"logo\":{\"@type\":\"ImageObject\",\"inLanguage\":\"fr-FR\",\"@id\":\"https:\/\/laveba-online.ch\/fr\/#\/schema\/logo\/image\/\",\"url\":\"https:\/\/laveba-online.ch\/wp-content\/uploads\/2020\/07\/lavebalogo2.png\",\"contentUrl\":\"https:\/\/laveba-online.ch\/wp-content\/uploads\/2020\/07\/lavebalogo2.png\",\"width\":250,\"height\":69,\"caption\":\"LAVEBA Genossenschaft\"},\"image\":{\"@id\":\"https:\/\/laveba-online.ch\/fr\/#\/schema\/logo\/image\/\"},\"sameAs\":[\"https:\/\/www.facebook.com\/LAVEBA-Genossenschaft-352285445485254\",\"https:\/\/www.instagram.com\/lavebagenossenschaft\/?hl=de\"]}]}<\/script>\n<!-- \/ Yoast SEO plugin. -->","yoast_head_json":{"title":"Novoclair speed (G) &#8211; LAVEBA Online-Shop","description":"Novoclair speed (G) - Produit enzymatique tr\u00e8s efficace qui acc\u00e9l\u00e8re la clarification des mo\u00fbts difficiles \u00e0 pH bas et \u00e0 forte teneur en pectine. De plus, Novoclair Speed \u200b\u200br\u00e9duit les co\u00fbts d'\u00e9nergie et de processus et r\u00e9duit le volume de s\u00e9diments. De cette mani\u00e8re, le produit assure un profil d'ar\u00f4me plus frais et fruit\u00e9. von LAVEBA Online-Shop","robots":{"index":"index","follow":"follow","max-snippet":"max-snippet:-1","max-image-preview":"max-image-preview:large","max-video-preview":"max-video-preview:-1"},"canonical":"https:\/\/laveba-online.ch\/fr\/produkt\/novoclair-speed-g\/","og_locale":"fr_FR","og_type":"article","og_title":"Novoclair speed (G) &#8211; LAVEBA Online-Shop","og_description":"Novoclair speed (G) - Produit enzymatique tr\u00e8s efficace qui acc\u00e9l\u00e8re la clarification des mo\u00fbts difficiles \u00e0 pH bas et \u00e0 forte teneur en pectine. De plus, Novoclair Speed \u200b\u200br\u00e9duit les co\u00fbts d'\u00e9nergie et de processus et r\u00e9duit le volume de s\u00e9diments. De cette mani\u00e8re, le produit assure un profil d'ar\u00f4me plus frais et fruit\u00e9. von LAVEBA Online-Shop","og_url":"https:\/\/laveba-online.ch\/fr\/produkt\/novoclair-speed-g\/","og_site_name":"LAVEBA Online-Shop","article_publisher":"https:\/\/www.facebook.com\/LAVEBA-Genossenschaft-352285445485254","og_image":[{"width":1000,"height":1200,"url":"https:\/\/laveba-online.ch\/wp-content\/uploads\/2020\/07\/Novoclair_3617308.jpg","type":"image\/jpeg"}],"twitter_card":"summary_large_image","schema":{"@context":"https:\/\/schema.org","@graph":[{"@type":["WebPage","ItemPage"],"@id":"https:\/\/laveba-online.ch\/fr\/produkt\/novoclair-speed-g\/","url":"https:\/\/laveba-online.ch\/fr\/produkt\/novoclair-speed-g\/","name":"Novoclair speed (G) &#8211; LAVEBA Online-Shop","isPartOf":{"@id":"https:\/\/laveba-online.ch\/fr\/#website"},"primaryImageOfPage":{"@id":"https:\/\/laveba-online.ch\/fr\/produkt\/novoclair-speed-g\/#primaryimage"},"image":{"@id":"https:\/\/laveba-online.ch\/fr\/produkt\/novoclair-speed-g\/#primaryimage"},"thumbnailUrl":"https:\/\/laveba-online.ch\/wp-content\/uploads\/2020\/07\/Novoclair_3617308.jpg","datePublished":"2020-07-13T12:11:37+00:00","dateModified":"2020-07-13T12:11:37+00:00","description":"Novoclair speed (G) - Produit enzymatique tr\u00e8s efficace qui acc\u00e9l\u00e8re la clarification des mo\u00fbts difficiles \u00e0 pH bas et \u00e0 forte teneur en pectine. De plus, Novoclair Speed \u200b\u200br\u00e9duit les co\u00fbts d'\u00e9nergie et de processus et r\u00e9duit le volume de s\u00e9diments. De cette mani\u00e8re, le produit assure un profil d'ar\u00f4me plus frais et fruit\u00e9. von LAVEBA Online-Shop","breadcrumb":{"@id":"https:\/\/laveba-online.ch\/fr\/produkt\/novoclair-speed-g\/#breadcrumb"},"inLanguage":"fr-FR","potentialAction":[{"@type":"ReadAction","target":["https:\/\/laveba-online.ch\/fr\/produkt\/novoclair-speed-g\/"]}]},{"@type":"ImageObject","inLanguage":"fr-FR","@id":"https:\/\/laveba-online.ch\/fr\/produkt\/novoclair-speed-g\/#primaryimage","url":"https:\/\/laveba-online.ch\/wp-content\/uploads\/2020\/07\/Novoclair_3617308.jpg","contentUrl":"https:\/\/laveba-online.ch\/wp-content\/uploads\/2020\/07\/Novoclair_3617308.jpg","width":1000,"height":1200},{"@type":"BreadcrumbList","@id":"https:\/\/laveba-online.ch\/fr\/produkt\/novoclair-speed-g\/#breadcrumb","itemListElement":[{"@type":"ListItem","position":1,"name":"Startseite","item":"https:\/\/laveba-online.ch\/fr\/"},{"@type":"ListItem","position":2,"name":"Boutique","item":"https:\/\/laveba-online.ch\/fr\/boutique\/"},{"@type":"ListItem","position":3,"name":"Novoclair speed (G)"}]},{"@type":"WebSite","@id":"https:\/\/laveba-online.ch\/fr\/#website","url":"https:\/\/laveba-online.ch\/fr\/","name":"LAVEBA Online-Shop","description":"LAVEBA ist in der Ostschweiz als Dienstleister, Berater und Partner aktiv. Wir bieten ein breites Spektrum an Angeboten, perfekt zugeschnitten auf die Bed\u00fcrfnisse von Landwirten, Unternehmen, Organisationen und Konsumenten.","publisher":{"@id":"https:\/\/laveba-online.ch\/fr\/#organization"},"potentialAction":[{"@type":"SearchAction","target":{"@type":"EntryPoint","urlTemplate":"https:\/\/laveba-online.ch\/fr\/?s={search_term_string}"},"query-input":"required name=search_term_string"}],"inLanguage":"fr-FR"},{"@type":"Organization","@id":"https:\/\/laveba-online.ch\/fr\/#organization","name":"LAVEBA Genossenschaft","url":"https:\/\/laveba-online.ch\/fr\/","logo":{"@type":"ImageObject","inLanguage":"fr-FR","@id":"https:\/\/laveba-online.ch\/fr\/#\/schema\/logo\/image\/","url":"https:\/\/laveba-online.ch\/wp-content\/uploads\/2020\/07\/lavebalogo2.png","contentUrl":"https:\/\/laveba-online.ch\/wp-content\/uploads\/2020\/07\/lavebalogo2.png","width":250,"height":69,"caption":"LAVEBA Genossenschaft"},"image":{"@id":"https:\/\/laveba-online.ch\/fr\/#\/schema\/logo\/image\/"},"sameAs":["https:\/\/www.facebook.com\/LAVEBA-Genossenschaft-352285445485254","https:\/\/www.instagram.com\/lavebagenossenschaft\/?hl=de"]}]}},"_links":{"self":[{"href":"https:\/\/laveba-online.ch\/fr\/wp-json\/wp\/v2\/product\/7511"}],"collection":[{"href":"https:\/\/laveba-online.ch\/fr\/wp-json\/wp\/v2\/product"}],"about":[{"href":"https:\/\/laveba-online.ch\/fr\/wp-json\/wp\/v2\/types\/product"}],"replies":[{"embeddable":true,"href":"https:\/\/laveba-online.ch\/fr\/wp-json\/wp\/v2\/comments?post=7511"}],"wp:featuredmedia":[{"embeddable":true,"href":"https:\/\/laveba-online.ch\/fr\/wp-json\/wp\/v2\/media\/6174"}],"wp:attachment":[{"href":"https:\/\/laveba-online.ch\/fr\/wp-json\/wp\/v2\/media?parent=7511"}],"wp:term":[{"taxonomy":"product_cat","embeddable":true,"href":"https:\/\/laveba-online.ch\/fr\/wp-json\/wp\/v2\/product_cat?post=7511"},{"taxonomy":"product_tag","embeddable":true,"href":"https:\/\/laveba-online.ch\/fr\/wp-json\/wp\/v2\/product_tag?post=7511"}],"curies":[{"name":"wp","href":"https:\/\/api.w.org\/{rel}","templated":true}]}}