{"id":7445,"date":"2020-07-13T14:23:19","date_gmt":"2020-07-13T12:23:19","guid":{"rendered":"https:\/\/laveba-online.ch\/produkt\/3600046\/"},"modified":"2025-02-14T09:19:48","modified_gmt":"2025-02-14T08:19:48","slug":"3600046","status":"publish","type":"product","link":"https:\/\/laveba-online.ch\/fr\/produkt\/3600046\/","title":{"rendered":"Acide citrique"},"content":{"rendered":"<p>En ce qui concerne le dosage, il convient de noter que la quantit\u00e9 requise d&#8217;acide citrique est d\u00e9termin\u00e9e dans un test pr\u00e9liminaire, de sorte qu&#8217;il puisse ensuite \u00eatre m\u00e9lang\u00e9 directement dans la boisson. 1 gramme d&#8217;acide citrique par litre de mo\u00fbt \/ vin augmente l&#8217;acidit\u00e9 de 1 g \/ l. L&#8217;emballage ouvert doit \u00eatre referm\u00e9 herm\u00e9tiquement.<\/p>\n","protected":false},"excerpt":{"rendered":"<p>Avec l&#8217;acide citrique, les jus faits maison peuvent recevoir une certaine acidit\u00e9. L&#8217;acide citrique est utilis\u00e9 pour acidifier les jus de fruits et le vin. Mais il peut \u00e9galement \u00eatre utilis\u00e9 pour nettoyer les conteneurs apr\u00e8s le nettoyage avec un nettoyeur de baril.<\/p>\n","protected":false},"featured_media":7858,"comment_status":"open","ping_status":"closed","template":"","meta":[],"product_cat":[198,195],"product_tag":[],"class_list":{"0":"post-7445","1":"product","2":"type-product","3":"status-publish","4":"has-post-thumbnail","6":"product_cat-traitement-de-jus","7":"product_cat-transformation","9":"first","10":"instock","11":"taxable","12":"shipping-taxable","13":"purchasable","14":"product-type-variable"},"yoast_head":"<!-- This site is optimized with the Yoast SEO plugin v23.1 - https:\/\/yoast.com\/wordpress\/plugins\/seo\/ -->\n<title>Acide citrique &#8211; LAVEBA Online-Shop<\/title>\n<meta name=\"description\" content=\"Acide citrique - Avec l&#039;acide citrique, les jus faits maison peuvent recevoir une certaine acidit\u00e9. L&#039;acide citrique est utilis\u00e9 pour acidifier les jus de fruits et le vin. Mais il peut \u00e9galement \u00eatre utilis\u00e9 pour nettoyer les conteneurs apr\u00e8s le nettoyage avec un nettoyeur de baril. von LAVEBA Online-Shop\" \/>\n<meta name=\"robots\" content=\"index, follow, max-snippet:-1, max-image-preview:large, max-video-preview:-1\" \/>\n<link rel=\"canonical\" href=\"https:\/\/laveba-online.ch\/fr\/produkt\/3600046\/\" \/>\n<meta property=\"og:locale\" content=\"fr_FR\" \/>\n<meta property=\"og:type\" content=\"article\" \/>\n<meta property=\"og:title\" content=\"Acide citrique &#8211; LAVEBA Online-Shop\" \/>\n<meta property=\"og:description\" content=\"Acide citrique - Avec l&#039;acide citrique, les jus faits maison peuvent recevoir une certaine acidit\u00e9. L&#039;acide citrique est utilis\u00e9 pour acidifier les jus de fruits et le vin. Mais il peut \u00e9galement \u00eatre utilis\u00e9 pour nettoyer les conteneurs apr\u00e8s le nettoyage avec un nettoyeur de baril. von LAVEBA Online-Shop\" \/>\n<meta property=\"og:url\" content=\"https:\/\/laveba-online.ch\/fr\/produkt\/3600046\/\" \/>\n<meta property=\"og:site_name\" content=\"LAVEBA Online-Shop\" \/>\n<meta property=\"article:publisher\" content=\"https:\/\/www.facebook.com\/LAVEBA-Genossenschaft-352285445485254\" \/>\n<meta property=\"article:modified_time\" content=\"2025-02-14T08:19:48+00:00\" \/>\n<meta property=\"og:image\" content=\"https:\/\/laveba-online.ch\/wp-content\/uploads\/2021\/06\/Zitronensaeure_1kg_3610241.jpg\" \/>\n\t<meta property=\"og:image:width\" content=\"1000\" \/>\n\t<meta property=\"og:image:height\" content=\"1200\" \/>\n\t<meta property=\"og:image:type\" content=\"image\/jpeg\" \/>\n<meta name=\"twitter:card\" content=\"summary_large_image\" \/>\n<meta name=\"twitter:label1\" content=\"Dur\u00e9e de lecture estim\u00e9e\" \/>\n\t<meta name=\"twitter:data1\" content=\"1 minute\" \/>\n<script type=\"application\/ld+json\" class=\"yoast-schema-graph\">{\"@context\":\"https:\/\/schema.org\",\"@graph\":[{\"@type\":[\"WebPage\",\"ItemPage\"],\"@id\":\"https:\/\/laveba-online.ch\/fr\/produkt\/3600046\/\",\"url\":\"https:\/\/laveba-online.ch\/fr\/produkt\/3600046\/\",\"name\":\"Acide citrique &#8211; LAVEBA Online-Shop\",\"isPartOf\":{\"@id\":\"https:\/\/laveba-online.ch\/fr\/#website\"},\"primaryImageOfPage\":{\"@id\":\"https:\/\/laveba-online.ch\/fr\/produkt\/3600046\/#primaryimage\"},\"image\":{\"@id\":\"https:\/\/laveba-online.ch\/fr\/produkt\/3600046\/#primaryimage\"},\"thumbnailUrl\":\"https:\/\/laveba-online.ch\/wp-content\/uploads\/2021\/06\/Zitronensaeure_1kg_3610241.jpg\",\"datePublished\":\"2020-07-13T12:23:19+00:00\",\"dateModified\":\"2025-02-14T08:19:48+00:00\",\"description\":\"Acide citrique - Avec l'acide citrique, les jus faits maison peuvent recevoir une certaine acidit\u00e9. L'acide citrique est utilis\u00e9 pour acidifier les jus de fruits et le vin. Mais il peut \u00e9galement \u00eatre utilis\u00e9 pour nettoyer les conteneurs apr\u00e8s le nettoyage avec un nettoyeur de baril. von LAVEBA Online-Shop\",\"breadcrumb\":{\"@id\":\"https:\/\/laveba-online.ch\/fr\/produkt\/3600046\/#breadcrumb\"},\"inLanguage\":\"fr-FR\",\"potentialAction\":[{\"@type\":\"ReadAction\",\"target\":[\"https:\/\/laveba-online.ch\/fr\/produkt\/3600046\/\"]}]},{\"@type\":\"ImageObject\",\"inLanguage\":\"fr-FR\",\"@id\":\"https:\/\/laveba-online.ch\/fr\/produkt\/3600046\/#primaryimage\",\"url\":\"https:\/\/laveba-online.ch\/wp-content\/uploads\/2021\/06\/Zitronensaeure_1kg_3610241.jpg\",\"contentUrl\":\"https:\/\/laveba-online.ch\/wp-content\/uploads\/2021\/06\/Zitronensaeure_1kg_3610241.jpg\",\"width\":1000,\"height\":1200},{\"@type\":\"BreadcrumbList\",\"@id\":\"https:\/\/laveba-online.ch\/fr\/produkt\/3600046\/#breadcrumb\",\"itemListElement\":[{\"@type\":\"ListItem\",\"position\":1,\"name\":\"Startseite\",\"item\":\"https:\/\/laveba-online.ch\/fr\/\"},{\"@type\":\"ListItem\",\"position\":2,\"name\":\"Boutique\",\"item\":\"https:\/\/laveba-online.ch\/fr\/boutique\/\"},{\"@type\":\"ListItem\",\"position\":3,\"name\":\"Acide citrique\"}]},{\"@type\":\"WebSite\",\"@id\":\"https:\/\/laveba-online.ch\/fr\/#website\",\"url\":\"https:\/\/laveba-online.ch\/fr\/\",\"name\":\"LAVEBA Online-Shop\",\"description\":\"LAVEBA ist in der Ostschweiz als Dienstleister, Berater und Partner aktiv. Wir bieten ein breites Spektrum an Angeboten, perfekt zugeschnitten auf die Bed\u00fcrfnisse von Landwirten, Unternehmen, Organisationen und Konsumenten.\",\"publisher\":{\"@id\":\"https:\/\/laveba-online.ch\/fr\/#organization\"},\"potentialAction\":[{\"@type\":\"SearchAction\",\"target\":{\"@type\":\"EntryPoint\",\"urlTemplate\":\"https:\/\/laveba-online.ch\/fr\/?s={search_term_string}\"},\"query-input\":\"required name=search_term_string\"}],\"inLanguage\":\"fr-FR\"},{\"@type\":\"Organization\",\"@id\":\"https:\/\/laveba-online.ch\/fr\/#organization\",\"name\":\"LAVEBA Genossenschaft\",\"url\":\"https:\/\/laveba-online.ch\/fr\/\",\"logo\":{\"@type\":\"ImageObject\",\"inLanguage\":\"fr-FR\",\"@id\":\"https:\/\/laveba-online.ch\/fr\/#\/schema\/logo\/image\/\",\"url\":\"https:\/\/laveba-online.ch\/wp-content\/uploads\/2020\/07\/lavebalogo2.png\",\"contentUrl\":\"https:\/\/laveba-online.ch\/wp-content\/uploads\/2020\/07\/lavebalogo2.png\",\"width\":250,\"height\":69,\"caption\":\"LAVEBA Genossenschaft\"},\"image\":{\"@id\":\"https:\/\/laveba-online.ch\/fr\/#\/schema\/logo\/image\/\"},\"sameAs\":[\"https:\/\/www.facebook.com\/LAVEBA-Genossenschaft-352285445485254\",\"https:\/\/www.instagram.com\/lavebagenossenschaft\/?hl=de\"]}]}<\/script>\n<!-- \/ Yoast SEO plugin. -->","yoast_head_json":{"title":"Acide citrique &#8211; LAVEBA Online-Shop","description":"Acide citrique - Avec l'acide citrique, les jus faits maison peuvent recevoir une certaine acidit\u00e9. L'acide citrique est utilis\u00e9 pour acidifier les jus de fruits et le vin. Mais il peut \u00e9galement \u00eatre utilis\u00e9 pour nettoyer les conteneurs apr\u00e8s le nettoyage avec un nettoyeur de baril. von LAVEBA Online-Shop","robots":{"index":"index","follow":"follow","max-snippet":"max-snippet:-1","max-image-preview":"max-image-preview:large","max-video-preview":"max-video-preview:-1"},"canonical":"https:\/\/laveba-online.ch\/fr\/produkt\/3600046\/","og_locale":"fr_FR","og_type":"article","og_title":"Acide citrique &#8211; LAVEBA Online-Shop","og_description":"Acide citrique - Avec l'acide citrique, les jus faits maison peuvent recevoir une certaine acidit\u00e9. L'acide citrique est utilis\u00e9 pour acidifier les jus de fruits et le vin. Mais il peut \u00e9galement \u00eatre utilis\u00e9 pour nettoyer les conteneurs apr\u00e8s le nettoyage avec un nettoyeur de baril. von LAVEBA Online-Shop","og_url":"https:\/\/laveba-online.ch\/fr\/produkt\/3600046\/","og_site_name":"LAVEBA Online-Shop","article_publisher":"https:\/\/www.facebook.com\/LAVEBA-Genossenschaft-352285445485254","article_modified_time":"2025-02-14T08:19:48+00:00","og_image":[{"width":1000,"height":1200,"url":"https:\/\/laveba-online.ch\/wp-content\/uploads\/2021\/06\/Zitronensaeure_1kg_3610241.jpg","type":"image\/jpeg"}],"twitter_card":"summary_large_image","twitter_misc":{"Dur\u00e9e de lecture estim\u00e9e":"1 minute"},"schema":{"@context":"https:\/\/schema.org","@graph":[{"@type":["WebPage","ItemPage"],"@id":"https:\/\/laveba-online.ch\/fr\/produkt\/3600046\/","url":"https:\/\/laveba-online.ch\/fr\/produkt\/3600046\/","name":"Acide citrique &#8211; LAVEBA Online-Shop","isPartOf":{"@id":"https:\/\/laveba-online.ch\/fr\/#website"},"primaryImageOfPage":{"@id":"https:\/\/laveba-online.ch\/fr\/produkt\/3600046\/#primaryimage"},"image":{"@id":"https:\/\/laveba-online.ch\/fr\/produkt\/3600046\/#primaryimage"},"thumbnailUrl":"https:\/\/laveba-online.ch\/wp-content\/uploads\/2021\/06\/Zitronensaeure_1kg_3610241.jpg","datePublished":"2020-07-13T12:23:19+00:00","dateModified":"2025-02-14T08:19:48+00:00","description":"Acide citrique - Avec l'acide citrique, les jus faits maison peuvent recevoir une certaine acidit\u00e9. L'acide citrique est utilis\u00e9 pour acidifier les jus de fruits et le vin. Mais il peut \u00e9galement \u00eatre utilis\u00e9 pour nettoyer les conteneurs apr\u00e8s le nettoyage avec un nettoyeur de baril. von LAVEBA Online-Shop","breadcrumb":{"@id":"https:\/\/laveba-online.ch\/fr\/produkt\/3600046\/#breadcrumb"},"inLanguage":"fr-FR","potentialAction":[{"@type":"ReadAction","target":["https:\/\/laveba-online.ch\/fr\/produkt\/3600046\/"]}]},{"@type":"ImageObject","inLanguage":"fr-FR","@id":"https:\/\/laveba-online.ch\/fr\/produkt\/3600046\/#primaryimage","url":"https:\/\/laveba-online.ch\/wp-content\/uploads\/2021\/06\/Zitronensaeure_1kg_3610241.jpg","contentUrl":"https:\/\/laveba-online.ch\/wp-content\/uploads\/2021\/06\/Zitronensaeure_1kg_3610241.jpg","width":1000,"height":1200},{"@type":"BreadcrumbList","@id":"https:\/\/laveba-online.ch\/fr\/produkt\/3600046\/#breadcrumb","itemListElement":[{"@type":"ListItem","position":1,"name":"Startseite","item":"https:\/\/laveba-online.ch\/fr\/"},{"@type":"ListItem","position":2,"name":"Boutique","item":"https:\/\/laveba-online.ch\/fr\/boutique\/"},{"@type":"ListItem","position":3,"name":"Acide citrique"}]},{"@type":"WebSite","@id":"https:\/\/laveba-online.ch\/fr\/#website","url":"https:\/\/laveba-online.ch\/fr\/","name":"LAVEBA Online-Shop","description":"LAVEBA ist in der Ostschweiz als Dienstleister, Berater und Partner aktiv. Wir bieten ein breites Spektrum an Angeboten, perfekt zugeschnitten auf die Bed\u00fcrfnisse von Landwirten, Unternehmen, Organisationen und Konsumenten.","publisher":{"@id":"https:\/\/laveba-online.ch\/fr\/#organization"},"potentialAction":[{"@type":"SearchAction","target":{"@type":"EntryPoint","urlTemplate":"https:\/\/laveba-online.ch\/fr\/?s={search_term_string}"},"query-input":"required name=search_term_string"}],"inLanguage":"fr-FR"},{"@type":"Organization","@id":"https:\/\/laveba-online.ch\/fr\/#organization","name":"LAVEBA Genossenschaft","url":"https:\/\/laveba-online.ch\/fr\/","logo":{"@type":"ImageObject","inLanguage":"fr-FR","@id":"https:\/\/laveba-online.ch\/fr\/#\/schema\/logo\/image\/","url":"https:\/\/laveba-online.ch\/wp-content\/uploads\/2020\/07\/lavebalogo2.png","contentUrl":"https:\/\/laveba-online.ch\/wp-content\/uploads\/2020\/07\/lavebalogo2.png","width":250,"height":69,"caption":"LAVEBA Genossenschaft"},"image":{"@id":"https:\/\/laveba-online.ch\/fr\/#\/schema\/logo\/image\/"},"sameAs":["https:\/\/www.facebook.com\/LAVEBA-Genossenschaft-352285445485254","https:\/\/www.instagram.com\/lavebagenossenschaft\/?hl=de"]}]}},"_links":{"self":[{"href":"https:\/\/laveba-online.ch\/fr\/wp-json\/wp\/v2\/product\/7445"}],"collection":[{"href":"https:\/\/laveba-online.ch\/fr\/wp-json\/wp\/v2\/product"}],"about":[{"href":"https:\/\/laveba-online.ch\/fr\/wp-json\/wp\/v2\/types\/product"}],"replies":[{"embeddable":true,"href":"https:\/\/laveba-online.ch\/fr\/wp-json\/wp\/v2\/comments?post=7445"}],"wp:featuredmedia":[{"embeddable":true,"href":"https:\/\/laveba-online.ch\/fr\/wp-json\/wp\/v2\/media\/7858"}],"wp:attachment":[{"href":"https:\/\/laveba-online.ch\/fr\/wp-json\/wp\/v2\/media?parent=7445"}],"wp:term":[{"taxonomy":"product_cat","embeddable":true,"href":"https:\/\/laveba-online.ch\/fr\/wp-json\/wp\/v2\/product_cat?post=7445"},{"taxonomy":"product_tag","embeddable":true,"href":"https:\/\/laveba-online.ch\/fr\/wp-json\/wp\/v2\/product_tag?post=7445"}],"curies":[{"name":"wp","href":"https:\/\/api.w.org\/{rel}","templated":true}]}}