{"id":7436,"date":"2020-07-13T14:30:30","date_gmt":"2020-07-13T12:30:30","guid":{"rendered":"https:\/\/laveba-online.ch\/produkt\/sulfate-dammoniaque-sel-de-fermentation-15-g\/"},"modified":"2021-10-29T09:24:51","modified_gmt":"2021-10-29T07:24:51","slug":"sulfate-dammoniaque-sel-de-fermentation-15-g","status":"publish","type":"product","link":"https:\/\/laveba-online.ch\/fr\/produkt\/sulfate-dammoniaque-sel-de-fermentation-15-g\/","title":{"rendered":"Sulfate d`ammoniaque sel de fermentation 15 g"},"content":{"rendered":"","protected":false},"excerpt":{"rendered":"<p>Le phosphate diammonique est une levure de culture s\u00e8che particuli\u00e8rement b\u00e9n\u00e9fique pour la fermentation. Les mo\u00fbts dans des conteneurs de fermentation individuels doivent \u00eatre inocul\u00e9s avec de la levure active \u00e0 un stade pr\u00e9coce afin que la prolif\u00e9ration incontr\u00f4l\u00e9e de levures sauvages et de bact\u00e9ries ind\u00e9sirables puisse \u00eatre emp\u00each\u00e9e pendant de plus longues p\u00e9riodes de repos.<\/p>\n","protected":false},"featured_media":7894,"comment_status":"open","ping_status":"closed","template":"","meta":[],"product_cat":[198,195],"product_tag":[],"class_list":{"0":"post-7436","1":"product","2":"type-product","3":"status-publish","4":"has-post-thumbnail","6":"product_cat-traitement-de-jus","7":"product_cat-transformation","9":"first","10":"instock","11":"taxable","12":"shipping-taxable","13":"purchasable","14":"product-type-simple"},"yoast_head":"<!-- This site is optimized with the Yoast SEO plugin v23.1 - https:\/\/yoast.com\/wordpress\/plugins\/seo\/ -->\n<title>Sulfate d`ammoniaque sel de fermentation 15 g &#8211; LAVEBA Online-Shop<\/title>\n<meta name=\"description\" content=\"Sulfate d`ammoniaque sel de fermentation 15 g - Le phosphate diammonique est une levure de culture s\u00e8che particuli\u00e8rement b\u00e9n\u00e9fique pour la fermentation. Les mo\u00fbts dans des conteneurs de fermentation individuels doivent \u00eatre inocul\u00e9s avec de la levure active \u00e0 un stade pr\u00e9coce afin que la prolif\u00e9ration incontr\u00f4l\u00e9e de levures sauvages et de bact\u00e9ries ind\u00e9sirables puisse \u00eatre emp\u00each\u00e9e pendant de plus longues p\u00e9riodes de repos. von LAVEBA Online-Shop\" \/>\n<meta name=\"robots\" content=\"index, follow, max-snippet:-1, max-image-preview:large, max-video-preview:-1\" \/>\n<link rel=\"canonical\" href=\"https:\/\/laveba-online.ch\/fr\/produkt\/sulfate-dammoniaque-sel-de-fermentation-15-g\/\" \/>\n<meta property=\"og:locale\" content=\"fr_FR\" \/>\n<meta property=\"og:type\" content=\"article\" \/>\n<meta property=\"og:title\" content=\"Sulfate d`ammoniaque sel de fermentation 15 g &#8211; LAVEBA Online-Shop\" \/>\n<meta property=\"og:description\" content=\"Sulfate d`ammoniaque sel de fermentation 15 g - Le phosphate diammonique est une levure de culture s\u00e8che particuli\u00e8rement b\u00e9n\u00e9fique pour la fermentation. Les mo\u00fbts dans des conteneurs de fermentation individuels doivent \u00eatre inocul\u00e9s avec de la levure active \u00e0 un stade pr\u00e9coce afin que la prolif\u00e9ration incontr\u00f4l\u00e9e de levures sauvages et de bact\u00e9ries ind\u00e9sirables puisse \u00eatre emp\u00each\u00e9e pendant de plus longues p\u00e9riodes de repos. von LAVEBA Online-Shop\" \/>\n<meta property=\"og:url\" content=\"https:\/\/laveba-online.ch\/fr\/produkt\/sulfate-dammoniaque-sel-de-fermentation-15-g\/\" \/>\n<meta property=\"og:site_name\" content=\"LAVEBA Online-Shop\" \/>\n<meta property=\"article:publisher\" content=\"https:\/\/www.facebook.com\/LAVEBA-Genossenschaft-352285445485254\" \/>\n<meta property=\"article:modified_time\" content=\"2021-10-29T07:24:51+00:00\" \/>\n<meta property=\"og:image\" content=\"https:\/\/laveba-online.ch\/wp-content\/uploads\/2021\/06\/Diammonium_15gr_3600044.jpg\" \/>\n\t<meta property=\"og:image:width\" content=\"1000\" \/>\n\t<meta property=\"og:image:height\" content=\"1200\" \/>\n\t<meta property=\"og:image:type\" content=\"image\/jpeg\" \/>\n<meta name=\"twitter:card\" content=\"summary_large_image\" \/>\n<script type=\"application\/ld+json\" class=\"yoast-schema-graph\">{\"@context\":\"https:\/\/schema.org\",\"@graph\":[{\"@type\":[\"WebPage\",\"ItemPage\"],\"@id\":\"https:\/\/laveba-online.ch\/fr\/produkt\/sulfate-dammoniaque-sel-de-fermentation-15-g\/\",\"url\":\"https:\/\/laveba-online.ch\/fr\/produkt\/sulfate-dammoniaque-sel-de-fermentation-15-g\/\",\"name\":\"Sulfate d`ammoniaque sel de fermentation 15 g &#8211; LAVEBA Online-Shop\",\"isPartOf\":{\"@id\":\"https:\/\/laveba-online.ch\/fr\/#website\"},\"primaryImageOfPage\":{\"@id\":\"https:\/\/laveba-online.ch\/fr\/produkt\/sulfate-dammoniaque-sel-de-fermentation-15-g\/#primaryimage\"},\"image\":{\"@id\":\"https:\/\/laveba-online.ch\/fr\/produkt\/sulfate-dammoniaque-sel-de-fermentation-15-g\/#primaryimage\"},\"thumbnailUrl\":\"https:\/\/laveba-online.ch\/wp-content\/uploads\/2021\/06\/Diammonium_15gr_3600044.jpg\",\"datePublished\":\"2020-07-13T12:30:30+00:00\",\"dateModified\":\"2021-10-29T07:24:51+00:00\",\"description\":\"Sulfate d`ammoniaque sel de fermentation 15 g - Le phosphate diammonique est une levure de culture s\u00e8che particuli\u00e8rement b\u00e9n\u00e9fique pour la fermentation. Les mo\u00fbts dans des conteneurs de fermentation individuels doivent \u00eatre inocul\u00e9s avec de la levure active \u00e0 un stade pr\u00e9coce afin que la prolif\u00e9ration incontr\u00f4l\u00e9e de levures sauvages et de bact\u00e9ries ind\u00e9sirables puisse \u00eatre emp\u00each\u00e9e pendant de plus longues p\u00e9riodes de repos. von LAVEBA Online-Shop\",\"breadcrumb\":{\"@id\":\"https:\/\/laveba-online.ch\/fr\/produkt\/sulfate-dammoniaque-sel-de-fermentation-15-g\/#breadcrumb\"},\"inLanguage\":\"fr-FR\",\"potentialAction\":[{\"@type\":\"ReadAction\",\"target\":[\"https:\/\/laveba-online.ch\/fr\/produkt\/sulfate-dammoniaque-sel-de-fermentation-15-g\/\"]}]},{\"@type\":\"ImageObject\",\"inLanguage\":\"fr-FR\",\"@id\":\"https:\/\/laveba-online.ch\/fr\/produkt\/sulfate-dammoniaque-sel-de-fermentation-15-g\/#primaryimage\",\"url\":\"https:\/\/laveba-online.ch\/wp-content\/uploads\/2021\/06\/Diammonium_15gr_3600044.jpg\",\"contentUrl\":\"https:\/\/laveba-online.ch\/wp-content\/uploads\/2021\/06\/Diammonium_15gr_3600044.jpg\",\"width\":1000,\"height\":1200},{\"@type\":\"BreadcrumbList\",\"@id\":\"https:\/\/laveba-online.ch\/fr\/produkt\/sulfate-dammoniaque-sel-de-fermentation-15-g\/#breadcrumb\",\"itemListElement\":[{\"@type\":\"ListItem\",\"position\":1,\"name\":\"Startseite\",\"item\":\"https:\/\/laveba-online.ch\/fr\/\"},{\"@type\":\"ListItem\",\"position\":2,\"name\":\"Boutique\",\"item\":\"https:\/\/laveba-online.ch\/fr\/boutique\/\"},{\"@type\":\"ListItem\",\"position\":3,\"name\":\"Sulfate d`ammoniaque sel de fermentation 15 g\"}]},{\"@type\":\"WebSite\",\"@id\":\"https:\/\/laveba-online.ch\/fr\/#website\",\"url\":\"https:\/\/laveba-online.ch\/fr\/\",\"name\":\"LAVEBA Online-Shop\",\"description\":\"LAVEBA ist in der Ostschweiz als Dienstleister, Berater und Partner aktiv. Wir bieten ein breites Spektrum an Angeboten, perfekt zugeschnitten auf die Bed\u00fcrfnisse von Landwirten, Unternehmen, Organisationen und Konsumenten.\",\"publisher\":{\"@id\":\"https:\/\/laveba-online.ch\/fr\/#organization\"},\"potentialAction\":[{\"@type\":\"SearchAction\",\"target\":{\"@type\":\"EntryPoint\",\"urlTemplate\":\"https:\/\/laveba-online.ch\/fr\/?s={search_term_string}\"},\"query-input\":\"required name=search_term_string\"}],\"inLanguage\":\"fr-FR\"},{\"@type\":\"Organization\",\"@id\":\"https:\/\/laveba-online.ch\/fr\/#organization\",\"name\":\"LAVEBA Genossenschaft\",\"url\":\"https:\/\/laveba-online.ch\/fr\/\",\"logo\":{\"@type\":\"ImageObject\",\"inLanguage\":\"fr-FR\",\"@id\":\"https:\/\/laveba-online.ch\/fr\/#\/schema\/logo\/image\/\",\"url\":\"https:\/\/laveba-online.ch\/wp-content\/uploads\/2020\/07\/lavebalogo2.png\",\"contentUrl\":\"https:\/\/laveba-online.ch\/wp-content\/uploads\/2020\/07\/lavebalogo2.png\",\"width\":250,\"height\":69,\"caption\":\"LAVEBA Genossenschaft\"},\"image\":{\"@id\":\"https:\/\/laveba-online.ch\/fr\/#\/schema\/logo\/image\/\"},\"sameAs\":[\"https:\/\/www.facebook.com\/LAVEBA-Genossenschaft-352285445485254\",\"https:\/\/www.instagram.com\/lavebagenossenschaft\/?hl=de\"]}]}<\/script>\n<!-- \/ Yoast SEO plugin. -->","yoast_head_json":{"title":"Sulfate d`ammoniaque sel de fermentation 15 g &#8211; LAVEBA Online-Shop","description":"Sulfate d`ammoniaque sel de fermentation 15 g - Le phosphate diammonique est une levure de culture s\u00e8che particuli\u00e8rement b\u00e9n\u00e9fique pour la fermentation. Les mo\u00fbts dans des conteneurs de fermentation individuels doivent \u00eatre inocul\u00e9s avec de la levure active \u00e0 un stade pr\u00e9coce afin que la prolif\u00e9ration incontr\u00f4l\u00e9e de levures sauvages et de bact\u00e9ries ind\u00e9sirables puisse \u00eatre emp\u00each\u00e9e pendant de plus longues p\u00e9riodes de repos. von LAVEBA Online-Shop","robots":{"index":"index","follow":"follow","max-snippet":"max-snippet:-1","max-image-preview":"max-image-preview:large","max-video-preview":"max-video-preview:-1"},"canonical":"https:\/\/laveba-online.ch\/fr\/produkt\/sulfate-dammoniaque-sel-de-fermentation-15-g\/","og_locale":"fr_FR","og_type":"article","og_title":"Sulfate d`ammoniaque sel de fermentation 15 g &#8211; LAVEBA Online-Shop","og_description":"Sulfate d`ammoniaque sel de fermentation 15 g - Le phosphate diammonique est une levure de culture s\u00e8che particuli\u00e8rement b\u00e9n\u00e9fique pour la fermentation. Les mo\u00fbts dans des conteneurs de fermentation individuels doivent \u00eatre inocul\u00e9s avec de la levure active \u00e0 un stade pr\u00e9coce afin que la prolif\u00e9ration incontr\u00f4l\u00e9e de levures sauvages et de bact\u00e9ries ind\u00e9sirables puisse \u00eatre emp\u00each\u00e9e pendant de plus longues p\u00e9riodes de repos. von LAVEBA Online-Shop","og_url":"https:\/\/laveba-online.ch\/fr\/produkt\/sulfate-dammoniaque-sel-de-fermentation-15-g\/","og_site_name":"LAVEBA Online-Shop","article_publisher":"https:\/\/www.facebook.com\/LAVEBA-Genossenschaft-352285445485254","article_modified_time":"2021-10-29T07:24:51+00:00","og_image":[{"width":1000,"height":1200,"url":"https:\/\/laveba-online.ch\/wp-content\/uploads\/2021\/06\/Diammonium_15gr_3600044.jpg","type":"image\/jpeg"}],"twitter_card":"summary_large_image","schema":{"@context":"https:\/\/schema.org","@graph":[{"@type":["WebPage","ItemPage"],"@id":"https:\/\/laveba-online.ch\/fr\/produkt\/sulfate-dammoniaque-sel-de-fermentation-15-g\/","url":"https:\/\/laveba-online.ch\/fr\/produkt\/sulfate-dammoniaque-sel-de-fermentation-15-g\/","name":"Sulfate d`ammoniaque sel de fermentation 15 g &#8211; LAVEBA Online-Shop","isPartOf":{"@id":"https:\/\/laveba-online.ch\/fr\/#website"},"primaryImageOfPage":{"@id":"https:\/\/laveba-online.ch\/fr\/produkt\/sulfate-dammoniaque-sel-de-fermentation-15-g\/#primaryimage"},"image":{"@id":"https:\/\/laveba-online.ch\/fr\/produkt\/sulfate-dammoniaque-sel-de-fermentation-15-g\/#primaryimage"},"thumbnailUrl":"https:\/\/laveba-online.ch\/wp-content\/uploads\/2021\/06\/Diammonium_15gr_3600044.jpg","datePublished":"2020-07-13T12:30:30+00:00","dateModified":"2021-10-29T07:24:51+00:00","description":"Sulfate d`ammoniaque sel de fermentation 15 g - Le phosphate diammonique est une levure de culture s\u00e8che particuli\u00e8rement b\u00e9n\u00e9fique pour la fermentation. Les mo\u00fbts dans des conteneurs de fermentation individuels doivent \u00eatre inocul\u00e9s avec de la levure active \u00e0 un stade pr\u00e9coce afin que la prolif\u00e9ration incontr\u00f4l\u00e9e de levures sauvages et de bact\u00e9ries ind\u00e9sirables puisse \u00eatre emp\u00each\u00e9e pendant de plus longues p\u00e9riodes de repos. von LAVEBA Online-Shop","breadcrumb":{"@id":"https:\/\/laveba-online.ch\/fr\/produkt\/sulfate-dammoniaque-sel-de-fermentation-15-g\/#breadcrumb"},"inLanguage":"fr-FR","potentialAction":[{"@type":"ReadAction","target":["https:\/\/laveba-online.ch\/fr\/produkt\/sulfate-dammoniaque-sel-de-fermentation-15-g\/"]}]},{"@type":"ImageObject","inLanguage":"fr-FR","@id":"https:\/\/laveba-online.ch\/fr\/produkt\/sulfate-dammoniaque-sel-de-fermentation-15-g\/#primaryimage","url":"https:\/\/laveba-online.ch\/wp-content\/uploads\/2021\/06\/Diammonium_15gr_3600044.jpg","contentUrl":"https:\/\/laveba-online.ch\/wp-content\/uploads\/2021\/06\/Diammonium_15gr_3600044.jpg","width":1000,"height":1200},{"@type":"BreadcrumbList","@id":"https:\/\/laveba-online.ch\/fr\/produkt\/sulfate-dammoniaque-sel-de-fermentation-15-g\/#breadcrumb","itemListElement":[{"@type":"ListItem","position":1,"name":"Startseite","item":"https:\/\/laveba-online.ch\/fr\/"},{"@type":"ListItem","position":2,"name":"Boutique","item":"https:\/\/laveba-online.ch\/fr\/boutique\/"},{"@type":"ListItem","position":3,"name":"Sulfate d`ammoniaque sel de fermentation 15 g"}]},{"@type":"WebSite","@id":"https:\/\/laveba-online.ch\/fr\/#website","url":"https:\/\/laveba-online.ch\/fr\/","name":"LAVEBA Online-Shop","description":"LAVEBA ist in der Ostschweiz als Dienstleister, Berater und Partner aktiv. Wir bieten ein breites Spektrum an Angeboten, perfekt zugeschnitten auf die Bed\u00fcrfnisse von Landwirten, Unternehmen, Organisationen und Konsumenten.","publisher":{"@id":"https:\/\/laveba-online.ch\/fr\/#organization"},"potentialAction":[{"@type":"SearchAction","target":{"@type":"EntryPoint","urlTemplate":"https:\/\/laveba-online.ch\/fr\/?s={search_term_string}"},"query-input":"required name=search_term_string"}],"inLanguage":"fr-FR"},{"@type":"Organization","@id":"https:\/\/laveba-online.ch\/fr\/#organization","name":"LAVEBA Genossenschaft","url":"https:\/\/laveba-online.ch\/fr\/","logo":{"@type":"ImageObject","inLanguage":"fr-FR","@id":"https:\/\/laveba-online.ch\/fr\/#\/schema\/logo\/image\/","url":"https:\/\/laveba-online.ch\/wp-content\/uploads\/2020\/07\/lavebalogo2.png","contentUrl":"https:\/\/laveba-online.ch\/wp-content\/uploads\/2020\/07\/lavebalogo2.png","width":250,"height":69,"caption":"LAVEBA Genossenschaft"},"image":{"@id":"https:\/\/laveba-online.ch\/fr\/#\/schema\/logo\/image\/"},"sameAs":["https:\/\/www.facebook.com\/LAVEBA-Genossenschaft-352285445485254","https:\/\/www.instagram.com\/lavebagenossenschaft\/?hl=de"]}]}},"_links":{"self":[{"href":"https:\/\/laveba-online.ch\/fr\/wp-json\/wp\/v2\/product\/7436"}],"collection":[{"href":"https:\/\/laveba-online.ch\/fr\/wp-json\/wp\/v2\/product"}],"about":[{"href":"https:\/\/laveba-online.ch\/fr\/wp-json\/wp\/v2\/types\/product"}],"replies":[{"embeddable":true,"href":"https:\/\/laveba-online.ch\/fr\/wp-json\/wp\/v2\/comments?post=7436"}],"wp:featuredmedia":[{"embeddable":true,"href":"https:\/\/laveba-online.ch\/fr\/wp-json\/wp\/v2\/media\/7894"}],"wp:attachment":[{"href":"https:\/\/laveba-online.ch\/fr\/wp-json\/wp\/v2\/media?parent=7436"}],"wp:term":[{"taxonomy":"product_cat","embeddable":true,"href":"https:\/\/laveba-online.ch\/fr\/wp-json\/wp\/v2\/product_cat?post=7436"},{"taxonomy":"product_tag","embeddable":true,"href":"https:\/\/laveba-online.ch\/fr\/wp-json\/wp\/v2\/product_tag?post=7436"}],"curies":[{"name":"wp","href":"https:\/\/api.w.org\/{rel}","templated":true}]}}