{"id":7177,"date":"2020-07-13T15:56:59","date_gmt":"2020-07-13T13:56:59","guid":{"rendered":"https:\/\/laveba-online.ch\/produkt\/bouteille-a-eau-de-vie-tulipano-200-ml-sans-bouchon\/"},"modified":"2023-03-08T13:16:47","modified_gmt":"2023-03-08T12:16:47","slug":"bouteille-a-eau-de-vie-tulipano-200-ml-sans-bouchon","status":"publish","type":"product","link":"https:\/\/laveba-online.ch\/fr\/produkt\/bouteille-a-eau-de-vie-tulipano-200-ml-sans-bouchon\/","title":{"rendered":"Bouteille \u00e0 eau-de-vie Tulipano 200 ml (sans bouchon)"},"content":{"rendered":"<p><span class=\"VIiyi\" lang=\"fr\"><span class=\"JLqJ4b ChMk0b\" data-language-for-alternatives=\"fr\" data-language-to-translate-into=\"de\" data-phrase-index=\"0\">bouteille \u00e0 eau-de-vie tulipano 200ml s&#8217;adapte \u00e0 manche en bois goupille rainur\u00e9e 19mm<\/span><\/span><\/p>\n","protected":false},"excerpt":{"rendered":"<p><span class=\"VIiyi\" lang=\"fr\"><span class=\"JLqJ4b ChMk0b\" data-language-for-alternatives=\"fr\" data-language-to-translate-into=\"de\" data-phrase-index=\"0\">La bouteille Tulipano avec sa forme ronde est id\u00e9ale pour remplir, stocker et offrir des spiritueux, des jus ou d&#8217;autres liquides.<\/span> <span class=\"JLqJ4b ChMk0b\" data-language-for-alternatives=\"fr\" data-language-to-translate-into=\"de\" data-phrase-index=\"1\">Le robinet de li\u00e8ge appropri\u00e9 doit \u00eatre s\u00e9lectionn\u00e9 s\u00e9par\u00e9ment.<\/span><\/span><\/p>\n","protected":false},"featured_media":6285,"comment_status":"open","ping_status":"closed","template":"","meta":[],"product_cat":[168,187],"product_tag":[],"class_list":{"0":"post-7177","1":"product","2":"type-product","3":"status-publish","4":"has-post-thumbnail","6":"product_cat-conservation","7":"product_cat-spiritueux-eau-de-vie","9":"first","10":"instock","11":"taxable","12":"shipping-taxable","13":"purchasable","14":"product-type-simple"},"yoast_head":"<!-- This site is optimized with the Yoast SEO plugin v23.1 - https:\/\/yoast.com\/wordpress\/plugins\/seo\/ -->\n<title>Bouteille \u00e0 eau-de-vie Tulipano 200 ml (sans bouchon) &#8211; LAVEBA Online-Shop<\/title>\n<meta name=\"description\" content=\"Bouteille \u00e0 eau-de-vie Tulipano 200 ml (sans bouchon) - La bouteille Tulipano avec sa forme ronde est id\u00e9ale pour remplir, stocker et offrir des spiritueux, des jus ou d&#039;autres liquides. Le robinet de li\u00e8ge appropri\u00e9 doit \u00eatre s\u00e9lectionn\u00e9 s\u00e9par\u00e9ment. von LAVEBA Online-Shop\" \/>\n<meta name=\"robots\" content=\"index, follow, max-snippet:-1, max-image-preview:large, max-video-preview:-1\" \/>\n<link rel=\"canonical\" href=\"https:\/\/laveba-online.ch\/fr\/produkt\/bouteille-a-eau-de-vie-tulipano-200-ml-sans-bouchon\/\" \/>\n<meta property=\"og:locale\" content=\"fr_FR\" \/>\n<meta property=\"og:type\" content=\"article\" \/>\n<meta property=\"og:title\" content=\"Bouteille \u00e0 eau-de-vie Tulipano 200 ml (sans bouchon) &#8211; LAVEBA Online-Shop\" \/>\n<meta property=\"og:description\" content=\"Bouteille \u00e0 eau-de-vie Tulipano 200 ml (sans bouchon) - La bouteille Tulipano avec sa forme ronde est id\u00e9ale pour remplir, stocker et offrir des spiritueux, des jus ou d&#039;autres liquides. Le robinet de li\u00e8ge appropri\u00e9 doit \u00eatre s\u00e9lectionn\u00e9 s\u00e9par\u00e9ment. von LAVEBA Online-Shop\" \/>\n<meta property=\"og:url\" content=\"https:\/\/laveba-online.ch\/fr\/produkt\/bouteille-a-eau-de-vie-tulipano-200-ml-sans-bouchon\/\" \/>\n<meta property=\"og:site_name\" content=\"LAVEBA Online-Shop\" \/>\n<meta property=\"article:publisher\" content=\"https:\/\/www.facebook.com\/LAVEBA-Genossenschaft-352285445485254\" \/>\n<meta property=\"article:modified_time\" content=\"2023-03-08T12:16:47+00:00\" \/>\n<meta property=\"og:image\" content=\"https:\/\/laveba-online.ch\/wp-content\/uploads\/2020\/07\/Flasche-Schnaps-Tulipano-200ml_3611092.jpg\" \/>\n\t<meta property=\"og:image:width\" content=\"1000\" \/>\n\t<meta property=\"og:image:height\" content=\"1200\" \/>\n\t<meta property=\"og:image:type\" content=\"image\/jpeg\" \/>\n<meta name=\"twitter:card\" content=\"summary_large_image\" \/>\n<script type=\"application\/ld+json\" class=\"yoast-schema-graph\">{\"@context\":\"https:\/\/schema.org\",\"@graph\":[{\"@type\":[\"WebPage\",\"ItemPage\"],\"@id\":\"https:\/\/laveba-online.ch\/fr\/produkt\/bouteille-a-eau-de-vie-tulipano-200-ml-sans-bouchon\/\",\"url\":\"https:\/\/laveba-online.ch\/fr\/produkt\/bouteille-a-eau-de-vie-tulipano-200-ml-sans-bouchon\/\",\"name\":\"Bouteille \u00e0 eau-de-vie Tulipano 200 ml (sans bouchon) &#8211; LAVEBA Online-Shop\",\"isPartOf\":{\"@id\":\"https:\/\/laveba-online.ch\/fr\/#website\"},\"primaryImageOfPage\":{\"@id\":\"https:\/\/laveba-online.ch\/fr\/produkt\/bouteille-a-eau-de-vie-tulipano-200-ml-sans-bouchon\/#primaryimage\"},\"image\":{\"@id\":\"https:\/\/laveba-online.ch\/fr\/produkt\/bouteille-a-eau-de-vie-tulipano-200-ml-sans-bouchon\/#primaryimage\"},\"thumbnailUrl\":\"https:\/\/laveba-online.ch\/wp-content\/uploads\/2020\/07\/Flasche-Schnaps-Tulipano-200ml_3611092.jpg\",\"datePublished\":\"2020-07-13T13:56:59+00:00\",\"dateModified\":\"2023-03-08T12:16:47+00:00\",\"description\":\"Bouteille \u00e0 eau-de-vie Tulipano 200 ml (sans bouchon) - La bouteille Tulipano avec sa forme ronde est id\u00e9ale pour remplir, stocker et offrir des spiritueux, des jus ou d'autres liquides. Le robinet de li\u00e8ge appropri\u00e9 doit \u00eatre s\u00e9lectionn\u00e9 s\u00e9par\u00e9ment. von LAVEBA Online-Shop\",\"breadcrumb\":{\"@id\":\"https:\/\/laveba-online.ch\/fr\/produkt\/bouteille-a-eau-de-vie-tulipano-200-ml-sans-bouchon\/#breadcrumb\"},\"inLanguage\":\"fr-FR\",\"potentialAction\":[{\"@type\":\"ReadAction\",\"target\":[\"https:\/\/laveba-online.ch\/fr\/produkt\/bouteille-a-eau-de-vie-tulipano-200-ml-sans-bouchon\/\"]}]},{\"@type\":\"ImageObject\",\"inLanguage\":\"fr-FR\",\"@id\":\"https:\/\/laveba-online.ch\/fr\/produkt\/bouteille-a-eau-de-vie-tulipano-200-ml-sans-bouchon\/#primaryimage\",\"url\":\"https:\/\/laveba-online.ch\/wp-content\/uploads\/2020\/07\/Flasche-Schnaps-Tulipano-200ml_3611092.jpg\",\"contentUrl\":\"https:\/\/laveba-online.ch\/wp-content\/uploads\/2020\/07\/Flasche-Schnaps-Tulipano-200ml_3611092.jpg\",\"width\":1000,\"height\":1200},{\"@type\":\"BreadcrumbList\",\"@id\":\"https:\/\/laveba-online.ch\/fr\/produkt\/bouteille-a-eau-de-vie-tulipano-200-ml-sans-bouchon\/#breadcrumb\",\"itemListElement\":[{\"@type\":\"ListItem\",\"position\":1,\"name\":\"Startseite\",\"item\":\"https:\/\/laveba-online.ch\/fr\/\"},{\"@type\":\"ListItem\",\"position\":2,\"name\":\"Boutique\",\"item\":\"https:\/\/laveba-online.ch\/fr\/boutique\/\"},{\"@type\":\"ListItem\",\"position\":3,\"name\":\"Bouteille \u00e0 eau-de-vie Tulipano 200 ml (sans bouchon)\"}]},{\"@type\":\"WebSite\",\"@id\":\"https:\/\/laveba-online.ch\/fr\/#website\",\"url\":\"https:\/\/laveba-online.ch\/fr\/\",\"name\":\"LAVEBA Online-Shop\",\"description\":\"LAVEBA ist in der Ostschweiz als Dienstleister, Berater und Partner aktiv. Wir bieten ein breites Spektrum an Angeboten, perfekt zugeschnitten auf die Bed\u00fcrfnisse von Landwirten, Unternehmen, Organisationen und Konsumenten.\",\"publisher\":{\"@id\":\"https:\/\/laveba-online.ch\/fr\/#organization\"},\"potentialAction\":[{\"@type\":\"SearchAction\",\"target\":{\"@type\":\"EntryPoint\",\"urlTemplate\":\"https:\/\/laveba-online.ch\/fr\/?s={search_term_string}\"},\"query-input\":\"required name=search_term_string\"}],\"inLanguage\":\"fr-FR\"},{\"@type\":\"Organization\",\"@id\":\"https:\/\/laveba-online.ch\/fr\/#organization\",\"name\":\"LAVEBA Genossenschaft\",\"url\":\"https:\/\/laveba-online.ch\/fr\/\",\"logo\":{\"@type\":\"ImageObject\",\"inLanguage\":\"fr-FR\",\"@id\":\"https:\/\/laveba-online.ch\/fr\/#\/schema\/logo\/image\/\",\"url\":\"https:\/\/laveba-online.ch\/wp-content\/uploads\/2020\/07\/lavebalogo2.png\",\"contentUrl\":\"https:\/\/laveba-online.ch\/wp-content\/uploads\/2020\/07\/lavebalogo2.png\",\"width\":250,\"height\":69,\"caption\":\"LAVEBA Genossenschaft\"},\"image\":{\"@id\":\"https:\/\/laveba-online.ch\/fr\/#\/schema\/logo\/image\/\"},\"sameAs\":[\"https:\/\/www.facebook.com\/LAVEBA-Genossenschaft-352285445485254\",\"https:\/\/www.instagram.com\/lavebagenossenschaft\/?hl=de\"]}]}<\/script>\n<!-- \/ Yoast SEO plugin. -->","yoast_head_json":{"title":"Bouteille \u00e0 eau-de-vie Tulipano 200 ml (sans bouchon) &#8211; LAVEBA Online-Shop","description":"Bouteille \u00e0 eau-de-vie Tulipano 200 ml (sans bouchon) - La bouteille Tulipano avec sa forme ronde est id\u00e9ale pour remplir, stocker et offrir des spiritueux, des jus ou d'autres liquides. Le robinet de li\u00e8ge appropri\u00e9 doit \u00eatre s\u00e9lectionn\u00e9 s\u00e9par\u00e9ment. von LAVEBA Online-Shop","robots":{"index":"index","follow":"follow","max-snippet":"max-snippet:-1","max-image-preview":"max-image-preview:large","max-video-preview":"max-video-preview:-1"},"canonical":"https:\/\/laveba-online.ch\/fr\/produkt\/bouteille-a-eau-de-vie-tulipano-200-ml-sans-bouchon\/","og_locale":"fr_FR","og_type":"article","og_title":"Bouteille \u00e0 eau-de-vie Tulipano 200 ml (sans bouchon) &#8211; LAVEBA Online-Shop","og_description":"Bouteille \u00e0 eau-de-vie Tulipano 200 ml (sans bouchon) - La bouteille Tulipano avec sa forme ronde est id\u00e9ale pour remplir, stocker et offrir des spiritueux, des jus ou d'autres liquides. Le robinet de li\u00e8ge appropri\u00e9 doit \u00eatre s\u00e9lectionn\u00e9 s\u00e9par\u00e9ment. von LAVEBA Online-Shop","og_url":"https:\/\/laveba-online.ch\/fr\/produkt\/bouteille-a-eau-de-vie-tulipano-200-ml-sans-bouchon\/","og_site_name":"LAVEBA Online-Shop","article_publisher":"https:\/\/www.facebook.com\/LAVEBA-Genossenschaft-352285445485254","article_modified_time":"2023-03-08T12:16:47+00:00","og_image":[{"width":1000,"height":1200,"url":"https:\/\/laveba-online.ch\/wp-content\/uploads\/2020\/07\/Flasche-Schnaps-Tulipano-200ml_3611092.jpg","type":"image\/jpeg"}],"twitter_card":"summary_large_image","schema":{"@context":"https:\/\/schema.org","@graph":[{"@type":["WebPage","ItemPage"],"@id":"https:\/\/laveba-online.ch\/fr\/produkt\/bouteille-a-eau-de-vie-tulipano-200-ml-sans-bouchon\/","url":"https:\/\/laveba-online.ch\/fr\/produkt\/bouteille-a-eau-de-vie-tulipano-200-ml-sans-bouchon\/","name":"Bouteille \u00e0 eau-de-vie Tulipano 200 ml (sans bouchon) &#8211; LAVEBA Online-Shop","isPartOf":{"@id":"https:\/\/laveba-online.ch\/fr\/#website"},"primaryImageOfPage":{"@id":"https:\/\/laveba-online.ch\/fr\/produkt\/bouteille-a-eau-de-vie-tulipano-200-ml-sans-bouchon\/#primaryimage"},"image":{"@id":"https:\/\/laveba-online.ch\/fr\/produkt\/bouteille-a-eau-de-vie-tulipano-200-ml-sans-bouchon\/#primaryimage"},"thumbnailUrl":"https:\/\/laveba-online.ch\/wp-content\/uploads\/2020\/07\/Flasche-Schnaps-Tulipano-200ml_3611092.jpg","datePublished":"2020-07-13T13:56:59+00:00","dateModified":"2023-03-08T12:16:47+00:00","description":"Bouteille \u00e0 eau-de-vie Tulipano 200 ml (sans bouchon) - La bouteille Tulipano avec sa forme ronde est id\u00e9ale pour remplir, stocker et offrir des spiritueux, des jus ou d'autres liquides. Le robinet de li\u00e8ge appropri\u00e9 doit \u00eatre s\u00e9lectionn\u00e9 s\u00e9par\u00e9ment. von LAVEBA Online-Shop","breadcrumb":{"@id":"https:\/\/laveba-online.ch\/fr\/produkt\/bouteille-a-eau-de-vie-tulipano-200-ml-sans-bouchon\/#breadcrumb"},"inLanguage":"fr-FR","potentialAction":[{"@type":"ReadAction","target":["https:\/\/laveba-online.ch\/fr\/produkt\/bouteille-a-eau-de-vie-tulipano-200-ml-sans-bouchon\/"]}]},{"@type":"ImageObject","inLanguage":"fr-FR","@id":"https:\/\/laveba-online.ch\/fr\/produkt\/bouteille-a-eau-de-vie-tulipano-200-ml-sans-bouchon\/#primaryimage","url":"https:\/\/laveba-online.ch\/wp-content\/uploads\/2020\/07\/Flasche-Schnaps-Tulipano-200ml_3611092.jpg","contentUrl":"https:\/\/laveba-online.ch\/wp-content\/uploads\/2020\/07\/Flasche-Schnaps-Tulipano-200ml_3611092.jpg","width":1000,"height":1200},{"@type":"BreadcrumbList","@id":"https:\/\/laveba-online.ch\/fr\/produkt\/bouteille-a-eau-de-vie-tulipano-200-ml-sans-bouchon\/#breadcrumb","itemListElement":[{"@type":"ListItem","position":1,"name":"Startseite","item":"https:\/\/laveba-online.ch\/fr\/"},{"@type":"ListItem","position":2,"name":"Boutique","item":"https:\/\/laveba-online.ch\/fr\/boutique\/"},{"@type":"ListItem","position":3,"name":"Bouteille \u00e0 eau-de-vie Tulipano 200 ml (sans bouchon)"}]},{"@type":"WebSite","@id":"https:\/\/laveba-online.ch\/fr\/#website","url":"https:\/\/laveba-online.ch\/fr\/","name":"LAVEBA Online-Shop","description":"LAVEBA ist in der Ostschweiz als Dienstleister, Berater und Partner aktiv. Wir bieten ein breites Spektrum an Angeboten, perfekt zugeschnitten auf die Bed\u00fcrfnisse von Landwirten, Unternehmen, Organisationen und Konsumenten.","publisher":{"@id":"https:\/\/laveba-online.ch\/fr\/#organization"},"potentialAction":[{"@type":"SearchAction","target":{"@type":"EntryPoint","urlTemplate":"https:\/\/laveba-online.ch\/fr\/?s={search_term_string}"},"query-input":"required name=search_term_string"}],"inLanguage":"fr-FR"},{"@type":"Organization","@id":"https:\/\/laveba-online.ch\/fr\/#organization","name":"LAVEBA Genossenschaft","url":"https:\/\/laveba-online.ch\/fr\/","logo":{"@type":"ImageObject","inLanguage":"fr-FR","@id":"https:\/\/laveba-online.ch\/fr\/#\/schema\/logo\/image\/","url":"https:\/\/laveba-online.ch\/wp-content\/uploads\/2020\/07\/lavebalogo2.png","contentUrl":"https:\/\/laveba-online.ch\/wp-content\/uploads\/2020\/07\/lavebalogo2.png","width":250,"height":69,"caption":"LAVEBA Genossenschaft"},"image":{"@id":"https:\/\/laveba-online.ch\/fr\/#\/schema\/logo\/image\/"},"sameAs":["https:\/\/www.facebook.com\/LAVEBA-Genossenschaft-352285445485254","https:\/\/www.instagram.com\/lavebagenossenschaft\/?hl=de"]}]}},"_links":{"self":[{"href":"https:\/\/laveba-online.ch\/fr\/wp-json\/wp\/v2\/product\/7177"}],"collection":[{"href":"https:\/\/laveba-online.ch\/fr\/wp-json\/wp\/v2\/product"}],"about":[{"href":"https:\/\/laveba-online.ch\/fr\/wp-json\/wp\/v2\/types\/product"}],"replies":[{"embeddable":true,"href":"https:\/\/laveba-online.ch\/fr\/wp-json\/wp\/v2\/comments?post=7177"}],"wp:featuredmedia":[{"embeddable":true,"href":"https:\/\/laveba-online.ch\/fr\/wp-json\/wp\/v2\/media\/6285"}],"wp:attachment":[{"href":"https:\/\/laveba-online.ch\/fr\/wp-json\/wp\/v2\/media?parent=7177"}],"wp:term":[{"taxonomy":"product_cat","embeddable":true,"href":"https:\/\/laveba-online.ch\/fr\/wp-json\/wp\/v2\/product_cat?post=7177"},{"taxonomy":"product_tag","embeddable":true,"href":"https:\/\/laveba-online.ch\/fr\/wp-json\/wp\/v2\/product_tag?post=7177"}],"curies":[{"name":"wp","href":"https:\/\/api.w.org\/{rel}","templated":true}]}}