{"id":7147,"date":"2020-07-13T16:10:26","date_gmt":"2020-07-13T14:10:26","guid":{"rendered":"https:\/\/laveba-online.ch\/produkt\/bouteille-pet-0-5-l-pour-jus-de-fruits-frais-ouverture-38-mm\/"},"modified":"2020-07-13T16:10:26","modified_gmt":"2020-07-13T14:10:26","slug":"bouteille-pet-0-5-l-pour-jus-de-fruits-frais-ouverture-38-mm","status":"publish","type":"product","link":"https:\/\/laveba-online.ch\/fr\/produkt\/bouteille-pet-0-5-l-pour-jus-de-fruits-frais-ouverture-38-mm\/","title":{"rendered":"Bouteille PET 0.5 l pour jus de fruits frais, ouverture 38 mm"},"content":{"rendered":"","protected":false},"excerpt":{"rendered":"<p><span class=\"VIiyi\" lang=\"fr\"><span class=\"JLqJ4b ChMk0b\" data-language-for-alternatives=\"fr\" data-language-to-translate-into=\"de\" data-phrase-index=\"0\">La bouteille PET pour jus de fruits frais est particuli\u00e8rement adapt\u00e9e au remplissage et \u00e0 la conservation du mo\u00fbt sucr\u00e9 maison ou d&#8217;autres jus.<\/span> <span class=\"JLqJ4b ChMk0b\" data-language-for-alternatives=\"fr\" data-language-to-translate-into=\"de\" data-phrase-index=\"1\">Le couvercle correspondant doit \u00eatre s\u00e9lectionn\u00e9 s\u00e9par\u00e9ment.<\/span><\/span><\/p>\n","protected":false},"featured_media":6425,"comment_status":"open","ping_status":"closed","template":"","meta":[],"product_cat":[184,168],"product_tag":[],"class_list":{"0":"post-7147","1":"product","2":"type-product","3":"status-publish","4":"has-post-thumbnail","6":"product_cat-bouteille-pet","7":"product_cat-conservation","9":"first","10":"instock","11":"taxable","12":"shipping-taxable","13":"purchasable","14":"product-type-simple"},"yoast_head":"<!-- This site is optimized with the Yoast SEO plugin v23.1 - https:\/\/yoast.com\/wordpress\/plugins\/seo\/ -->\n<title>Bouteille PET 0.5 l pour jus de fruits frais, ouverture 38 mm &#8211; LAVEBA Online-Shop<\/title>\n<meta name=\"description\" content=\"Bouteille PET 0.5 l pour jus de fruits frais, ouverture 38 mm - La bouteille PET pour jus de fruits frais est particuli\u00e8rement adapt\u00e9e au remplissage et \u00e0 la conservation du mo\u00fbt sucr\u00e9 maison ou d&#039;autres jus. Le couvercle correspondant doit \u00eatre s\u00e9lectionn\u00e9 s\u00e9par\u00e9ment. von LAVEBA Online-Shop\" \/>\n<meta name=\"robots\" content=\"index, follow, max-snippet:-1, max-image-preview:large, max-video-preview:-1\" \/>\n<link rel=\"canonical\" href=\"https:\/\/laveba-online.ch\/fr\/produkt\/bouteille-pet-0-5-l-pour-jus-de-fruits-frais-ouverture-38-mm\/\" \/>\n<meta property=\"og:locale\" content=\"fr_FR\" \/>\n<meta property=\"og:type\" content=\"article\" \/>\n<meta property=\"og:title\" content=\"Bouteille PET 0.5 l pour jus de fruits frais, ouverture 38 mm &#8211; LAVEBA Online-Shop\" \/>\n<meta property=\"og:description\" content=\"Bouteille PET 0.5 l pour jus de fruits frais, ouverture 38 mm - La bouteille PET pour jus de fruits frais est particuli\u00e8rement adapt\u00e9e au remplissage et \u00e0 la conservation du mo\u00fbt sucr\u00e9 maison ou d&#039;autres jus. Le couvercle correspondant doit \u00eatre s\u00e9lectionn\u00e9 s\u00e9par\u00e9ment. von LAVEBA Online-Shop\" \/>\n<meta property=\"og:url\" content=\"https:\/\/laveba-online.ch\/fr\/produkt\/bouteille-pet-0-5-l-pour-jus-de-fruits-frais-ouverture-38-mm\/\" \/>\n<meta property=\"og:site_name\" content=\"LAVEBA Online-Shop\" \/>\n<meta property=\"article:publisher\" content=\"https:\/\/www.facebook.com\/LAVEBA-Genossenschaft-352285445485254\" \/>\n<meta property=\"og:image\" content=\"https:\/\/laveba-online.ch\/wp-content\/uploads\/2020\/07\/Petflasche-50cl_3616017.jpg\" \/>\n\t<meta property=\"og:image:width\" content=\"1000\" \/>\n\t<meta property=\"og:image:height\" content=\"1200\" \/>\n\t<meta property=\"og:image:type\" content=\"image\/jpeg\" \/>\n<meta name=\"twitter:card\" content=\"summary_large_image\" \/>\n<script type=\"application\/ld+json\" class=\"yoast-schema-graph\">{\"@context\":\"https:\/\/schema.org\",\"@graph\":[{\"@type\":[\"WebPage\",\"ItemPage\"],\"@id\":\"https:\/\/laveba-online.ch\/fr\/produkt\/bouteille-pet-0-5-l-pour-jus-de-fruits-frais-ouverture-38-mm\/\",\"url\":\"https:\/\/laveba-online.ch\/fr\/produkt\/bouteille-pet-0-5-l-pour-jus-de-fruits-frais-ouverture-38-mm\/\",\"name\":\"Bouteille PET 0.5 l pour jus de fruits frais, ouverture 38 mm &#8211; LAVEBA Online-Shop\",\"isPartOf\":{\"@id\":\"https:\/\/laveba-online.ch\/fr\/#website\"},\"primaryImageOfPage\":{\"@id\":\"https:\/\/laveba-online.ch\/fr\/produkt\/bouteille-pet-0-5-l-pour-jus-de-fruits-frais-ouverture-38-mm\/#primaryimage\"},\"image\":{\"@id\":\"https:\/\/laveba-online.ch\/fr\/produkt\/bouteille-pet-0-5-l-pour-jus-de-fruits-frais-ouverture-38-mm\/#primaryimage\"},\"thumbnailUrl\":\"https:\/\/laveba-online.ch\/wp-content\/uploads\/2020\/07\/Petflasche-50cl_3616017.jpg\",\"datePublished\":\"2020-07-13T14:10:26+00:00\",\"dateModified\":\"2020-07-13T14:10:26+00:00\",\"description\":\"Bouteille PET 0.5 l pour jus de fruits frais, ouverture 38 mm - La bouteille PET pour jus de fruits frais est particuli\u00e8rement adapt\u00e9e au remplissage et \u00e0 la conservation du mo\u00fbt sucr\u00e9 maison ou d'autres jus. Le couvercle correspondant doit \u00eatre s\u00e9lectionn\u00e9 s\u00e9par\u00e9ment. von LAVEBA Online-Shop\",\"breadcrumb\":{\"@id\":\"https:\/\/laveba-online.ch\/fr\/produkt\/bouteille-pet-0-5-l-pour-jus-de-fruits-frais-ouverture-38-mm\/#breadcrumb\"},\"inLanguage\":\"fr-FR\",\"potentialAction\":[{\"@type\":\"ReadAction\",\"target\":[\"https:\/\/laveba-online.ch\/fr\/produkt\/bouteille-pet-0-5-l-pour-jus-de-fruits-frais-ouverture-38-mm\/\"]}]},{\"@type\":\"ImageObject\",\"inLanguage\":\"fr-FR\",\"@id\":\"https:\/\/laveba-online.ch\/fr\/produkt\/bouteille-pet-0-5-l-pour-jus-de-fruits-frais-ouverture-38-mm\/#primaryimage\",\"url\":\"https:\/\/laveba-online.ch\/wp-content\/uploads\/2020\/07\/Petflasche-50cl_3616017.jpg\",\"contentUrl\":\"https:\/\/laveba-online.ch\/wp-content\/uploads\/2020\/07\/Petflasche-50cl_3616017.jpg\",\"width\":1000,\"height\":1200},{\"@type\":\"BreadcrumbList\",\"@id\":\"https:\/\/laveba-online.ch\/fr\/produkt\/bouteille-pet-0-5-l-pour-jus-de-fruits-frais-ouverture-38-mm\/#breadcrumb\",\"itemListElement\":[{\"@type\":\"ListItem\",\"position\":1,\"name\":\"Startseite\",\"item\":\"https:\/\/laveba-online.ch\/fr\/\"},{\"@type\":\"ListItem\",\"position\":2,\"name\":\"Boutique\",\"item\":\"https:\/\/laveba-online.ch\/fr\/boutique\/\"},{\"@type\":\"ListItem\",\"position\":3,\"name\":\"Bouteille PET 0.5 l pour jus de fruits frais, ouverture 38 mm\"}]},{\"@type\":\"WebSite\",\"@id\":\"https:\/\/laveba-online.ch\/fr\/#website\",\"url\":\"https:\/\/laveba-online.ch\/fr\/\",\"name\":\"LAVEBA Online-Shop\",\"description\":\"LAVEBA ist in der Ostschweiz als Dienstleister, Berater und Partner aktiv. Wir bieten ein breites Spektrum an Angeboten, perfekt zugeschnitten auf die Bed\u00fcrfnisse von Landwirten, Unternehmen, Organisationen und Konsumenten.\",\"publisher\":{\"@id\":\"https:\/\/laveba-online.ch\/fr\/#organization\"},\"potentialAction\":[{\"@type\":\"SearchAction\",\"target\":{\"@type\":\"EntryPoint\",\"urlTemplate\":\"https:\/\/laveba-online.ch\/fr\/?s={search_term_string}\"},\"query-input\":\"required name=search_term_string\"}],\"inLanguage\":\"fr-FR\"},{\"@type\":\"Organization\",\"@id\":\"https:\/\/laveba-online.ch\/fr\/#organization\",\"name\":\"LAVEBA Genossenschaft\",\"url\":\"https:\/\/laveba-online.ch\/fr\/\",\"logo\":{\"@type\":\"ImageObject\",\"inLanguage\":\"fr-FR\",\"@id\":\"https:\/\/laveba-online.ch\/fr\/#\/schema\/logo\/image\/\",\"url\":\"https:\/\/laveba-online.ch\/wp-content\/uploads\/2020\/07\/lavebalogo2.png\",\"contentUrl\":\"https:\/\/laveba-online.ch\/wp-content\/uploads\/2020\/07\/lavebalogo2.png\",\"width\":250,\"height\":69,\"caption\":\"LAVEBA Genossenschaft\"},\"image\":{\"@id\":\"https:\/\/laveba-online.ch\/fr\/#\/schema\/logo\/image\/\"},\"sameAs\":[\"https:\/\/www.facebook.com\/LAVEBA-Genossenschaft-352285445485254\",\"https:\/\/www.instagram.com\/lavebagenossenschaft\/?hl=de\"]}]}<\/script>\n<!-- \/ Yoast SEO plugin. -->","yoast_head_json":{"title":"Bouteille PET 0.5 l pour jus de fruits frais, ouverture 38 mm &#8211; LAVEBA Online-Shop","description":"Bouteille PET 0.5 l pour jus de fruits frais, ouverture 38 mm - La bouteille PET pour jus de fruits frais est particuli\u00e8rement adapt\u00e9e au remplissage et \u00e0 la conservation du mo\u00fbt sucr\u00e9 maison ou d'autres jus. Le couvercle correspondant doit \u00eatre s\u00e9lectionn\u00e9 s\u00e9par\u00e9ment. von LAVEBA Online-Shop","robots":{"index":"index","follow":"follow","max-snippet":"max-snippet:-1","max-image-preview":"max-image-preview:large","max-video-preview":"max-video-preview:-1"},"canonical":"https:\/\/laveba-online.ch\/fr\/produkt\/bouteille-pet-0-5-l-pour-jus-de-fruits-frais-ouverture-38-mm\/","og_locale":"fr_FR","og_type":"article","og_title":"Bouteille PET 0.5 l pour jus de fruits frais, ouverture 38 mm &#8211; LAVEBA Online-Shop","og_description":"Bouteille PET 0.5 l pour jus de fruits frais, ouverture 38 mm - La bouteille PET pour jus de fruits frais est particuli\u00e8rement adapt\u00e9e au remplissage et \u00e0 la conservation du mo\u00fbt sucr\u00e9 maison ou d'autres jus. Le couvercle correspondant doit \u00eatre s\u00e9lectionn\u00e9 s\u00e9par\u00e9ment. von LAVEBA Online-Shop","og_url":"https:\/\/laveba-online.ch\/fr\/produkt\/bouteille-pet-0-5-l-pour-jus-de-fruits-frais-ouverture-38-mm\/","og_site_name":"LAVEBA Online-Shop","article_publisher":"https:\/\/www.facebook.com\/LAVEBA-Genossenschaft-352285445485254","og_image":[{"width":1000,"height":1200,"url":"https:\/\/laveba-online.ch\/wp-content\/uploads\/2020\/07\/Petflasche-50cl_3616017.jpg","type":"image\/jpeg"}],"twitter_card":"summary_large_image","schema":{"@context":"https:\/\/schema.org","@graph":[{"@type":["WebPage","ItemPage"],"@id":"https:\/\/laveba-online.ch\/fr\/produkt\/bouteille-pet-0-5-l-pour-jus-de-fruits-frais-ouverture-38-mm\/","url":"https:\/\/laveba-online.ch\/fr\/produkt\/bouteille-pet-0-5-l-pour-jus-de-fruits-frais-ouverture-38-mm\/","name":"Bouteille PET 0.5 l pour jus de fruits frais, ouverture 38 mm &#8211; LAVEBA Online-Shop","isPartOf":{"@id":"https:\/\/laveba-online.ch\/fr\/#website"},"primaryImageOfPage":{"@id":"https:\/\/laveba-online.ch\/fr\/produkt\/bouteille-pet-0-5-l-pour-jus-de-fruits-frais-ouverture-38-mm\/#primaryimage"},"image":{"@id":"https:\/\/laveba-online.ch\/fr\/produkt\/bouteille-pet-0-5-l-pour-jus-de-fruits-frais-ouverture-38-mm\/#primaryimage"},"thumbnailUrl":"https:\/\/laveba-online.ch\/wp-content\/uploads\/2020\/07\/Petflasche-50cl_3616017.jpg","datePublished":"2020-07-13T14:10:26+00:00","dateModified":"2020-07-13T14:10:26+00:00","description":"Bouteille PET 0.5 l pour jus de fruits frais, ouverture 38 mm - La bouteille PET pour jus de fruits frais est particuli\u00e8rement adapt\u00e9e au remplissage et \u00e0 la conservation du mo\u00fbt sucr\u00e9 maison ou d'autres jus. Le couvercle correspondant doit \u00eatre s\u00e9lectionn\u00e9 s\u00e9par\u00e9ment. von LAVEBA Online-Shop","breadcrumb":{"@id":"https:\/\/laveba-online.ch\/fr\/produkt\/bouteille-pet-0-5-l-pour-jus-de-fruits-frais-ouverture-38-mm\/#breadcrumb"},"inLanguage":"fr-FR","potentialAction":[{"@type":"ReadAction","target":["https:\/\/laveba-online.ch\/fr\/produkt\/bouteille-pet-0-5-l-pour-jus-de-fruits-frais-ouverture-38-mm\/"]}]},{"@type":"ImageObject","inLanguage":"fr-FR","@id":"https:\/\/laveba-online.ch\/fr\/produkt\/bouteille-pet-0-5-l-pour-jus-de-fruits-frais-ouverture-38-mm\/#primaryimage","url":"https:\/\/laveba-online.ch\/wp-content\/uploads\/2020\/07\/Petflasche-50cl_3616017.jpg","contentUrl":"https:\/\/laveba-online.ch\/wp-content\/uploads\/2020\/07\/Petflasche-50cl_3616017.jpg","width":1000,"height":1200},{"@type":"BreadcrumbList","@id":"https:\/\/laveba-online.ch\/fr\/produkt\/bouteille-pet-0-5-l-pour-jus-de-fruits-frais-ouverture-38-mm\/#breadcrumb","itemListElement":[{"@type":"ListItem","position":1,"name":"Startseite","item":"https:\/\/laveba-online.ch\/fr\/"},{"@type":"ListItem","position":2,"name":"Boutique","item":"https:\/\/laveba-online.ch\/fr\/boutique\/"},{"@type":"ListItem","position":3,"name":"Bouteille PET 0.5 l pour jus de fruits frais, ouverture 38 mm"}]},{"@type":"WebSite","@id":"https:\/\/laveba-online.ch\/fr\/#website","url":"https:\/\/laveba-online.ch\/fr\/","name":"LAVEBA Online-Shop","description":"LAVEBA ist in der Ostschweiz als Dienstleister, Berater und Partner aktiv. Wir bieten ein breites Spektrum an Angeboten, perfekt zugeschnitten auf die Bed\u00fcrfnisse von Landwirten, Unternehmen, Organisationen und Konsumenten.","publisher":{"@id":"https:\/\/laveba-online.ch\/fr\/#organization"},"potentialAction":[{"@type":"SearchAction","target":{"@type":"EntryPoint","urlTemplate":"https:\/\/laveba-online.ch\/fr\/?s={search_term_string}"},"query-input":"required name=search_term_string"}],"inLanguage":"fr-FR"},{"@type":"Organization","@id":"https:\/\/laveba-online.ch\/fr\/#organization","name":"LAVEBA Genossenschaft","url":"https:\/\/laveba-online.ch\/fr\/","logo":{"@type":"ImageObject","inLanguage":"fr-FR","@id":"https:\/\/laveba-online.ch\/fr\/#\/schema\/logo\/image\/","url":"https:\/\/laveba-online.ch\/wp-content\/uploads\/2020\/07\/lavebalogo2.png","contentUrl":"https:\/\/laveba-online.ch\/wp-content\/uploads\/2020\/07\/lavebalogo2.png","width":250,"height":69,"caption":"LAVEBA Genossenschaft"},"image":{"@id":"https:\/\/laveba-online.ch\/fr\/#\/schema\/logo\/image\/"},"sameAs":["https:\/\/www.facebook.com\/LAVEBA-Genossenschaft-352285445485254","https:\/\/www.instagram.com\/lavebagenossenschaft\/?hl=de"]}]}},"_links":{"self":[{"href":"https:\/\/laveba-online.ch\/fr\/wp-json\/wp\/v2\/product\/7147"}],"collection":[{"href":"https:\/\/laveba-online.ch\/fr\/wp-json\/wp\/v2\/product"}],"about":[{"href":"https:\/\/laveba-online.ch\/fr\/wp-json\/wp\/v2\/types\/product"}],"replies":[{"embeddable":true,"href":"https:\/\/laveba-online.ch\/fr\/wp-json\/wp\/v2\/comments?post=7147"}],"wp:featuredmedia":[{"embeddable":true,"href":"https:\/\/laveba-online.ch\/fr\/wp-json\/wp\/v2\/media\/6425"}],"wp:attachment":[{"href":"https:\/\/laveba-online.ch\/fr\/wp-json\/wp\/v2\/media?parent=7147"}],"wp:term":[{"taxonomy":"product_cat","embeddable":true,"href":"https:\/\/laveba-online.ch\/fr\/wp-json\/wp\/v2\/product_cat?post=7147"},{"taxonomy":"product_tag","embeddable":true,"href":"https:\/\/laveba-online.ch\/fr\/wp-json\/wp\/v2\/product_tag?post=7147"}],"curies":[{"name":"wp","href":"https:\/\/api.w.org\/{rel}","templated":true}]}}