{"id":7087,"date":"2020-07-13T16:20:31","date_gmt":"2020-07-13T14:20:31","guid":{"rendered":"https:\/\/laveba-online.ch\/produkt\/poche-bag-in-box\/"},"modified":"2021-05-28T08:17:43","modified_gmt":"2021-05-28T06:17:43","slug":"poche-bag-in-box","status":"publish","type":"product","link":"https:\/\/laveba-online.ch\/fr\/produkt\/poche-bag-in-box\/","title":{"rendered":"Poche bag-in-box"},"content":{"rendered":"","protected":false},"excerpt":{"rendered":"<p><span class=\"VIiyi\" lang=\"fr\"><span class=\"JLqJ4b ChMk0b\" data-language-for-alternatives=\"fr\" data-language-to-translate-into=\"de\" data-phrase-index=\"0\">Si le poche Bag in Box d&#8217;une capacit\u00e9 de 5 litres a \u00e9t\u00e9 endommag\u00e9, ce sac de remplacement peut \u00eatre int\u00e9gr\u00e9 dans la bo\u00eete en carton.<\/span> <span class=\"JLqJ4b ChMk0b\" data-language-for-alternatives=\"fr\" data-language-to-translate-into=\"de\" data-phrase-index=\"1\">La bo\u00eete en carton doit \u00eatre s\u00e9lectionn\u00e9e s\u00e9par\u00e9ment pour ce produit.<\/span><\/span><\/p>\n","protected":false},"featured_media":14281,"comment_status":"open","ping_status":"closed","template":"","meta":[],"product_cat":[170,168,194],"product_tag":[],"class_list":{"0":"post-7087","1":"product","2":"type-product","3":"status-publish","4":"has-post-thumbnail","6":"product_cat-bag-in-box-fr","7":"product_cat-conservation","8":"product_cat-meilleures-ventes","10":"first","11":"instock","12":"taxable","13":"shipping-taxable","14":"purchasable","15":"product-type-variable"},"yoast_head":"<!-- This site is optimized with the Yoast SEO plugin v23.1 - https:\/\/yoast.com\/wordpress\/plugins\/seo\/ -->\n<title>Poche bag-in-box &#8211; LAVEBA Online-Shop<\/title>\n<meta name=\"description\" content=\"Poche bag-in-box - Si le poche Bag in Box d&#039;une capacit\u00e9 de 5 litres a \u00e9t\u00e9 endommag\u00e9, ce sac de remplacement peut \u00eatre int\u00e9gr\u00e9 dans la bo\u00eete en carton. La bo\u00eete en carton doit \u00eatre s\u00e9lectionn\u00e9e s\u00e9par\u00e9ment pour ce produit. von LAVEBA Online-Shop\" \/>\n<meta name=\"robots\" content=\"index, follow, max-snippet:-1, max-image-preview:large, max-video-preview:-1\" \/>\n<link rel=\"canonical\" href=\"https:\/\/laveba-online.ch\/fr\/produkt\/poche-bag-in-box\/\" \/>\n<meta property=\"og:locale\" content=\"fr_FR\" \/>\n<meta property=\"og:type\" content=\"article\" \/>\n<meta property=\"og:title\" content=\"Poche bag-in-box &#8211; LAVEBA Online-Shop\" \/>\n<meta property=\"og:description\" content=\"Poche bag-in-box - Si le poche Bag in Box d&#039;une capacit\u00e9 de 5 litres a \u00e9t\u00e9 endommag\u00e9, ce sac de remplacement peut \u00eatre int\u00e9gr\u00e9 dans la bo\u00eete en carton. La bo\u00eete en carton doit \u00eatre s\u00e9lectionn\u00e9e s\u00e9par\u00e9ment pour ce produit. von LAVEBA Online-Shop\" \/>\n<meta property=\"og:url\" content=\"https:\/\/laveba-online.ch\/fr\/produkt\/poche-bag-in-box\/\" \/>\n<meta property=\"og:site_name\" content=\"LAVEBA Online-Shop\" \/>\n<meta property=\"article:publisher\" content=\"https:\/\/www.facebook.com\/LAVEBA-Genossenschaft-352285445485254\" \/>\n<meta property=\"article:modified_time\" content=\"2021-05-28T06:17:43+00:00\" \/>\n<meta property=\"og:image\" content=\"https:\/\/laveba-online.ch\/wp-content\/uploads\/2020\/07\/Beutel-Bag-in-Box-scaled.jpg\" \/>\n\t<meta property=\"og:image:width\" content=\"2134\" \/>\n\t<meta property=\"og:image:height\" content=\"2560\" \/>\n\t<meta property=\"og:image:type\" content=\"image\/jpeg\" \/>\n<meta name=\"twitter:card\" content=\"summary_large_image\" \/>\n<script type=\"application\/ld+json\" class=\"yoast-schema-graph\">{\"@context\":\"https:\/\/schema.org\",\"@graph\":[{\"@type\":[\"WebPage\",\"ItemPage\"],\"@id\":\"https:\/\/laveba-online.ch\/fr\/produkt\/poche-bag-in-box\/\",\"url\":\"https:\/\/laveba-online.ch\/fr\/produkt\/poche-bag-in-box\/\",\"name\":\"Poche bag-in-box &#8211; LAVEBA Online-Shop\",\"isPartOf\":{\"@id\":\"https:\/\/laveba-online.ch\/fr\/#website\"},\"primaryImageOfPage\":{\"@id\":\"https:\/\/laveba-online.ch\/fr\/produkt\/poche-bag-in-box\/#primaryimage\"},\"image\":{\"@id\":\"https:\/\/laveba-online.ch\/fr\/produkt\/poche-bag-in-box\/#primaryimage\"},\"thumbnailUrl\":\"https:\/\/laveba-online.ch\/wp-content\/uploads\/2020\/07\/Beutel-Bag-in-Box-scaled.jpg\",\"datePublished\":\"2020-07-13T14:20:31+00:00\",\"dateModified\":\"2021-05-28T06:17:43+00:00\",\"description\":\"Poche bag-in-box - Si le poche Bag in Box d'une capacit\u00e9 de 5 litres a \u00e9t\u00e9 endommag\u00e9, ce sac de remplacement peut \u00eatre int\u00e9gr\u00e9 dans la bo\u00eete en carton. La bo\u00eete en carton doit \u00eatre s\u00e9lectionn\u00e9e s\u00e9par\u00e9ment pour ce produit. von LAVEBA Online-Shop\",\"breadcrumb\":{\"@id\":\"https:\/\/laveba-online.ch\/fr\/produkt\/poche-bag-in-box\/#breadcrumb\"},\"inLanguage\":\"fr-FR\",\"potentialAction\":[{\"@type\":\"ReadAction\",\"target\":[\"https:\/\/laveba-online.ch\/fr\/produkt\/poche-bag-in-box\/\"]}]},{\"@type\":\"ImageObject\",\"inLanguage\":\"fr-FR\",\"@id\":\"https:\/\/laveba-online.ch\/fr\/produkt\/poche-bag-in-box\/#primaryimage\",\"url\":\"https:\/\/laveba-online.ch\/wp-content\/uploads\/2020\/07\/Beutel-Bag-in-Box-scaled.jpg\",\"contentUrl\":\"https:\/\/laveba-online.ch\/wp-content\/uploads\/2020\/07\/Beutel-Bag-in-Box-scaled.jpg\",\"width\":2134,\"height\":2560},{\"@type\":\"BreadcrumbList\",\"@id\":\"https:\/\/laveba-online.ch\/fr\/produkt\/poche-bag-in-box\/#breadcrumb\",\"itemListElement\":[{\"@type\":\"ListItem\",\"position\":1,\"name\":\"Startseite\",\"item\":\"https:\/\/laveba-online.ch\/fr\/\"},{\"@type\":\"ListItem\",\"position\":2,\"name\":\"Boutique\",\"item\":\"https:\/\/laveba-online.ch\/fr\/boutique\/\"},{\"@type\":\"ListItem\",\"position\":3,\"name\":\"Poche bag-in-box\"}]},{\"@type\":\"WebSite\",\"@id\":\"https:\/\/laveba-online.ch\/fr\/#website\",\"url\":\"https:\/\/laveba-online.ch\/fr\/\",\"name\":\"LAVEBA Online-Shop\",\"description\":\"LAVEBA ist in der Ostschweiz als Dienstleister, Berater und Partner aktiv. Wir bieten ein breites Spektrum an Angeboten, perfekt zugeschnitten auf die Bed\u00fcrfnisse von Landwirten, Unternehmen, Organisationen und Konsumenten.\",\"publisher\":{\"@id\":\"https:\/\/laveba-online.ch\/fr\/#organization\"},\"potentialAction\":[{\"@type\":\"SearchAction\",\"target\":{\"@type\":\"EntryPoint\",\"urlTemplate\":\"https:\/\/laveba-online.ch\/fr\/?s={search_term_string}\"},\"query-input\":\"required name=search_term_string\"}],\"inLanguage\":\"fr-FR\"},{\"@type\":\"Organization\",\"@id\":\"https:\/\/laveba-online.ch\/fr\/#organization\",\"name\":\"LAVEBA Genossenschaft\",\"url\":\"https:\/\/laveba-online.ch\/fr\/\",\"logo\":{\"@type\":\"ImageObject\",\"inLanguage\":\"fr-FR\",\"@id\":\"https:\/\/laveba-online.ch\/fr\/#\/schema\/logo\/image\/\",\"url\":\"https:\/\/laveba-online.ch\/wp-content\/uploads\/2020\/07\/lavebalogo2.png\",\"contentUrl\":\"https:\/\/laveba-online.ch\/wp-content\/uploads\/2020\/07\/lavebalogo2.png\",\"width\":250,\"height\":69,\"caption\":\"LAVEBA Genossenschaft\"},\"image\":{\"@id\":\"https:\/\/laveba-online.ch\/fr\/#\/schema\/logo\/image\/\"},\"sameAs\":[\"https:\/\/www.facebook.com\/LAVEBA-Genossenschaft-352285445485254\",\"https:\/\/www.instagram.com\/lavebagenossenschaft\/?hl=de\"]}]}<\/script>\n<!-- \/ Yoast SEO plugin. -->","yoast_head_json":{"title":"Poche bag-in-box &#8211; LAVEBA Online-Shop","description":"Poche bag-in-box - Si le poche Bag in Box d'une capacit\u00e9 de 5 litres a \u00e9t\u00e9 endommag\u00e9, ce sac de remplacement peut \u00eatre int\u00e9gr\u00e9 dans la bo\u00eete en carton. La bo\u00eete en carton doit \u00eatre s\u00e9lectionn\u00e9e s\u00e9par\u00e9ment pour ce produit. von LAVEBA Online-Shop","robots":{"index":"index","follow":"follow","max-snippet":"max-snippet:-1","max-image-preview":"max-image-preview:large","max-video-preview":"max-video-preview:-1"},"canonical":"https:\/\/laveba-online.ch\/fr\/produkt\/poche-bag-in-box\/","og_locale":"fr_FR","og_type":"article","og_title":"Poche bag-in-box &#8211; LAVEBA Online-Shop","og_description":"Poche bag-in-box - Si le poche Bag in Box d'une capacit\u00e9 de 5 litres a \u00e9t\u00e9 endommag\u00e9, ce sac de remplacement peut \u00eatre int\u00e9gr\u00e9 dans la bo\u00eete en carton. La bo\u00eete en carton doit \u00eatre s\u00e9lectionn\u00e9e s\u00e9par\u00e9ment pour ce produit. von LAVEBA Online-Shop","og_url":"https:\/\/laveba-online.ch\/fr\/produkt\/poche-bag-in-box\/","og_site_name":"LAVEBA Online-Shop","article_publisher":"https:\/\/www.facebook.com\/LAVEBA-Genossenschaft-352285445485254","article_modified_time":"2021-05-28T06:17:43+00:00","og_image":[{"width":2134,"height":2560,"url":"https:\/\/laveba-online.ch\/wp-content\/uploads\/2020\/07\/Beutel-Bag-in-Box-scaled.jpg","type":"image\/jpeg"}],"twitter_card":"summary_large_image","schema":{"@context":"https:\/\/schema.org","@graph":[{"@type":["WebPage","ItemPage"],"@id":"https:\/\/laveba-online.ch\/fr\/produkt\/poche-bag-in-box\/","url":"https:\/\/laveba-online.ch\/fr\/produkt\/poche-bag-in-box\/","name":"Poche bag-in-box &#8211; LAVEBA Online-Shop","isPartOf":{"@id":"https:\/\/laveba-online.ch\/fr\/#website"},"primaryImageOfPage":{"@id":"https:\/\/laveba-online.ch\/fr\/produkt\/poche-bag-in-box\/#primaryimage"},"image":{"@id":"https:\/\/laveba-online.ch\/fr\/produkt\/poche-bag-in-box\/#primaryimage"},"thumbnailUrl":"https:\/\/laveba-online.ch\/wp-content\/uploads\/2020\/07\/Beutel-Bag-in-Box-scaled.jpg","datePublished":"2020-07-13T14:20:31+00:00","dateModified":"2021-05-28T06:17:43+00:00","description":"Poche bag-in-box - Si le poche Bag in Box d'une capacit\u00e9 de 5 litres a \u00e9t\u00e9 endommag\u00e9, ce sac de remplacement peut \u00eatre int\u00e9gr\u00e9 dans la bo\u00eete en carton. La bo\u00eete en carton doit \u00eatre s\u00e9lectionn\u00e9e s\u00e9par\u00e9ment pour ce produit. von LAVEBA Online-Shop","breadcrumb":{"@id":"https:\/\/laveba-online.ch\/fr\/produkt\/poche-bag-in-box\/#breadcrumb"},"inLanguage":"fr-FR","potentialAction":[{"@type":"ReadAction","target":["https:\/\/laveba-online.ch\/fr\/produkt\/poche-bag-in-box\/"]}]},{"@type":"ImageObject","inLanguage":"fr-FR","@id":"https:\/\/laveba-online.ch\/fr\/produkt\/poche-bag-in-box\/#primaryimage","url":"https:\/\/laveba-online.ch\/wp-content\/uploads\/2020\/07\/Beutel-Bag-in-Box-scaled.jpg","contentUrl":"https:\/\/laveba-online.ch\/wp-content\/uploads\/2020\/07\/Beutel-Bag-in-Box-scaled.jpg","width":2134,"height":2560},{"@type":"BreadcrumbList","@id":"https:\/\/laveba-online.ch\/fr\/produkt\/poche-bag-in-box\/#breadcrumb","itemListElement":[{"@type":"ListItem","position":1,"name":"Startseite","item":"https:\/\/laveba-online.ch\/fr\/"},{"@type":"ListItem","position":2,"name":"Boutique","item":"https:\/\/laveba-online.ch\/fr\/boutique\/"},{"@type":"ListItem","position":3,"name":"Poche bag-in-box"}]},{"@type":"WebSite","@id":"https:\/\/laveba-online.ch\/fr\/#website","url":"https:\/\/laveba-online.ch\/fr\/","name":"LAVEBA Online-Shop","description":"LAVEBA ist in der Ostschweiz als Dienstleister, Berater und Partner aktiv. Wir bieten ein breites Spektrum an Angeboten, perfekt zugeschnitten auf die Bed\u00fcrfnisse von Landwirten, Unternehmen, Organisationen und Konsumenten.","publisher":{"@id":"https:\/\/laveba-online.ch\/fr\/#organization"},"potentialAction":[{"@type":"SearchAction","target":{"@type":"EntryPoint","urlTemplate":"https:\/\/laveba-online.ch\/fr\/?s={search_term_string}"},"query-input":"required name=search_term_string"}],"inLanguage":"fr-FR"},{"@type":"Organization","@id":"https:\/\/laveba-online.ch\/fr\/#organization","name":"LAVEBA Genossenschaft","url":"https:\/\/laveba-online.ch\/fr\/","logo":{"@type":"ImageObject","inLanguage":"fr-FR","@id":"https:\/\/laveba-online.ch\/fr\/#\/schema\/logo\/image\/","url":"https:\/\/laveba-online.ch\/wp-content\/uploads\/2020\/07\/lavebalogo2.png","contentUrl":"https:\/\/laveba-online.ch\/wp-content\/uploads\/2020\/07\/lavebalogo2.png","width":250,"height":69,"caption":"LAVEBA Genossenschaft"},"image":{"@id":"https:\/\/laveba-online.ch\/fr\/#\/schema\/logo\/image\/"},"sameAs":["https:\/\/www.facebook.com\/LAVEBA-Genossenschaft-352285445485254","https:\/\/www.instagram.com\/lavebagenossenschaft\/?hl=de"]}]}},"_links":{"self":[{"href":"https:\/\/laveba-online.ch\/fr\/wp-json\/wp\/v2\/product\/7087"}],"collection":[{"href":"https:\/\/laveba-online.ch\/fr\/wp-json\/wp\/v2\/product"}],"about":[{"href":"https:\/\/laveba-online.ch\/fr\/wp-json\/wp\/v2\/types\/product"}],"replies":[{"embeddable":true,"href":"https:\/\/laveba-online.ch\/fr\/wp-json\/wp\/v2\/comments?post=7087"}],"wp:featuredmedia":[{"embeddable":true,"href":"https:\/\/laveba-online.ch\/fr\/wp-json\/wp\/v2\/media\/14281"}],"wp:attachment":[{"href":"https:\/\/laveba-online.ch\/fr\/wp-json\/wp\/v2\/media?parent=7087"}],"wp:term":[{"taxonomy":"product_cat","embeddable":true,"href":"https:\/\/laveba-online.ch\/fr\/wp-json\/wp\/v2\/product_cat?post=7087"},{"taxonomy":"product_tag","embeddable":true,"href":"https:\/\/laveba-online.ch\/fr\/wp-json\/wp\/v2\/product_tag?post=7087"}],"curies":[{"name":"wp","href":"https:\/\/api.w.org\/{rel}","templated":true}]}}