{"id":7081,"date":"2020-07-13T16:22:55","date_gmt":"2020-07-13T14:22:55","guid":{"rendered":"https:\/\/laveba-online.ch\/produkt\/bag-in-box-carton-10-l-avec-illustration\/"},"modified":"2021-10-07T10:47:37","modified_gmt":"2021-10-07T08:47:37","slug":"bag-in-box-carton-10-l-avec-illustration","status":"publish","type":"product","link":"https:\/\/laveba-online.ch\/fr\/produkt\/bag-in-box-carton-10-l-avec-illustration\/","title":{"rendered":"Bag in box carton 10 l avec illustration"},"content":{"rendered":"","protected":false},"excerpt":{"rendered":"<p><span class=\"VIiyi\" lang=\"fr\"><span class=\"JLqJ4b ChMk0b\" data-language-for-alternatives=\"fr\" data-language-to-translate-into=\"de\" data-phrase-index=\"0\">Bag in Box signifie sac dans une bo\u00eete.<\/span> <span class=\"JLqJ4b ChMk0b\" data-language-for-alternatives=\"fr\" data-language-to-translate-into=\"de\" data-phrase-index=\"1\">Le bag in box peut \u00eatre rempli de cidre fait maison ou similaire.<\/span> <span class=\"JLqJ4b ChMk0b\" data-language-for-alternatives=\"fr\" data-language-to-translate-into=\"de\" data-phrase-index=\"2\">Avec le bag in box, le liquide rempli peut \u00eatre transport\u00e9 plus facilement.<\/span> <span class=\"JLqJ4b ChMk0b\" data-language-for-alternatives=\"fr\" data-language-to-translate-into=\"de\" data-phrase-index=\"3\">La bo\u00eete en carton est imprim\u00e9e avec le sujet repr\u00e9sent\u00e9.<\/span><\/span><\/p>\n","protected":false},"featured_media":6419,"comment_status":"open","ping_status":"closed","template":"","meta":[],"product_cat":[170,168,194],"product_tag":[],"class_list":{"0":"post-7081","1":"product","2":"type-product","3":"status-publish","4":"has-post-thumbnail","6":"product_cat-bag-in-box-fr","7":"product_cat-conservation","8":"product_cat-meilleures-ventes","10":"first","11":"instock","12":"taxable","13":"shipping-taxable","14":"purchasable","15":"product-type-variable"},"yoast_head":"<!-- This site is optimized with the Yoast SEO plugin v23.1 - https:\/\/yoast.com\/wordpress\/plugins\/seo\/ -->\n<title>Bag in box carton 10 l avec illustration &#8211; LAVEBA Online-Shop<\/title>\n<meta name=\"description\" content=\"Bag in box carton 10 l avec illustration - Bag in Box signifie sac dans une bo\u00eete. Le bag in box peut \u00eatre rempli de cidre fait maison ou similaire. Avec le bag in box, le liquide rempli peut \u00eatre transport\u00e9 plus facilement. La bo\u00eete en carton est imprim\u00e9e avec le sujet repr\u00e9sent\u00e9. von LAVEBA Online-Shop\" \/>\n<meta name=\"robots\" content=\"index, follow, max-snippet:-1, max-image-preview:large, max-video-preview:-1\" \/>\n<link rel=\"canonical\" href=\"https:\/\/laveba-online.ch\/fr\/produkt\/bag-in-box-carton-10-l-avec-illustration\/\" \/>\n<meta property=\"og:locale\" content=\"fr_FR\" \/>\n<meta property=\"og:type\" content=\"article\" \/>\n<meta property=\"og:title\" content=\"Bag in box carton 10 l avec illustration &#8211; LAVEBA Online-Shop\" \/>\n<meta property=\"og:description\" content=\"Bag in box carton 10 l avec illustration - Bag in Box signifie sac dans une bo\u00eete. Le bag in box peut \u00eatre rempli de cidre fait maison ou similaire. Avec le bag in box, le liquide rempli peut \u00eatre transport\u00e9 plus facilement. La bo\u00eete en carton est imprim\u00e9e avec le sujet repr\u00e9sent\u00e9. von LAVEBA Online-Shop\" \/>\n<meta property=\"og:url\" content=\"https:\/\/laveba-online.ch\/fr\/produkt\/bag-in-box-carton-10-l-avec-illustration\/\" \/>\n<meta property=\"og:site_name\" content=\"LAVEBA Online-Shop\" \/>\n<meta property=\"article:publisher\" content=\"https:\/\/www.facebook.com\/LAVEBA-Genossenschaft-352285445485254\" \/>\n<meta property=\"article:modified_time\" content=\"2021-10-07T08:47:37+00:00\" \/>\n<meta property=\"og:image\" content=\"https:\/\/laveba-online.ch\/wp-content\/uploads\/2020\/07\/Bag-in-Box-5l_3600185.jpg\" \/>\n\t<meta property=\"og:image:width\" content=\"1000\" \/>\n\t<meta property=\"og:image:height\" content=\"1200\" \/>\n\t<meta property=\"og:image:type\" content=\"image\/jpeg\" \/>\n<meta name=\"twitter:card\" content=\"summary_large_image\" \/>\n<script type=\"application\/ld+json\" class=\"yoast-schema-graph\">{\"@context\":\"https:\/\/schema.org\",\"@graph\":[{\"@type\":[\"WebPage\",\"ItemPage\"],\"@id\":\"https:\/\/laveba-online.ch\/fr\/produkt\/bag-in-box-carton-10-l-avec-illustration\/\",\"url\":\"https:\/\/laveba-online.ch\/fr\/produkt\/bag-in-box-carton-10-l-avec-illustration\/\",\"name\":\"Bag in box carton 10 l avec illustration &#8211; LAVEBA Online-Shop\",\"isPartOf\":{\"@id\":\"https:\/\/laveba-online.ch\/fr\/#website\"},\"primaryImageOfPage\":{\"@id\":\"https:\/\/laveba-online.ch\/fr\/produkt\/bag-in-box-carton-10-l-avec-illustration\/#primaryimage\"},\"image\":{\"@id\":\"https:\/\/laveba-online.ch\/fr\/produkt\/bag-in-box-carton-10-l-avec-illustration\/#primaryimage\"},\"thumbnailUrl\":\"https:\/\/laveba-online.ch\/wp-content\/uploads\/2020\/07\/Bag-in-Box-5l_3600185.jpg\",\"datePublished\":\"2020-07-13T14:22:55+00:00\",\"dateModified\":\"2021-10-07T08:47:37+00:00\",\"description\":\"Bag in box carton 10 l avec illustration - Bag in Box signifie sac dans une bo\u00eete. Le bag in box peut \u00eatre rempli de cidre fait maison ou similaire. Avec le bag in box, le liquide rempli peut \u00eatre transport\u00e9 plus facilement. La bo\u00eete en carton est imprim\u00e9e avec le sujet repr\u00e9sent\u00e9. von LAVEBA Online-Shop\",\"breadcrumb\":{\"@id\":\"https:\/\/laveba-online.ch\/fr\/produkt\/bag-in-box-carton-10-l-avec-illustration\/#breadcrumb\"},\"inLanguage\":\"fr-FR\",\"potentialAction\":[{\"@type\":\"ReadAction\",\"target\":[\"https:\/\/laveba-online.ch\/fr\/produkt\/bag-in-box-carton-10-l-avec-illustration\/\"]}]},{\"@type\":\"ImageObject\",\"inLanguage\":\"fr-FR\",\"@id\":\"https:\/\/laveba-online.ch\/fr\/produkt\/bag-in-box-carton-10-l-avec-illustration\/#primaryimage\",\"url\":\"https:\/\/laveba-online.ch\/wp-content\/uploads\/2020\/07\/Bag-in-Box-5l_3600185.jpg\",\"contentUrl\":\"https:\/\/laveba-online.ch\/wp-content\/uploads\/2020\/07\/Bag-in-Box-5l_3600185.jpg\",\"width\":1000,\"height\":1200},{\"@type\":\"BreadcrumbList\",\"@id\":\"https:\/\/laveba-online.ch\/fr\/produkt\/bag-in-box-carton-10-l-avec-illustration\/#breadcrumb\",\"itemListElement\":[{\"@type\":\"ListItem\",\"position\":1,\"name\":\"Startseite\",\"item\":\"https:\/\/laveba-online.ch\/fr\/\"},{\"@type\":\"ListItem\",\"position\":2,\"name\":\"Boutique\",\"item\":\"https:\/\/laveba-online.ch\/fr\/boutique\/\"},{\"@type\":\"ListItem\",\"position\":3,\"name\":\"Bag in box carton 10 l avec illustration\"}]},{\"@type\":\"WebSite\",\"@id\":\"https:\/\/laveba-online.ch\/fr\/#website\",\"url\":\"https:\/\/laveba-online.ch\/fr\/\",\"name\":\"LAVEBA Online-Shop\",\"description\":\"LAVEBA ist in der Ostschweiz als Dienstleister, Berater und Partner aktiv. Wir bieten ein breites Spektrum an Angeboten, perfekt zugeschnitten auf die Bed\u00fcrfnisse von Landwirten, Unternehmen, Organisationen und Konsumenten.\",\"publisher\":{\"@id\":\"https:\/\/laveba-online.ch\/fr\/#organization\"},\"potentialAction\":[{\"@type\":\"SearchAction\",\"target\":{\"@type\":\"EntryPoint\",\"urlTemplate\":\"https:\/\/laveba-online.ch\/fr\/?s={search_term_string}\"},\"query-input\":\"required name=search_term_string\"}],\"inLanguage\":\"fr-FR\"},{\"@type\":\"Organization\",\"@id\":\"https:\/\/laveba-online.ch\/fr\/#organization\",\"name\":\"LAVEBA Genossenschaft\",\"url\":\"https:\/\/laveba-online.ch\/fr\/\",\"logo\":{\"@type\":\"ImageObject\",\"inLanguage\":\"fr-FR\",\"@id\":\"https:\/\/laveba-online.ch\/fr\/#\/schema\/logo\/image\/\",\"url\":\"https:\/\/laveba-online.ch\/wp-content\/uploads\/2020\/07\/lavebalogo2.png\",\"contentUrl\":\"https:\/\/laveba-online.ch\/wp-content\/uploads\/2020\/07\/lavebalogo2.png\",\"width\":250,\"height\":69,\"caption\":\"LAVEBA Genossenschaft\"},\"image\":{\"@id\":\"https:\/\/laveba-online.ch\/fr\/#\/schema\/logo\/image\/\"},\"sameAs\":[\"https:\/\/www.facebook.com\/LAVEBA-Genossenschaft-352285445485254\",\"https:\/\/www.instagram.com\/lavebagenossenschaft\/?hl=de\"]}]}<\/script>\n<!-- \/ Yoast SEO plugin. -->","yoast_head_json":{"title":"Bag in box carton 10 l avec illustration &#8211; LAVEBA Online-Shop","description":"Bag in box carton 10 l avec illustration - Bag in Box signifie sac dans une bo\u00eete. Le bag in box peut \u00eatre rempli de cidre fait maison ou similaire. Avec le bag in box, le liquide rempli peut \u00eatre transport\u00e9 plus facilement. La bo\u00eete en carton est imprim\u00e9e avec le sujet repr\u00e9sent\u00e9. von LAVEBA Online-Shop","robots":{"index":"index","follow":"follow","max-snippet":"max-snippet:-1","max-image-preview":"max-image-preview:large","max-video-preview":"max-video-preview:-1"},"canonical":"https:\/\/laveba-online.ch\/fr\/produkt\/bag-in-box-carton-10-l-avec-illustration\/","og_locale":"fr_FR","og_type":"article","og_title":"Bag in box carton 10 l avec illustration &#8211; LAVEBA Online-Shop","og_description":"Bag in box carton 10 l avec illustration - Bag in Box signifie sac dans une bo\u00eete. Le bag in box peut \u00eatre rempli de cidre fait maison ou similaire. Avec le bag in box, le liquide rempli peut \u00eatre transport\u00e9 plus facilement. La bo\u00eete en carton est imprim\u00e9e avec le sujet repr\u00e9sent\u00e9. von LAVEBA Online-Shop","og_url":"https:\/\/laveba-online.ch\/fr\/produkt\/bag-in-box-carton-10-l-avec-illustration\/","og_site_name":"LAVEBA Online-Shop","article_publisher":"https:\/\/www.facebook.com\/LAVEBA-Genossenschaft-352285445485254","article_modified_time":"2021-10-07T08:47:37+00:00","og_image":[{"width":1000,"height":1200,"url":"https:\/\/laveba-online.ch\/wp-content\/uploads\/2020\/07\/Bag-in-Box-5l_3600185.jpg","type":"image\/jpeg"}],"twitter_card":"summary_large_image","schema":{"@context":"https:\/\/schema.org","@graph":[{"@type":["WebPage","ItemPage"],"@id":"https:\/\/laveba-online.ch\/fr\/produkt\/bag-in-box-carton-10-l-avec-illustration\/","url":"https:\/\/laveba-online.ch\/fr\/produkt\/bag-in-box-carton-10-l-avec-illustration\/","name":"Bag in box carton 10 l avec illustration &#8211; LAVEBA Online-Shop","isPartOf":{"@id":"https:\/\/laveba-online.ch\/fr\/#website"},"primaryImageOfPage":{"@id":"https:\/\/laveba-online.ch\/fr\/produkt\/bag-in-box-carton-10-l-avec-illustration\/#primaryimage"},"image":{"@id":"https:\/\/laveba-online.ch\/fr\/produkt\/bag-in-box-carton-10-l-avec-illustration\/#primaryimage"},"thumbnailUrl":"https:\/\/laveba-online.ch\/wp-content\/uploads\/2020\/07\/Bag-in-Box-5l_3600185.jpg","datePublished":"2020-07-13T14:22:55+00:00","dateModified":"2021-10-07T08:47:37+00:00","description":"Bag in box carton 10 l avec illustration - Bag in Box signifie sac dans une bo\u00eete. Le bag in box peut \u00eatre rempli de cidre fait maison ou similaire. Avec le bag in box, le liquide rempli peut \u00eatre transport\u00e9 plus facilement. La bo\u00eete en carton est imprim\u00e9e avec le sujet repr\u00e9sent\u00e9. von LAVEBA Online-Shop","breadcrumb":{"@id":"https:\/\/laveba-online.ch\/fr\/produkt\/bag-in-box-carton-10-l-avec-illustration\/#breadcrumb"},"inLanguage":"fr-FR","potentialAction":[{"@type":"ReadAction","target":["https:\/\/laveba-online.ch\/fr\/produkt\/bag-in-box-carton-10-l-avec-illustration\/"]}]},{"@type":"ImageObject","inLanguage":"fr-FR","@id":"https:\/\/laveba-online.ch\/fr\/produkt\/bag-in-box-carton-10-l-avec-illustration\/#primaryimage","url":"https:\/\/laveba-online.ch\/wp-content\/uploads\/2020\/07\/Bag-in-Box-5l_3600185.jpg","contentUrl":"https:\/\/laveba-online.ch\/wp-content\/uploads\/2020\/07\/Bag-in-Box-5l_3600185.jpg","width":1000,"height":1200},{"@type":"BreadcrumbList","@id":"https:\/\/laveba-online.ch\/fr\/produkt\/bag-in-box-carton-10-l-avec-illustration\/#breadcrumb","itemListElement":[{"@type":"ListItem","position":1,"name":"Startseite","item":"https:\/\/laveba-online.ch\/fr\/"},{"@type":"ListItem","position":2,"name":"Boutique","item":"https:\/\/laveba-online.ch\/fr\/boutique\/"},{"@type":"ListItem","position":3,"name":"Bag in box carton 10 l avec illustration"}]},{"@type":"WebSite","@id":"https:\/\/laveba-online.ch\/fr\/#website","url":"https:\/\/laveba-online.ch\/fr\/","name":"LAVEBA Online-Shop","description":"LAVEBA ist in der Ostschweiz als Dienstleister, Berater und Partner aktiv. Wir bieten ein breites Spektrum an Angeboten, perfekt zugeschnitten auf die Bed\u00fcrfnisse von Landwirten, Unternehmen, Organisationen und Konsumenten.","publisher":{"@id":"https:\/\/laveba-online.ch\/fr\/#organization"},"potentialAction":[{"@type":"SearchAction","target":{"@type":"EntryPoint","urlTemplate":"https:\/\/laveba-online.ch\/fr\/?s={search_term_string}"},"query-input":"required name=search_term_string"}],"inLanguage":"fr-FR"},{"@type":"Organization","@id":"https:\/\/laveba-online.ch\/fr\/#organization","name":"LAVEBA Genossenschaft","url":"https:\/\/laveba-online.ch\/fr\/","logo":{"@type":"ImageObject","inLanguage":"fr-FR","@id":"https:\/\/laveba-online.ch\/fr\/#\/schema\/logo\/image\/","url":"https:\/\/laveba-online.ch\/wp-content\/uploads\/2020\/07\/lavebalogo2.png","contentUrl":"https:\/\/laveba-online.ch\/wp-content\/uploads\/2020\/07\/lavebalogo2.png","width":250,"height":69,"caption":"LAVEBA Genossenschaft"},"image":{"@id":"https:\/\/laveba-online.ch\/fr\/#\/schema\/logo\/image\/"},"sameAs":["https:\/\/www.facebook.com\/LAVEBA-Genossenschaft-352285445485254","https:\/\/www.instagram.com\/lavebagenossenschaft\/?hl=de"]}]}},"_links":{"self":[{"href":"https:\/\/laveba-online.ch\/fr\/wp-json\/wp\/v2\/product\/7081"}],"collection":[{"href":"https:\/\/laveba-online.ch\/fr\/wp-json\/wp\/v2\/product"}],"about":[{"href":"https:\/\/laveba-online.ch\/fr\/wp-json\/wp\/v2\/types\/product"}],"replies":[{"embeddable":true,"href":"https:\/\/laveba-online.ch\/fr\/wp-json\/wp\/v2\/comments?post=7081"}],"wp:featuredmedia":[{"embeddable":true,"href":"https:\/\/laveba-online.ch\/fr\/wp-json\/wp\/v2\/media\/6419"}],"wp:attachment":[{"href":"https:\/\/laveba-online.ch\/fr\/wp-json\/wp\/v2\/media?parent=7081"}],"wp:term":[{"taxonomy":"product_cat","embeddable":true,"href":"https:\/\/laveba-online.ch\/fr\/wp-json\/wp\/v2\/product_cat?post=7081"},{"taxonomy":"product_tag","embeddable":true,"href":"https:\/\/laveba-online.ch\/fr\/wp-json\/wp\/v2\/product_tag?post=7081"}],"curies":[{"name":"wp","href":"https:\/\/api.w.org\/{rel}","templated":true}]}}