{"id":7042,"date":"2020-07-14T07:37:12","date_gmt":"2020-07-14T05:37:12","guid":{"rendered":"https:\/\/laveba-online.ch\/produkt\/cuve-sous-pression-50-l-avec-manometre\/"},"modified":"2020-07-14T07:37:12","modified_gmt":"2020-07-14T05:37:12","slug":"cuve-sous-pression-50-l-avec-manometre","status":"publish","type":"product","link":"https:\/\/laveba-online.ch\/fr\/produkt\/cuve-sous-pression-50-l-avec-manometre\/","title":{"rendered":"Cuve sous pression 50 l avec manom\u00e8tre"},"content":{"rendered":"","protected":false},"excerpt":{"rendered":"<p><span class=\"VIiyi\" lang=\"fr\"><span class=\"JLqJ4b ChMk0b\" data-language-for-alternatives=\"fr\" data-language-to-translate-into=\"de\" data-phrase-index=\"0\">Diff\u00e9rentes boissons faites maison peuvent \u00eatre conserv\u00e9es au frais pendant des mois dans ce f\u00fbt polyvalent.<\/span> <span class=\"JLqJ4b ChMk0b\" data-language-for-alternatives=\"fr\" data-language-to-translate-into=\"de\" data-phrase-index=\"1\">Avec le robinet, vous pouvez facilement et commod\u00e9ment tirer par le haut \u00e0 tout moment, sans chauffage ni ajout de conservateurs chimiques.<\/span> <span class=\"JLqJ4b ChMk0b\" data-language-for-alternatives=\"fr\" data-language-to-translate-into=\"de\" data-phrase-index=\"2\">Particuli\u00e8rement adapt\u00e9 pour la conservation du mo\u00fbt sucr\u00e9 (avec et sans alcool), du mo\u00fbt ou du cidre.<\/span><\/span><\/p>\n","protected":false},"featured_media":6375,"comment_status":"open","ping_status":"closed","template":"","meta":[],"product_cat":[168,175],"product_tag":[],"class_list":{"0":"post-7042","1":"product","2":"type-product","3":"status-publish","4":"has-post-thumbnail","6":"product_cat-conservation","7":"product_cat-fut-a-boissons","9":"first","10":"outofstock","11":"taxable","12":"shipping-taxable","13":"purchasable","14":"product-type-simple"},"yoast_head":"<!-- This site is optimized with the Yoast SEO plugin v23.1 - https:\/\/yoast.com\/wordpress\/plugins\/seo\/ -->\n<title>Cuve sous pression 50 l avec manom\u00e8tre &#8211; LAVEBA Online-Shop<\/title>\n<meta name=\"description\" content=\"Cuve sous pression 50 l avec manom\u00e8tre - Diff\u00e9rentes boissons faites maison peuvent \u00eatre conserv\u00e9es au frais pendant des mois dans ce f\u00fbt polyvalent. Avec le robinet, vous pouvez facilement et commod\u00e9ment tirer par le haut \u00e0 tout moment, sans chauffage ni ajout de conservateurs chimiques. Particuli\u00e8rement adapt\u00e9 pour la conservation du mo\u00fbt sucr\u00e9 (avec et sans alcool), du mo\u00fbt ou du cidre. von LAVEBA Online-Shop\" \/>\n<meta name=\"robots\" content=\"index, follow, max-snippet:-1, max-image-preview:large, max-video-preview:-1\" \/>\n<link rel=\"canonical\" href=\"https:\/\/laveba-online.ch\/fr\/produkt\/cuve-sous-pression-50-l-avec-manometre\/\" \/>\n<meta property=\"og:locale\" content=\"fr_FR\" \/>\n<meta property=\"og:type\" content=\"article\" \/>\n<meta property=\"og:title\" content=\"Cuve sous pression 50 l avec manom\u00e8tre &#8211; LAVEBA Online-Shop\" \/>\n<meta property=\"og:description\" content=\"Cuve sous pression 50 l avec manom\u00e8tre - Diff\u00e9rentes boissons faites maison peuvent \u00eatre conserv\u00e9es au frais pendant des mois dans ce f\u00fbt polyvalent. Avec le robinet, vous pouvez facilement et commod\u00e9ment tirer par le haut \u00e0 tout moment, sans chauffage ni ajout de conservateurs chimiques. Particuli\u00e8rement adapt\u00e9 pour la conservation du mo\u00fbt sucr\u00e9 (avec et sans alcool), du mo\u00fbt ou du cidre. von LAVEBA Online-Shop\" \/>\n<meta property=\"og:url\" content=\"https:\/\/laveba-online.ch\/fr\/produkt\/cuve-sous-pression-50-l-avec-manometre\/\" \/>\n<meta property=\"og:site_name\" content=\"LAVEBA Online-Shop\" \/>\n<meta property=\"article:publisher\" content=\"https:\/\/www.facebook.com\/LAVEBA-Genossenschaft-352285445485254\" \/>\n<meta property=\"og:image\" content=\"https:\/\/laveba-online.ch\/wp-content\/uploads\/2020\/07\/Drucktank-50l_3600202.jpg\" \/>\n\t<meta property=\"og:image:width\" content=\"1000\" \/>\n\t<meta property=\"og:image:height\" content=\"1200\" \/>\n\t<meta property=\"og:image:type\" content=\"image\/jpeg\" \/>\n<meta name=\"twitter:card\" content=\"summary_large_image\" \/>\n<script type=\"application\/ld+json\" class=\"yoast-schema-graph\">{\"@context\":\"https:\/\/schema.org\",\"@graph\":[{\"@type\":[\"WebPage\",\"ItemPage\"],\"@id\":\"https:\/\/laveba-online.ch\/fr\/produkt\/cuve-sous-pression-50-l-avec-manometre\/\",\"url\":\"https:\/\/laveba-online.ch\/fr\/produkt\/cuve-sous-pression-50-l-avec-manometre\/\",\"name\":\"Cuve sous pression 50 l avec manom\u00e8tre &#8211; LAVEBA Online-Shop\",\"isPartOf\":{\"@id\":\"https:\/\/laveba-online.ch\/fr\/#website\"},\"primaryImageOfPage\":{\"@id\":\"https:\/\/laveba-online.ch\/fr\/produkt\/cuve-sous-pression-50-l-avec-manometre\/#primaryimage\"},\"image\":{\"@id\":\"https:\/\/laveba-online.ch\/fr\/produkt\/cuve-sous-pression-50-l-avec-manometre\/#primaryimage\"},\"thumbnailUrl\":\"https:\/\/laveba-online.ch\/wp-content\/uploads\/2020\/07\/Drucktank-50l_3600202.jpg\",\"datePublished\":\"2020-07-14T05:37:12+00:00\",\"dateModified\":\"2020-07-14T05:37:12+00:00\",\"description\":\"Cuve sous pression 50 l avec manom\u00e8tre - Diff\u00e9rentes boissons faites maison peuvent \u00eatre conserv\u00e9es au frais pendant des mois dans ce f\u00fbt polyvalent. Avec le robinet, vous pouvez facilement et commod\u00e9ment tirer par le haut \u00e0 tout moment, sans chauffage ni ajout de conservateurs chimiques. Particuli\u00e8rement adapt\u00e9 pour la conservation du mo\u00fbt sucr\u00e9 (avec et sans alcool), du mo\u00fbt ou du cidre. von LAVEBA Online-Shop\",\"breadcrumb\":{\"@id\":\"https:\/\/laveba-online.ch\/fr\/produkt\/cuve-sous-pression-50-l-avec-manometre\/#breadcrumb\"},\"inLanguage\":\"fr-FR\",\"potentialAction\":[{\"@type\":\"ReadAction\",\"target\":[\"https:\/\/laveba-online.ch\/fr\/produkt\/cuve-sous-pression-50-l-avec-manometre\/\"]}]},{\"@type\":\"ImageObject\",\"inLanguage\":\"fr-FR\",\"@id\":\"https:\/\/laveba-online.ch\/fr\/produkt\/cuve-sous-pression-50-l-avec-manometre\/#primaryimage\",\"url\":\"https:\/\/laveba-online.ch\/wp-content\/uploads\/2020\/07\/Drucktank-50l_3600202.jpg\",\"contentUrl\":\"https:\/\/laveba-online.ch\/wp-content\/uploads\/2020\/07\/Drucktank-50l_3600202.jpg\",\"width\":1000,\"height\":1200},{\"@type\":\"BreadcrumbList\",\"@id\":\"https:\/\/laveba-online.ch\/fr\/produkt\/cuve-sous-pression-50-l-avec-manometre\/#breadcrumb\",\"itemListElement\":[{\"@type\":\"ListItem\",\"position\":1,\"name\":\"Startseite\",\"item\":\"https:\/\/laveba-online.ch\/fr\/\"},{\"@type\":\"ListItem\",\"position\":2,\"name\":\"Boutique\",\"item\":\"https:\/\/laveba-online.ch\/fr\/boutique\/\"},{\"@type\":\"ListItem\",\"position\":3,\"name\":\"Cuve sous pression 50 l avec manom\u00e8tre\"}]},{\"@type\":\"WebSite\",\"@id\":\"https:\/\/laveba-online.ch\/fr\/#website\",\"url\":\"https:\/\/laveba-online.ch\/fr\/\",\"name\":\"LAVEBA Online-Shop\",\"description\":\"LAVEBA ist in der Ostschweiz als Dienstleister, Berater und Partner aktiv. Wir bieten ein breites Spektrum an Angeboten, perfekt zugeschnitten auf die Bed\u00fcrfnisse von Landwirten, Unternehmen, Organisationen und Konsumenten.\",\"publisher\":{\"@id\":\"https:\/\/laveba-online.ch\/fr\/#organization\"},\"potentialAction\":[{\"@type\":\"SearchAction\",\"target\":{\"@type\":\"EntryPoint\",\"urlTemplate\":\"https:\/\/laveba-online.ch\/fr\/?s={search_term_string}\"},\"query-input\":\"required name=search_term_string\"}],\"inLanguage\":\"fr-FR\"},{\"@type\":\"Organization\",\"@id\":\"https:\/\/laveba-online.ch\/fr\/#organization\",\"name\":\"LAVEBA Genossenschaft\",\"url\":\"https:\/\/laveba-online.ch\/fr\/\",\"logo\":{\"@type\":\"ImageObject\",\"inLanguage\":\"fr-FR\",\"@id\":\"https:\/\/laveba-online.ch\/fr\/#\/schema\/logo\/image\/\",\"url\":\"https:\/\/laveba-online.ch\/wp-content\/uploads\/2020\/07\/lavebalogo2.png\",\"contentUrl\":\"https:\/\/laveba-online.ch\/wp-content\/uploads\/2020\/07\/lavebalogo2.png\",\"width\":250,\"height\":69,\"caption\":\"LAVEBA Genossenschaft\"},\"image\":{\"@id\":\"https:\/\/laveba-online.ch\/fr\/#\/schema\/logo\/image\/\"},\"sameAs\":[\"https:\/\/www.facebook.com\/LAVEBA-Genossenschaft-352285445485254\",\"https:\/\/www.instagram.com\/lavebagenossenschaft\/?hl=de\"]}]}<\/script>\n<!-- \/ Yoast SEO plugin. -->","yoast_head_json":{"title":"Cuve sous pression 50 l avec manom\u00e8tre &#8211; LAVEBA Online-Shop","description":"Cuve sous pression 50 l avec manom\u00e8tre - Diff\u00e9rentes boissons faites maison peuvent \u00eatre conserv\u00e9es au frais pendant des mois dans ce f\u00fbt polyvalent. Avec le robinet, vous pouvez facilement et commod\u00e9ment tirer par le haut \u00e0 tout moment, sans chauffage ni ajout de conservateurs chimiques. Particuli\u00e8rement adapt\u00e9 pour la conservation du mo\u00fbt sucr\u00e9 (avec et sans alcool), du mo\u00fbt ou du cidre. von LAVEBA Online-Shop","robots":{"index":"index","follow":"follow","max-snippet":"max-snippet:-1","max-image-preview":"max-image-preview:large","max-video-preview":"max-video-preview:-1"},"canonical":"https:\/\/laveba-online.ch\/fr\/produkt\/cuve-sous-pression-50-l-avec-manometre\/","og_locale":"fr_FR","og_type":"article","og_title":"Cuve sous pression 50 l avec manom\u00e8tre &#8211; LAVEBA Online-Shop","og_description":"Cuve sous pression 50 l avec manom\u00e8tre - Diff\u00e9rentes boissons faites maison peuvent \u00eatre conserv\u00e9es au frais pendant des mois dans ce f\u00fbt polyvalent. Avec le robinet, vous pouvez facilement et commod\u00e9ment tirer par le haut \u00e0 tout moment, sans chauffage ni ajout de conservateurs chimiques. Particuli\u00e8rement adapt\u00e9 pour la conservation du mo\u00fbt sucr\u00e9 (avec et sans alcool), du mo\u00fbt ou du cidre. von LAVEBA Online-Shop","og_url":"https:\/\/laveba-online.ch\/fr\/produkt\/cuve-sous-pression-50-l-avec-manometre\/","og_site_name":"LAVEBA Online-Shop","article_publisher":"https:\/\/www.facebook.com\/LAVEBA-Genossenschaft-352285445485254","og_image":[{"width":1000,"height":1200,"url":"https:\/\/laveba-online.ch\/wp-content\/uploads\/2020\/07\/Drucktank-50l_3600202.jpg","type":"image\/jpeg"}],"twitter_card":"summary_large_image","schema":{"@context":"https:\/\/schema.org","@graph":[{"@type":["WebPage","ItemPage"],"@id":"https:\/\/laveba-online.ch\/fr\/produkt\/cuve-sous-pression-50-l-avec-manometre\/","url":"https:\/\/laveba-online.ch\/fr\/produkt\/cuve-sous-pression-50-l-avec-manometre\/","name":"Cuve sous pression 50 l avec manom\u00e8tre &#8211; LAVEBA Online-Shop","isPartOf":{"@id":"https:\/\/laveba-online.ch\/fr\/#website"},"primaryImageOfPage":{"@id":"https:\/\/laveba-online.ch\/fr\/produkt\/cuve-sous-pression-50-l-avec-manometre\/#primaryimage"},"image":{"@id":"https:\/\/laveba-online.ch\/fr\/produkt\/cuve-sous-pression-50-l-avec-manometre\/#primaryimage"},"thumbnailUrl":"https:\/\/laveba-online.ch\/wp-content\/uploads\/2020\/07\/Drucktank-50l_3600202.jpg","datePublished":"2020-07-14T05:37:12+00:00","dateModified":"2020-07-14T05:37:12+00:00","description":"Cuve sous pression 50 l avec manom\u00e8tre - Diff\u00e9rentes boissons faites maison peuvent \u00eatre conserv\u00e9es au frais pendant des mois dans ce f\u00fbt polyvalent. Avec le robinet, vous pouvez facilement et commod\u00e9ment tirer par le haut \u00e0 tout moment, sans chauffage ni ajout de conservateurs chimiques. Particuli\u00e8rement adapt\u00e9 pour la conservation du mo\u00fbt sucr\u00e9 (avec et sans alcool), du mo\u00fbt ou du cidre. von LAVEBA Online-Shop","breadcrumb":{"@id":"https:\/\/laveba-online.ch\/fr\/produkt\/cuve-sous-pression-50-l-avec-manometre\/#breadcrumb"},"inLanguage":"fr-FR","potentialAction":[{"@type":"ReadAction","target":["https:\/\/laveba-online.ch\/fr\/produkt\/cuve-sous-pression-50-l-avec-manometre\/"]}]},{"@type":"ImageObject","inLanguage":"fr-FR","@id":"https:\/\/laveba-online.ch\/fr\/produkt\/cuve-sous-pression-50-l-avec-manometre\/#primaryimage","url":"https:\/\/laveba-online.ch\/wp-content\/uploads\/2020\/07\/Drucktank-50l_3600202.jpg","contentUrl":"https:\/\/laveba-online.ch\/wp-content\/uploads\/2020\/07\/Drucktank-50l_3600202.jpg","width":1000,"height":1200},{"@type":"BreadcrumbList","@id":"https:\/\/laveba-online.ch\/fr\/produkt\/cuve-sous-pression-50-l-avec-manometre\/#breadcrumb","itemListElement":[{"@type":"ListItem","position":1,"name":"Startseite","item":"https:\/\/laveba-online.ch\/fr\/"},{"@type":"ListItem","position":2,"name":"Boutique","item":"https:\/\/laveba-online.ch\/fr\/boutique\/"},{"@type":"ListItem","position":3,"name":"Cuve sous pression 50 l avec manom\u00e8tre"}]},{"@type":"WebSite","@id":"https:\/\/laveba-online.ch\/fr\/#website","url":"https:\/\/laveba-online.ch\/fr\/","name":"LAVEBA Online-Shop","description":"LAVEBA ist in der Ostschweiz als Dienstleister, Berater und Partner aktiv. Wir bieten ein breites Spektrum an Angeboten, perfekt zugeschnitten auf die Bed\u00fcrfnisse von Landwirten, Unternehmen, Organisationen und Konsumenten.","publisher":{"@id":"https:\/\/laveba-online.ch\/fr\/#organization"},"potentialAction":[{"@type":"SearchAction","target":{"@type":"EntryPoint","urlTemplate":"https:\/\/laveba-online.ch\/fr\/?s={search_term_string}"},"query-input":"required name=search_term_string"}],"inLanguage":"fr-FR"},{"@type":"Organization","@id":"https:\/\/laveba-online.ch\/fr\/#organization","name":"LAVEBA Genossenschaft","url":"https:\/\/laveba-online.ch\/fr\/","logo":{"@type":"ImageObject","inLanguage":"fr-FR","@id":"https:\/\/laveba-online.ch\/fr\/#\/schema\/logo\/image\/","url":"https:\/\/laveba-online.ch\/wp-content\/uploads\/2020\/07\/lavebalogo2.png","contentUrl":"https:\/\/laveba-online.ch\/wp-content\/uploads\/2020\/07\/lavebalogo2.png","width":250,"height":69,"caption":"LAVEBA Genossenschaft"},"image":{"@id":"https:\/\/laveba-online.ch\/fr\/#\/schema\/logo\/image\/"},"sameAs":["https:\/\/www.facebook.com\/LAVEBA-Genossenschaft-352285445485254","https:\/\/www.instagram.com\/lavebagenossenschaft\/?hl=de"]}]}},"_links":{"self":[{"href":"https:\/\/laveba-online.ch\/fr\/wp-json\/wp\/v2\/product\/7042"}],"collection":[{"href":"https:\/\/laveba-online.ch\/fr\/wp-json\/wp\/v2\/product"}],"about":[{"href":"https:\/\/laveba-online.ch\/fr\/wp-json\/wp\/v2\/types\/product"}],"replies":[{"embeddable":true,"href":"https:\/\/laveba-online.ch\/fr\/wp-json\/wp\/v2\/comments?post=7042"}],"wp:featuredmedia":[{"embeddable":true,"href":"https:\/\/laveba-online.ch\/fr\/wp-json\/wp\/v2\/media\/6375"}],"wp:attachment":[{"href":"https:\/\/laveba-online.ch\/fr\/wp-json\/wp\/v2\/media?parent=7042"}],"wp:term":[{"taxonomy":"product_cat","embeddable":true,"href":"https:\/\/laveba-online.ch\/fr\/wp-json\/wp\/v2\/product_cat?post=7042"},{"taxonomy":"product_tag","embeddable":true,"href":"https:\/\/laveba-online.ch\/fr\/wp-json\/wp\/v2\/product_tag?post=7042"}],"curies":[{"name":"wp","href":"https:\/\/api.w.org\/{rel}","templated":true}]}}