{"id":7038,"date":"2020-07-14T07:40:57","date_gmt":"2020-07-14T05:40:57","guid":{"rendered":"https:\/\/laveba-online.ch\/produkt\/fut-de-fermentation-speidel-complet\/"},"modified":"2024-11-27T08:43:09","modified_gmt":"2024-11-27T07:43:09","slug":"fut-de-fermentation-speidel-complet","status":"publish","type":"product","link":"https:\/\/laveba-online.ch\/fr\/produkt\/fut-de-fermentation-speidel-complet\/","title":{"rendered":"F\u00fbt de fermentation Speidel complet"},"content":{"rendered":"<p>Y compris couvercle avec joint et bague de serrage.<\/p>\n","protected":false},"excerpt":{"rendered":"<p><span class=\"VIiyi\" lang=\"fr\"><span class=\"JLqJ4b ChMk0b\" data-language-for-alternatives=\"fr\" data-language-to-translate-into=\"de\" data-phrase-index=\"0\">Le baril de boisson est en plastique PE non color\u00e9 et sans danger pour les aliments.<\/span> <span class=\"JLqJ4b ChMk0b\" data-language-for-alternatives=\"fr\" data-language-to-translate-into=\"de\" data-phrase-index=\"1\">La coque en plastique PE tr\u00e8s \u00e9paisse pr\u00e9serve l&#8217;ar\u00f4me et l&#8217;alcool et garde le mo\u00fbt frais et acidul\u00e9 pendant longtemps.<\/span> <span class=\"JLqJ4b ChMk0b\" data-language-for-alternatives=\"fr\" data-language-to-translate-into=\"de\" data-phrase-index=\"2\">Le grand d\u00f4me de remplissage permet un nettoyage en profondeur \u00e0 la main jusqu&#8217;aux coins les plus profonds.<\/span><\/span><\/p>\n","protected":false},"featured_media":6393,"comment_status":"open","ping_status":"closed","template":"","meta":[],"product_cat":[168,175],"product_tag":[],"class_list":{"0":"post-7038","1":"product","2":"type-product","3":"status-publish","4":"has-post-thumbnail","6":"product_cat-conservation","7":"product_cat-fut-a-boissons","9":"first","10":"instock","11":"taxable","12":"shipping-taxable","13":"purchasable","14":"product-type-variable"},"yoast_head":"<!-- This site is optimized with the Yoast SEO plugin v23.1 - https:\/\/yoast.com\/wordpress\/plugins\/seo\/ -->\n<title>F\u00fbt de fermentation Speidel complet &#8211; LAVEBA Online-Shop<\/title>\n<meta name=\"description\" content=\"F\u00fbt de fermentation Speidel complet - Le baril de boisson est en plastique PE non color\u00e9 et sans danger pour les aliments. La coque en plastique PE tr\u00e8s \u00e9paisse pr\u00e9serve l&#039;ar\u00f4me et l&#039;alcool et garde le mo\u00fbt frais et acidul\u00e9 pendant longtemps. Le grand d\u00f4me de remplissage permet un nettoyage en profondeur \u00e0 la main jusqu&#039;aux coins les plus profonds. von LAVEBA Online-Shop\" \/>\n<meta name=\"robots\" content=\"index, follow, max-snippet:-1, max-image-preview:large, max-video-preview:-1\" \/>\n<link rel=\"canonical\" href=\"https:\/\/laveba-online.ch\/fr\/produkt\/fut-de-fermentation-speidel-complet\/\" \/>\n<meta property=\"og:locale\" content=\"fr_FR\" \/>\n<meta property=\"og:type\" content=\"article\" \/>\n<meta property=\"og:title\" content=\"F\u00fbt de fermentation Speidel complet &#8211; LAVEBA Online-Shop\" \/>\n<meta property=\"og:description\" content=\"F\u00fbt de fermentation Speidel complet - Le baril de boisson est en plastique PE non color\u00e9 et sans danger pour les aliments. La coque en plastique PE tr\u00e8s \u00e9paisse pr\u00e9serve l&#039;ar\u00f4me et l&#039;alcool et garde le mo\u00fbt frais et acidul\u00e9 pendant longtemps. Le grand d\u00f4me de remplissage permet un nettoyage en profondeur \u00e0 la main jusqu&#039;aux coins les plus profonds. von LAVEBA Online-Shop\" \/>\n<meta property=\"og:url\" content=\"https:\/\/laveba-online.ch\/fr\/produkt\/fut-de-fermentation-speidel-complet\/\" \/>\n<meta property=\"og:site_name\" content=\"LAVEBA Online-Shop\" \/>\n<meta property=\"article:publisher\" content=\"https:\/\/www.facebook.com\/LAVEBA-Genossenschaft-352285445485254\" \/>\n<meta property=\"article:modified_time\" content=\"2024-11-27T07:43:09+00:00\" \/>\n<meta property=\"og:image\" content=\"https:\/\/laveba-online.ch\/wp-content\/uploads\/2020\/07\/Maischenfass-120l_3615860.jpg\" \/>\n\t<meta property=\"og:image:width\" content=\"1000\" \/>\n\t<meta property=\"og:image:height\" content=\"1200\" \/>\n\t<meta property=\"og:image:type\" content=\"image\/jpeg\" \/>\n<meta name=\"twitter:card\" content=\"summary_large_image\" \/>\n<meta name=\"twitter:label1\" content=\"Dur\u00e9e de lecture estim\u00e9e\" \/>\n\t<meta name=\"twitter:data1\" content=\"1 minute\" \/>\n<script type=\"application\/ld+json\" class=\"yoast-schema-graph\">{\"@context\":\"https:\/\/schema.org\",\"@graph\":[{\"@type\":[\"WebPage\",\"ItemPage\"],\"@id\":\"https:\/\/laveba-online.ch\/fr\/produkt\/fut-de-fermentation-speidel-complet\/\",\"url\":\"https:\/\/laveba-online.ch\/fr\/produkt\/fut-de-fermentation-speidel-complet\/\",\"name\":\"F\u00fbt de fermentation Speidel complet &#8211; LAVEBA Online-Shop\",\"isPartOf\":{\"@id\":\"https:\/\/laveba-online.ch\/fr\/#website\"},\"primaryImageOfPage\":{\"@id\":\"https:\/\/laveba-online.ch\/fr\/produkt\/fut-de-fermentation-speidel-complet\/#primaryimage\"},\"image\":{\"@id\":\"https:\/\/laveba-online.ch\/fr\/produkt\/fut-de-fermentation-speidel-complet\/#primaryimage\"},\"thumbnailUrl\":\"https:\/\/laveba-online.ch\/wp-content\/uploads\/2020\/07\/Maischenfass-120l_3615860.jpg\",\"datePublished\":\"2020-07-14T05:40:57+00:00\",\"dateModified\":\"2024-11-27T07:43:09+00:00\",\"description\":\"F\u00fbt de fermentation Speidel complet - Le baril de boisson est en plastique PE non color\u00e9 et sans danger pour les aliments. La coque en plastique PE tr\u00e8s \u00e9paisse pr\u00e9serve l'ar\u00f4me et l'alcool et garde le mo\u00fbt frais et acidul\u00e9 pendant longtemps. Le grand d\u00f4me de remplissage permet un nettoyage en profondeur \u00e0 la main jusqu'aux coins les plus profonds. von LAVEBA Online-Shop\",\"breadcrumb\":{\"@id\":\"https:\/\/laveba-online.ch\/fr\/produkt\/fut-de-fermentation-speidel-complet\/#breadcrumb\"},\"inLanguage\":\"fr-FR\",\"potentialAction\":[{\"@type\":\"ReadAction\",\"target\":[\"https:\/\/laveba-online.ch\/fr\/produkt\/fut-de-fermentation-speidel-complet\/\"]}]},{\"@type\":\"ImageObject\",\"inLanguage\":\"fr-FR\",\"@id\":\"https:\/\/laveba-online.ch\/fr\/produkt\/fut-de-fermentation-speidel-complet\/#primaryimage\",\"url\":\"https:\/\/laveba-online.ch\/wp-content\/uploads\/2020\/07\/Maischenfass-120l_3615860.jpg\",\"contentUrl\":\"https:\/\/laveba-online.ch\/wp-content\/uploads\/2020\/07\/Maischenfass-120l_3615860.jpg\",\"width\":1000,\"height\":1200},{\"@type\":\"BreadcrumbList\",\"@id\":\"https:\/\/laveba-online.ch\/fr\/produkt\/fut-de-fermentation-speidel-complet\/#breadcrumb\",\"itemListElement\":[{\"@type\":\"ListItem\",\"position\":1,\"name\":\"Startseite\",\"item\":\"https:\/\/laveba-online.ch\/fr\/\"},{\"@type\":\"ListItem\",\"position\":2,\"name\":\"Boutique\",\"item\":\"https:\/\/laveba-online.ch\/fr\/boutique\/\"},{\"@type\":\"ListItem\",\"position\":3,\"name\":\"F\u00fbt de fermentation Speidel complet\"}]},{\"@type\":\"WebSite\",\"@id\":\"https:\/\/laveba-online.ch\/fr\/#website\",\"url\":\"https:\/\/laveba-online.ch\/fr\/\",\"name\":\"LAVEBA Online-Shop\",\"description\":\"LAVEBA ist in der Ostschweiz als Dienstleister, Berater und Partner aktiv. Wir bieten ein breites Spektrum an Angeboten, perfekt zugeschnitten auf die Bed\u00fcrfnisse von Landwirten, Unternehmen, Organisationen und Konsumenten.\",\"publisher\":{\"@id\":\"https:\/\/laveba-online.ch\/fr\/#organization\"},\"potentialAction\":[{\"@type\":\"SearchAction\",\"target\":{\"@type\":\"EntryPoint\",\"urlTemplate\":\"https:\/\/laveba-online.ch\/fr\/?s={search_term_string}\"},\"query-input\":\"required name=search_term_string\"}],\"inLanguage\":\"fr-FR\"},{\"@type\":\"Organization\",\"@id\":\"https:\/\/laveba-online.ch\/fr\/#organization\",\"name\":\"LAVEBA Genossenschaft\",\"url\":\"https:\/\/laveba-online.ch\/fr\/\",\"logo\":{\"@type\":\"ImageObject\",\"inLanguage\":\"fr-FR\",\"@id\":\"https:\/\/laveba-online.ch\/fr\/#\/schema\/logo\/image\/\",\"url\":\"https:\/\/laveba-online.ch\/wp-content\/uploads\/2020\/07\/lavebalogo2.png\",\"contentUrl\":\"https:\/\/laveba-online.ch\/wp-content\/uploads\/2020\/07\/lavebalogo2.png\",\"width\":250,\"height\":69,\"caption\":\"LAVEBA Genossenschaft\"},\"image\":{\"@id\":\"https:\/\/laveba-online.ch\/fr\/#\/schema\/logo\/image\/\"},\"sameAs\":[\"https:\/\/www.facebook.com\/LAVEBA-Genossenschaft-352285445485254\",\"https:\/\/www.instagram.com\/lavebagenossenschaft\/?hl=de\"]}]}<\/script>\n<!-- \/ Yoast SEO plugin. -->","yoast_head_json":{"title":"F\u00fbt de fermentation Speidel complet &#8211; LAVEBA Online-Shop","description":"F\u00fbt de fermentation Speidel complet - Le baril de boisson est en plastique PE non color\u00e9 et sans danger pour les aliments. La coque en plastique PE tr\u00e8s \u00e9paisse pr\u00e9serve l'ar\u00f4me et l'alcool et garde le mo\u00fbt frais et acidul\u00e9 pendant longtemps. Le grand d\u00f4me de remplissage permet un nettoyage en profondeur \u00e0 la main jusqu'aux coins les plus profonds. von LAVEBA Online-Shop","robots":{"index":"index","follow":"follow","max-snippet":"max-snippet:-1","max-image-preview":"max-image-preview:large","max-video-preview":"max-video-preview:-1"},"canonical":"https:\/\/laveba-online.ch\/fr\/produkt\/fut-de-fermentation-speidel-complet\/","og_locale":"fr_FR","og_type":"article","og_title":"F\u00fbt de fermentation Speidel complet &#8211; LAVEBA Online-Shop","og_description":"F\u00fbt de fermentation Speidel complet - Le baril de boisson est en plastique PE non color\u00e9 et sans danger pour les aliments. La coque en plastique PE tr\u00e8s \u00e9paisse pr\u00e9serve l'ar\u00f4me et l'alcool et garde le mo\u00fbt frais et acidul\u00e9 pendant longtemps. Le grand d\u00f4me de remplissage permet un nettoyage en profondeur \u00e0 la main jusqu'aux coins les plus profonds. von LAVEBA Online-Shop","og_url":"https:\/\/laveba-online.ch\/fr\/produkt\/fut-de-fermentation-speidel-complet\/","og_site_name":"LAVEBA Online-Shop","article_publisher":"https:\/\/www.facebook.com\/LAVEBA-Genossenschaft-352285445485254","article_modified_time":"2024-11-27T07:43:09+00:00","og_image":[{"width":1000,"height":1200,"url":"https:\/\/laveba-online.ch\/wp-content\/uploads\/2020\/07\/Maischenfass-120l_3615860.jpg","type":"image\/jpeg"}],"twitter_card":"summary_large_image","twitter_misc":{"Dur\u00e9e de lecture estim\u00e9e":"1 minute"},"schema":{"@context":"https:\/\/schema.org","@graph":[{"@type":["WebPage","ItemPage"],"@id":"https:\/\/laveba-online.ch\/fr\/produkt\/fut-de-fermentation-speidel-complet\/","url":"https:\/\/laveba-online.ch\/fr\/produkt\/fut-de-fermentation-speidel-complet\/","name":"F\u00fbt de fermentation Speidel complet &#8211; LAVEBA Online-Shop","isPartOf":{"@id":"https:\/\/laveba-online.ch\/fr\/#website"},"primaryImageOfPage":{"@id":"https:\/\/laveba-online.ch\/fr\/produkt\/fut-de-fermentation-speidel-complet\/#primaryimage"},"image":{"@id":"https:\/\/laveba-online.ch\/fr\/produkt\/fut-de-fermentation-speidel-complet\/#primaryimage"},"thumbnailUrl":"https:\/\/laveba-online.ch\/wp-content\/uploads\/2020\/07\/Maischenfass-120l_3615860.jpg","datePublished":"2020-07-14T05:40:57+00:00","dateModified":"2024-11-27T07:43:09+00:00","description":"F\u00fbt de fermentation Speidel complet - Le baril de boisson est en plastique PE non color\u00e9 et sans danger pour les aliments. La coque en plastique PE tr\u00e8s \u00e9paisse pr\u00e9serve l'ar\u00f4me et l'alcool et garde le mo\u00fbt frais et acidul\u00e9 pendant longtemps. Le grand d\u00f4me de remplissage permet un nettoyage en profondeur \u00e0 la main jusqu'aux coins les plus profonds. von LAVEBA Online-Shop","breadcrumb":{"@id":"https:\/\/laveba-online.ch\/fr\/produkt\/fut-de-fermentation-speidel-complet\/#breadcrumb"},"inLanguage":"fr-FR","potentialAction":[{"@type":"ReadAction","target":["https:\/\/laveba-online.ch\/fr\/produkt\/fut-de-fermentation-speidel-complet\/"]}]},{"@type":"ImageObject","inLanguage":"fr-FR","@id":"https:\/\/laveba-online.ch\/fr\/produkt\/fut-de-fermentation-speidel-complet\/#primaryimage","url":"https:\/\/laveba-online.ch\/wp-content\/uploads\/2020\/07\/Maischenfass-120l_3615860.jpg","contentUrl":"https:\/\/laveba-online.ch\/wp-content\/uploads\/2020\/07\/Maischenfass-120l_3615860.jpg","width":1000,"height":1200},{"@type":"BreadcrumbList","@id":"https:\/\/laveba-online.ch\/fr\/produkt\/fut-de-fermentation-speidel-complet\/#breadcrumb","itemListElement":[{"@type":"ListItem","position":1,"name":"Startseite","item":"https:\/\/laveba-online.ch\/fr\/"},{"@type":"ListItem","position":2,"name":"Boutique","item":"https:\/\/laveba-online.ch\/fr\/boutique\/"},{"@type":"ListItem","position":3,"name":"F\u00fbt de fermentation Speidel complet"}]},{"@type":"WebSite","@id":"https:\/\/laveba-online.ch\/fr\/#website","url":"https:\/\/laveba-online.ch\/fr\/","name":"LAVEBA Online-Shop","description":"LAVEBA ist in der Ostschweiz als Dienstleister, Berater und Partner aktiv. Wir bieten ein breites Spektrum an Angeboten, perfekt zugeschnitten auf die Bed\u00fcrfnisse von Landwirten, Unternehmen, Organisationen und Konsumenten.","publisher":{"@id":"https:\/\/laveba-online.ch\/fr\/#organization"},"potentialAction":[{"@type":"SearchAction","target":{"@type":"EntryPoint","urlTemplate":"https:\/\/laveba-online.ch\/fr\/?s={search_term_string}"},"query-input":"required name=search_term_string"}],"inLanguage":"fr-FR"},{"@type":"Organization","@id":"https:\/\/laveba-online.ch\/fr\/#organization","name":"LAVEBA Genossenschaft","url":"https:\/\/laveba-online.ch\/fr\/","logo":{"@type":"ImageObject","inLanguage":"fr-FR","@id":"https:\/\/laveba-online.ch\/fr\/#\/schema\/logo\/image\/","url":"https:\/\/laveba-online.ch\/wp-content\/uploads\/2020\/07\/lavebalogo2.png","contentUrl":"https:\/\/laveba-online.ch\/wp-content\/uploads\/2020\/07\/lavebalogo2.png","width":250,"height":69,"caption":"LAVEBA Genossenschaft"},"image":{"@id":"https:\/\/laveba-online.ch\/fr\/#\/schema\/logo\/image\/"},"sameAs":["https:\/\/www.facebook.com\/LAVEBA-Genossenschaft-352285445485254","https:\/\/www.instagram.com\/lavebagenossenschaft\/?hl=de"]}]}},"_links":{"self":[{"href":"https:\/\/laveba-online.ch\/fr\/wp-json\/wp\/v2\/product\/7038"}],"collection":[{"href":"https:\/\/laveba-online.ch\/fr\/wp-json\/wp\/v2\/product"}],"about":[{"href":"https:\/\/laveba-online.ch\/fr\/wp-json\/wp\/v2\/types\/product"}],"replies":[{"embeddable":true,"href":"https:\/\/laveba-online.ch\/fr\/wp-json\/wp\/v2\/comments?post=7038"}],"wp:featuredmedia":[{"embeddable":true,"href":"https:\/\/laveba-online.ch\/fr\/wp-json\/wp\/v2\/media\/6393"}],"wp:attachment":[{"href":"https:\/\/laveba-online.ch\/fr\/wp-json\/wp\/v2\/media?parent=7038"}],"wp:term":[{"taxonomy":"product_cat","embeddable":true,"href":"https:\/\/laveba-online.ch\/fr\/wp-json\/wp\/v2\/product_cat?post=7038"},{"taxonomy":"product_tag","embeddable":true,"href":"https:\/\/laveba-online.ch\/fr\/wp-json\/wp\/v2\/product_tag?post=7038"}],"curies":[{"name":"wp","href":"https:\/\/api.w.org\/{rel}","templated":true}]}}