{"id":4132,"date":"2020-07-13T16:16:50","date_gmt":"2020-07-13T14:16:50","guid":{"rendered":"https:\/\/soon-live.ch\/?post_type=product&#038;p=4132"},"modified":"2025-07-17T08:56:41","modified_gmt":"2025-07-17T06:56:41","slug":"weithals-essigbehaelter-mit-gestell-und-auslauf","status":"publish","type":"product","link":"https:\/\/laveba-online.ch\/fr\/produkt\/weithals-essigbehaelter-mit-gestell-und-auslauf\/","title":{"rendered":"Weithals Essigbeh\u00e4lter mit Gestell und Auslauf"},"content":{"rendered":"","protected":false},"excerpt":{"rendered":"<p>Der Essigbeh\u00e4lter aus Glas wird inklusiv Gestell und Auslauf geliefert. Der Essigbeh\u00e4lter ist mit unterschiedlichem Fassungsverm\u00f6gen verf\u00fcgbar.<\/p>\n<p>neu auch in 20 Liter erh\u00e4ltlich.<\/p>\n","protected":false},"featured_media":3511,"comment_status":"open","ping_status":"closed","template":"","meta":[],"product_cat":[88,71],"product_tag":[],"class_list":{"0":"post-4132","1":"product","2":"type-product","3":"status-publish","4":"has-post-thumbnail","6":"product_cat-korbflaschen","7":"product_cat-lagerung","9":"first","10":"instock","11":"taxable","12":"shipping-taxable","13":"purchasable","14":"product-type-variable"},"yoast_head":"<!-- This site is optimized with the Yoast SEO plugin v23.1 - https:\/\/yoast.com\/wordpress\/plugins\/seo\/ -->\n<title>Weithals Essigbeh\u00e4lter mit Gestell und Auslauf &#8211; LAVEBA Online-Shop<\/title>\n<meta name=\"description\" content=\"Weithals Essigbeh\u00e4lter mit Gestell und Auslauf - Der Essigbeh\u00e4lter aus Glas wird inklusiv Gestell und Auslauf geliefert. Der Essigbeh\u00e4lter ist mit unterschiedlichem Fassungsverm\u00f6gen verf\u00fcgbar.  neu auch in 20 Liter erh\u00e4ltlich. von LAVEBA Online-Shop\" \/>\n<meta name=\"robots\" content=\"index, follow, max-snippet:-1, max-image-preview:large, max-video-preview:-1\" \/>\n<link rel=\"canonical\" href=\"https:\/\/laveba-online.ch\/fr\/produkt\/weithals-essigbehaelter-mit-gestell-und-auslauf\/\" \/>\n<meta property=\"og:locale\" content=\"fr_FR\" \/>\n<meta property=\"og:type\" content=\"article\" \/>\n<meta property=\"og:title\" content=\"Weithals Essigbeh\u00e4lter mit Gestell und Auslauf &#8211; LAVEBA Online-Shop\" \/>\n<meta property=\"og:description\" content=\"Weithals Essigbeh\u00e4lter mit Gestell und Auslauf - Der Essigbeh\u00e4lter aus Glas wird inklusiv Gestell und Auslauf geliefert. Der Essigbeh\u00e4lter ist mit unterschiedlichem Fassungsverm\u00f6gen verf\u00fcgbar.  neu auch in 20 Liter erh\u00e4ltlich. von LAVEBA Online-Shop\" \/>\n<meta property=\"og:url\" content=\"https:\/\/laveba-online.ch\/fr\/produkt\/weithals-essigbehaelter-mit-gestell-und-auslauf\/\" \/>\n<meta property=\"og:site_name\" content=\"LAVEBA Online-Shop\" \/>\n<meta property=\"article:publisher\" content=\"https:\/\/www.facebook.com\/LAVEBA-Genossenschaft-352285445485254\" \/>\n<meta property=\"article:modified_time\" content=\"2025-07-17T06:56:41+00:00\" \/>\n<meta property=\"og:image\" content=\"https:\/\/laveba-online.ch\/wp-content\/uploads\/2020\/07\/Weithals-Essigbehaelter-10l_3615894.jpg\" \/>\n\t<meta property=\"og:image:width\" content=\"1000\" \/>\n\t<meta property=\"og:image:height\" content=\"1200\" \/>\n\t<meta property=\"og:image:type\" content=\"image\/jpeg\" \/>\n<meta name=\"twitter:card\" content=\"summary_large_image\" \/>\n<meta name=\"twitter:label1\" content=\"Dur\u00e9e de lecture estim\u00e9e\" \/>\n\t<meta name=\"twitter:data1\" content=\"1 minute\" \/>\n<script type=\"application\/ld+json\" class=\"yoast-schema-graph\">{\"@context\":\"https:\/\/schema.org\",\"@graph\":[{\"@type\":[\"WebPage\",\"ItemPage\"],\"@id\":\"https:\/\/laveba-online.ch\/fr\/produkt\/weithals-essigbehaelter-mit-gestell-und-auslauf\/\",\"url\":\"https:\/\/laveba-online.ch\/fr\/produkt\/weithals-essigbehaelter-mit-gestell-und-auslauf\/\",\"name\":\"Weithals Essigbeh\u00e4lter mit Gestell und Auslauf &#8211; LAVEBA Online-Shop\",\"isPartOf\":{\"@id\":\"https:\/\/laveba-online.ch\/fr\/#website\"},\"primaryImageOfPage\":{\"@id\":\"https:\/\/laveba-online.ch\/fr\/produkt\/weithals-essigbehaelter-mit-gestell-und-auslauf\/#primaryimage\"},\"image\":{\"@id\":\"https:\/\/laveba-online.ch\/fr\/produkt\/weithals-essigbehaelter-mit-gestell-und-auslauf\/#primaryimage\"},\"thumbnailUrl\":\"https:\/\/laveba-online.ch\/wp-content\/uploads\/2020\/07\/Weithals-Essigbehaelter-10l_3615894.jpg\",\"datePublished\":\"2020-07-13T14:16:50+00:00\",\"dateModified\":\"2025-07-17T06:56:41+00:00\",\"description\":\"Weithals Essigbeh\u00e4lter mit Gestell und Auslauf - Der Essigbeh\u00e4lter aus Glas wird inklusiv Gestell und Auslauf geliefert. Der Essigbeh\u00e4lter ist mit unterschiedlichem Fassungsverm\u00f6gen verf\u00fcgbar. neu auch in 20 Liter erh\u00e4ltlich. von LAVEBA Online-Shop\",\"breadcrumb\":{\"@id\":\"https:\/\/laveba-online.ch\/fr\/produkt\/weithals-essigbehaelter-mit-gestell-und-auslauf\/#breadcrumb\"},\"inLanguage\":\"fr-FR\",\"potentialAction\":[{\"@type\":\"ReadAction\",\"target\":[\"https:\/\/laveba-online.ch\/fr\/produkt\/weithals-essigbehaelter-mit-gestell-und-auslauf\/\"]}]},{\"@type\":\"ImageObject\",\"inLanguage\":\"fr-FR\",\"@id\":\"https:\/\/laveba-online.ch\/fr\/produkt\/weithals-essigbehaelter-mit-gestell-und-auslauf\/#primaryimage\",\"url\":\"https:\/\/laveba-online.ch\/wp-content\/uploads\/2020\/07\/Weithals-Essigbehaelter-10l_3615894.jpg\",\"contentUrl\":\"https:\/\/laveba-online.ch\/wp-content\/uploads\/2020\/07\/Weithals-Essigbehaelter-10l_3615894.jpg\",\"width\":1000,\"height\":1200},{\"@type\":\"BreadcrumbList\",\"@id\":\"https:\/\/laveba-online.ch\/fr\/produkt\/weithals-essigbehaelter-mit-gestell-und-auslauf\/#breadcrumb\",\"itemListElement\":[{\"@type\":\"ListItem\",\"position\":1,\"name\":\"Startseite\",\"item\":\"https:\/\/laveba-online.ch\/fr\/\"},{\"@type\":\"ListItem\",\"position\":2,\"name\":\"Boutique\",\"item\":\"https:\/\/laveba-online.ch\/fr\/boutique\/\"},{\"@type\":\"ListItem\",\"position\":3,\"name\":\"Weithals Essigbeh\u00e4lter mit Gestell und Auslauf\"}]},{\"@type\":\"WebSite\",\"@id\":\"https:\/\/laveba-online.ch\/fr\/#website\",\"url\":\"https:\/\/laveba-online.ch\/fr\/\",\"name\":\"LAVEBA Online-Shop\",\"description\":\"LAVEBA ist in der Ostschweiz als Dienstleister, Berater und Partner aktiv. Wir bieten ein breites Spektrum an Angeboten, perfekt zugeschnitten auf die Bed\u00fcrfnisse von Landwirten, Unternehmen, Organisationen und Konsumenten.\",\"publisher\":{\"@id\":\"https:\/\/laveba-online.ch\/fr\/#organization\"},\"potentialAction\":[{\"@type\":\"SearchAction\",\"target\":{\"@type\":\"EntryPoint\",\"urlTemplate\":\"https:\/\/laveba-online.ch\/fr\/?s={search_term_string}\"},\"query-input\":\"required name=search_term_string\"}],\"inLanguage\":\"fr-FR\"},{\"@type\":\"Organization\",\"@id\":\"https:\/\/laveba-online.ch\/fr\/#organization\",\"name\":\"LAVEBA Genossenschaft\",\"url\":\"https:\/\/laveba-online.ch\/fr\/\",\"logo\":{\"@type\":\"ImageObject\",\"inLanguage\":\"fr-FR\",\"@id\":\"https:\/\/laveba-online.ch\/fr\/#\/schema\/logo\/image\/\",\"url\":\"https:\/\/laveba-online.ch\/wp-content\/uploads\/2020\/07\/lavebalogo2.png\",\"contentUrl\":\"https:\/\/laveba-online.ch\/wp-content\/uploads\/2020\/07\/lavebalogo2.png\",\"width\":250,\"height\":69,\"caption\":\"LAVEBA Genossenschaft\"},\"image\":{\"@id\":\"https:\/\/laveba-online.ch\/fr\/#\/schema\/logo\/image\/\"},\"sameAs\":[\"https:\/\/www.facebook.com\/LAVEBA-Genossenschaft-352285445485254\",\"https:\/\/www.instagram.com\/lavebagenossenschaft\/?hl=de\"]}]}<\/script>\n<!-- \/ Yoast SEO plugin. -->","yoast_head_json":{"title":"Weithals Essigbeh\u00e4lter mit Gestell und Auslauf &#8211; LAVEBA Online-Shop","description":"Weithals Essigbeh\u00e4lter mit Gestell und Auslauf - Der Essigbeh\u00e4lter aus Glas wird inklusiv Gestell und Auslauf geliefert. Der Essigbeh\u00e4lter ist mit unterschiedlichem Fassungsverm\u00f6gen verf\u00fcgbar.  neu auch in 20 Liter erh\u00e4ltlich. von LAVEBA Online-Shop","robots":{"index":"index","follow":"follow","max-snippet":"max-snippet:-1","max-image-preview":"max-image-preview:large","max-video-preview":"max-video-preview:-1"},"canonical":"https:\/\/laveba-online.ch\/fr\/produkt\/weithals-essigbehaelter-mit-gestell-und-auslauf\/","og_locale":"fr_FR","og_type":"article","og_title":"Weithals Essigbeh\u00e4lter mit Gestell und Auslauf &#8211; LAVEBA Online-Shop","og_description":"Weithals Essigbeh\u00e4lter mit Gestell und Auslauf - Der Essigbeh\u00e4lter aus Glas wird inklusiv Gestell und Auslauf geliefert. Der Essigbeh\u00e4lter ist mit unterschiedlichem Fassungsverm\u00f6gen verf\u00fcgbar.  neu auch in 20 Liter erh\u00e4ltlich. von LAVEBA Online-Shop","og_url":"https:\/\/laveba-online.ch\/fr\/produkt\/weithals-essigbehaelter-mit-gestell-und-auslauf\/","og_site_name":"LAVEBA Online-Shop","article_publisher":"https:\/\/www.facebook.com\/LAVEBA-Genossenschaft-352285445485254","article_modified_time":"2025-07-17T06:56:41+00:00","og_image":[{"width":1000,"height":1200,"url":"https:\/\/laveba-online.ch\/wp-content\/uploads\/2020\/07\/Weithals-Essigbehaelter-10l_3615894.jpg","type":"image\/jpeg"}],"twitter_card":"summary_large_image","twitter_misc":{"Dur\u00e9e de lecture estim\u00e9e":"1 minute"},"schema":{"@context":"https:\/\/schema.org","@graph":[{"@type":["WebPage","ItemPage"],"@id":"https:\/\/laveba-online.ch\/fr\/produkt\/weithals-essigbehaelter-mit-gestell-und-auslauf\/","url":"https:\/\/laveba-online.ch\/fr\/produkt\/weithals-essigbehaelter-mit-gestell-und-auslauf\/","name":"Weithals Essigbeh\u00e4lter mit Gestell und Auslauf &#8211; LAVEBA Online-Shop","isPartOf":{"@id":"https:\/\/laveba-online.ch\/fr\/#website"},"primaryImageOfPage":{"@id":"https:\/\/laveba-online.ch\/fr\/produkt\/weithals-essigbehaelter-mit-gestell-und-auslauf\/#primaryimage"},"image":{"@id":"https:\/\/laveba-online.ch\/fr\/produkt\/weithals-essigbehaelter-mit-gestell-und-auslauf\/#primaryimage"},"thumbnailUrl":"https:\/\/laveba-online.ch\/wp-content\/uploads\/2020\/07\/Weithals-Essigbehaelter-10l_3615894.jpg","datePublished":"2020-07-13T14:16:50+00:00","dateModified":"2025-07-17T06:56:41+00:00","description":"Weithals Essigbeh\u00e4lter mit Gestell und Auslauf - Der Essigbeh\u00e4lter aus Glas wird inklusiv Gestell und Auslauf geliefert. Der Essigbeh\u00e4lter ist mit unterschiedlichem Fassungsverm\u00f6gen verf\u00fcgbar. neu auch in 20 Liter erh\u00e4ltlich. von LAVEBA Online-Shop","breadcrumb":{"@id":"https:\/\/laveba-online.ch\/fr\/produkt\/weithals-essigbehaelter-mit-gestell-und-auslauf\/#breadcrumb"},"inLanguage":"fr-FR","potentialAction":[{"@type":"ReadAction","target":["https:\/\/laveba-online.ch\/fr\/produkt\/weithals-essigbehaelter-mit-gestell-und-auslauf\/"]}]},{"@type":"ImageObject","inLanguage":"fr-FR","@id":"https:\/\/laveba-online.ch\/fr\/produkt\/weithals-essigbehaelter-mit-gestell-und-auslauf\/#primaryimage","url":"https:\/\/laveba-online.ch\/wp-content\/uploads\/2020\/07\/Weithals-Essigbehaelter-10l_3615894.jpg","contentUrl":"https:\/\/laveba-online.ch\/wp-content\/uploads\/2020\/07\/Weithals-Essigbehaelter-10l_3615894.jpg","width":1000,"height":1200},{"@type":"BreadcrumbList","@id":"https:\/\/laveba-online.ch\/fr\/produkt\/weithals-essigbehaelter-mit-gestell-und-auslauf\/#breadcrumb","itemListElement":[{"@type":"ListItem","position":1,"name":"Startseite","item":"https:\/\/laveba-online.ch\/fr\/"},{"@type":"ListItem","position":2,"name":"Boutique","item":"https:\/\/laveba-online.ch\/fr\/boutique\/"},{"@type":"ListItem","position":3,"name":"Weithals Essigbeh\u00e4lter mit Gestell und Auslauf"}]},{"@type":"WebSite","@id":"https:\/\/laveba-online.ch\/fr\/#website","url":"https:\/\/laveba-online.ch\/fr\/","name":"LAVEBA Online-Shop","description":"LAVEBA ist in der Ostschweiz als Dienstleister, Berater und Partner aktiv. Wir bieten ein breites Spektrum an Angeboten, perfekt zugeschnitten auf die Bed\u00fcrfnisse von Landwirten, Unternehmen, Organisationen und Konsumenten.","publisher":{"@id":"https:\/\/laveba-online.ch\/fr\/#organization"},"potentialAction":[{"@type":"SearchAction","target":{"@type":"EntryPoint","urlTemplate":"https:\/\/laveba-online.ch\/fr\/?s={search_term_string}"},"query-input":"required name=search_term_string"}],"inLanguage":"fr-FR"},{"@type":"Organization","@id":"https:\/\/laveba-online.ch\/fr\/#organization","name":"LAVEBA Genossenschaft","url":"https:\/\/laveba-online.ch\/fr\/","logo":{"@type":"ImageObject","inLanguage":"fr-FR","@id":"https:\/\/laveba-online.ch\/fr\/#\/schema\/logo\/image\/","url":"https:\/\/laveba-online.ch\/wp-content\/uploads\/2020\/07\/lavebalogo2.png","contentUrl":"https:\/\/laveba-online.ch\/wp-content\/uploads\/2020\/07\/lavebalogo2.png","width":250,"height":69,"caption":"LAVEBA Genossenschaft"},"image":{"@id":"https:\/\/laveba-online.ch\/fr\/#\/schema\/logo\/image\/"},"sameAs":["https:\/\/www.facebook.com\/LAVEBA-Genossenschaft-352285445485254","https:\/\/www.instagram.com\/lavebagenossenschaft\/?hl=de"]}]}},"_links":{"self":[{"href":"https:\/\/laveba-online.ch\/fr\/wp-json\/wp\/v2\/product\/4132"}],"collection":[{"href":"https:\/\/laveba-online.ch\/fr\/wp-json\/wp\/v2\/product"}],"about":[{"href":"https:\/\/laveba-online.ch\/fr\/wp-json\/wp\/v2\/types\/product"}],"replies":[{"embeddable":true,"href":"https:\/\/laveba-online.ch\/fr\/wp-json\/wp\/v2\/comments?post=4132"}],"wp:featuredmedia":[{"embeddable":true,"href":"https:\/\/laveba-online.ch\/fr\/wp-json\/wp\/v2\/media\/3511"}],"wp:attachment":[{"href":"https:\/\/laveba-online.ch\/fr\/wp-json\/wp\/v2\/media?parent=4132"}],"wp:term":[{"taxonomy":"product_cat","embeddable":true,"href":"https:\/\/laveba-online.ch\/fr\/wp-json\/wp\/v2\/product_cat?post=4132"},{"taxonomy":"product_tag","embeddable":true,"href":"https:\/\/laveba-online.ch\/fr\/wp-json\/wp\/v2\/product_tag?post=4132"}],"curies":[{"name":"wp","href":"https:\/\/api.w.org\/{rel}","templated":true}]}}