{"id":13657,"date":"2020-07-14T07:40:57","date_gmt":"2020-07-14T05:40:57","guid":{"rendered":"https:\/\/laveba-online.ch\/produkt\/maischenfass-speidel-kompl\/"},"modified":"2024-11-27T14:12:19","modified_gmt":"2024-11-27T13:12:19","slug":"maischenfass-speidel-kompl","status":"publish","type":"product","link":"https:\/\/laveba-online.ch\/fr\/produkt\/maischenfass-speidel-kompl\/","title":{"rendered":"Maischenfass Speidel kompl."},"content":{"rendered":"<p>Inkl. Deckel mit Dichtung und Spannring.<\/p>\n","protected":false},"excerpt":{"rendered":"<p>Das Getr\u00e4nkefass besteht aus ungef\u00e4rbtem, lebensmittelechten PE-Kunststoff. Die extra dicke PE-Kunstoff-H\u00fclle erh\u00e4lt Aroma sowie Alkohol und h\u00e4lt den Most lange frisch und spritzig. Der grosse Einf\u00fclldom erm\u00f6glicht eine gr\u00fcndliche Reinigung von Hand bis in die tiefen Ecken.<\/p>\n<p>Lieferdauer min. 3 Wochen<\/p>\n<p>&nbsp;<\/p>\n","protected":false},"featured_media":6393,"comment_status":"open","ping_status":"closed","template":"","meta":[],"product_cat":[168,175],"product_tag":[],"class_list":{"0":"post-13657","1":"product","2":"type-product","3":"status-publish","4":"has-post-thumbnail","6":"product_cat-conservation","7":"product_cat-fut-a-boissons","9":"first","10":"instock","11":"taxable","12":"shipping-taxable","13":"purchasable","14":"product-type-variable"},"yoast_head":"<!-- This site is optimized with the Yoast SEO plugin v23.1 - https:\/\/yoast.com\/wordpress\/plugins\/seo\/ -->\n<title>Maischenfass Speidel kompl. &#8211; LAVEBA Online-Shop<\/title>\n<meta name=\"description\" content=\"Maischenfass Speidel kompl. - Das Getr\u00e4nkefass besteht aus ungef\u00e4rbtem, lebensmittelechten PE-Kunststoff. Die extra dicke PE-Kunstoff-H\u00fclle erh\u00e4lt Aroma sowie Alkohol und h\u00e4lt den Most lange frisch und spritzig. Der grosse Einf\u00fclldom erm\u00f6glicht eine gr\u00fcndliche Reinigung von Hand bis in die tiefen Ecken.  Lieferdauer min. 3 Wochen  &nbsp; von LAVEBA Online-Shop\" \/>\n<meta name=\"robots\" content=\"index, follow, max-snippet:-1, max-image-preview:large, max-video-preview:-1\" \/>\n<link rel=\"canonical\" href=\"https:\/\/laveba-online.ch\/fr\/produkt\/maischenfass-speidel-kompl\/\" \/>\n<meta property=\"og:locale\" content=\"fr_FR\" \/>\n<meta property=\"og:type\" content=\"article\" \/>\n<meta property=\"og:title\" content=\"Maischenfass Speidel kompl. &#8211; LAVEBA Online-Shop\" \/>\n<meta property=\"og:description\" content=\"Maischenfass Speidel kompl. - Das Getr\u00e4nkefass besteht aus ungef\u00e4rbtem, lebensmittelechten PE-Kunststoff. Die extra dicke PE-Kunstoff-H\u00fclle erh\u00e4lt Aroma sowie Alkohol und h\u00e4lt den Most lange frisch und spritzig. Der grosse Einf\u00fclldom erm\u00f6glicht eine gr\u00fcndliche Reinigung von Hand bis in die tiefen Ecken.  Lieferdauer min. 3 Wochen  &nbsp; von LAVEBA Online-Shop\" \/>\n<meta property=\"og:url\" content=\"https:\/\/laveba-online.ch\/fr\/produkt\/maischenfass-speidel-kompl\/\" \/>\n<meta property=\"og:site_name\" content=\"LAVEBA Online-Shop\" \/>\n<meta property=\"article:publisher\" content=\"https:\/\/www.facebook.com\/LAVEBA-Genossenschaft-352285445485254\" \/>\n<meta property=\"article:modified_time\" content=\"2024-11-27T13:12:19+00:00\" \/>\n<meta property=\"og:image\" content=\"https:\/\/laveba-online.ch\/wp-content\/uploads\/2020\/07\/Maischenfass-120l_3615860.jpg\" \/>\n\t<meta property=\"og:image:width\" content=\"1000\" \/>\n\t<meta property=\"og:image:height\" content=\"1200\" \/>\n\t<meta property=\"og:image:type\" content=\"image\/jpeg\" \/>\n<meta name=\"twitter:card\" content=\"summary_large_image\" \/>\n<meta name=\"twitter:label1\" content=\"Dur\u00e9e de lecture estim\u00e9e\" \/>\n\t<meta name=\"twitter:data1\" content=\"1 minute\" \/>\n<script type=\"application\/ld+json\" class=\"yoast-schema-graph\">{\"@context\":\"https:\/\/schema.org\",\"@graph\":[{\"@type\":[\"WebPage\",\"ItemPage\"],\"@id\":\"https:\/\/laveba-online.ch\/fr\/produkt\/maischenfass-speidel-kompl\/\",\"url\":\"https:\/\/laveba-online.ch\/fr\/produkt\/maischenfass-speidel-kompl\/\",\"name\":\"Maischenfass Speidel kompl. &#8211; LAVEBA Online-Shop\",\"isPartOf\":{\"@id\":\"https:\/\/laveba-online.ch\/fr\/#website\"},\"primaryImageOfPage\":{\"@id\":\"https:\/\/laveba-online.ch\/fr\/produkt\/maischenfass-speidel-kompl\/#primaryimage\"},\"image\":{\"@id\":\"https:\/\/laveba-online.ch\/fr\/produkt\/maischenfass-speidel-kompl\/#primaryimage\"},\"thumbnailUrl\":\"https:\/\/laveba-online.ch\/wp-content\/uploads\/2020\/07\/Maischenfass-120l_3615860.jpg\",\"datePublished\":\"2020-07-14T05:40:57+00:00\",\"dateModified\":\"2024-11-27T13:12:19+00:00\",\"description\":\"Maischenfass Speidel kompl. - Das Getr\u00e4nkefass besteht aus ungef\u00e4rbtem, lebensmittelechten PE-Kunststoff. Die extra dicke PE-Kunstoff-H\u00fclle erh\u00e4lt Aroma sowie Alkohol und h\u00e4lt den Most lange frisch und spritzig. Der grosse Einf\u00fclldom erm\u00f6glicht eine gr\u00fcndliche Reinigung von Hand bis in die tiefen Ecken. Lieferdauer min. 3 Wochen &nbsp; von LAVEBA Online-Shop\",\"breadcrumb\":{\"@id\":\"https:\/\/laveba-online.ch\/fr\/produkt\/maischenfass-speidel-kompl\/#breadcrumb\"},\"inLanguage\":\"fr-FR\",\"potentialAction\":[{\"@type\":\"ReadAction\",\"target\":[\"https:\/\/laveba-online.ch\/fr\/produkt\/maischenfass-speidel-kompl\/\"]}]},{\"@type\":\"ImageObject\",\"inLanguage\":\"fr-FR\",\"@id\":\"https:\/\/laveba-online.ch\/fr\/produkt\/maischenfass-speidel-kompl\/#primaryimage\",\"url\":\"https:\/\/laveba-online.ch\/wp-content\/uploads\/2020\/07\/Maischenfass-120l_3615860.jpg\",\"contentUrl\":\"https:\/\/laveba-online.ch\/wp-content\/uploads\/2020\/07\/Maischenfass-120l_3615860.jpg\",\"width\":1000,\"height\":1200},{\"@type\":\"BreadcrumbList\",\"@id\":\"https:\/\/laveba-online.ch\/fr\/produkt\/maischenfass-speidel-kompl\/#breadcrumb\",\"itemListElement\":[{\"@type\":\"ListItem\",\"position\":1,\"name\":\"Startseite\",\"item\":\"https:\/\/laveba-online.ch\/fr\/\"},{\"@type\":\"ListItem\",\"position\":2,\"name\":\"Boutique\",\"item\":\"https:\/\/laveba-online.ch\/fr\/boutique\/\"},{\"@type\":\"ListItem\",\"position\":3,\"name\":\"Maischenfass Speidel kompl.\"}]},{\"@type\":\"WebSite\",\"@id\":\"https:\/\/laveba-online.ch\/fr\/#website\",\"url\":\"https:\/\/laveba-online.ch\/fr\/\",\"name\":\"LAVEBA Online-Shop\",\"description\":\"LAVEBA ist in der Ostschweiz als Dienstleister, Berater und Partner aktiv. Wir bieten ein breites Spektrum an Angeboten, perfekt zugeschnitten auf die Bed\u00fcrfnisse von Landwirten, Unternehmen, Organisationen und Konsumenten.\",\"publisher\":{\"@id\":\"https:\/\/laveba-online.ch\/fr\/#organization\"},\"potentialAction\":[{\"@type\":\"SearchAction\",\"target\":{\"@type\":\"EntryPoint\",\"urlTemplate\":\"https:\/\/laveba-online.ch\/fr\/?s={search_term_string}\"},\"query-input\":\"required name=search_term_string\"}],\"inLanguage\":\"fr-FR\"},{\"@type\":\"Organization\",\"@id\":\"https:\/\/laveba-online.ch\/fr\/#organization\",\"name\":\"LAVEBA Genossenschaft\",\"url\":\"https:\/\/laveba-online.ch\/fr\/\",\"logo\":{\"@type\":\"ImageObject\",\"inLanguage\":\"fr-FR\",\"@id\":\"https:\/\/laveba-online.ch\/fr\/#\/schema\/logo\/image\/\",\"url\":\"https:\/\/laveba-online.ch\/wp-content\/uploads\/2020\/07\/lavebalogo2.png\",\"contentUrl\":\"https:\/\/laveba-online.ch\/wp-content\/uploads\/2020\/07\/lavebalogo2.png\",\"width\":250,\"height\":69,\"caption\":\"LAVEBA Genossenschaft\"},\"image\":{\"@id\":\"https:\/\/laveba-online.ch\/fr\/#\/schema\/logo\/image\/\"},\"sameAs\":[\"https:\/\/www.facebook.com\/LAVEBA-Genossenschaft-352285445485254\",\"https:\/\/www.instagram.com\/lavebagenossenschaft\/?hl=de\"]}]}<\/script>\n<!-- \/ Yoast SEO plugin. -->","yoast_head_json":{"title":"Maischenfass Speidel kompl. &#8211; LAVEBA Online-Shop","description":"Maischenfass Speidel kompl. - Das Getr\u00e4nkefass besteht aus ungef\u00e4rbtem, lebensmittelechten PE-Kunststoff. Die extra dicke PE-Kunstoff-H\u00fclle erh\u00e4lt Aroma sowie Alkohol und h\u00e4lt den Most lange frisch und spritzig. Der grosse Einf\u00fclldom erm\u00f6glicht eine gr\u00fcndliche Reinigung von Hand bis in die tiefen Ecken.  Lieferdauer min. 3 Wochen  &nbsp; von LAVEBA Online-Shop","robots":{"index":"index","follow":"follow","max-snippet":"max-snippet:-1","max-image-preview":"max-image-preview:large","max-video-preview":"max-video-preview:-1"},"canonical":"https:\/\/laveba-online.ch\/fr\/produkt\/maischenfass-speidel-kompl\/","og_locale":"fr_FR","og_type":"article","og_title":"Maischenfass Speidel kompl. &#8211; LAVEBA Online-Shop","og_description":"Maischenfass Speidel kompl. - Das Getr\u00e4nkefass besteht aus ungef\u00e4rbtem, lebensmittelechten PE-Kunststoff. Die extra dicke PE-Kunstoff-H\u00fclle erh\u00e4lt Aroma sowie Alkohol und h\u00e4lt den Most lange frisch und spritzig. Der grosse Einf\u00fclldom erm\u00f6glicht eine gr\u00fcndliche Reinigung von Hand bis in die tiefen Ecken.  Lieferdauer min. 3 Wochen  &nbsp; von LAVEBA Online-Shop","og_url":"https:\/\/laveba-online.ch\/fr\/produkt\/maischenfass-speidel-kompl\/","og_site_name":"LAVEBA Online-Shop","article_publisher":"https:\/\/www.facebook.com\/LAVEBA-Genossenschaft-352285445485254","article_modified_time":"2024-11-27T13:12:19+00:00","og_image":[{"width":1000,"height":1200,"url":"https:\/\/laveba-online.ch\/wp-content\/uploads\/2020\/07\/Maischenfass-120l_3615860.jpg","type":"image\/jpeg"}],"twitter_card":"summary_large_image","twitter_misc":{"Dur\u00e9e de lecture estim\u00e9e":"1 minute"},"schema":{"@context":"https:\/\/schema.org","@graph":[{"@type":["WebPage","ItemPage"],"@id":"https:\/\/laveba-online.ch\/fr\/produkt\/maischenfass-speidel-kompl\/","url":"https:\/\/laveba-online.ch\/fr\/produkt\/maischenfass-speidel-kompl\/","name":"Maischenfass Speidel kompl. &#8211; LAVEBA Online-Shop","isPartOf":{"@id":"https:\/\/laveba-online.ch\/fr\/#website"},"primaryImageOfPage":{"@id":"https:\/\/laveba-online.ch\/fr\/produkt\/maischenfass-speidel-kompl\/#primaryimage"},"image":{"@id":"https:\/\/laveba-online.ch\/fr\/produkt\/maischenfass-speidel-kompl\/#primaryimage"},"thumbnailUrl":"https:\/\/laveba-online.ch\/wp-content\/uploads\/2020\/07\/Maischenfass-120l_3615860.jpg","datePublished":"2020-07-14T05:40:57+00:00","dateModified":"2024-11-27T13:12:19+00:00","description":"Maischenfass Speidel kompl. - Das Getr\u00e4nkefass besteht aus ungef\u00e4rbtem, lebensmittelechten PE-Kunststoff. Die extra dicke PE-Kunstoff-H\u00fclle erh\u00e4lt Aroma sowie Alkohol und h\u00e4lt den Most lange frisch und spritzig. Der grosse Einf\u00fclldom erm\u00f6glicht eine gr\u00fcndliche Reinigung von Hand bis in die tiefen Ecken. Lieferdauer min. 3 Wochen &nbsp; von LAVEBA Online-Shop","breadcrumb":{"@id":"https:\/\/laveba-online.ch\/fr\/produkt\/maischenfass-speidel-kompl\/#breadcrumb"},"inLanguage":"fr-FR","potentialAction":[{"@type":"ReadAction","target":["https:\/\/laveba-online.ch\/fr\/produkt\/maischenfass-speidel-kompl\/"]}]},{"@type":"ImageObject","inLanguage":"fr-FR","@id":"https:\/\/laveba-online.ch\/fr\/produkt\/maischenfass-speidel-kompl\/#primaryimage","url":"https:\/\/laveba-online.ch\/wp-content\/uploads\/2020\/07\/Maischenfass-120l_3615860.jpg","contentUrl":"https:\/\/laveba-online.ch\/wp-content\/uploads\/2020\/07\/Maischenfass-120l_3615860.jpg","width":1000,"height":1200},{"@type":"BreadcrumbList","@id":"https:\/\/laveba-online.ch\/fr\/produkt\/maischenfass-speidel-kompl\/#breadcrumb","itemListElement":[{"@type":"ListItem","position":1,"name":"Startseite","item":"https:\/\/laveba-online.ch\/fr\/"},{"@type":"ListItem","position":2,"name":"Boutique","item":"https:\/\/laveba-online.ch\/fr\/boutique\/"},{"@type":"ListItem","position":3,"name":"Maischenfass Speidel kompl."}]},{"@type":"WebSite","@id":"https:\/\/laveba-online.ch\/fr\/#website","url":"https:\/\/laveba-online.ch\/fr\/","name":"LAVEBA Online-Shop","description":"LAVEBA ist in der Ostschweiz als Dienstleister, Berater und Partner aktiv. Wir bieten ein breites Spektrum an Angeboten, perfekt zugeschnitten auf die Bed\u00fcrfnisse von Landwirten, Unternehmen, Organisationen und Konsumenten.","publisher":{"@id":"https:\/\/laveba-online.ch\/fr\/#organization"},"potentialAction":[{"@type":"SearchAction","target":{"@type":"EntryPoint","urlTemplate":"https:\/\/laveba-online.ch\/fr\/?s={search_term_string}"},"query-input":"required name=search_term_string"}],"inLanguage":"fr-FR"},{"@type":"Organization","@id":"https:\/\/laveba-online.ch\/fr\/#organization","name":"LAVEBA Genossenschaft","url":"https:\/\/laveba-online.ch\/fr\/","logo":{"@type":"ImageObject","inLanguage":"fr-FR","@id":"https:\/\/laveba-online.ch\/fr\/#\/schema\/logo\/image\/","url":"https:\/\/laveba-online.ch\/wp-content\/uploads\/2020\/07\/lavebalogo2.png","contentUrl":"https:\/\/laveba-online.ch\/wp-content\/uploads\/2020\/07\/lavebalogo2.png","width":250,"height":69,"caption":"LAVEBA Genossenschaft"},"image":{"@id":"https:\/\/laveba-online.ch\/fr\/#\/schema\/logo\/image\/"},"sameAs":["https:\/\/www.facebook.com\/LAVEBA-Genossenschaft-352285445485254","https:\/\/www.instagram.com\/lavebagenossenschaft\/?hl=de"]}]}},"_links":{"self":[{"href":"https:\/\/laveba-online.ch\/fr\/wp-json\/wp\/v2\/product\/13657"}],"collection":[{"href":"https:\/\/laveba-online.ch\/fr\/wp-json\/wp\/v2\/product"}],"about":[{"href":"https:\/\/laveba-online.ch\/fr\/wp-json\/wp\/v2\/types\/product"}],"replies":[{"embeddable":true,"href":"https:\/\/laveba-online.ch\/fr\/wp-json\/wp\/v2\/comments?post=13657"}],"wp:featuredmedia":[{"embeddable":true,"href":"https:\/\/laveba-online.ch\/fr\/wp-json\/wp\/v2\/media\/6393"}],"wp:attachment":[{"href":"https:\/\/laveba-online.ch\/fr\/wp-json\/wp\/v2\/media?parent=13657"}],"wp:term":[{"taxonomy":"product_cat","embeddable":true,"href":"https:\/\/laveba-online.ch\/fr\/wp-json\/wp\/v2\/product_cat?post=13657"},{"taxonomy":"product_tag","embeddable":true,"href":"https:\/\/laveba-online.ch\/fr\/wp-json\/wp\/v2\/product_tag?post=13657"}],"curies":[{"name":"wp","href":"https:\/\/api.w.org\/{rel}","templated":true}]}}