{"id":11387,"date":"2023-05-24T14:38:16","date_gmt":"2023-05-24T12:38:16","guid":{"rendered":"https:\/\/laveba-online.ch\/produkt\/adhesif-premiere-ouverture\/"},"modified":"2023-05-24T14:38:16","modified_gmt":"2023-05-24T12:38:16","slug":"adhesif-premiere-ouverture","status":"publish","type":"product","link":"https:\/\/laveba-online.ch\/fr\/produkt\/adhesif-premiere-ouverture\/","title":{"rendered":"Adh\u00e9sif premi\u00e8re ouverture"},"content":{"rendered":"","protected":false},"excerpt":{"rendered":"<p>Autocollant de premi\u00e8re ouverture Or. Paquet de 100 \u00e9tiquettes<\/p>\n","protected":false},"featured_media":11330,"comment_status":"open","ping_status":"closed","template":"","meta":[],"product_cat":[],"product_tag":[],"class_list":{"0":"post-11387","1":"product","2":"type-product","3":"status-publish","4":"has-post-thumbnail","7":"first","8":"outofstock","9":"taxable","10":"shipping-taxable","11":"purchasable","12":"product-type-simple"},"yoast_head":"<!-- This site is optimized with the Yoast SEO plugin v23.1 - https:\/\/yoast.com\/wordpress\/plugins\/seo\/ -->\n<title>Adh\u00e9sif premi\u00e8re ouverture &#8211; LAVEBA Online-Shop<\/title>\n<meta name=\"description\" content=\"Adh\u00e9sif premi\u00e8re ouverture - Autocollant de premi\u00e8re ouverture Or. Paquet de 100 \u00e9tiquettes von LAVEBA Online-Shop\" \/>\n<meta name=\"robots\" content=\"index, follow, max-snippet:-1, max-image-preview:large, max-video-preview:-1\" \/>\n<link rel=\"canonical\" href=\"https:\/\/laveba-online.ch\/fr\/produkt\/adhesif-premiere-ouverture\/\" \/>\n<meta property=\"og:locale\" content=\"fr_FR\" \/>\n<meta property=\"og:type\" content=\"article\" \/>\n<meta property=\"og:title\" content=\"Adh\u00e9sif premi\u00e8re ouverture &#8211; LAVEBA Online-Shop\" \/>\n<meta property=\"og:description\" content=\"Adh\u00e9sif premi\u00e8re ouverture - Autocollant de premi\u00e8re ouverture Or. Paquet de 100 \u00e9tiquettes von LAVEBA Online-Shop\" \/>\n<meta property=\"og:url\" content=\"https:\/\/laveba-online.ch\/fr\/produkt\/adhesif-premiere-ouverture\/\" \/>\n<meta property=\"og:site_name\" content=\"LAVEBA Online-Shop\" \/>\n<meta property=\"article:publisher\" content=\"https:\/\/www.facebook.com\/LAVEBA-Genossenschaft-352285445485254\" \/>\n<meta property=\"og:image\" content=\"https:\/\/laveba-online.ch\/wp-content\/uploads\/2023\/05\/3617244.jpg\" \/>\n\t<meta property=\"og:image:width\" content=\"640\" \/>\n\t<meta property=\"og:image:height\" content=\"768\" \/>\n\t<meta property=\"og:image:type\" content=\"image\/jpeg\" \/>\n<meta name=\"twitter:card\" content=\"summary_large_image\" \/>\n<script type=\"application\/ld+json\" class=\"yoast-schema-graph\">{\"@context\":\"https:\/\/schema.org\",\"@graph\":[{\"@type\":[\"WebPage\",\"ItemPage\"],\"@id\":\"https:\/\/laveba-online.ch\/fr\/produkt\/adhesif-premiere-ouverture\/\",\"url\":\"https:\/\/laveba-online.ch\/fr\/produkt\/adhesif-premiere-ouverture\/\",\"name\":\"Adh\u00e9sif premi\u00e8re ouverture &#8211; LAVEBA Online-Shop\",\"isPartOf\":{\"@id\":\"https:\/\/laveba-online.ch\/fr\/#website\"},\"primaryImageOfPage\":{\"@id\":\"https:\/\/laveba-online.ch\/fr\/produkt\/adhesif-premiere-ouverture\/#primaryimage\"},\"image\":{\"@id\":\"https:\/\/laveba-online.ch\/fr\/produkt\/adhesif-premiere-ouverture\/#primaryimage\"},\"thumbnailUrl\":\"https:\/\/laveba-online.ch\/wp-content\/uploads\/2023\/05\/3617244.jpg\",\"datePublished\":\"2023-05-24T12:38:16+00:00\",\"dateModified\":\"2023-05-24T12:38:16+00:00\",\"description\":\"Adh\u00e9sif premi\u00e8re ouverture - Autocollant de premi\u00e8re ouverture Or. Paquet de 100 \u00e9tiquettes von LAVEBA Online-Shop\",\"breadcrumb\":{\"@id\":\"https:\/\/laveba-online.ch\/fr\/produkt\/adhesif-premiere-ouverture\/#breadcrumb\"},\"inLanguage\":\"fr-FR\",\"potentialAction\":[{\"@type\":\"ReadAction\",\"target\":[\"https:\/\/laveba-online.ch\/fr\/produkt\/adhesif-premiere-ouverture\/\"]}]},{\"@type\":\"ImageObject\",\"inLanguage\":\"fr-FR\",\"@id\":\"https:\/\/laveba-online.ch\/fr\/produkt\/adhesif-premiere-ouverture\/#primaryimage\",\"url\":\"https:\/\/laveba-online.ch\/wp-content\/uploads\/2023\/05\/3617244.jpg\",\"contentUrl\":\"https:\/\/laveba-online.ch\/wp-content\/uploads\/2023\/05\/3617244.jpg\",\"width\":640,\"height\":768},{\"@type\":\"BreadcrumbList\",\"@id\":\"https:\/\/laveba-online.ch\/fr\/produkt\/adhesif-premiere-ouverture\/#breadcrumb\",\"itemListElement\":[{\"@type\":\"ListItem\",\"position\":1,\"name\":\"Startseite\",\"item\":\"https:\/\/laveba-online.ch\/fr\/\"},{\"@type\":\"ListItem\",\"position\":2,\"name\":\"Boutique\",\"item\":\"https:\/\/laveba-online.ch\/fr\/boutique\/\"},{\"@type\":\"ListItem\",\"position\":3,\"name\":\"Adh\u00e9sif premi\u00e8re ouverture\"}]},{\"@type\":\"WebSite\",\"@id\":\"https:\/\/laveba-online.ch\/fr\/#website\",\"url\":\"https:\/\/laveba-online.ch\/fr\/\",\"name\":\"LAVEBA Online-Shop\",\"description\":\"LAVEBA ist in der Ostschweiz als Dienstleister, Berater und Partner aktiv. Wir bieten ein breites Spektrum an Angeboten, perfekt zugeschnitten auf die Bed\u00fcrfnisse von Landwirten, Unternehmen, Organisationen und Konsumenten.\",\"publisher\":{\"@id\":\"https:\/\/laveba-online.ch\/fr\/#organization\"},\"potentialAction\":[{\"@type\":\"SearchAction\",\"target\":{\"@type\":\"EntryPoint\",\"urlTemplate\":\"https:\/\/laveba-online.ch\/fr\/?s={search_term_string}\"},\"query-input\":\"required name=search_term_string\"}],\"inLanguage\":\"fr-FR\"},{\"@type\":\"Organization\",\"@id\":\"https:\/\/laveba-online.ch\/fr\/#organization\",\"name\":\"LAVEBA Genossenschaft\",\"url\":\"https:\/\/laveba-online.ch\/fr\/\",\"logo\":{\"@type\":\"ImageObject\",\"inLanguage\":\"fr-FR\",\"@id\":\"https:\/\/laveba-online.ch\/fr\/#\/schema\/logo\/image\/\",\"url\":\"https:\/\/laveba-online.ch\/wp-content\/uploads\/2020\/07\/lavebalogo2.png\",\"contentUrl\":\"https:\/\/laveba-online.ch\/wp-content\/uploads\/2020\/07\/lavebalogo2.png\",\"width\":250,\"height\":69,\"caption\":\"LAVEBA Genossenschaft\"},\"image\":{\"@id\":\"https:\/\/laveba-online.ch\/fr\/#\/schema\/logo\/image\/\"},\"sameAs\":[\"https:\/\/www.facebook.com\/LAVEBA-Genossenschaft-352285445485254\",\"https:\/\/www.instagram.com\/lavebagenossenschaft\/?hl=de\"]}]}<\/script>\n<!-- \/ Yoast SEO plugin. -->","yoast_head_json":{"title":"Adh\u00e9sif premi\u00e8re ouverture &#8211; LAVEBA Online-Shop","description":"Adh\u00e9sif premi\u00e8re ouverture - Autocollant de premi\u00e8re ouverture Or. Paquet de 100 \u00e9tiquettes von LAVEBA Online-Shop","robots":{"index":"index","follow":"follow","max-snippet":"max-snippet:-1","max-image-preview":"max-image-preview:large","max-video-preview":"max-video-preview:-1"},"canonical":"https:\/\/laveba-online.ch\/fr\/produkt\/adhesif-premiere-ouverture\/","og_locale":"fr_FR","og_type":"article","og_title":"Adh\u00e9sif premi\u00e8re ouverture &#8211; LAVEBA Online-Shop","og_description":"Adh\u00e9sif premi\u00e8re ouverture - Autocollant de premi\u00e8re ouverture Or. Paquet de 100 \u00e9tiquettes von LAVEBA Online-Shop","og_url":"https:\/\/laveba-online.ch\/fr\/produkt\/adhesif-premiere-ouverture\/","og_site_name":"LAVEBA Online-Shop","article_publisher":"https:\/\/www.facebook.com\/LAVEBA-Genossenschaft-352285445485254","og_image":[{"width":640,"height":768,"url":"https:\/\/laveba-online.ch\/wp-content\/uploads\/2023\/05\/3617244.jpg","type":"image\/jpeg"}],"twitter_card":"summary_large_image","schema":{"@context":"https:\/\/schema.org","@graph":[{"@type":["WebPage","ItemPage"],"@id":"https:\/\/laveba-online.ch\/fr\/produkt\/adhesif-premiere-ouverture\/","url":"https:\/\/laveba-online.ch\/fr\/produkt\/adhesif-premiere-ouverture\/","name":"Adh\u00e9sif premi\u00e8re ouverture &#8211; LAVEBA Online-Shop","isPartOf":{"@id":"https:\/\/laveba-online.ch\/fr\/#website"},"primaryImageOfPage":{"@id":"https:\/\/laveba-online.ch\/fr\/produkt\/adhesif-premiere-ouverture\/#primaryimage"},"image":{"@id":"https:\/\/laveba-online.ch\/fr\/produkt\/adhesif-premiere-ouverture\/#primaryimage"},"thumbnailUrl":"https:\/\/laveba-online.ch\/wp-content\/uploads\/2023\/05\/3617244.jpg","datePublished":"2023-05-24T12:38:16+00:00","dateModified":"2023-05-24T12:38:16+00:00","description":"Adh\u00e9sif premi\u00e8re ouverture - Autocollant de premi\u00e8re ouverture Or. Paquet de 100 \u00e9tiquettes von LAVEBA Online-Shop","breadcrumb":{"@id":"https:\/\/laveba-online.ch\/fr\/produkt\/adhesif-premiere-ouverture\/#breadcrumb"},"inLanguage":"fr-FR","potentialAction":[{"@type":"ReadAction","target":["https:\/\/laveba-online.ch\/fr\/produkt\/adhesif-premiere-ouverture\/"]}]},{"@type":"ImageObject","inLanguage":"fr-FR","@id":"https:\/\/laveba-online.ch\/fr\/produkt\/adhesif-premiere-ouverture\/#primaryimage","url":"https:\/\/laveba-online.ch\/wp-content\/uploads\/2023\/05\/3617244.jpg","contentUrl":"https:\/\/laveba-online.ch\/wp-content\/uploads\/2023\/05\/3617244.jpg","width":640,"height":768},{"@type":"BreadcrumbList","@id":"https:\/\/laveba-online.ch\/fr\/produkt\/adhesif-premiere-ouverture\/#breadcrumb","itemListElement":[{"@type":"ListItem","position":1,"name":"Startseite","item":"https:\/\/laveba-online.ch\/fr\/"},{"@type":"ListItem","position":2,"name":"Boutique","item":"https:\/\/laveba-online.ch\/fr\/boutique\/"},{"@type":"ListItem","position":3,"name":"Adh\u00e9sif premi\u00e8re ouverture"}]},{"@type":"WebSite","@id":"https:\/\/laveba-online.ch\/fr\/#website","url":"https:\/\/laveba-online.ch\/fr\/","name":"LAVEBA Online-Shop","description":"LAVEBA ist in der Ostschweiz als Dienstleister, Berater und Partner aktiv. Wir bieten ein breites Spektrum an Angeboten, perfekt zugeschnitten auf die Bed\u00fcrfnisse von Landwirten, Unternehmen, Organisationen und Konsumenten.","publisher":{"@id":"https:\/\/laveba-online.ch\/fr\/#organization"},"potentialAction":[{"@type":"SearchAction","target":{"@type":"EntryPoint","urlTemplate":"https:\/\/laveba-online.ch\/fr\/?s={search_term_string}"},"query-input":"required name=search_term_string"}],"inLanguage":"fr-FR"},{"@type":"Organization","@id":"https:\/\/laveba-online.ch\/fr\/#organization","name":"LAVEBA Genossenschaft","url":"https:\/\/laveba-online.ch\/fr\/","logo":{"@type":"ImageObject","inLanguage":"fr-FR","@id":"https:\/\/laveba-online.ch\/fr\/#\/schema\/logo\/image\/","url":"https:\/\/laveba-online.ch\/wp-content\/uploads\/2020\/07\/lavebalogo2.png","contentUrl":"https:\/\/laveba-online.ch\/wp-content\/uploads\/2020\/07\/lavebalogo2.png","width":250,"height":69,"caption":"LAVEBA Genossenschaft"},"image":{"@id":"https:\/\/laveba-online.ch\/fr\/#\/schema\/logo\/image\/"},"sameAs":["https:\/\/www.facebook.com\/LAVEBA-Genossenschaft-352285445485254","https:\/\/www.instagram.com\/lavebagenossenschaft\/?hl=de"]}]}},"_links":{"self":[{"href":"https:\/\/laveba-online.ch\/fr\/wp-json\/wp\/v2\/product\/11387"}],"collection":[{"href":"https:\/\/laveba-online.ch\/fr\/wp-json\/wp\/v2\/product"}],"about":[{"href":"https:\/\/laveba-online.ch\/fr\/wp-json\/wp\/v2\/types\/product"}],"replies":[{"embeddable":true,"href":"https:\/\/laveba-online.ch\/fr\/wp-json\/wp\/v2\/comments?post=11387"}],"wp:featuredmedia":[{"embeddable":true,"href":"https:\/\/laveba-online.ch\/fr\/wp-json\/wp\/v2\/media\/11330"}],"wp:attachment":[{"href":"https:\/\/laveba-online.ch\/fr\/wp-json\/wp\/v2\/media?parent=11387"}],"wp:term":[{"taxonomy":"product_cat","embeddable":true,"href":"https:\/\/laveba-online.ch\/fr\/wp-json\/wp\/v2\/product_cat?post=11387"},{"taxonomy":"product_tag","embeddable":true,"href":"https:\/\/laveba-online.ch\/fr\/wp-json\/wp\/v2\/product_tag?post=11387"}],"curies":[{"name":"wp","href":"https:\/\/api.w.org\/{rel}","templated":true}]}}